{"id":5341,"date":"2025-07-11T00:57:28","date_gmt":"2025-07-10T22:57:28","guid":{"rendered":"https:\/\/darwinforever.com\/?page_id=5341"},"modified":"2025-07-26T01:04:43","modified_gmt":"2025-07-25T23:04:43","slug":"soutien-de-cedric-sapin-defour","status":"publish","type":"page","link":"https:\/\/darwinforever.com\/index.php\/soutien-de-cedric-sapin-defour\/","title":{"rendered":"Soutien de C\u00e9dric Sapin-Defour"},"content":{"rendered":"\n<figure class=\"wp-block-image size-large\"><img data-recalc-dims=\"1\" loading=\"lazy\" decoding=\"async\" width=\"576\" height=\"1024\" data-orig-file=\"https:\/\/i0.wp.com\/darwinforever.com\/wp-content\/uploads\/2025\/07\/WhatsApp-Image-2025-07-25-a-22.33.39_f48e55b1.jpg?fit=900%2C1600&amp;ssl=1\" data-attachment-url=\"https:\/\/darwinforever.com\/index.php\/soutien-de-cedric-sapin-defour\/whatsapp-image-2025-07-25-a-22-33-39_f48e55b1\/\" data-aspectratio=\"0.56\" data-caption=\"\" data-image-title=\"WhatsApp Image 2025-07-25 \u00e0 22.33.39_f48e55b1\" data-image-description=\"\" srcset=\"https:\/\/i0.wp.com\/darwinforever.com\/wp-content\/uploads\/2025\/07\/WhatsApp-Image-2025-07-25-a-22.33.39_f48e55b1.jpg?w=900&amp;ssl=1 900w, https:\/\/i0.wp.com\/darwinforever.com\/wp-content\/uploads\/2025\/07\/WhatsApp-Image-2025-07-25-a-22.33.39_f48e55b1.jpg?resize=169%2C300&amp;ssl=1 169w, https:\/\/i0.wp.com\/darwinforever.com\/wp-content\/uploads\/2025\/07\/WhatsApp-Image-2025-07-25-a-22.33.39_f48e55b1.jpg?resize=576%2C1024&amp;ssl=1 576w, https:\/\/i0.wp.com\/darwinforever.com\/wp-content\/uploads\/2025\/07\/WhatsApp-Image-2025-07-25-a-22.33.39_f48e55b1.jpg?resize=768%2C1365&amp;ssl=1 768w, https:\/\/i0.wp.com\/darwinforever.com\/wp-content\/uploads\/2025\/07\/WhatsApp-Image-2025-07-25-a-22.33.39_f48e55b1.jpg?resize=864%2C1536&amp;ssl=1 864w\" src=\"https:\/\/i0.wp.com\/darwinforever.com\/wp-content\/uploads\/2025\/07\/WhatsApp-Image-2025-07-25-a-22.33.39_f48e55b1.jpg?resize=576%2C1024&#038;ssl=1\" alt=\". .\" class=\"wp-image-5344\"\/><\/figure>\n\n<script type=\"application\/ld+json\">[\n    {\n        \"@context\": \"https:\/\/schema.org\/\",\n        \"@type\": \"ImageObject\",\n        \"contentUrl\": \"https:\/\/darwinforever.com\/wp-content\/uploads\/2025\/07\/WhatsApp-Image-2025-07-25-a-22.33.39_f48e55b1.jpg\",\n        \"license\": \"\",\n        \"acquireLicensePage\": \"\"\n    }\n]<\/script>\n\n\n<figure class=\"wp-block-image size-large\"><img data-recalc-dims=\"1\" loading=\"lazy\" decoding=\"async\" width=\"696\" height=\"928\" data-orig-file=\"https:\/\/i0.wp.com\/darwinforever.com\/wp-content\/uploads\/2025\/07\/WhatsApp-Image-2025-07-25-a-22.33.39_2e73a68b.jpg?fit=1200%2C1600&amp;ssl=1\" data-attachment-url=\"https:\/\/darwinforever.com\/index.php\/soutien-de-cedric-sapin-defour\/whatsapp-image-2025-07-25-a-22-33-39_2e73a68b\/\" data-aspectratio=\"0.75\" data-caption=\"\" data-image-title=\"WhatsApp Image 2025-07-25 \u00e0 22.33.39_2e73a68b\" data-image-description=\"\" srcset=\"https:\/\/i0.wp.com\/darwinforever.com\/wp-content\/uploads\/2025\/07\/WhatsApp-Image-2025-07-25-a-22.33.39_2e73a68b.jpg?w=1200&amp;ssl=1 1200w, https:\/\/i0.wp.com\/darwinforever.com\/wp-content\/uploads\/2025\/07\/WhatsApp-Image-2025-07-25-a-22.33.39_2e73a68b.jpg?resize=225%2C300&amp;ssl=1 225w, https:\/\/i0.wp.com\/darwinforever.com\/wp-content\/uploads\/2025\/07\/WhatsApp-Image-2025-07-25-a-22.33.39_2e73a68b.jpg?resize=768%2C1024&amp;ssl=1 768w, https:\/\/i0.wp.com\/darwinforever.com\/wp-content\/uploads\/2025\/07\/WhatsApp-Image-2025-07-25-a-22.33.39_2e73a68b.jpg?resize=1152%2C1536&amp;ssl=1 1152w\" src=\"https:\/\/i0.wp.com\/darwinforever.com\/wp-content\/uploads\/2025\/07\/WhatsApp-Image-2025-07-25-a-22.33.39_2e73a68b.jpg?resize=696%2C928&#038;ssl=1\" alt=\". .\" class=\"wp-image-5345\"\/><\/figure>\n\n<script type=\"application\/ld+json\">[\n    {\n        \"@context\": \"https:\/\/schema.org\/\",\n        \"@type\": \"ImageObject\",\n        \"contentUrl\": \"https:\/\/darwinforever.com\/wp-content\/uploads\/2025\/07\/WhatsApp-Image-2025-07-25-a-22.33.39_2e73a68b.jpg\",\n        \"license\": \"\",\n        \"acquireLicensePage\": \"\"\n    }\n]<\/script>\n\n\n<p>\ud83d\udc36\ud83d\udca7 <strong>\u201cSon odeur apr\u00e8s la pluie\u201d\u2026 et notre histoire avec Darwin<\/strong><\/p>\n\n\n\n<p>Il y a des livres qui vous bouleversent. D\u2019autres qui semblent avoir \u00e9t\u00e9 \u00e9crits pour vous.<br><strong><em>Son odeur apr\u00e8s la pluie<\/em><\/strong> de <strong>C\u00e9dric Sapin-Defour<\/strong> fait partie de ceux-l\u00e0.<\/p>\n\n\n\n<p>Nous avons fond\u00e9 <strong>Darwin Forever<\/strong> en hommage \u00e0 notre chien Darwin, disparu trop t\u00f4t, mais jamais oubli\u00e9. Il \u00e9tait notre ami, notre confident, notre lien avec le vivant. Ce chagrin immense, nous l\u2019avons transform\u00e9 en force, pour aider d\u2019autres animaux sans voix. Et aujourd\u2019hui, plus de 1000 jeunes partout en France continuent cette cha\u00eene de compassion.<\/p>\n\n\n\n<p>\ud83d\udcd6 Alors recevoir cette d\u00e9dicace de C\u00e9dric, c\u2019est comme un \u00e9cho \u00e0 notre histoire :<\/p>\n\n\n\n<blockquote class=\"wp-block-quote is-layout-flow wp-block-quote-is-layout-flow\">\n<p><em>&#8220;\u00c0 votre audace. Celle d\u2019aimer un autre que soi-m\u00eame. Celle de l\u2019aider. Pour cela, bravo.&#8221;<\/em><\/p>\n<\/blockquote>\n\n\n\n<p>Merci de tout c\u0153ur \u00e0 cet auteur inspirant, dont les mots ont touch\u00e9 des milliers de lecteurs \u2014 et touchent aujourd\u2019hui notre mission.<\/p>\n\n\n\n<p>\ud83d\udc49 Si vous aimez les animaux, si vous avez d\u00e9j\u00e0 aim\u00e9 un chien, lisez ce livre. Vous n\u2019en ressortirez pas indemne. Nous, on l\u2019adore. Et on le recommande \u00e0 toute notre communaut\u00e9.<\/p>\n\n\n\n<p>\ud83d\udccc Pour d\u00e9couvrir notre histoire : <a>www.darwinforever.com<\/a><br>\ud83d\udcda Pour pleurer de tendresse : <strong><em>Son odeur apr\u00e8s la pluie<\/em><\/strong> \u2013 Stock \u00e9ditions<\/p>\n\n\n\n<p>#DarwinForever #SonOdeurApr\u00e8sLaPluie #CedricSapinDefour #DarwinPourToujours #LectureDuC\u0153ur #ProtectionAnimale #Chiens #Hommage #AssociationJeunes #Merci<\/p>\n","protected":false},"excerpt":{"rendered":"<p>\ud83d\udc36\ud83d\udca7 \u201cSon odeur apr\u00e8s la pluie\u201d\u2026 et notre histoire avec Darwin Il y a des livres qui vous bouleversent. D\u2019autres qui semblent avoir \u00e9t\u00e9 \u00e9crits pour vous.Son odeur apr\u00e8s la<\/p><\/div>\n<div class=\"blog-btn\"><a href=\"https:\/\/darwinforever.com\/index.php\/soutien-de-cedric-sapin-defour\/\" class=\"home-blog-btn\">Lire la suite<\/a><\/p>\n","protected":false},"author":13,"featured_media":0,"parent":0,"menu_order":0,"comment_status":"closed","ping_status":"closed","template":"","meta":{"_bbp_topic_count":0,"_bbp_reply_count":0,"_bbp_total_topic_count":0,"_bbp_total_reply_count":0,"_bbp_voice_count":0,"_bbp_anonymous_reply_count":0,"_bbp_topic_count_hidden":0,"_bbp_reply_count_hidden":0,"_bbp_forum_subforum_count":0,"jetpack_post_was_ever_published":false,"footnotes":""},"class_list":["post-5341","page","type-page","status-publish","hentry"],"yoast_head":"<!-- This site is optimized with the Yoast SEO plugin v27.3 - https:\/\/yoast.com\/product\/yoast-seo-wordpress\/ -->\n<title>Soutien de C\u00e9dric Sapin-Defour - Darwin Forever<\/title>\n<meta name=\"robots\" content=\"index, follow, max-snippet:-1, max-image-preview:large, max-video-preview:-1\" \/>\n<link rel=\"canonical\" href=\"https:\/\/darwinforever.com\/index.php\/soutien-de-cedric-sapin-defour\/\" \/>\n<meta property=\"og:locale\" content=\"fr_FR\" \/>\n<meta property=\"og:type\" content=\"article\" \/>\n<meta property=\"og:title\" content=\"Soutien de C\u00e9dric Sapin-Defour - Darwin Forever\" \/>\n<meta property=\"og:description\" content=\"\ud83d\udc36\ud83d\udca7 \u201cSon odeur apr\u00e8s la pluie\u201d\u2026 et notre histoire avec Darwin Il y a des livres qui vous bouleversent. D\u2019autres qui semblent avoir \u00e9t\u00e9 \u00e9crits pour vous.Son odeur apr\u00e8s laLire la suite\" \/>\n<meta property=\"og:url\" content=\"https:\/\/darwinforever.com\/index.php\/soutien-de-cedric-sapin-defour\/\" \/>\n<meta property=\"og:site_name\" content=\"Darwin Forever\" \/>\n<meta property=\"article:publisher\" content=\"https:\/\/www.facebook.com\/darwinforever06\/\" \/>\n<meta property=\"article:modified_time\" content=\"2025-07-25T23:04:43+00:00\" \/>\n<meta property=\"og:image\" content=\"https:\/\/darwinforever.com\/wp-content\/uploads\/2025\/07\/WhatsApp-Image-2025-07-25-a-22.33.39_f48e55b1-576x1024.jpg\" \/>\n<meta name=\"twitter:card\" content=\"summary_large_image\" \/>\n<meta name=\"twitter:label1\" content=\"Dur\u00e9e de lecture estim\u00e9e\" \/>\n\t<meta name=\"twitter:data1\" content=\"2 minutes\" \/>\n<script type=\"application\/ld+json\" class=\"yoast-schema-graph\">{\"@context\":\"https:\\\/\\\/schema.org\",\"@graph\":[{\"@type\":\"WebPage\",\"@id\":\"https:\\\/\\\/darwinforever.com\\\/index.php\\\/soutien-de-cedric-sapin-defour\\\/\",\"url\":\"https:\\\/\\\/darwinforever.com\\\/index.php\\\/soutien-de-cedric-sapin-defour\\\/\",\"name\":\"Soutien de C\u00e9dric Sapin-Defour - Darwin Forever\",\"isPartOf\":{\"@id\":\"https:\\\/\\\/darwinforever.com\\\/#website\"},\"primaryImageOfPage\":{\"@id\":\"https:\\\/\\\/darwinforever.com\\\/index.php\\\/soutien-de-cedric-sapin-defour\\\/#primaryimage\"},\"image\":{\"@id\":\"https:\\\/\\\/darwinforever.com\\\/index.php\\\/soutien-de-cedric-sapin-defour\\\/#primaryimage\"},\"thumbnailUrl\":\"https:\\\/\\\/darwinforever.com\\\/wp-content\\\/uploads\\\/2025\\\/07\\\/WhatsApp-Image-2025-07-25-a-22.33.39_f48e55b1-576x1024.jpg\",\"datePublished\":\"2025-07-10T22:57:28+00:00\",\"dateModified\":\"2025-07-25T23:04:43+00:00\",\"breadcrumb\":{\"@id\":\"https:\\\/\\\/darwinforever.com\\\/index.php\\\/soutien-de-cedric-sapin-defour\\\/#breadcrumb\"},\"inLanguage\":\"fr-FR\",\"potentialAction\":[{\"@type\":\"ReadAction\",\"target\":[\"https:\\\/\\\/darwinforever.com\\\/index.php\\\/soutien-de-cedric-sapin-defour\\\/\"]}]},{\"@type\":\"ImageObject\",\"inLanguage\":\"fr-FR\",\"@id\":\"https:\\\/\\\/darwinforever.com\\\/index.php\\\/soutien-de-cedric-sapin-defour\\\/#primaryimage\",\"url\":\"https:\\\/\\\/i0.wp.com\\\/darwinforever.com\\\/wp-content\\\/uploads\\\/2025\\\/07\\\/WhatsApp-Image-2025-07-25-a-22.33.39_f48e55b1.jpg?fit=900%2C1600&ssl=1\",\"contentUrl\":\"https:\\\/\\\/i0.wp.com\\\/darwinforever.com\\\/wp-content\\\/uploads\\\/2025\\\/07\\\/WhatsApp-Image-2025-07-25-a-22.33.39_f48e55b1.jpg?fit=900%2C1600&ssl=1\",\"width\":900,\"height\":1600,\"caption\":\". .\"},{\"@type\":\"BreadcrumbList\",\"@id\":\"https:\\\/\\\/darwinforever.com\\\/index.php\\\/soutien-de-cedric-sapin-defour\\\/#breadcrumb\",\"itemListElement\":[{\"@type\":\"ListItem\",\"position\":1,\"name\":\"Accueil\",\"item\":\"https:\\\/\\\/darwinforever.com\\\/\"},{\"@type\":\"ListItem\",\"position\":2,\"name\":\"Soutien de C\u00e9dric Sapin-Defour\"}]},{\"@type\":\"WebSite\",\"@id\":\"https:\\\/\\\/darwinforever.com\\\/#website\",\"url\":\"https:\\\/\\\/darwinforever.com\\\/\",\"name\":\"Darwin Forever\",\"description\":\"Communaut\u00e9 de Jeunes Engag\u00e9s en faveur des Animaux et de leur Environnement\",\"publisher\":{\"@id\":\"https:\\\/\\\/darwinforever.com\\\/#organization\"},\"potentialAction\":[{\"@type\":\"SearchAction\",\"target\":{\"@type\":\"EntryPoint\",\"urlTemplate\":\"https:\\\/\\\/darwinforever.com\\\/?s={search_term_string}\"},\"query-input\":{\"@type\":\"PropertyValueSpecification\",\"valueRequired\":true,\"valueName\":\"search_term_string\"}}],\"inLanguage\":\"fr-FR\"},{\"@type\":\"Organization\",\"@id\":\"https:\\\/\\\/darwinforever.com\\\/#organization\",\"name\":\"Darwin Forever\",\"url\":\"https:\\\/\\\/darwinforever.com\\\/\",\"logo\":{\"@type\":\"ImageObject\",\"inLanguage\":\"fr-FR\",\"@id\":\"https:\\\/\\\/darwinforever.com\\\/#\\\/schema\\\/logo\\\/image\\\/\",\"url\":\"https:\\\/\\\/i0.wp.com\\\/darwinforever.com\\\/wp-content\\\/uploads\\\/2020\\\/11\\\/cropped-cropped-Logo-Darwin-Forever-scaled-1.jpg?fit=210%2C184&ssl=1\",\"contentUrl\":\"https:\\\/\\\/i0.wp.com\\\/darwinforever.com\\\/wp-content\\\/uploads\\\/2020\\\/11\\\/cropped-cropped-Logo-Darwin-Forever-scaled-1.jpg?fit=210%2C184&ssl=1\",\"width\":210,\"height\":184,\"caption\":\"Darwin Forever\"},\"image\":{\"@id\":\"https:\\\/\\\/darwinforever.com\\\/#\\\/schema\\\/logo\\\/image\\\/\"},\"sameAs\":[\"https:\\\/\\\/www.facebook.com\\\/darwinforever06\\\/\",\"https:\\\/\\\/www.youtube.com\\\/channel\\\/UC0zCalAVmu2K_Xj4BMlfciA\"]}]}<\/script>\n<!-- \/ Yoast SEO plugin. -->","yoast_head_json":{"title":"Soutien de C\u00e9dric Sapin-Defour - Darwin Forever","robots":{"index":"index","follow":"follow","max-snippet":"max-snippet:-1","max-image-preview":"max-image-preview:large","max-video-preview":"max-video-preview:-1"},"canonical":"https:\/\/darwinforever.com\/index.php\/soutien-de-cedric-sapin-defour\/","og_locale":"fr_FR","og_type":"article","og_title":"Soutien de C\u00e9dric Sapin-Defour - Darwin Forever","og_description":"\ud83d\udc36\ud83d\udca7 \u201cSon odeur apr\u00e8s la pluie\u201d\u2026 et notre histoire avec Darwin Il y a des livres qui vous bouleversent. D\u2019autres qui semblent avoir \u00e9t\u00e9 \u00e9crits pour vous.Son odeur apr\u00e8s laLire la suite","og_url":"https:\/\/darwinforever.com\/index.php\/soutien-de-cedric-sapin-defour\/","og_site_name":"Darwin Forever","article_publisher":"https:\/\/www.facebook.com\/darwinforever06\/","article_modified_time":"2025-07-25T23:04:43+00:00","og_image":[{"url":"https:\/\/darwinforever.com\/wp-content\/uploads\/2025\/07\/WhatsApp-Image-2025-07-25-a-22.33.39_f48e55b1-576x1024.jpg","type":"","width":"","height":""}],"twitter_card":"summary_large_image","twitter_misc":{"Dur\u00e9e de lecture estim\u00e9e":"2 minutes"},"schema":{"@context":"https:\/\/schema.org","@graph":[{"@type":"WebPage","@id":"https:\/\/darwinforever.com\/index.php\/soutien-de-cedric-sapin-defour\/","url":"https:\/\/darwinforever.com\/index.php\/soutien-de-cedric-sapin-defour\/","name":"Soutien de C\u00e9dric Sapin-Defour - Darwin Forever","isPartOf":{"@id":"https:\/\/darwinforever.com\/#website"},"primaryImageOfPage":{"@id":"https:\/\/darwinforever.com\/index.php\/soutien-de-cedric-sapin-defour\/#primaryimage"},"image":{"@id":"https:\/\/darwinforever.com\/index.php\/soutien-de-cedric-sapin-defour\/#primaryimage"},"thumbnailUrl":"https:\/\/darwinforever.com\/wp-content\/uploads\/2025\/07\/WhatsApp-Image-2025-07-25-a-22.33.39_f48e55b1-576x1024.jpg","datePublished":"2025-07-10T22:57:28+00:00","dateModified":"2025-07-25T23:04:43+00:00","breadcrumb":{"@id":"https:\/\/darwinforever.com\/index.php\/soutien-de-cedric-sapin-defour\/#breadcrumb"},"inLanguage":"fr-FR","potentialAction":[{"@type":"ReadAction","target":["https:\/\/darwinforever.com\/index.php\/soutien-de-cedric-sapin-defour\/"]}]},{"@type":"ImageObject","inLanguage":"fr-FR","@id":"https:\/\/darwinforever.com\/index.php\/soutien-de-cedric-sapin-defour\/#primaryimage","url":"https:\/\/i0.wp.com\/darwinforever.com\/wp-content\/uploads\/2025\/07\/WhatsApp-Image-2025-07-25-a-22.33.39_f48e55b1.jpg?fit=900%2C1600&ssl=1","contentUrl":"https:\/\/i0.wp.com\/darwinforever.com\/wp-content\/uploads\/2025\/07\/WhatsApp-Image-2025-07-25-a-22.33.39_f48e55b1.jpg?fit=900%2C1600&ssl=1","width":900,"height":1600,"caption":". ."},{"@type":"BreadcrumbList","@id":"https:\/\/darwinforever.com\/index.php\/soutien-de-cedric-sapin-defour\/#breadcrumb","itemListElement":[{"@type":"ListItem","position":1,"name":"Accueil","item":"https:\/\/darwinforever.com\/"},{"@type":"ListItem","position":2,"name":"Soutien de C\u00e9dric Sapin-Defour"}]},{"@type":"WebSite","@id":"https:\/\/darwinforever.com\/#website","url":"https:\/\/darwinforever.com\/","name":"Darwin Forever","description":"Communaut\u00e9 de Jeunes Engag\u00e9s en faveur des Animaux et de leur Environnement","publisher":{"@id":"https:\/\/darwinforever.com\/#organization"},"potentialAction":[{"@type":"SearchAction","target":{"@type":"EntryPoint","urlTemplate":"https:\/\/darwinforever.com\/?s={search_term_string}"},"query-input":{"@type":"PropertyValueSpecification","valueRequired":true,"valueName":"search_term_string"}}],"inLanguage":"fr-FR"},{"@type":"Organization","@id":"https:\/\/darwinforever.com\/#organization","name":"Darwin Forever","url":"https:\/\/darwinforever.com\/","logo":{"@type":"ImageObject","inLanguage":"fr-FR","@id":"https:\/\/darwinforever.com\/#\/schema\/logo\/image\/","url":"https:\/\/i0.wp.com\/darwinforever.com\/wp-content\/uploads\/2020\/11\/cropped-cropped-Logo-Darwin-Forever-scaled-1.jpg?fit=210%2C184&ssl=1","contentUrl":"https:\/\/i0.wp.com\/darwinforever.com\/wp-content\/uploads\/2020\/11\/cropped-cropped-Logo-Darwin-Forever-scaled-1.jpg?fit=210%2C184&ssl=1","width":210,"height":184,"caption":"Darwin Forever"},"image":{"@id":"https:\/\/darwinforever.com\/#\/schema\/logo\/image\/"},"sameAs":["https:\/\/www.facebook.com\/darwinforever06\/","https:\/\/www.youtube.com\/channel\/UC0zCalAVmu2K_Xj4BMlfciA"]}]}},"jetpack_sharing_enabled":true,"jetpack_likes_enabled":true,"_links":{"self":[{"href":"https:\/\/darwinforever.com\/index.php\/wp-json\/wp\/v2\/pages\/5341","targetHints":{"allow":["GET"]}}],"collection":[{"href":"https:\/\/darwinforever.com\/index.php\/wp-json\/wp\/v2\/pages"}],"about":[{"href":"https:\/\/darwinforever.com\/index.php\/wp-json\/wp\/v2\/types\/page"}],"author":[{"embeddable":true,"href":"https:\/\/darwinforever.com\/index.php\/wp-json\/wp\/v2\/users\/13"}],"replies":[{"embeddable":true,"href":"https:\/\/darwinforever.com\/index.php\/wp-json\/wp\/v2\/comments?post=5341"}],"version-history":[{"count":2,"href":"https:\/\/darwinforever.com\/index.php\/wp-json\/wp\/v2\/pages\/5341\/revisions"}],"predecessor-version":[{"id":5346,"href":"https:\/\/darwinforever.com\/index.php\/wp-json\/wp\/v2\/pages\/5341\/revisions\/5346"}],"wp:attachment":[{"href":"https:\/\/darwinforever.com\/index.php\/wp-json\/wp\/v2\/media?parent=5341"}],"curies":[{"name":"wp","href":"https:\/\/api.w.org\/{rel}","templated":true}]}}