{"id":5121,"date":"2024-12-21T19:21:50","date_gmt":"2024-12-21T18:21:50","guid":{"rendered":"https:\/\/darwinforever.com\/?page_id=5121"},"modified":"2024-12-29T19:25:26","modified_gmt":"2024-12-29T18:25:26","slug":"florian-partenaire-de-darwin-forever","status":"publish","type":"page","link":"https:\/\/darwinforever.com\/index.php\/florian-partenaire-de-darwin-forever\/","title":{"rendered":"Florian partenaire de Darwin Forever"},"content":{"rendered":"\n<figure class=\"wp-block-image size-large\"><img data-recalc-dims=\"1\" loading=\"lazy\" decoding=\"async\" width=\"696\" height=\"682\" data-orig-file=\"https:\/\/i0.wp.com\/darwinforever.com\/wp-content\/uploads\/2024\/12\/Florian-partenaire-de-Darwin-Forever.jpg?fit=1131%2C1108&amp;ssl=1\" data-attachment-url=\"https:\/\/darwinforever.com\/index.php\/florian-partenaire-de-darwin-forever\/florian-partenaire-de-darwin-forever\/\" data-aspectratio=\"1.02\" data-caption=\"\" data-image-title=\"Florian partenaire de Darwin Forever\" data-image-description=\"\" srcset=\"https:\/\/i0.wp.com\/darwinforever.com\/wp-content\/uploads\/2024\/12\/Florian-partenaire-de-Darwin-Forever.jpg?w=1131&amp;ssl=1 1131w, https:\/\/i0.wp.com\/darwinforever.com\/wp-content\/uploads\/2024\/12\/Florian-partenaire-de-Darwin-Forever.jpg?resize=300%2C294&amp;ssl=1 300w, https:\/\/i0.wp.com\/darwinforever.com\/wp-content\/uploads\/2024\/12\/Florian-partenaire-de-Darwin-Forever.jpg?resize=1024%2C1003&amp;ssl=1 1024w, https:\/\/i0.wp.com\/darwinforever.com\/wp-content\/uploads\/2024\/12\/Florian-partenaire-de-Darwin-Forever.jpg?resize=768%2C752&amp;ssl=1 768w\" src=\"https:\/\/i0.wp.com\/darwinforever.com\/wp-content\/uploads\/2024\/12\/Florian-partenaire-de-Darwin-Forever.jpg?resize=696%2C682&#038;ssl=1\" alt=\". .\" class=\"wp-image-5122\"\/><\/figure>\n\n<script type=\"application\/ld+json\">[\n    {\n        \"@context\": \"https:\/\/schema.org\/\",\n        \"@type\": \"ImageObject\",\n        \"contentUrl\": \"https:\/\/darwinforever.com\/wp-content\/uploads\/2024\/12\/Florian-partenaire-de-Darwin-Forever.jpg\",\n        \"license\": \"\",\n        \"acquireLicensePage\": \"\"\n    }\n]<\/script>\n\n\n<p><strong>Darwin Forever et la Confiserie Florian : Une alliance gourmande et engag\u00e9e au service des animaux et de la nature<\/strong><\/p>\n\n\n\n<p>La Confiserie Florian, reconnue depuis 1921 pour son savoir-faire artisanal dans la transformation des fruits et fleurs en d\u00e9licieuses confiseries, s\u2019associe \u00e0 Darwin Forever pour promouvoir un monde plus respectueux des animaux et de la nature.<\/p>\n\n\n\n<p>Darwin Forever, une association dynamique fond\u00e9e par des jeunes engag\u00e9s \u00e2g\u00e9s de 5 \u00e0 25 ans, \u0153uvre depuis 2016 pour la protection des animaux et de l\u2019environnement \u00e0 travers des actions concr\u00e8tes et inspirantes : collectes de croquettes, campagnes de sensibilisation, animations scolaires et bien plus encore. Avec plus de 1 000 membres en France, Darwin Forever incarne la solidarit\u00e9 et l\u2019espoir pour un avenir meilleur.<\/p>\n\n\n\n<p>En devenant partenaire officiel, la Confiserie Florian renforce son engagement envers les valeurs de durabilit\u00e9 et de respect de la biodiversit\u00e9. Ensemble, nous c\u00e9l\u00e9brons un partenariat alliant douceur et impact positif, inspirant petits et grands \u00e0 agir pour un monde meilleur.<\/p>\n\n\n\n<p>Pour en savoir plus sur nos actions et d\u00e9couvrir comment vous impliquer :<\/p>\n\n\n\n<ul class=\"wp-block-list\">\n<li><strong>Darwin Forever<\/strong> : <a href=\"http:\/\/www.darwinforever.com\">www.darwinforever.com<\/a><\/li>\n\n\n\n<li><strong>Confiserie Florian<\/strong> : <a href=\"http:\/\/www.confiserieflorian.com\">www.confiserieflorian.com<\/a><\/li>\n<\/ul>\n\n\n\n<p>Rejoignez-nous dans cette belle aventure, o\u00f9 chaque geste compte pour prot\u00e9ger les animaux et pr\u00e9server notre environnement.<\/p>\n\n\n\n<p>Justine, 19 ans membre b\u00e9n\u00e9vole de Darwin Forever<\/p>\n","protected":false},"excerpt":{"rendered":"<p>Darwin Forever et la Confiserie Florian : Une alliance gourmande et engag\u00e9e au service des animaux et de la nature La Confiserie Florian, reconnue depuis 1921 pour son savoir-faire artisanal<\/p><\/div>\n<div class=\"blog-btn\"><a href=\"https:\/\/darwinforever.com\/index.php\/florian-partenaire-de-darwin-forever\/\" class=\"home-blog-btn\">Lire la suite<\/a><\/p>\n","protected":false},"author":5,"featured_media":0,"parent":0,"menu_order":0,"comment_status":"closed","ping_status":"closed","template":"","meta":{"_bbp_topic_count":0,"_bbp_reply_count":0,"_bbp_total_topic_count":0,"_bbp_total_reply_count":0,"_bbp_voice_count":0,"_bbp_anonymous_reply_count":0,"_bbp_topic_count_hidden":0,"_bbp_reply_count_hidden":0,"_bbp_forum_subforum_count":0,"jetpack_post_was_ever_published":false,"footnotes":""},"class_list":["post-5121","page","type-page","status-publish","hentry"],"yoast_head":"<!-- This site is optimized with the Yoast SEO plugin v27.3 - https:\/\/yoast.com\/product\/yoast-seo-wordpress\/ -->\n<title>Florian partenaire de Darwin Forever - Darwin Forever<\/title>\n<meta name=\"robots\" content=\"index, follow, max-snippet:-1, max-image-preview:large, max-video-preview:-1\" \/>\n<link rel=\"canonical\" href=\"https:\/\/darwinforever.com\/index.php\/florian-partenaire-de-darwin-forever\/\" \/>\n<meta property=\"og:locale\" content=\"fr_FR\" \/>\n<meta property=\"og:type\" content=\"article\" \/>\n<meta property=\"og:title\" content=\"Florian partenaire de Darwin Forever - Darwin Forever\" \/>\n<meta property=\"og:description\" content=\"Darwin Forever et la Confiserie Florian : Une alliance gourmande et engag\u00e9e au service des animaux et de la nature La Confiserie Florian, reconnue depuis 1921 pour son savoir-faire artisanalLire la suite\" \/>\n<meta property=\"og:url\" content=\"https:\/\/darwinforever.com\/index.php\/florian-partenaire-de-darwin-forever\/\" \/>\n<meta property=\"og:site_name\" content=\"Darwin Forever\" \/>\n<meta property=\"article:publisher\" content=\"https:\/\/www.facebook.com\/darwinforever06\/\" \/>\n<meta property=\"article:modified_time\" content=\"2024-12-29T18:25:26+00:00\" \/>\n<meta property=\"og:image\" content=\"https:\/\/darwinforever.com\/wp-content\/uploads\/2024\/12\/Florian-partenaire-de-Darwin-Forever-1024x1003.jpg\" \/>\n<meta name=\"twitter:card\" content=\"summary_large_image\" \/>\n<meta name=\"twitter:label1\" content=\"Dur\u00e9e de lecture estim\u00e9e\" \/>\n\t<meta name=\"twitter:data1\" content=\"2 minutes\" \/>\n<script type=\"application\/ld+json\" class=\"yoast-schema-graph\">{\"@context\":\"https:\\\/\\\/schema.org\",\"@graph\":[{\"@type\":\"WebPage\",\"@id\":\"https:\\\/\\\/darwinforever.com\\\/index.php\\\/florian-partenaire-de-darwin-forever\\\/\",\"url\":\"https:\\\/\\\/darwinforever.com\\\/index.php\\\/florian-partenaire-de-darwin-forever\\\/\",\"name\":\"Florian partenaire de Darwin Forever - Darwin Forever\",\"isPartOf\":{\"@id\":\"https:\\\/\\\/darwinforever.com\\\/#website\"},\"primaryImageOfPage\":{\"@id\":\"https:\\\/\\\/darwinforever.com\\\/index.php\\\/florian-partenaire-de-darwin-forever\\\/#primaryimage\"},\"image\":{\"@id\":\"https:\\\/\\\/darwinforever.com\\\/index.php\\\/florian-partenaire-de-darwin-forever\\\/#primaryimage\"},\"thumbnailUrl\":\"https:\\\/\\\/darwinforever.com\\\/wp-content\\\/uploads\\\/2024\\\/12\\\/Florian-partenaire-de-Darwin-Forever-1024x1003.jpg\",\"datePublished\":\"2024-12-21T18:21:50+00:00\",\"dateModified\":\"2024-12-29T18:25:26+00:00\",\"breadcrumb\":{\"@id\":\"https:\\\/\\\/darwinforever.com\\\/index.php\\\/florian-partenaire-de-darwin-forever\\\/#breadcrumb\"},\"inLanguage\":\"fr-FR\",\"potentialAction\":[{\"@type\":\"ReadAction\",\"target\":[\"https:\\\/\\\/darwinforever.com\\\/index.php\\\/florian-partenaire-de-darwin-forever\\\/\"]}]},{\"@type\":\"ImageObject\",\"inLanguage\":\"fr-FR\",\"@id\":\"https:\\\/\\\/darwinforever.com\\\/index.php\\\/florian-partenaire-de-darwin-forever\\\/#primaryimage\",\"url\":\"https:\\\/\\\/i0.wp.com\\\/darwinforever.com\\\/wp-content\\\/uploads\\\/2024\\\/12\\\/Florian-partenaire-de-Darwin-Forever.jpg?fit=1131%2C1108&ssl=1\",\"contentUrl\":\"https:\\\/\\\/i0.wp.com\\\/darwinforever.com\\\/wp-content\\\/uploads\\\/2024\\\/12\\\/Florian-partenaire-de-Darwin-Forever.jpg?fit=1131%2C1108&ssl=1\",\"width\":1131,\"height\":1108,\"caption\":\". .\"},{\"@type\":\"BreadcrumbList\",\"@id\":\"https:\\\/\\\/darwinforever.com\\\/index.php\\\/florian-partenaire-de-darwin-forever\\\/#breadcrumb\",\"itemListElement\":[{\"@type\":\"ListItem\",\"position\":1,\"name\":\"Accueil\",\"item\":\"https:\\\/\\\/darwinforever.com\\\/\"},{\"@type\":\"ListItem\",\"position\":2,\"name\":\"Florian partenaire de Darwin Forever\"}]},{\"@type\":\"WebSite\",\"@id\":\"https:\\\/\\\/darwinforever.com\\\/#website\",\"url\":\"https:\\\/\\\/darwinforever.com\\\/\",\"name\":\"Darwin Forever\",\"description\":\"Communaut\u00e9 de Jeunes Engag\u00e9s en faveur des Animaux et de leur Environnement\",\"publisher\":{\"@id\":\"https:\\\/\\\/darwinforever.com\\\/#organization\"},\"potentialAction\":[{\"@type\":\"SearchAction\",\"target\":{\"@type\":\"EntryPoint\",\"urlTemplate\":\"https:\\\/\\\/darwinforever.com\\\/?s={search_term_string}\"},\"query-input\":{\"@type\":\"PropertyValueSpecification\",\"valueRequired\":true,\"valueName\":\"search_term_string\"}}],\"inLanguage\":\"fr-FR\"},{\"@type\":\"Organization\",\"@id\":\"https:\\\/\\\/darwinforever.com\\\/#organization\",\"name\":\"Darwin Forever\",\"url\":\"https:\\\/\\\/darwinforever.com\\\/\",\"logo\":{\"@type\":\"ImageObject\",\"inLanguage\":\"fr-FR\",\"@id\":\"https:\\\/\\\/darwinforever.com\\\/#\\\/schema\\\/logo\\\/image\\\/\",\"url\":\"https:\\\/\\\/i0.wp.com\\\/darwinforever.com\\\/wp-content\\\/uploads\\\/2020\\\/11\\\/cropped-cropped-Logo-Darwin-Forever-scaled-1.jpg?fit=210%2C184&ssl=1\",\"contentUrl\":\"https:\\\/\\\/i0.wp.com\\\/darwinforever.com\\\/wp-content\\\/uploads\\\/2020\\\/11\\\/cropped-cropped-Logo-Darwin-Forever-scaled-1.jpg?fit=210%2C184&ssl=1\",\"width\":210,\"height\":184,\"caption\":\"Darwin Forever\"},\"image\":{\"@id\":\"https:\\\/\\\/darwinforever.com\\\/#\\\/schema\\\/logo\\\/image\\\/\"},\"sameAs\":[\"https:\\\/\\\/www.facebook.com\\\/darwinforever06\\\/\",\"https:\\\/\\\/www.youtube.com\\\/channel\\\/UC0zCalAVmu2K_Xj4BMlfciA\"]}]}<\/script>\n<!-- \/ Yoast SEO plugin. -->","yoast_head_json":{"title":"Florian partenaire de Darwin Forever - Darwin Forever","robots":{"index":"index","follow":"follow","max-snippet":"max-snippet:-1","max-image-preview":"max-image-preview:large","max-video-preview":"max-video-preview:-1"},"canonical":"https:\/\/darwinforever.com\/index.php\/florian-partenaire-de-darwin-forever\/","og_locale":"fr_FR","og_type":"article","og_title":"Florian partenaire de Darwin Forever - Darwin Forever","og_description":"Darwin Forever et la Confiserie Florian : Une alliance gourmande et engag\u00e9e au service des animaux et de la nature La Confiserie Florian, reconnue depuis 1921 pour son savoir-faire artisanalLire la suite","og_url":"https:\/\/darwinforever.com\/index.php\/florian-partenaire-de-darwin-forever\/","og_site_name":"Darwin Forever","article_publisher":"https:\/\/www.facebook.com\/darwinforever06\/","article_modified_time":"2024-12-29T18:25:26+00:00","og_image":[{"url":"https:\/\/darwinforever.com\/wp-content\/uploads\/2024\/12\/Florian-partenaire-de-Darwin-Forever-1024x1003.jpg","type":"","width":"","height":""}],"twitter_card":"summary_large_image","twitter_misc":{"Dur\u00e9e de lecture estim\u00e9e":"2 minutes"},"schema":{"@context":"https:\/\/schema.org","@graph":[{"@type":"WebPage","@id":"https:\/\/darwinforever.com\/index.php\/florian-partenaire-de-darwin-forever\/","url":"https:\/\/darwinforever.com\/index.php\/florian-partenaire-de-darwin-forever\/","name":"Florian partenaire de Darwin Forever - Darwin Forever","isPartOf":{"@id":"https:\/\/darwinforever.com\/#website"},"primaryImageOfPage":{"@id":"https:\/\/darwinforever.com\/index.php\/florian-partenaire-de-darwin-forever\/#primaryimage"},"image":{"@id":"https:\/\/darwinforever.com\/index.php\/florian-partenaire-de-darwin-forever\/#primaryimage"},"thumbnailUrl":"https:\/\/darwinforever.com\/wp-content\/uploads\/2024\/12\/Florian-partenaire-de-Darwin-Forever-1024x1003.jpg","datePublished":"2024-12-21T18:21:50+00:00","dateModified":"2024-12-29T18:25:26+00:00","breadcrumb":{"@id":"https:\/\/darwinforever.com\/index.php\/florian-partenaire-de-darwin-forever\/#breadcrumb"},"inLanguage":"fr-FR","potentialAction":[{"@type":"ReadAction","target":["https:\/\/darwinforever.com\/index.php\/florian-partenaire-de-darwin-forever\/"]}]},{"@type":"ImageObject","inLanguage":"fr-FR","@id":"https:\/\/darwinforever.com\/index.php\/florian-partenaire-de-darwin-forever\/#primaryimage","url":"https:\/\/i0.wp.com\/darwinforever.com\/wp-content\/uploads\/2024\/12\/Florian-partenaire-de-Darwin-Forever.jpg?fit=1131%2C1108&ssl=1","contentUrl":"https:\/\/i0.wp.com\/darwinforever.com\/wp-content\/uploads\/2024\/12\/Florian-partenaire-de-Darwin-Forever.jpg?fit=1131%2C1108&ssl=1","width":1131,"height":1108,"caption":". ."},{"@type":"BreadcrumbList","@id":"https:\/\/darwinforever.com\/index.php\/florian-partenaire-de-darwin-forever\/#breadcrumb","itemListElement":[{"@type":"ListItem","position":1,"name":"Accueil","item":"https:\/\/darwinforever.com\/"},{"@type":"ListItem","position":2,"name":"Florian partenaire de Darwin Forever"}]},{"@type":"WebSite","@id":"https:\/\/darwinforever.com\/#website","url":"https:\/\/darwinforever.com\/","name":"Darwin Forever","description":"Communaut\u00e9 de Jeunes Engag\u00e9s en faveur des Animaux et de leur Environnement","publisher":{"@id":"https:\/\/darwinforever.com\/#organization"},"potentialAction":[{"@type":"SearchAction","target":{"@type":"EntryPoint","urlTemplate":"https:\/\/darwinforever.com\/?s={search_term_string}"},"query-input":{"@type":"PropertyValueSpecification","valueRequired":true,"valueName":"search_term_string"}}],"inLanguage":"fr-FR"},{"@type":"Organization","@id":"https:\/\/darwinforever.com\/#organization","name":"Darwin Forever","url":"https:\/\/darwinforever.com\/","logo":{"@type":"ImageObject","inLanguage":"fr-FR","@id":"https:\/\/darwinforever.com\/#\/schema\/logo\/image\/","url":"https:\/\/i0.wp.com\/darwinforever.com\/wp-content\/uploads\/2020\/11\/cropped-cropped-Logo-Darwin-Forever-scaled-1.jpg?fit=210%2C184&ssl=1","contentUrl":"https:\/\/i0.wp.com\/darwinforever.com\/wp-content\/uploads\/2020\/11\/cropped-cropped-Logo-Darwin-Forever-scaled-1.jpg?fit=210%2C184&ssl=1","width":210,"height":184,"caption":"Darwin Forever"},"image":{"@id":"https:\/\/darwinforever.com\/#\/schema\/logo\/image\/"},"sameAs":["https:\/\/www.facebook.com\/darwinforever06\/","https:\/\/www.youtube.com\/channel\/UC0zCalAVmu2K_Xj4BMlfciA"]}]}},"jetpack_sharing_enabled":true,"jetpack_likes_enabled":true,"_links":{"self":[{"href":"https:\/\/darwinforever.com\/index.php\/wp-json\/wp\/v2\/pages\/5121","targetHints":{"allow":["GET"]}}],"collection":[{"href":"https:\/\/darwinforever.com\/index.php\/wp-json\/wp\/v2\/pages"}],"about":[{"href":"https:\/\/darwinforever.com\/index.php\/wp-json\/wp\/v2\/types\/page"}],"author":[{"embeddable":true,"href":"https:\/\/darwinforever.com\/index.php\/wp-json\/wp\/v2\/users\/5"}],"replies":[{"embeddable":true,"href":"https:\/\/darwinforever.com\/index.php\/wp-json\/wp\/v2\/comments?post=5121"}],"version-history":[{"count":1,"href":"https:\/\/darwinforever.com\/index.php\/wp-json\/wp\/v2\/pages\/5121\/revisions"}],"predecessor-version":[{"id":5123,"href":"https:\/\/darwinforever.com\/index.php\/wp-json\/wp\/v2\/pages\/5121\/revisions\/5123"}],"wp:attachment":[{"href":"https:\/\/darwinforever.com\/index.php\/wp-json\/wp\/v2\/media?parent=5121"}],"curies":[{"name":"wp","href":"https:\/\/api.w.org\/{rel}","templated":true}]}}