{"id":4873,"date":"2024-10-03T19:35:42","date_gmt":"2024-10-03T17:35:42","guid":{"rendered":"https:\/\/darwinforever.com\/?page_id=4873"},"modified":"2024-10-03T19:38:44","modified_gmt":"2024-10-03T17:38:44","slug":"cadence-x-darwin-forever","status":"publish","type":"page","link":"https:\/\/darwinforever.com\/index.php\/cadence-x-darwin-forever\/","title":{"rendered":"Cadence X Darwin Forever"},"content":{"rendered":"\n<p class=\"has-text-align-center\">Encore un joli partenariat : <strong>Cadence &amp; Darwin Forever <\/strong><\/p>\n\n\n\n<figure class=\"wp-block-image size-large is-resized\"><img data-recalc-dims=\"1\" loading=\"lazy\" decoding=\"async\" width=\"696\" height=\"928\" data-orig-file=\"https:\/\/i0.wp.com\/darwinforever.com\/wp-content\/uploads\/2024\/10\/WhatsApp-Image-2024-10-03-a-19.16.15_31cad771.jpg?fit=1200%2C1600&amp;ssl=1\" data-attachment-url=\"https:\/\/darwinforever.com\/index.php\/cadence-x-darwin-forever\/whatsapp-image-2024-10-03-a-19-16-15_31cad771\/\" data-aspectratio=\"0.75\" data-caption=\"\" data-image-title=\"WhatsApp Image 2024-10-03 \u00e0 19.16.15_31cad771\" data-image-description=\"\" srcset=\"https:\/\/i0.wp.com\/darwinforever.com\/wp-content\/uploads\/2024\/10\/WhatsApp-Image-2024-10-03-a-19.16.15_31cad771.jpg?w=1200&amp;ssl=1 1200w, https:\/\/i0.wp.com\/darwinforever.com\/wp-content\/uploads\/2024\/10\/WhatsApp-Image-2024-10-03-a-19.16.15_31cad771.jpg?resize=225%2C300&amp;ssl=1 225w, https:\/\/i0.wp.com\/darwinforever.com\/wp-content\/uploads\/2024\/10\/WhatsApp-Image-2024-10-03-a-19.16.15_31cad771.jpg?resize=768%2C1024&amp;ssl=1 768w, https:\/\/i0.wp.com\/darwinforever.com\/wp-content\/uploads\/2024\/10\/WhatsApp-Image-2024-10-03-a-19.16.15_31cad771.jpg?resize=1152%2C1536&amp;ssl=1 1152w\" src=\"https:\/\/i0.wp.com\/darwinforever.com\/wp-content\/uploads\/2024\/10\/WhatsApp-Image-2024-10-03-a-19.16.15_31cad771.jpg?resize=696%2C928&#038;ssl=1\" alt=\". .\" class=\"wp-image-4874\" style=\"width:840px;height:auto\"\/><\/figure>\n\n<script type=\"application\/ld+json\">[\n    {\n        \"@context\": \"https:\/\/schema.org\/\",\n        \"@type\": \"ImageObject\",\n        \"contentUrl\": \"https:\/\/darwinforever.com\/wp-content\/uploads\/2024\/10\/WhatsApp-Image-2024-10-03-a-19.16.15_31cad771.jpg\",\n        \"license\": \"\",\n        \"acquireLicensePage\": \"\"\n    }\n]<\/script>\n\n\n<p><strong>1ere r\u00e9union le 2.10.2024<\/strong>  : <strong>mise en place du Plan d&#8217;action pour l&#8217;organisation de la collecte de dons chez Cadence dans le cadre de la f\u00eate Thanksgiving <\/strong><\/p>\n\n\n\n<p>Organiser une collecte de dons (nourriture, jouets, couvertures, etc.) en faveur des animaux abandonn\u00e9s, impliquant les employ\u00e9s de Cadence et leurs enfants, en collaboration avec les jeunes membres b\u00e9n\u00e9voles de Darwin Forever. Les dons seront remis \u00e0 un refuge animalier local.<\/p>\n\n\n\n<figure class=\"wp-block-image size-large is-resized\"><img data-recalc-dims=\"1\" loading=\"lazy\" decoding=\"async\" width=\"696\" height=\"984\" data-orig-file=\"https:\/\/i0.wp.com\/darwinforever.com\/wp-content\/uploads\/2024\/10\/Affiche-faite-par-Mathilde-Collecte-CADENCE.jpg?fit=1131%2C1600&amp;ssl=1\" data-attachment-url=\"https:\/\/darwinforever.com\/index.php\/cadence-x-darwin-forever\/affiche-faite-par-mathilde-collecte-cadence\/\" data-aspectratio=\"0.71\" data-caption=\"\" data-image-title=\"Affiche faite par Mathilde Collecte CADENCE\" data-image-description=\"\" srcset=\"https:\/\/i0.wp.com\/darwinforever.com\/wp-content\/uploads\/2024\/10\/Affiche-faite-par-Mathilde-Collecte-CADENCE.jpg?w=1131&amp;ssl=1 1131w, https:\/\/i0.wp.com\/darwinforever.com\/wp-content\/uploads\/2024\/10\/Affiche-faite-par-Mathilde-Collecte-CADENCE.jpg?resize=212%2C300&amp;ssl=1 212w, https:\/\/i0.wp.com\/darwinforever.com\/wp-content\/uploads\/2024\/10\/Affiche-faite-par-Mathilde-Collecte-CADENCE.jpg?resize=724%2C1024&amp;ssl=1 724w, https:\/\/i0.wp.com\/darwinforever.com\/wp-content\/uploads\/2024\/10\/Affiche-faite-par-Mathilde-Collecte-CADENCE.jpg?resize=768%2C1086&amp;ssl=1 768w, https:\/\/i0.wp.com\/darwinforever.com\/wp-content\/uploads\/2024\/10\/Affiche-faite-par-Mathilde-Collecte-CADENCE.jpg?resize=1086%2C1536&amp;ssl=1 1086w\" src=\"https:\/\/i0.wp.com\/darwinforever.com\/wp-content\/uploads\/2024\/10\/Affiche-faite-par-Mathilde-Collecte-CADENCE.jpg?resize=696%2C984&#038;ssl=1\" alt=\". .\" class=\"wp-image-4877\" style=\"width:840px;height:auto\"\/><\/figure>\n\n<script type=\"application\/ld+json\">[\n    {\n        \"@context\": \"https:\/\/schema.org\/\",\n        \"@type\": \"ImageObject\",\n        \"contentUrl\": \"https:\/\/darwinforever.com\/wp-content\/uploads\/2024\/10\/Affiche-faite-par-Mathilde-Collecte-CADENCE.jpg\",\n        \"license\": \"\",\n        \"acquireLicensePage\": \"\"\n    }\n]<\/script>\n\n\n<p class=\"has-text-align-center\"><em>affiche faite par Mathilde, 16ans <\/em><\/p>\n\n\n\n<p><\/p>\n\n\n\n<p><strong>1st meeting on 2.10.2024<\/strong> : implementation of the Action Plan for the organization of the donation drive at Cadence in connection with <strong>Thanksgiving<\/strong>.<\/p>\n\n\n\n<p>Organize a donation drive (food, toys, blankets, etc.) for abandoned animals, involving Cadence employees and their children, in collaboration with Darwin Forever&#8217;s young volunteer members. Donations will be given to a local animal shelter.<\/p>\n\n\n\n<figure class=\"wp-block-image size-large\"><img data-recalc-dims=\"1\" loading=\"lazy\" decoding=\"async\" width=\"696\" height=\"522\" data-orig-file=\"https:\/\/i0.wp.com\/darwinforever.com\/wp-content\/uploads\/2024\/10\/WhatsApp-Image-2024-10-02-a-17.56.30_453c266f.jpg?fit=1600%2C1200&amp;ssl=1\" data-attachment-url=\"https:\/\/darwinforever.com\/index.php\/cadence-x-darwin-forever\/whatsapp-image-2024-10-02-a-17-56-30_453c266f\/\" data-aspectratio=\"1.33\" data-caption=\"\" data-image-title=\"WhatsApp Image 2024-10-02 \u00e0 17.56.30_453c266f\" data-image-description=\"\" srcset=\"https:\/\/i0.wp.com\/darwinforever.com\/wp-content\/uploads\/2024\/10\/WhatsApp-Image-2024-10-02-a-17.56.30_453c266f.jpg?w=1600&amp;ssl=1 1600w, https:\/\/i0.wp.com\/darwinforever.com\/wp-content\/uploads\/2024\/10\/WhatsApp-Image-2024-10-02-a-17.56.30_453c266f.jpg?resize=300%2C225&amp;ssl=1 300w, https:\/\/i0.wp.com\/darwinforever.com\/wp-content\/uploads\/2024\/10\/WhatsApp-Image-2024-10-02-a-17.56.30_453c266f.jpg?resize=1024%2C768&amp;ssl=1 1024w, https:\/\/i0.wp.com\/darwinforever.com\/wp-content\/uploads\/2024\/10\/WhatsApp-Image-2024-10-02-a-17.56.30_453c266f.jpg?resize=768%2C576&amp;ssl=1 768w, https:\/\/i0.wp.com\/darwinforever.com\/wp-content\/uploads\/2024\/10\/WhatsApp-Image-2024-10-02-a-17.56.30_453c266f.jpg?resize=1536%2C1152&amp;ssl=1 1536w, https:\/\/i0.wp.com\/darwinforever.com\/wp-content\/uploads\/2024\/10\/WhatsApp-Image-2024-10-02-a-17.56.30_453c266f.jpg?w=1392&amp;ssl=1 1392w\" src=\"https:\/\/i0.wp.com\/darwinforever.com\/wp-content\/uploads\/2024\/10\/WhatsApp-Image-2024-10-02-a-17.56.30_453c266f.jpg?resize=696%2C522&#038;ssl=1\" alt=\". .\" class=\"wp-image-4875\"\/><\/figure>\n\n<script type=\"application\/ld+json\">[\n    {\n        \"@context\": \"https:\/\/schema.org\/\",\n        \"@type\": \"ImageObject\",\n        \"contentUrl\": \"https:\/\/darwinforever.com\/wp-content\/uploads\/2024\/10\/WhatsApp-Image-2024-10-02-a-17.56.30_453c266f.jpg\",\n        \"license\": \"\",\n        \"acquireLicensePage\": \"\"\n    }\n]<\/script>\n\n\n<p>Anne M. de Cadence et la Team Darwin Forever du jour : Nicolas, 12ans, Eleona, 16 ans (future ambassadrice Darwin Forever Allemagne) et Mathilde 16ans<\/p>\n","protected":false},"excerpt":{"rendered":"<p>Encore un joli partenariat : Cadence &amp; Darwin Forever 1ere r\u00e9union le 2.10.2024 : mise en place du Plan d&#8217;action pour l&#8217;organisation de la collecte de dons chez Cadence dans<\/p><\/div>\n<div class=\"blog-btn\"><a href=\"https:\/\/darwinforever.com\/index.php\/cadence-x-darwin-forever\/\" class=\"home-blog-btn\">Lire la suite<\/a><\/p>\n","protected":false},"author":7,"featured_media":0,"parent":0,"menu_order":0,"comment_status":"closed","ping_status":"closed","template":"","meta":{"_bbp_topic_count":0,"_bbp_reply_count":0,"_bbp_total_topic_count":0,"_bbp_total_reply_count":0,"_bbp_voice_count":0,"_bbp_anonymous_reply_count":0,"_bbp_topic_count_hidden":0,"_bbp_reply_count_hidden":0,"_bbp_forum_subforum_count":0,"jetpack_post_was_ever_published":false,"footnotes":""},"class_list":["post-4873","page","type-page","status-publish","hentry"],"yoast_head":"<!-- This site is optimized with the Yoast SEO plugin v27.4 - https:\/\/yoast.com\/product\/yoast-seo-wordpress\/ -->\n<title>Cadence X Darwin Forever - Darwin Forever<\/title>\n<meta name=\"robots\" content=\"index, follow, max-snippet:-1, max-image-preview:large, max-video-preview:-1\" \/>\n<link rel=\"canonical\" href=\"https:\/\/darwinforever.com\/index.php\/cadence-x-darwin-forever\/\" \/>\n<meta property=\"og:locale\" content=\"fr_FR\" \/>\n<meta property=\"og:type\" content=\"article\" \/>\n<meta property=\"og:title\" content=\"Cadence X Darwin Forever - Darwin Forever\" \/>\n<meta property=\"og:description\" content=\"Encore un joli partenariat : Cadence &amp; Darwin Forever 1ere r\u00e9union le 2.10.2024 : mise en place du Plan d&#8217;action pour l&#8217;organisation de la collecte de dons chez Cadence dansLire la suite\" \/>\n<meta property=\"og:url\" content=\"https:\/\/darwinforever.com\/index.php\/cadence-x-darwin-forever\/\" \/>\n<meta property=\"og:site_name\" content=\"Darwin Forever\" \/>\n<meta property=\"article:publisher\" content=\"https:\/\/www.facebook.com\/darwinforever06\/\" \/>\n<meta property=\"article:modified_time\" content=\"2024-10-03T17:38:44+00:00\" \/>\n<meta property=\"og:image\" content=\"https:\/\/darwinforever.com\/wp-content\/uploads\/2024\/10\/WhatsApp-Image-2024-10-03-a-19.16.15_31cad771-768x1024.jpg\" \/>\n<meta name=\"twitter:card\" content=\"summary_large_image\" \/>\n<meta name=\"twitter:label1\" content=\"Dur\u00e9e de lecture estim\u00e9e\" \/>\n\t<meta name=\"twitter:data1\" content=\"2 minutes\" \/>\n<script type=\"application\/ld+json\" class=\"yoast-schema-graph\">{\"@context\":\"https:\\\/\\\/schema.org\",\"@graph\":[{\"@type\":\"WebPage\",\"@id\":\"https:\\\/\\\/darwinforever.com\\\/index.php\\\/cadence-x-darwin-forever\\\/\",\"url\":\"https:\\\/\\\/darwinforever.com\\\/index.php\\\/cadence-x-darwin-forever\\\/\",\"name\":\"Cadence X Darwin Forever - Darwin Forever\",\"isPartOf\":{\"@id\":\"https:\\\/\\\/darwinforever.com\\\/#website\"},\"primaryImageOfPage\":{\"@id\":\"https:\\\/\\\/darwinforever.com\\\/index.php\\\/cadence-x-darwin-forever\\\/#primaryimage\"},\"image\":{\"@id\":\"https:\\\/\\\/darwinforever.com\\\/index.php\\\/cadence-x-darwin-forever\\\/#primaryimage\"},\"thumbnailUrl\":\"https:\\\/\\\/darwinforever.com\\\/wp-content\\\/uploads\\\/2024\\\/10\\\/WhatsApp-Image-2024-10-03-a-19.16.15_31cad771-768x1024.jpg\",\"datePublished\":\"2024-10-03T17:35:42+00:00\",\"dateModified\":\"2024-10-03T17:38:44+00:00\",\"breadcrumb\":{\"@id\":\"https:\\\/\\\/darwinforever.com\\\/index.php\\\/cadence-x-darwin-forever\\\/#breadcrumb\"},\"inLanguage\":\"fr-FR\",\"potentialAction\":[{\"@type\":\"ReadAction\",\"target\":[\"https:\\\/\\\/darwinforever.com\\\/index.php\\\/cadence-x-darwin-forever\\\/\"]}]},{\"@type\":\"ImageObject\",\"inLanguage\":\"fr-FR\",\"@id\":\"https:\\\/\\\/darwinforever.com\\\/index.php\\\/cadence-x-darwin-forever\\\/#primaryimage\",\"url\":\"https:\\\/\\\/i0.wp.com\\\/darwinforever.com\\\/wp-content\\\/uploads\\\/2024\\\/10\\\/WhatsApp-Image-2024-10-03-a-19.16.15_31cad771.jpg?fit=1200%2C1600&ssl=1\",\"contentUrl\":\"https:\\\/\\\/i0.wp.com\\\/darwinforever.com\\\/wp-content\\\/uploads\\\/2024\\\/10\\\/WhatsApp-Image-2024-10-03-a-19.16.15_31cad771.jpg?fit=1200%2C1600&ssl=1\",\"width\":1200,\"height\":1600,\"caption\":\". .\"},{\"@type\":\"BreadcrumbList\",\"@id\":\"https:\\\/\\\/darwinforever.com\\\/index.php\\\/cadence-x-darwin-forever\\\/#breadcrumb\",\"itemListElement\":[{\"@type\":\"ListItem\",\"position\":1,\"name\":\"Accueil\",\"item\":\"https:\\\/\\\/darwinforever.com\\\/\"},{\"@type\":\"ListItem\",\"position\":2,\"name\":\"Cadence X Darwin Forever\"}]},{\"@type\":\"WebSite\",\"@id\":\"https:\\\/\\\/darwinforever.com\\\/#website\",\"url\":\"https:\\\/\\\/darwinforever.com\\\/\",\"name\":\"Darwin Forever\",\"description\":\"Communaut\u00e9 de Jeunes Engag\u00e9s en faveur des Animaux et de leur Environnement\",\"publisher\":{\"@id\":\"https:\\\/\\\/darwinforever.com\\\/#organization\"},\"potentialAction\":[{\"@type\":\"SearchAction\",\"target\":{\"@type\":\"EntryPoint\",\"urlTemplate\":\"https:\\\/\\\/darwinforever.com\\\/?s={search_term_string}\"},\"query-input\":{\"@type\":\"PropertyValueSpecification\",\"valueRequired\":true,\"valueName\":\"search_term_string\"}}],\"inLanguage\":\"fr-FR\"},{\"@type\":\"Organization\",\"@id\":\"https:\\\/\\\/darwinforever.com\\\/#organization\",\"name\":\"Darwin Forever\",\"url\":\"https:\\\/\\\/darwinforever.com\\\/\",\"logo\":{\"@type\":\"ImageObject\",\"inLanguage\":\"fr-FR\",\"@id\":\"https:\\\/\\\/darwinforever.com\\\/#\\\/schema\\\/logo\\\/image\\\/\",\"url\":\"https:\\\/\\\/i0.wp.com\\\/darwinforever.com\\\/wp-content\\\/uploads\\\/2020\\\/11\\\/cropped-cropped-Logo-Darwin-Forever-scaled-1.jpg?fit=210%2C184&ssl=1\",\"contentUrl\":\"https:\\\/\\\/i0.wp.com\\\/darwinforever.com\\\/wp-content\\\/uploads\\\/2020\\\/11\\\/cropped-cropped-Logo-Darwin-Forever-scaled-1.jpg?fit=210%2C184&ssl=1\",\"width\":210,\"height\":184,\"caption\":\"Darwin Forever\"},\"image\":{\"@id\":\"https:\\\/\\\/darwinforever.com\\\/#\\\/schema\\\/logo\\\/image\\\/\"},\"sameAs\":[\"https:\\\/\\\/www.facebook.com\\\/darwinforever06\\\/\",\"https:\\\/\\\/www.youtube.com\\\/channel\\\/UC0zCalAVmu2K_Xj4BMlfciA\"]}]}<\/script>\n<!-- \/ Yoast SEO plugin. -->","yoast_head_json":{"title":"Cadence X Darwin Forever - Darwin Forever","robots":{"index":"index","follow":"follow","max-snippet":"max-snippet:-1","max-image-preview":"max-image-preview:large","max-video-preview":"max-video-preview:-1"},"canonical":"https:\/\/darwinforever.com\/index.php\/cadence-x-darwin-forever\/","og_locale":"fr_FR","og_type":"article","og_title":"Cadence X Darwin Forever - Darwin Forever","og_description":"Encore un joli partenariat : Cadence &amp; Darwin Forever 1ere r\u00e9union le 2.10.2024 : mise en place du Plan d&#8217;action pour l&#8217;organisation de la collecte de dons chez Cadence dansLire la suite","og_url":"https:\/\/darwinforever.com\/index.php\/cadence-x-darwin-forever\/","og_site_name":"Darwin Forever","article_publisher":"https:\/\/www.facebook.com\/darwinforever06\/","article_modified_time":"2024-10-03T17:38:44+00:00","og_image":[{"url":"https:\/\/darwinforever.com\/wp-content\/uploads\/2024\/10\/WhatsApp-Image-2024-10-03-a-19.16.15_31cad771-768x1024.jpg","type":"","width":"","height":""}],"twitter_card":"summary_large_image","twitter_misc":{"Dur\u00e9e de lecture estim\u00e9e":"2 minutes"},"schema":{"@context":"https:\/\/schema.org","@graph":[{"@type":"WebPage","@id":"https:\/\/darwinforever.com\/index.php\/cadence-x-darwin-forever\/","url":"https:\/\/darwinforever.com\/index.php\/cadence-x-darwin-forever\/","name":"Cadence X Darwin Forever - Darwin Forever","isPartOf":{"@id":"https:\/\/darwinforever.com\/#website"},"primaryImageOfPage":{"@id":"https:\/\/darwinforever.com\/index.php\/cadence-x-darwin-forever\/#primaryimage"},"image":{"@id":"https:\/\/darwinforever.com\/index.php\/cadence-x-darwin-forever\/#primaryimage"},"thumbnailUrl":"https:\/\/darwinforever.com\/wp-content\/uploads\/2024\/10\/WhatsApp-Image-2024-10-03-a-19.16.15_31cad771-768x1024.jpg","datePublished":"2024-10-03T17:35:42+00:00","dateModified":"2024-10-03T17:38:44+00:00","breadcrumb":{"@id":"https:\/\/darwinforever.com\/index.php\/cadence-x-darwin-forever\/#breadcrumb"},"inLanguage":"fr-FR","potentialAction":[{"@type":"ReadAction","target":["https:\/\/darwinforever.com\/index.php\/cadence-x-darwin-forever\/"]}]},{"@type":"ImageObject","inLanguage":"fr-FR","@id":"https:\/\/darwinforever.com\/index.php\/cadence-x-darwin-forever\/#primaryimage","url":"https:\/\/i0.wp.com\/darwinforever.com\/wp-content\/uploads\/2024\/10\/WhatsApp-Image-2024-10-03-a-19.16.15_31cad771.jpg?fit=1200%2C1600&ssl=1","contentUrl":"https:\/\/i0.wp.com\/darwinforever.com\/wp-content\/uploads\/2024\/10\/WhatsApp-Image-2024-10-03-a-19.16.15_31cad771.jpg?fit=1200%2C1600&ssl=1","width":1200,"height":1600,"caption":". ."},{"@type":"BreadcrumbList","@id":"https:\/\/darwinforever.com\/index.php\/cadence-x-darwin-forever\/#breadcrumb","itemListElement":[{"@type":"ListItem","position":1,"name":"Accueil","item":"https:\/\/darwinforever.com\/"},{"@type":"ListItem","position":2,"name":"Cadence X Darwin Forever"}]},{"@type":"WebSite","@id":"https:\/\/darwinforever.com\/#website","url":"https:\/\/darwinforever.com\/","name":"Darwin Forever","description":"Communaut\u00e9 de Jeunes Engag\u00e9s en faveur des Animaux et de leur Environnement","publisher":{"@id":"https:\/\/darwinforever.com\/#organization"},"potentialAction":[{"@type":"SearchAction","target":{"@type":"EntryPoint","urlTemplate":"https:\/\/darwinforever.com\/?s={search_term_string}"},"query-input":{"@type":"PropertyValueSpecification","valueRequired":true,"valueName":"search_term_string"}}],"inLanguage":"fr-FR"},{"@type":"Organization","@id":"https:\/\/darwinforever.com\/#organization","name":"Darwin Forever","url":"https:\/\/darwinforever.com\/","logo":{"@type":"ImageObject","inLanguage":"fr-FR","@id":"https:\/\/darwinforever.com\/#\/schema\/logo\/image\/","url":"https:\/\/i0.wp.com\/darwinforever.com\/wp-content\/uploads\/2020\/11\/cropped-cropped-Logo-Darwin-Forever-scaled-1.jpg?fit=210%2C184&ssl=1","contentUrl":"https:\/\/i0.wp.com\/darwinforever.com\/wp-content\/uploads\/2020\/11\/cropped-cropped-Logo-Darwin-Forever-scaled-1.jpg?fit=210%2C184&ssl=1","width":210,"height":184,"caption":"Darwin Forever"},"image":{"@id":"https:\/\/darwinforever.com\/#\/schema\/logo\/image\/"},"sameAs":["https:\/\/www.facebook.com\/darwinforever06\/","https:\/\/www.youtube.com\/channel\/UC0zCalAVmu2K_Xj4BMlfciA"]}]}},"jetpack_sharing_enabled":true,"jetpack_likes_enabled":true,"_links":{"self":[{"href":"https:\/\/darwinforever.com\/index.php\/wp-json\/wp\/v2\/pages\/4873","targetHints":{"allow":["GET"]}}],"collection":[{"href":"https:\/\/darwinforever.com\/index.php\/wp-json\/wp\/v2\/pages"}],"about":[{"href":"https:\/\/darwinforever.com\/index.php\/wp-json\/wp\/v2\/types\/page"}],"author":[{"embeddable":true,"href":"https:\/\/darwinforever.com\/index.php\/wp-json\/wp\/v2\/users\/7"}],"replies":[{"embeddable":true,"href":"https:\/\/darwinforever.com\/index.php\/wp-json\/wp\/v2\/comments?post=4873"}],"version-history":[{"count":2,"href":"https:\/\/darwinforever.com\/index.php\/wp-json\/wp\/v2\/pages\/4873\/revisions"}],"predecessor-version":[{"id":4880,"href":"https:\/\/darwinforever.com\/index.php\/wp-json\/wp\/v2\/pages\/4873\/revisions\/4880"}],"wp:attachment":[{"href":"https:\/\/darwinforever.com\/index.php\/wp-json\/wp\/v2\/media?parent=4873"}],"curies":[{"name":"wp","href":"https:\/\/api.w.org\/{rel}","templated":true}]}}