{"id":4463,"date":"2024-01-19T20:46:02","date_gmt":"2024-01-19T19:46:02","guid":{"rendered":"https:\/\/darwinforever.com\/?page_id=4463"},"modified":"2024-01-19T21:10:02","modified_gmt":"2024-01-19T20:10:02","slug":"mix-and-light-notre-partenaire-musique","status":"publish","type":"page","link":"https:\/\/darwinforever.com\/index.php\/mix-and-light-notre-partenaire-musique\/","title":{"rendered":"Mix And Light, notre partenaire &#8220;Musique&#8221;"},"content":{"rendered":"\n<figure class=\"wp-block-image size-full is-resized\"><img data-recalc-dims=\"1\" loading=\"lazy\" decoding=\"async\" width=\"587\" height=\"512\" data-orig-file=\"https:\/\/i0.wp.com\/darwinforever.com\/wp-content\/uploads\/2024\/01\/Mix-and-Light.jpg?fit=587%2C512&amp;ssl=1\" data-attachment-url=\"https:\/\/darwinforever.com\/index.php\/mix-and-light-notre-partenaire-musique\/mix-and-light\/\" data-aspectratio=\"1.15\" data-caption=\"\" data-image-title=\"Mix-and-Light\" data-image-description=\"\" srcset=\"https:\/\/i0.wp.com\/darwinforever.com\/wp-content\/uploads\/2024\/01\/Mix-and-Light.jpg?w=587&amp;ssl=1 587w, https:\/\/i0.wp.com\/darwinforever.com\/wp-content\/uploads\/2024\/01\/Mix-and-Light.jpg?resize=300%2C262&amp;ssl=1 300w\" src=\"https:\/\/i0.wp.com\/darwinforever.com\/wp-content\/uploads\/2024\/01\/Mix-and-Light.jpg?resize=587%2C512&#038;ssl=1\" alt=\". .\" class=\"wp-image-4464\" style=\"width:639px;height:auto\"\/><\/figure>\n\n<script type=\"application\/ld+json\">[\n    {\n        \"@context\": \"https:\/\/schema.org\/\",\n        \"@type\": \"ImageObject\",\n        \"contentUrl\": \"https:\/\/darwinforever.com\/wp-content\/uploads\/2024\/01\/Mix-and-Light.jpg\",\n        \"license\": \"\",\n        \"acquireLicensePage\": \"\"\n    }\n]<\/script>\n\n\n<p><strong>Mix And Light <\/strong>est <strong>notre partenaire &#8220;Musique&#8221;<\/strong> au sein de Darwin Forever, notre association anim\u00e9e par des jeunes, d\u00e9vou\u00e9e \u00e0 la protection des animaux et de leurs environnements. Nous sommes enchant\u00e9s de vous pr\u00e9senter cette collaboration particuli\u00e8rement cruciale : <strong>le pr\u00eat de mat\u00e9riel musical tel que des enceintes et des micros pour nos membres b\u00e9n\u00e9voles chanteurs\/chanteuses.<\/strong><\/p>\n\n\n\n<p>Dans notre association, nous accordons <strong>une importance majeure \u00e0 l&#8217;art sous toutes ses formes, et la musique occupe une place sp\u00e9ciale<\/strong>. Visiter les refuges peut \u00eatre une exp\u00e9rience \u00e9motionnellement difficile en raison de l&#8217;atmosph\u00e8re d&#8217;abandon qui y r\u00e8gne. Cependant, introduire de la gaiet\u00e9, de l&#8217;amour et de la cr\u00e9ation artistique par le biais de la musique, des d\u00e9corations dans les refuges, des dessins, etc., constitue une touche cr\u00e9ative distinctive de notre association de jeunes.<\/p>\n\n\n\n<div class=\"wp-block-jetpack-slideshow aligncenter\" data-effect=\"slide\"><div class=\"wp-block-jetpack-slideshow_container swiper-container\"><ul class=\"wp-block-jetpack-slideshow_swiper-wrapper swiper-wrapper\"><li class=\"wp-block-jetpack-slideshow_slide swiper-slide\"><figure><img data-recalc-dims=\"1\" loading=\"lazy\" decoding=\"async\" width=\"696\" height=\"392\" alt=\". .\" class=\"wp-block-jetpack-slideshow_image wp-image-4472\" data-id=\"4472\" src=\"https:\/\/i0.wp.com\/darwinforever.com\/wp-content\/uploads\/2024\/01\/Atelier-Darwin-Forever-a-l-ecole-Decoration-Grande-Affiche-pour-les-refugesv2.jpg?resize=696%2C392&#038;ssl=1\" srcset=\"https:\/\/i0.wp.com\/darwinforever.com\/wp-content\/uploads\/2024\/01\/Atelier-Darwin-Forever-a-l-ecole-Decoration-Grande-Affiche-pour-les-refugesv2-scaled.jpg?resize=1024%2C576&amp;ssl=1 1024w, https:\/\/i0.wp.com\/darwinforever.com\/wp-content\/uploads\/2024\/01\/Atelier-Darwin-Forever-a-l-ecole-Decoration-Grande-Affiche-pour-les-refugesv2-scaled.jpg?resize=300%2C169&amp;ssl=1 300w, https:\/\/i0.wp.com\/darwinforever.com\/wp-content\/uploads\/2024\/01\/Atelier-Darwin-Forever-a-l-ecole-Decoration-Grande-Affiche-pour-les-refugesv2-scaled.jpg?resize=768%2C432&amp;ssl=1 768w, https:\/\/i0.wp.com\/darwinforever.com\/wp-content\/uploads\/2024\/01\/Atelier-Darwin-Forever-a-l-ecole-Decoration-Grande-Affiche-pour-les-refugesv2-scaled.jpg?resize=1536%2C864&amp;ssl=1 1536w, https:\/\/i0.wp.com\/darwinforever.com\/wp-content\/uploads\/2024\/01\/Atelier-Darwin-Forever-a-l-ecole-Decoration-Grande-Affiche-pour-les-refugesv2-scaled.jpg?resize=2048%2C1152&amp;ssl=1 2048w, https:\/\/i0.wp.com\/darwinforever.com\/wp-content\/uploads\/2024\/01\/Atelier-Darwin-Forever-a-l-ecole-Decoration-Grande-Affiche-pour-les-refugesv2-scaled.jpg?w=2560&amp;ssl=1 2560w, https:\/\/i0.wp.com\/darwinforever.com\/wp-content\/uploads\/2024\/01\/Atelier-Darwin-Forever-a-l-ecole-Decoration-Grande-Affiche-pour-les-refugesv2-scaled.jpg?w=1392&amp;ssl=1 1392w\" sizes=\"(max-width: 696px) 100vw, 696px\" \/><\/figure><\/li><li class=\"wp-block-jetpack-slideshow_slide swiper-slide\"><figure><img data-recalc-dims=\"1\" loading=\"lazy\" decoding=\"async\" width=\"696\" height=\"392\" alt=\". .\" class=\"wp-block-jetpack-slideshow_image wp-image-4474\" data-id=\"4474\" src=\"https:\/\/i0.wp.com\/darwinforever.com\/wp-content\/uploads\/2024\/01\/cages-des-chats-decorees.jpg?resize=696%2C392&#038;ssl=1\" srcset=\"https:\/\/i0.wp.com\/darwinforever.com\/wp-content\/uploads\/2024\/01\/cages-des-chats-decorees-scaled.jpg?resize=1024%2C576&amp;ssl=1 1024w, https:\/\/i0.wp.com\/darwinforever.com\/wp-content\/uploads\/2024\/01\/cages-des-chats-decorees-scaled.jpg?resize=300%2C169&amp;ssl=1 300w, https:\/\/i0.wp.com\/darwinforever.com\/wp-content\/uploads\/2024\/01\/cages-des-chats-decorees-scaled.jpg?resize=768%2C432&amp;ssl=1 768w, https:\/\/i0.wp.com\/darwinforever.com\/wp-content\/uploads\/2024\/01\/cages-des-chats-decorees-scaled.jpg?resize=1536%2C864&amp;ssl=1 1536w, https:\/\/i0.wp.com\/darwinforever.com\/wp-content\/uploads\/2024\/01\/cages-des-chats-decorees-scaled.jpg?resize=2048%2C1152&amp;ssl=1 2048w, https:\/\/i0.wp.com\/darwinforever.com\/wp-content\/uploads\/2024\/01\/cages-des-chats-decorees-scaled.jpg?w=2560&amp;ssl=1 2560w, https:\/\/i0.wp.com\/darwinforever.com\/wp-content\/uploads\/2024\/01\/cages-des-chats-decorees-scaled.jpg?w=1392&amp;ssl=1 1392w\" sizes=\"(max-width: 696px) 100vw, 696px\" \/><\/figure><\/li><li class=\"wp-block-jetpack-slideshow_slide swiper-slide\"><figure><img data-recalc-dims=\"1\" loading=\"lazy\" decoding=\"async\" width=\"576\" height=\"1024\" alt=\". .\" class=\"wp-block-jetpack-slideshow_image wp-image-4473\" data-id=\"4473\" src=\"https:\/\/i0.wp.com\/darwinforever.com\/wp-content\/uploads\/2024\/01\/Atelier-Darwin-Forever-a-l-ecole-Decoration-Grande-Affiche-pour-les-refugesV5.jpg?resize=576%2C1024&#038;ssl=1\" srcset=\"https:\/\/i0.wp.com\/darwinforever.com\/wp-content\/uploads\/2024\/01\/Atelier-Darwin-Forever-a-l-ecole-Decoration-Grande-Affiche-pour-les-refugesV5-scaled.jpg?resize=576%2C1024&amp;ssl=1 576w, https:\/\/i0.wp.com\/darwinforever.com\/wp-content\/uploads\/2024\/01\/Atelier-Darwin-Forever-a-l-ecole-Decoration-Grande-Affiche-pour-les-refugesV5-scaled.jpg?resize=169%2C300&amp;ssl=1 169w, https:\/\/i0.wp.com\/darwinforever.com\/wp-content\/uploads\/2024\/01\/Atelier-Darwin-Forever-a-l-ecole-Decoration-Grande-Affiche-pour-les-refugesV5-scaled.jpg?resize=768%2C1365&amp;ssl=1 768w, https:\/\/i0.wp.com\/darwinforever.com\/wp-content\/uploads\/2024\/01\/Atelier-Darwin-Forever-a-l-ecole-Decoration-Grande-Affiche-pour-les-refugesV5-scaled.jpg?resize=864%2C1536&amp;ssl=1 864w, https:\/\/i0.wp.com\/darwinforever.com\/wp-content\/uploads\/2024\/01\/Atelier-Darwin-Forever-a-l-ecole-Decoration-Grande-Affiche-pour-les-refugesV5-scaled.jpg?resize=1152%2C2048&amp;ssl=1 1152w, https:\/\/i0.wp.com\/darwinforever.com\/wp-content\/uploads\/2024\/01\/Atelier-Darwin-Forever-a-l-ecole-Decoration-Grande-Affiche-pour-les-refugesV5-scaled.jpg?w=1440&amp;ssl=1 1440w\" sizes=\"(max-width: 576px) 100vw, 576px\" \/><\/figure><\/li><li class=\"wp-block-jetpack-slideshow_slide swiper-slide\"><figure><img data-recalc-dims=\"1\" loading=\"lazy\" decoding=\"async\" width=\"696\" height=\"392\" alt=\". .\" class=\"wp-block-jetpack-slideshow_image wp-image-4466\" data-id=\"4466\" src=\"https:\/\/i0.wp.com\/darwinforever.com\/wp-content\/uploads\/2024\/01\/affiche-des-kids-.jpg?resize=696%2C392&#038;ssl=1\" srcset=\"https:\/\/i0.wp.com\/darwinforever.com\/wp-content\/uploads\/2024\/01\/affiche-des-kids--scaled.jpg?resize=1024%2C576&amp;ssl=1 1024w, https:\/\/i0.wp.com\/darwinforever.com\/wp-content\/uploads\/2024\/01\/affiche-des-kids--scaled.jpg?resize=300%2C169&amp;ssl=1 300w, https:\/\/i0.wp.com\/darwinforever.com\/wp-content\/uploads\/2024\/01\/affiche-des-kids--scaled.jpg?resize=768%2C432&amp;ssl=1 768w, https:\/\/i0.wp.com\/darwinforever.com\/wp-content\/uploads\/2024\/01\/affiche-des-kids--scaled.jpg?resize=1536%2C864&amp;ssl=1 1536w, https:\/\/i0.wp.com\/darwinforever.com\/wp-content\/uploads\/2024\/01\/affiche-des-kids--scaled.jpg?resize=2048%2C1152&amp;ssl=1 2048w, https:\/\/i0.wp.com\/darwinforever.com\/wp-content\/uploads\/2024\/01\/affiche-des-kids--scaled.jpg?w=2560&amp;ssl=1 2560w, https:\/\/i0.wp.com\/darwinforever.com\/wp-content\/uploads\/2024\/01\/affiche-des-kids--scaled.jpg?w=1392&amp;ssl=1 1392w\" sizes=\"(max-width: 696px) 100vw, 696px\" \/><\/figure><\/li><li class=\"wp-block-jetpack-slideshow_slide swiper-slide\"><figure><img data-recalc-dims=\"1\" loading=\"lazy\" decoding=\"async\" width=\"576\" height=\"1024\" alt=\". .\" class=\"wp-block-jetpack-slideshow_image wp-image-4470\" data-id=\"4470\" src=\"https:\/\/i0.wp.com\/darwinforever.com\/wp-content\/uploads\/2024\/01\/Atelier-Darwin-Forever-a-l-ecole-Decoration-Grande-Affiche-pour-les-refuges-6.jpg?resize=576%2C1024&#038;ssl=1\" srcset=\"https:\/\/i0.wp.com\/darwinforever.com\/wp-content\/uploads\/2024\/01\/Atelier-Darwin-Forever-a-l-ecole-Decoration-Grande-Affiche-pour-les-refuges-6-scaled.jpg?resize=576%2C1024&amp;ssl=1 576w, https:\/\/i0.wp.com\/darwinforever.com\/wp-content\/uploads\/2024\/01\/Atelier-Darwin-Forever-a-l-ecole-Decoration-Grande-Affiche-pour-les-refuges-6-scaled.jpg?resize=169%2C300&amp;ssl=1 169w, https:\/\/i0.wp.com\/darwinforever.com\/wp-content\/uploads\/2024\/01\/Atelier-Darwin-Forever-a-l-ecole-Decoration-Grande-Affiche-pour-les-refuges-6-scaled.jpg?resize=768%2C1365&amp;ssl=1 768w, https:\/\/i0.wp.com\/darwinforever.com\/wp-content\/uploads\/2024\/01\/Atelier-Darwin-Forever-a-l-ecole-Decoration-Grande-Affiche-pour-les-refuges-6-scaled.jpg?resize=864%2C1536&amp;ssl=1 864w, https:\/\/i0.wp.com\/darwinforever.com\/wp-content\/uploads\/2024\/01\/Atelier-Darwin-Forever-a-l-ecole-Decoration-Grande-Affiche-pour-les-refuges-6-scaled.jpg?resize=1152%2C2048&amp;ssl=1 1152w, https:\/\/i0.wp.com\/darwinforever.com\/wp-content\/uploads\/2024\/01\/Atelier-Darwin-Forever-a-l-ecole-Decoration-Grande-Affiche-pour-les-refuges-6-scaled.jpg?w=1440&amp;ssl=1 1440w\" sizes=\"(max-width: 576px) 100vw, 576px\" \/><\/figure><\/li><li class=\"wp-block-jetpack-slideshow_slide swiper-slide\"><figure><img data-recalc-dims=\"1\" loading=\"lazy\" decoding=\"async\" width=\"696\" height=\"392\" alt=\". .\" class=\"wp-block-jetpack-slideshow_image wp-image-4471\" data-id=\"4471\" src=\"https:\/\/i0.wp.com\/darwinforever.com\/wp-content\/uploads\/2024\/01\/Atelier-Darwin-Forever-a-l-ecole-Decoration-Grande-Affiche-pour-les-refuges-1.jpg?resize=696%2C392&#038;ssl=1\" srcset=\"https:\/\/i0.wp.com\/darwinforever.com\/wp-content\/uploads\/2024\/01\/Atelier-Darwin-Forever-a-l-ecole-Decoration-Grande-Affiche-pour-les-refuges-1-scaled.jpg?resize=1024%2C576&amp;ssl=1 1024w, https:\/\/i0.wp.com\/darwinforever.com\/wp-content\/uploads\/2024\/01\/Atelier-Darwin-Forever-a-l-ecole-Decoration-Grande-Affiche-pour-les-refuges-1-scaled.jpg?resize=300%2C169&amp;ssl=1 300w, https:\/\/i0.wp.com\/darwinforever.com\/wp-content\/uploads\/2024\/01\/Atelier-Darwin-Forever-a-l-ecole-Decoration-Grande-Affiche-pour-les-refuges-1-scaled.jpg?resize=768%2C432&amp;ssl=1 768w, https:\/\/i0.wp.com\/darwinforever.com\/wp-content\/uploads\/2024\/01\/Atelier-Darwin-Forever-a-l-ecole-Decoration-Grande-Affiche-pour-les-refuges-1-scaled.jpg?resize=1536%2C864&amp;ssl=1 1536w, https:\/\/i0.wp.com\/darwinforever.com\/wp-content\/uploads\/2024\/01\/Atelier-Darwin-Forever-a-l-ecole-Decoration-Grande-Affiche-pour-les-refuges-1-scaled.jpg?resize=2048%2C1152&amp;ssl=1 2048w, https:\/\/i0.wp.com\/darwinforever.com\/wp-content\/uploads\/2024\/01\/Atelier-Darwin-Forever-a-l-ecole-Decoration-Grande-Affiche-pour-les-refuges-1-scaled.jpg?w=2560&amp;ssl=1 2560w, https:\/\/i0.wp.com\/darwinforever.com\/wp-content\/uploads\/2024\/01\/Atelier-Darwin-Forever-a-l-ecole-Decoration-Grande-Affiche-pour-les-refuges-1-scaled.jpg?w=1392&amp;ssl=1 1392w\" sizes=\"(max-width: 696px) 100vw, 696px\" \/><\/figure><\/li><\/ul><a class=\"wp-block-jetpack-slideshow_button-prev swiper-button-prev swiper-button-white\" role=\"button\"><\/a><a class=\"wp-block-jetpack-slideshow_button-next swiper-button-next swiper-button-white\" role=\"button\"><\/a><a aria-label=\"Pause Slideshow\" class=\"wp-block-jetpack-slideshow_button-pause\" role=\"button\"><\/a><div class=\"wp-block-jetpack-slideshow_pagination swiper-pagination swiper-pagination-white\"><\/div><\/div><\/div>\n\n\n\n<p>Nous tenons \u00e0 souligner que malgr\u00e9 la r\u00e9alit\u00e9 souvent triste des refuges, apporter non seulement des dons de croquettes, de couvertures et de jouets pour les animaux mais aussi de la joie, de l&#8217;amour et une dimension artistique gr\u00e2ce \u00e0 la musique cr\u00e9\u00e9e par nos jeunes membres, ainsi que par d&#8217;autres formes d&#8217;expression artistique, est une mani\u00e8re essentielle de participer \u00e0 notre mission. Nous croyons fermement que se divertir tout en faisant le bien est une d\u00e9marche significative et importante. Nous exprimons notre profonde gratitude \u00e0 <strong>Mix And Light<\/strong> pour sa contribution pr\u00e9cieuse en pr\u00eat de mat\u00e9riels. Et, j&#8217;en profite pour remercier et f\u00e9liciter notre membre b\u00e9n\u00e9vole<strong> Pauline,<\/strong> 25 ans pour avoir \u00e9tabli ce joli partenariat. <\/p>\n\n\n\n<p> Virginie, pr\u00e9sidente de l&#8217;asso<\/p>\n\n\n\n<p><\/p>\n\n\n\n<figure class=\"wp-block-video\"><video height=\"480\" style=\"aspect-ratio: 848 \/ 480;\" width=\"848\" controls src=\"https:\/\/darwinforever.com\/wp-content\/uploads\/2024\/01\/WhatsApp-Video-2024-01-18-a-14.47.41_968795ef.mp4\"><\/video><\/figure>\n\n\n\n<p>Au refuge de l&#8217;espoir, en f\u00e9vrier 2023, Pauline 25ans et Tahina 17ans membres b\u00e9n\u00e9voles chanteuses <\/p>\n\n\n\n<p><strong>Extrait de la chanson &#8221; Savoir aimer ..les animaux des refuges&#8221;<\/strong>  <a href=\"https:\/\/darwinforever.com\/index.php\/st-valentin-des-animaux-abandonnes\/\">https:\/\/darwinforever.com\/index.php\/st-valentin-des-animaux-abandonnes\/<\/a><\/p>\n","protected":false},"excerpt":{"rendered":"<p>Mix And Light est notre partenaire &#8220;Musique&#8221; au sein de Darwin Forever, notre association anim\u00e9e par des jeunes, d\u00e9vou\u00e9e \u00e0 la protection des animaux et de leurs environnements. Nous sommes<\/p><\/div>\n<div class=\"blog-btn\"><a href=\"https:\/\/darwinforever.com\/index.php\/mix-and-light-notre-partenaire-musique\/\" class=\"home-blog-btn\">Lire la suite<\/a><\/p>\n","protected":false},"author":5,"featured_media":0,"parent":0,"menu_order":0,"comment_status":"closed","ping_status":"closed","template":"","meta":{"_bbp_topic_count":0,"_bbp_reply_count":0,"_bbp_total_topic_count":0,"_bbp_total_reply_count":0,"_bbp_voice_count":0,"_bbp_anonymous_reply_count":0,"_bbp_topic_count_hidden":0,"_bbp_reply_count_hidden":0,"_bbp_forum_subforum_count":0,"jetpack_post_was_ever_published":false,"footnotes":""},"class_list":["post-4463","page","type-page","status-publish","hentry"],"yoast_head":"<!-- This site is optimized with the Yoast SEO plugin v27.4 - https:\/\/yoast.com\/product\/yoast-seo-wordpress\/ -->\n<title>Mix And Light, notre partenaire &quot;Musique&quot; - Darwin Forever<\/title>\n<meta name=\"robots\" content=\"index, follow, max-snippet:-1, max-image-preview:large, max-video-preview:-1\" \/>\n<link rel=\"canonical\" href=\"https:\/\/darwinforever.com\/index.php\/mix-and-light-notre-partenaire-musique\/\" \/>\n<meta property=\"og:locale\" content=\"fr_FR\" \/>\n<meta property=\"og:type\" content=\"article\" \/>\n<meta property=\"og:title\" content=\"Mix And Light, notre partenaire &quot;Musique&quot; - Darwin Forever\" \/>\n<meta property=\"og:description\" content=\"Mix And Light est notre partenaire &#8220;Musique&#8221; au sein de Darwin Forever, notre association anim\u00e9e par des jeunes, d\u00e9vou\u00e9e \u00e0 la protection des animaux et de leurs environnements. Nous sommesLire la suite\" \/>\n<meta property=\"og:url\" content=\"https:\/\/darwinforever.com\/index.php\/mix-and-light-notre-partenaire-musique\/\" \/>\n<meta property=\"og:site_name\" content=\"Darwin Forever\" \/>\n<meta property=\"article:publisher\" content=\"https:\/\/www.facebook.com\/darwinforever06\/\" \/>\n<meta property=\"article:modified_time\" content=\"2024-01-19T20:10:02+00:00\" \/>\n<meta property=\"og:image\" content=\"https:\/\/darwinforever.com\/wp-content\/uploads\/2024\/01\/Mix-and-Light.jpg\" \/>\n<meta name=\"twitter:card\" content=\"summary_large_image\" \/>\n<meta name=\"twitter:label1\" content=\"Dur\u00e9e de lecture estim\u00e9e\" \/>\n\t<meta name=\"twitter:data1\" content=\"2 minutes\" \/>\n<script type=\"application\/ld+json\" class=\"yoast-schema-graph\">{\"@context\":\"https:\\\/\\\/schema.org\",\"@graph\":[{\"@type\":\"WebPage\",\"@id\":\"https:\\\/\\\/darwinforever.com\\\/index.php\\\/mix-and-light-notre-partenaire-musique\\\/\",\"url\":\"https:\\\/\\\/darwinforever.com\\\/index.php\\\/mix-and-light-notre-partenaire-musique\\\/\",\"name\":\"Mix And Light, notre partenaire \\\"Musique\\\" - Darwin Forever\",\"isPartOf\":{\"@id\":\"https:\\\/\\\/darwinforever.com\\\/#website\"},\"primaryImageOfPage\":{\"@id\":\"https:\\\/\\\/darwinforever.com\\\/index.php\\\/mix-and-light-notre-partenaire-musique\\\/#primaryimage\"},\"image\":{\"@id\":\"https:\\\/\\\/darwinforever.com\\\/index.php\\\/mix-and-light-notre-partenaire-musique\\\/#primaryimage\"},\"thumbnailUrl\":\"https:\\\/\\\/darwinforever.com\\\/wp-content\\\/uploads\\\/2024\\\/01\\\/Mix-and-Light.jpg\",\"datePublished\":\"2024-01-19T19:46:02+00:00\",\"dateModified\":\"2024-01-19T20:10:02+00:00\",\"breadcrumb\":{\"@id\":\"https:\\\/\\\/darwinforever.com\\\/index.php\\\/mix-and-light-notre-partenaire-musique\\\/#breadcrumb\"},\"inLanguage\":\"fr-FR\",\"potentialAction\":[{\"@type\":\"ReadAction\",\"target\":[\"https:\\\/\\\/darwinforever.com\\\/index.php\\\/mix-and-light-notre-partenaire-musique\\\/\"]}]},{\"@type\":\"ImageObject\",\"inLanguage\":\"fr-FR\",\"@id\":\"https:\\\/\\\/darwinforever.com\\\/index.php\\\/mix-and-light-notre-partenaire-musique\\\/#primaryimage\",\"url\":\"https:\\\/\\\/i0.wp.com\\\/darwinforever.com\\\/wp-content\\\/uploads\\\/2024\\\/01\\\/Mix-and-Light.jpg?fit=587%2C512&ssl=1\",\"contentUrl\":\"https:\\\/\\\/i0.wp.com\\\/darwinforever.com\\\/wp-content\\\/uploads\\\/2024\\\/01\\\/Mix-and-Light.jpg?fit=587%2C512&ssl=1\",\"width\":587,\"height\":512,\"caption\":\". .\"},{\"@type\":\"BreadcrumbList\",\"@id\":\"https:\\\/\\\/darwinforever.com\\\/index.php\\\/mix-and-light-notre-partenaire-musique\\\/#breadcrumb\",\"itemListElement\":[{\"@type\":\"ListItem\",\"position\":1,\"name\":\"Accueil\",\"item\":\"https:\\\/\\\/darwinforever.com\\\/\"},{\"@type\":\"ListItem\",\"position\":2,\"name\":\"Mix And Light, notre partenaire &#8220;Musique&#8221;\"}]},{\"@type\":\"WebSite\",\"@id\":\"https:\\\/\\\/darwinforever.com\\\/#website\",\"url\":\"https:\\\/\\\/darwinforever.com\\\/\",\"name\":\"Darwin Forever\",\"description\":\"Communaut\u00e9 de Jeunes Engag\u00e9s en faveur des Animaux et de leur Environnement\",\"publisher\":{\"@id\":\"https:\\\/\\\/darwinforever.com\\\/#organization\"},\"potentialAction\":[{\"@type\":\"SearchAction\",\"target\":{\"@type\":\"EntryPoint\",\"urlTemplate\":\"https:\\\/\\\/darwinforever.com\\\/?s={search_term_string}\"},\"query-input\":{\"@type\":\"PropertyValueSpecification\",\"valueRequired\":true,\"valueName\":\"search_term_string\"}}],\"inLanguage\":\"fr-FR\"},{\"@type\":\"Organization\",\"@id\":\"https:\\\/\\\/darwinforever.com\\\/#organization\",\"name\":\"Darwin Forever\",\"url\":\"https:\\\/\\\/darwinforever.com\\\/\",\"logo\":{\"@type\":\"ImageObject\",\"inLanguage\":\"fr-FR\",\"@id\":\"https:\\\/\\\/darwinforever.com\\\/#\\\/schema\\\/logo\\\/image\\\/\",\"url\":\"https:\\\/\\\/i0.wp.com\\\/darwinforever.com\\\/wp-content\\\/uploads\\\/2020\\\/11\\\/cropped-cropped-Logo-Darwin-Forever-scaled-1.jpg?fit=210%2C184&ssl=1\",\"contentUrl\":\"https:\\\/\\\/i0.wp.com\\\/darwinforever.com\\\/wp-content\\\/uploads\\\/2020\\\/11\\\/cropped-cropped-Logo-Darwin-Forever-scaled-1.jpg?fit=210%2C184&ssl=1\",\"width\":210,\"height\":184,\"caption\":\"Darwin Forever\"},\"image\":{\"@id\":\"https:\\\/\\\/darwinforever.com\\\/#\\\/schema\\\/logo\\\/image\\\/\"},\"sameAs\":[\"https:\\\/\\\/www.facebook.com\\\/darwinforever06\\\/\",\"https:\\\/\\\/www.youtube.com\\\/channel\\\/UC0zCalAVmu2K_Xj4BMlfciA\"]}]}<\/script>\n<!-- \/ Yoast SEO plugin. -->","yoast_head_json":{"title":"Mix And Light, notre partenaire \"Musique\" - Darwin Forever","robots":{"index":"index","follow":"follow","max-snippet":"max-snippet:-1","max-image-preview":"max-image-preview:large","max-video-preview":"max-video-preview:-1"},"canonical":"https:\/\/darwinforever.com\/index.php\/mix-and-light-notre-partenaire-musique\/","og_locale":"fr_FR","og_type":"article","og_title":"Mix And Light, notre partenaire \"Musique\" - Darwin Forever","og_description":"Mix And Light est notre partenaire &#8220;Musique&#8221; au sein de Darwin Forever, notre association anim\u00e9e par des jeunes, d\u00e9vou\u00e9e \u00e0 la protection des animaux et de leurs environnements. Nous sommesLire la suite","og_url":"https:\/\/darwinforever.com\/index.php\/mix-and-light-notre-partenaire-musique\/","og_site_name":"Darwin Forever","article_publisher":"https:\/\/www.facebook.com\/darwinforever06\/","article_modified_time":"2024-01-19T20:10:02+00:00","og_image":[{"url":"https:\/\/darwinforever.com\/wp-content\/uploads\/2024\/01\/Mix-and-Light.jpg","type":"","width":"","height":""}],"twitter_card":"summary_large_image","twitter_misc":{"Dur\u00e9e de lecture estim\u00e9e":"2 minutes"},"schema":{"@context":"https:\/\/schema.org","@graph":[{"@type":"WebPage","@id":"https:\/\/darwinforever.com\/index.php\/mix-and-light-notre-partenaire-musique\/","url":"https:\/\/darwinforever.com\/index.php\/mix-and-light-notre-partenaire-musique\/","name":"Mix And Light, notre partenaire \"Musique\" - Darwin Forever","isPartOf":{"@id":"https:\/\/darwinforever.com\/#website"},"primaryImageOfPage":{"@id":"https:\/\/darwinforever.com\/index.php\/mix-and-light-notre-partenaire-musique\/#primaryimage"},"image":{"@id":"https:\/\/darwinforever.com\/index.php\/mix-and-light-notre-partenaire-musique\/#primaryimage"},"thumbnailUrl":"https:\/\/darwinforever.com\/wp-content\/uploads\/2024\/01\/Mix-and-Light.jpg","datePublished":"2024-01-19T19:46:02+00:00","dateModified":"2024-01-19T20:10:02+00:00","breadcrumb":{"@id":"https:\/\/darwinforever.com\/index.php\/mix-and-light-notre-partenaire-musique\/#breadcrumb"},"inLanguage":"fr-FR","potentialAction":[{"@type":"ReadAction","target":["https:\/\/darwinforever.com\/index.php\/mix-and-light-notre-partenaire-musique\/"]}]},{"@type":"ImageObject","inLanguage":"fr-FR","@id":"https:\/\/darwinforever.com\/index.php\/mix-and-light-notre-partenaire-musique\/#primaryimage","url":"https:\/\/i0.wp.com\/darwinforever.com\/wp-content\/uploads\/2024\/01\/Mix-and-Light.jpg?fit=587%2C512&ssl=1","contentUrl":"https:\/\/i0.wp.com\/darwinforever.com\/wp-content\/uploads\/2024\/01\/Mix-and-Light.jpg?fit=587%2C512&ssl=1","width":587,"height":512,"caption":". ."},{"@type":"BreadcrumbList","@id":"https:\/\/darwinforever.com\/index.php\/mix-and-light-notre-partenaire-musique\/#breadcrumb","itemListElement":[{"@type":"ListItem","position":1,"name":"Accueil","item":"https:\/\/darwinforever.com\/"},{"@type":"ListItem","position":2,"name":"Mix And Light, notre partenaire &#8220;Musique&#8221;"}]},{"@type":"WebSite","@id":"https:\/\/darwinforever.com\/#website","url":"https:\/\/darwinforever.com\/","name":"Darwin Forever","description":"Communaut\u00e9 de Jeunes Engag\u00e9s en faveur des Animaux et de leur Environnement","publisher":{"@id":"https:\/\/darwinforever.com\/#organization"},"potentialAction":[{"@type":"SearchAction","target":{"@type":"EntryPoint","urlTemplate":"https:\/\/darwinforever.com\/?s={search_term_string}"},"query-input":{"@type":"PropertyValueSpecification","valueRequired":true,"valueName":"search_term_string"}}],"inLanguage":"fr-FR"},{"@type":"Organization","@id":"https:\/\/darwinforever.com\/#organization","name":"Darwin Forever","url":"https:\/\/darwinforever.com\/","logo":{"@type":"ImageObject","inLanguage":"fr-FR","@id":"https:\/\/darwinforever.com\/#\/schema\/logo\/image\/","url":"https:\/\/i0.wp.com\/darwinforever.com\/wp-content\/uploads\/2020\/11\/cropped-cropped-Logo-Darwin-Forever-scaled-1.jpg?fit=210%2C184&ssl=1","contentUrl":"https:\/\/i0.wp.com\/darwinforever.com\/wp-content\/uploads\/2020\/11\/cropped-cropped-Logo-Darwin-Forever-scaled-1.jpg?fit=210%2C184&ssl=1","width":210,"height":184,"caption":"Darwin Forever"},"image":{"@id":"https:\/\/darwinforever.com\/#\/schema\/logo\/image\/"},"sameAs":["https:\/\/www.facebook.com\/darwinforever06\/","https:\/\/www.youtube.com\/channel\/UC0zCalAVmu2K_Xj4BMlfciA"]}]}},"jetpack_sharing_enabled":true,"jetpack_likes_enabled":true,"_links":{"self":[{"href":"https:\/\/darwinforever.com\/index.php\/wp-json\/wp\/v2\/pages\/4463","targetHints":{"allow":["GET"]}}],"collection":[{"href":"https:\/\/darwinforever.com\/index.php\/wp-json\/wp\/v2\/pages"}],"about":[{"href":"https:\/\/darwinforever.com\/index.php\/wp-json\/wp\/v2\/types\/page"}],"author":[{"embeddable":true,"href":"https:\/\/darwinforever.com\/index.php\/wp-json\/wp\/v2\/users\/5"}],"replies":[{"embeddable":true,"href":"https:\/\/darwinforever.com\/index.php\/wp-json\/wp\/v2\/comments?post=4463"}],"version-history":[{"count":2,"href":"https:\/\/darwinforever.com\/index.php\/wp-json\/wp\/v2\/pages\/4463\/revisions"}],"predecessor-version":[{"id":4478,"href":"https:\/\/darwinforever.com\/index.php\/wp-json\/wp\/v2\/pages\/4463\/revisions\/4478"}],"wp:attachment":[{"href":"https:\/\/darwinforever.com\/index.php\/wp-json\/wp\/v2\/media?parent=4463"}],"curies":[{"name":"wp","href":"https:\/\/api.w.org\/{rel}","templated":true}]}}