{"id":4447,"date":"2024-01-18T17:29:17","date_gmt":"2024-01-18T16:29:17","guid":{"rendered":"https:\/\/darwinforever.com\/?page_id=4447"},"modified":"2025-11-16T21:25:48","modified_gmt":"2025-11-16T20:25:48","slug":"carloc-nouveau-partenaire-de-lassociation-darwin-forever","status":"publish","type":"page","link":"https:\/\/darwinforever.com\/index.php\/carloc-nouveau-partenaire-de-lassociation-darwin-forever\/","title":{"rendered":"CARLOC, nouveau partenaire de l&#8217;association Darwin Forever"},"content":{"rendered":"\n<figure class=\"wp-block-image size-full is-resized\"><img data-recalc-dims=\"1\" loading=\"lazy\" decoding=\"async\" width=\"690\" height=\"232\" data-orig-file=\"https:\/\/i0.wp.com\/darwinforever.com\/wp-content\/uploads\/2024\/01\/Logo_Carloc-PNG.png?fit=690%2C232&amp;ssl=1\" data-attachment-url=\"https:\/\/darwinforever.com\/index.php\/carloc-nouveau-partenaire-de-lassociation-darwin-forever\/logo_carloc-png\/\" data-aspectratio=\"2.97\" data-caption=\"\" data-image-title=\"Logo_Carloc-PNG\" data-image-description=\"\" srcset=\"https:\/\/i0.wp.com\/darwinforever.com\/wp-content\/uploads\/2024\/01\/Logo_Carloc-PNG.png?w=690&amp;ssl=1 690w, https:\/\/i0.wp.com\/darwinforever.com\/wp-content\/uploads\/2024\/01\/Logo_Carloc-PNG.png?resize=300%2C101&amp;ssl=1 300w\" src=\"https:\/\/i0.wp.com\/darwinforever.com\/wp-content\/uploads\/2024\/01\/Logo_Carloc-PNG.png?resize=690%2C232&#038;ssl=1\" alt=\". .\" class=\"wp-image-4455\" style=\"width:348px;height:auto\"\/><\/figure>\n\n<script type=\"application\/ld+json\">[\n    {\n        \"@context\": \"https:\/\/schema.org\/\",\n        \"@type\": \"ImageObject\",\n        \"contentUrl\": \"https:\/\/darwinforever.com\/wp-content\/uploads\/2024\/01\/Logo_Carloc-PNG.png\",\n        \"license\": \"\",\n        \"acquireLicensePage\": \"\"\n    }\n]<\/script>\n\n\n<p><strong>Carloc Location<\/strong> s&#8217;engage aux c\u00f4t\u00e9s de notre association port\u00e9e par des jeunes, d\u00e9di\u00e9e \u00e0 la protection des animaux et de leurs environnements. Nous sommes ravis de vous pr\u00e9senter ce partenariat significatif qui englobe <strong>le transport des dons destin\u00e9s aux animaux des refuges<\/strong>, <strong>ainsi que le d\u00e9placement de nos jeunes membres b\u00e9n\u00e9voles<\/strong>. Pour la plupart d&#8217;entre eux, ces visites repr\u00e9sentent une premi\u00e8re confrontation avec la r\u00e9alit\u00e9 des refuges, des abandons, et bien plus encore.<\/p>\n\n\n\n<p>Ce partenariat rev\u00eat une importance capitale pour notre association. En permettant \u00e0 nos jeunes membres b\u00e9n\u00e9voles de d\u00e9couvrir les r\u00e9alit\u00e9s des refuges, des abandons, etc., nous ouvrons la voie \u00e0 une sensibilisation concr\u00e8te. Lorsqu&#8217;un jeune p\u00e9n\u00e8tre dans un refuge et prend conscience de la vie quotidienne des animaux, cette exp\u00e9rience devient transformative. Lorsqu\u2019un jeune offre un petit jouet ou une friandise \u00e0 un chien malheureux, il observe la joie et la gratitude du chien, cr\u00e9ant ainsi une magie indescriptible. Le jeune r\u00e9alise que son action de collecte de dons contribue concr\u00e8tement au bonheur de ces chiens et chats malheureux, g\u00e9n\u00e9rant ainsi un cercle vertueux. C&#8217;est une boucle positive o\u00f9 chaque geste compte \ud83c\udf1f\ud83d\ude0a.<\/p>\n\n\n\n<p>Nous exprimons notre sinc\u00e8re gratitude \u00e0 notre partenaire <strong>Carloc Location<\/strong> pour sa contribution pr\u00e9cieuse \u00e0 ce cercle vertueux.<\/p>\n\n\n\n<p>Virginie, Pr\u00e9sidente de Darwin Forever<\/p>\n\n\n\n<h4 class=\"wp-block-heading has-text-align-center\">1\u00e8re op\u00e9ration avec notre partenaire Carloc, ce samedi 20 janvier, retrouvez nous sur les r\u00e9seaux sociaux <\/h4>\n\n\n\n<p>communication de CARLOC  : <\/p>\n\n\n\n<p>[SAVE THE DATE] \ud83d\udce2\ud83d\udea8 Carloc x Darwin Forever<\/p>\n\n\n\n<p>Ce Samedi 20 Janvier 2024, Carloc soutient l&#8217;association @darwinforever_ lors de leur op\u00e9ration de collecte de dons pour les animaux abandonn\u00e9s.<\/p>\n\n\n\n<p>Leur d\u00e9part se fera \u00e0 l&#8217;agence Carloc Grasse (06) , o\u00f9 un de nos v\u00e9hicules les attend, avant de faire une escale au magasin VillaVerde Antibes @villaverde_antibes puis ils d\u00e9poseront les dons aux animaux du refuge de Cabries. (13)<\/p>\n\n\n\n<p>Leur aventure sera suivie et diffus\u00e9e sur France 3 \ud83c\udfa5<\/p>\n\n\n\n<p>Darwin Forever est une association de protection des animaux et de leurs environnements, port\u00e9e par des jeunes de 5 \u00e0 25 ans ! \ud83d\udcaa\ud83d\udc36\ud83d\udc31<\/p>\n\n\n\n<p>&#8220;Prix des jeunes h\u00e9ros des animaux&#8221; de PETA, invitation au Parlement Europ\u00e9en en octobre 2023, sensibilisation dans les \u00e9coles, SESSAD et centres-a\u00e9r\u00e9s ou encore chroniques dans les m\u00e9dias, les jeunes b\u00e9n\u00e9voles de @darwinforever_ se mobilisent et s&#8217;investissent afin d&#8217;am\u00e9liorer la vie des animaux \u2764\ufe0f Bravo \u00e0 l&#8217;\u00e9quipe de Darwin Forever \ud83d\udcaa\ud83d\udc36\ud83d\udc31<\/p>\n\n\n\n<p>Carloc partenaire de votre mobilit\u00e9 depuis plus de 20 ans \ud83d\ude97\ud83d\udc36<\/p>\n\n\n\n<p>Darwin Forever<\/p>\n\n\n\n<p><a href=\"http:\/\/www.darwinforever.com\">www.darwinforever.com<\/a><\/p>\n\n\n\n<figure class=\"wp-block-image size-large\"><img data-recalc-dims=\"1\" loading=\"lazy\" decoding=\"async\" width=\"696\" height=\"734\" data-orig-file=\"https:\/\/i0.wp.com\/darwinforever.com\/wp-content\/uploads\/2024\/01\/IMG_5093-scaled.jpg?fit=2428%2C2560&amp;ssl=1\" data-attachment-url=\"https:\/\/darwinforever.com\/index.php\/carloc-nouveau-partenaire-de-lassociation-darwin-forever\/img_5093\/\" data-aspectratio=\"0.95\" data-caption=\"\" data-image-title=\"IMG_5093\" data-image-description=\"\" srcset=\"https:\/\/i0.wp.com\/darwinforever.com\/wp-content\/uploads\/2024\/01\/IMG_5093-scaled.jpg?w=2428&amp;ssl=1 2428w, https:\/\/i0.wp.com\/darwinforever.com\/wp-content\/uploads\/2024\/01\/IMG_5093-scaled.jpg?resize=284%2C300&amp;ssl=1 284w, https:\/\/i0.wp.com\/darwinforever.com\/wp-content\/uploads\/2024\/01\/IMG_5093-scaled.jpg?resize=971%2C1024&amp;ssl=1 971w, https:\/\/i0.wp.com\/darwinforever.com\/wp-content\/uploads\/2024\/01\/IMG_5093-scaled.jpg?resize=768%2C810&amp;ssl=1 768w, https:\/\/i0.wp.com\/darwinforever.com\/wp-content\/uploads\/2024\/01\/IMG_5093-scaled.jpg?resize=1457%2C1536&amp;ssl=1 1457w, https:\/\/i0.wp.com\/darwinforever.com\/wp-content\/uploads\/2024\/01\/IMG_5093-scaled.jpg?resize=1942%2C2048&amp;ssl=1 1942w, https:\/\/i0.wp.com\/darwinforever.com\/wp-content\/uploads\/2024\/01\/IMG_5093-scaled.jpg?w=1392&amp;ssl=1 1392w, https:\/\/i0.wp.com\/darwinforever.com\/wp-content\/uploads\/2024\/01\/IMG_5093-scaled.jpg?w=2088&amp;ssl=1 2088w\" src=\"https:\/\/i0.wp.com\/darwinforever.com\/wp-content\/uploads\/2024\/01\/IMG_5093.jpg?resize=696%2C734&#038;ssl=1\" alt=\". .\" class=\"wp-image-4450\"\/><\/figure>\n\n<script type=\"application\/ld+json\">[\n    {\n        \"@context\": \"https:\/\/schema.org\/\",\n        \"@type\": \"ImageObject\",\n        \"contentUrl\": \"https:\/\/darwinforever.com\/wp-content\/uploads\/2024\/01\/IMG_5093-scaled.jpg\",\n        \"license\": \"\",\n        \"acquireLicensePage\": \"\"\n    }\n]<\/script>\n\n\n<figure class=\"wp-block-image size-large\"><img data-recalc-dims=\"1\" loading=\"lazy\" decoding=\"async\" width=\"696\" height=\"928\" data-orig-file=\"https:\/\/i0.wp.com\/darwinforever.com\/wp-content\/uploads\/2024\/01\/IMG_5090-scaled.jpg?fit=1920%2C2560&amp;ssl=1\" data-attachment-url=\"https:\/\/darwinforever.com\/index.php\/carloc-nouveau-partenaire-de-lassociation-darwin-forever\/img_5090\/\" data-aspectratio=\"0.75\" data-caption=\"\" data-image-title=\"IMG_5090\" data-image-description=\"\" srcset=\"https:\/\/i0.wp.com\/darwinforever.com\/wp-content\/uploads\/2024\/01\/IMG_5090-scaled.jpg?w=1920&amp;ssl=1 1920w, https:\/\/i0.wp.com\/darwinforever.com\/wp-content\/uploads\/2024\/01\/IMG_5090-scaled.jpg?resize=225%2C300&amp;ssl=1 225w, https:\/\/i0.wp.com\/darwinforever.com\/wp-content\/uploads\/2024\/01\/IMG_5090-scaled.jpg?resize=768%2C1024&amp;ssl=1 768w, https:\/\/i0.wp.com\/darwinforever.com\/wp-content\/uploads\/2024\/01\/IMG_5090-scaled.jpg?resize=1152%2C1536&amp;ssl=1 1152w, https:\/\/i0.wp.com\/darwinforever.com\/wp-content\/uploads\/2024\/01\/IMG_5090-scaled.jpg?resize=1536%2C2048&amp;ssl=1 1536w, https:\/\/i0.wp.com\/darwinforever.com\/wp-content\/uploads\/2024\/01\/IMG_5090-scaled.jpg?w=1392&amp;ssl=1 1392w\" src=\"https:\/\/i0.wp.com\/darwinforever.com\/wp-content\/uploads\/2024\/01\/IMG_5090.jpg?resize=696%2C928&#038;ssl=1\" alt=\". .\" class=\"wp-image-4451\"\/><\/figure>\n\n<script type=\"application\/ld+json\">[\n    {\n        \"@context\": \"https:\/\/schema.org\/\",\n        \"@type\": \"ImageObject\",\n        \"contentUrl\": \"https:\/\/darwinforever.com\/wp-content\/uploads\/2024\/01\/IMG_5090-scaled.jpg\",\n        \"license\": \"\",\n        \"acquireLicensePage\": \"\"\n    }\n]<\/script>\n\n\n<figure class=\"wp-block-gallery has-nested-images columns-default is-cropped wp-block-gallery-1 is-layout-flex wp-block-gallery-is-layout-flex\">\n<figure class=\"wp-block-image size-large\"><img data-recalc-dims=\"1\" loading=\"lazy\" decoding=\"async\" width=\"696\" height=\"928\" data-orig-file=\"https:\/\/i0.wp.com\/darwinforever.com\/wp-content\/uploads\/2024\/01\/IMG_5088-scaled.jpg?fit=1920%2C2560&amp;ssl=1\" data-attachment-url=\"https:\/\/darwinforever.com\/index.php\/carloc-nouveau-partenaire-de-lassociation-darwin-forever\/img_5088\/\" data-aspectratio=\"0.75\" data-caption=\"\" data-image-title=\"IMG_5088\" data-image-description=\"\" srcset=\"https:\/\/i0.wp.com\/darwinforever.com\/wp-content\/uploads\/2024\/01\/IMG_5088-scaled.jpg?w=1920&amp;ssl=1 1920w, https:\/\/i0.wp.com\/darwinforever.com\/wp-content\/uploads\/2024\/01\/IMG_5088-scaled.jpg?resize=225%2C300&amp;ssl=1 225w, https:\/\/i0.wp.com\/darwinforever.com\/wp-content\/uploads\/2024\/01\/IMG_5088-scaled.jpg?resize=768%2C1024&amp;ssl=1 768w, https:\/\/i0.wp.com\/darwinforever.com\/wp-content\/uploads\/2024\/01\/IMG_5088-scaled.jpg?resize=1152%2C1536&amp;ssl=1 1152w, https:\/\/i0.wp.com\/darwinforever.com\/wp-content\/uploads\/2024\/01\/IMG_5088-scaled.jpg?resize=1536%2C2048&amp;ssl=1 1536w, https:\/\/i0.wp.com\/darwinforever.com\/wp-content\/uploads\/2024\/01\/IMG_5088-scaled.jpg?w=1392&amp;ssl=1 1392w\" data-id=\"4448\" src=\"https:\/\/i0.wp.com\/darwinforever.com\/wp-content\/uploads\/2024\/01\/IMG_5088.jpg?resize=696%2C928&#038;ssl=1\" alt=\". .\" class=\"wp-image-4448\"\/><\/figure>\n\n<script type=\"application\/ld+json\">[\n    {\n        \"@context\": \"https:\/\/schema.org\/\",\n        \"@type\": \"ImageObject\",\n        \"contentUrl\": \"https:\/\/darwinforever.com\/wp-content\/uploads\/2024\/01\/IMG_5088-scaled.jpg\",\n        \"license\": \"\",\n        \"acquireLicensePage\": \"\"\n    }\n]<\/script><\/figure>\n\n\n\n<figure class=\"wp-block-video\"><video height=\"848\" style=\"aspect-ratio: 480 \/ 848;\" width=\"480\" controls src=\"https:\/\/darwinforever.com\/wp-content\/uploads\/2025\/11\/WhatsApp-Video-2025-11-16-a-21.17.10_f056f626.mp4\"><\/video><\/figure>\n\n\n\n<figure class=\"wp-block-image size-large\"><img data-recalc-dims=\"1\" loading=\"lazy\" decoding=\"async\" width=\"696\" height=\"696\" data-orig-file=\"https:\/\/i0.wp.com\/darwinforever.com\/wp-content\/uploads\/2024\/01\/10.jpg?fit=1080%2C1080&amp;ssl=1\" data-attachment-url=\"https:\/\/darwinforever.com\/index.php\/carloc-nouveau-partenaire-de-lassociation-darwin-forever\/attachment\/10\/\" data-aspectratio=\"1\" data-caption=\"\" data-image-title=\"10\" data-image-description=\"\" srcset=\"https:\/\/i0.wp.com\/darwinforever.com\/wp-content\/uploads\/2024\/01\/10.jpg?w=1080&amp;ssl=1 1080w, https:\/\/i0.wp.com\/darwinforever.com\/wp-content\/uploads\/2024\/01\/10.jpg?resize=300%2C300&amp;ssl=1 300w, https:\/\/i0.wp.com\/darwinforever.com\/wp-content\/uploads\/2024\/01\/10.jpg?resize=1024%2C1024&amp;ssl=1 1024w, https:\/\/i0.wp.com\/darwinforever.com\/wp-content\/uploads\/2024\/01\/10.jpg?resize=150%2C150&amp;ssl=1 150w, https:\/\/i0.wp.com\/darwinforever.com\/wp-content\/uploads\/2024\/01\/10.jpg?resize=768%2C768&amp;ssl=1 768w, https:\/\/i0.wp.com\/darwinforever.com\/wp-content\/uploads\/2024\/01\/10.jpg?resize=400%2C400&amp;ssl=1 400w\" src=\"https:\/\/i0.wp.com\/darwinforever.com\/wp-content\/uploads\/2024\/01\/10.jpg?resize=696%2C696&#038;ssl=1\" alt=\". .\" class=\"wp-image-4453\"\/><\/figure>\n\n<script type=\"application\/ld+json\">[\n    {\n        \"@context\": \"https:\/\/schema.org\/\",\n        \"@type\": \"ImageObject\",\n        \"contentUrl\": \"https:\/\/darwinforever.com\/wp-content\/uploads\/2024\/01\/10.jpg\",\n        \"license\": \"\",\n        \"acquireLicensePage\": \"\"\n    }\n]<\/script>\n\n\n<figure class=\"wp-block-image size-large\"><img data-recalc-dims=\"1\" loading=\"lazy\" decoding=\"async\" width=\"696\" height=\"696\" data-orig-file=\"https:\/\/i0.wp.com\/darwinforever.com\/wp-content\/uploads\/2024\/01\/BMW-Serie-3-ph.jpg?fit=1080%2C1080&amp;ssl=1\" data-attachment-url=\"https:\/\/darwinforever.com\/index.php\/carloc-nouveau-partenaire-de-lassociation-darwin-forever\/bmw-serie-3-ph\/\" data-aspectratio=\"1\" data-caption=\"\" data-image-title=\"BMW-Serie-3-ph\" data-image-description=\"\" srcset=\"https:\/\/i0.wp.com\/darwinforever.com\/wp-content\/uploads\/2024\/01\/BMW-Serie-3-ph.jpg?w=1080&amp;ssl=1 1080w, https:\/\/i0.wp.com\/darwinforever.com\/wp-content\/uploads\/2024\/01\/BMW-Serie-3-ph.jpg?resize=300%2C300&amp;ssl=1 300w, https:\/\/i0.wp.com\/darwinforever.com\/wp-content\/uploads\/2024\/01\/BMW-Serie-3-ph.jpg?resize=1024%2C1024&amp;ssl=1 1024w, https:\/\/i0.wp.com\/darwinforever.com\/wp-content\/uploads\/2024\/01\/BMW-Serie-3-ph.jpg?resize=150%2C150&amp;ssl=1 150w, https:\/\/i0.wp.com\/darwinforever.com\/wp-content\/uploads\/2024\/01\/BMW-Serie-3-ph.jpg?resize=768%2C768&amp;ssl=1 768w, https:\/\/i0.wp.com\/darwinforever.com\/wp-content\/uploads\/2024\/01\/BMW-Serie-3-ph.jpg?resize=400%2C400&amp;ssl=1 400w\" src=\"https:\/\/i0.wp.com\/darwinforever.com\/wp-content\/uploads\/2024\/01\/BMW-Serie-3-ph.jpg?resize=696%2C696&#038;ssl=1\" alt=\". .\" class=\"wp-image-4454\"\/><\/figure>\n\n<script type=\"application\/ld+json\">[\n    {\n        \"@context\": \"https:\/\/schema.org\/\",\n        \"@type\": \"ImageObject\",\n        \"contentUrl\": \"https:\/\/darwinforever.com\/wp-content\/uploads\/2024\/01\/BMW-Serie-3-ph.jpg\",\n        \"license\": \"\",\n        \"acquireLicensePage\": \"\"\n    }\n]<\/script>","protected":false},"excerpt":{"rendered":"<p>Carloc Location s&#8217;engage aux c\u00f4t\u00e9s de notre association port\u00e9e par des jeunes, d\u00e9di\u00e9e \u00e0 la protection des animaux et de leurs environnements. Nous sommes ravis de vous pr\u00e9senter ce partenariat<\/p><\/div>\n<div class=\"blog-btn\"><a href=\"https:\/\/darwinforever.com\/index.php\/carloc-nouveau-partenaire-de-lassociation-darwin-forever\/\" class=\"home-blog-btn\">Lire la suite<\/a><\/p>\n","protected":false},"author":5,"featured_media":0,"parent":0,"menu_order":0,"comment_status":"closed","ping_status":"closed","template":"","meta":{"_bbp_topic_count":0,"_bbp_reply_count":0,"_bbp_total_topic_count":0,"_bbp_total_reply_count":0,"_bbp_voice_count":0,"_bbp_anonymous_reply_count":0,"_bbp_topic_count_hidden":0,"_bbp_reply_count_hidden":0,"_bbp_forum_subforum_count":0,"jetpack_post_was_ever_published":false,"footnotes":""},"class_list":["post-4447","page","type-page","status-publish","hentry"],"yoast_head":"<!-- This site is optimized with the Yoast SEO plugin v27.4 - https:\/\/yoast.com\/product\/yoast-seo-wordpress\/ -->\n<title>CARLOC, nouveau partenaire de l&#039;association Darwin Forever - Darwin Forever<\/title>\n<meta name=\"robots\" content=\"index, follow, max-snippet:-1, max-image-preview:large, max-video-preview:-1\" \/>\n<link rel=\"canonical\" href=\"https:\/\/darwinforever.com\/index.php\/carloc-nouveau-partenaire-de-lassociation-darwin-forever\/\" \/>\n<meta property=\"og:locale\" content=\"fr_FR\" \/>\n<meta property=\"og:type\" content=\"article\" \/>\n<meta property=\"og:title\" content=\"CARLOC, nouveau partenaire de l&#039;association Darwin Forever - Darwin Forever\" \/>\n<meta property=\"og:description\" content=\"Carloc Location s&#8217;engage aux c\u00f4t\u00e9s de notre association port\u00e9e par des jeunes, d\u00e9di\u00e9e \u00e0 la protection des animaux et de leurs environnements. Nous sommes ravis de vous pr\u00e9senter ce partenariatLire la suite\" \/>\n<meta property=\"og:url\" content=\"https:\/\/darwinforever.com\/index.php\/carloc-nouveau-partenaire-de-lassociation-darwin-forever\/\" \/>\n<meta property=\"og:site_name\" content=\"Darwin Forever\" \/>\n<meta property=\"article:publisher\" content=\"https:\/\/www.facebook.com\/darwinforever06\/\" \/>\n<meta property=\"article:modified_time\" content=\"2025-11-16T20:25:48+00:00\" \/>\n<meta property=\"og:image\" content=\"https:\/\/darwinforever.com\/wp-content\/uploads\/2024\/01\/Logo_Carloc-PNG.png\" \/>\n<meta name=\"twitter:card\" content=\"summary_large_image\" \/>\n<meta name=\"twitter:label1\" content=\"Dur\u00e9e de lecture estim\u00e9e\" \/>\n\t<meta name=\"twitter:data1\" content=\"4 minutes\" \/>\n<script type=\"application\/ld+json\" class=\"yoast-schema-graph\">{\"@context\":\"https:\\\/\\\/schema.org\",\"@graph\":[{\"@type\":\"WebPage\",\"@id\":\"https:\\\/\\\/darwinforever.com\\\/index.php\\\/carloc-nouveau-partenaire-de-lassociation-darwin-forever\\\/\",\"url\":\"https:\\\/\\\/darwinforever.com\\\/index.php\\\/carloc-nouveau-partenaire-de-lassociation-darwin-forever\\\/\",\"name\":\"CARLOC, nouveau partenaire de l'association Darwin Forever - Darwin Forever\",\"isPartOf\":{\"@id\":\"https:\\\/\\\/darwinforever.com\\\/#website\"},\"primaryImageOfPage\":{\"@id\":\"https:\\\/\\\/darwinforever.com\\\/index.php\\\/carloc-nouveau-partenaire-de-lassociation-darwin-forever\\\/#primaryimage\"},\"image\":{\"@id\":\"https:\\\/\\\/darwinforever.com\\\/index.php\\\/carloc-nouveau-partenaire-de-lassociation-darwin-forever\\\/#primaryimage\"},\"thumbnailUrl\":\"https:\\\/\\\/darwinforever.com\\\/wp-content\\\/uploads\\\/2024\\\/01\\\/Logo_Carloc-PNG.png\",\"datePublished\":\"2024-01-18T16:29:17+00:00\",\"dateModified\":\"2025-11-16T20:25:48+00:00\",\"breadcrumb\":{\"@id\":\"https:\\\/\\\/darwinforever.com\\\/index.php\\\/carloc-nouveau-partenaire-de-lassociation-darwin-forever\\\/#breadcrumb\"},\"inLanguage\":\"fr-FR\",\"potentialAction\":[{\"@type\":\"ReadAction\",\"target\":[\"https:\\\/\\\/darwinforever.com\\\/index.php\\\/carloc-nouveau-partenaire-de-lassociation-darwin-forever\\\/\"]}]},{\"@type\":\"ImageObject\",\"inLanguage\":\"fr-FR\",\"@id\":\"https:\\\/\\\/darwinforever.com\\\/index.php\\\/carloc-nouveau-partenaire-de-lassociation-darwin-forever\\\/#primaryimage\",\"url\":\"https:\\\/\\\/i0.wp.com\\\/darwinforever.com\\\/wp-content\\\/uploads\\\/2024\\\/01\\\/Logo_Carloc-PNG.png?fit=690%2C232&ssl=1\",\"contentUrl\":\"https:\\\/\\\/i0.wp.com\\\/darwinforever.com\\\/wp-content\\\/uploads\\\/2024\\\/01\\\/Logo_Carloc-PNG.png?fit=690%2C232&ssl=1\",\"width\":690,\"height\":232,\"caption\":\". .\"},{\"@type\":\"BreadcrumbList\",\"@id\":\"https:\\\/\\\/darwinforever.com\\\/index.php\\\/carloc-nouveau-partenaire-de-lassociation-darwin-forever\\\/#breadcrumb\",\"itemListElement\":[{\"@type\":\"ListItem\",\"position\":1,\"name\":\"Accueil\",\"item\":\"https:\\\/\\\/darwinforever.com\\\/\"},{\"@type\":\"ListItem\",\"position\":2,\"name\":\"CARLOC, nouveau partenaire de l&#8217;association Darwin Forever\"}]},{\"@type\":\"WebSite\",\"@id\":\"https:\\\/\\\/darwinforever.com\\\/#website\",\"url\":\"https:\\\/\\\/darwinforever.com\\\/\",\"name\":\"Darwin Forever\",\"description\":\"Communaut\u00e9 de Jeunes Engag\u00e9s en faveur des Animaux et de leur Environnement\",\"publisher\":{\"@id\":\"https:\\\/\\\/darwinforever.com\\\/#organization\"},\"potentialAction\":[{\"@type\":\"SearchAction\",\"target\":{\"@type\":\"EntryPoint\",\"urlTemplate\":\"https:\\\/\\\/darwinforever.com\\\/?s={search_term_string}\"},\"query-input\":{\"@type\":\"PropertyValueSpecification\",\"valueRequired\":true,\"valueName\":\"search_term_string\"}}],\"inLanguage\":\"fr-FR\"},{\"@type\":\"Organization\",\"@id\":\"https:\\\/\\\/darwinforever.com\\\/#organization\",\"name\":\"Darwin Forever\",\"url\":\"https:\\\/\\\/darwinforever.com\\\/\",\"logo\":{\"@type\":\"ImageObject\",\"inLanguage\":\"fr-FR\",\"@id\":\"https:\\\/\\\/darwinforever.com\\\/#\\\/schema\\\/logo\\\/image\\\/\",\"url\":\"https:\\\/\\\/i0.wp.com\\\/darwinforever.com\\\/wp-content\\\/uploads\\\/2020\\\/11\\\/cropped-cropped-Logo-Darwin-Forever-scaled-1.jpg?fit=210%2C184&ssl=1\",\"contentUrl\":\"https:\\\/\\\/i0.wp.com\\\/darwinforever.com\\\/wp-content\\\/uploads\\\/2020\\\/11\\\/cropped-cropped-Logo-Darwin-Forever-scaled-1.jpg?fit=210%2C184&ssl=1\",\"width\":210,\"height\":184,\"caption\":\"Darwin Forever\"},\"image\":{\"@id\":\"https:\\\/\\\/darwinforever.com\\\/#\\\/schema\\\/logo\\\/image\\\/\"},\"sameAs\":[\"https:\\\/\\\/www.facebook.com\\\/darwinforever06\\\/\",\"https:\\\/\\\/www.youtube.com\\\/channel\\\/UC0zCalAVmu2K_Xj4BMlfciA\"]}]}<\/script>\n<!-- \/ Yoast SEO plugin. -->","yoast_head_json":{"title":"CARLOC, nouveau partenaire de l'association Darwin Forever - Darwin Forever","robots":{"index":"index","follow":"follow","max-snippet":"max-snippet:-1","max-image-preview":"max-image-preview:large","max-video-preview":"max-video-preview:-1"},"canonical":"https:\/\/darwinforever.com\/index.php\/carloc-nouveau-partenaire-de-lassociation-darwin-forever\/","og_locale":"fr_FR","og_type":"article","og_title":"CARLOC, nouveau partenaire de l'association Darwin Forever - Darwin Forever","og_description":"Carloc Location s&#8217;engage aux c\u00f4t\u00e9s de notre association port\u00e9e par des jeunes, d\u00e9di\u00e9e \u00e0 la protection des animaux et de leurs environnements. Nous sommes ravis de vous pr\u00e9senter ce partenariatLire la suite","og_url":"https:\/\/darwinforever.com\/index.php\/carloc-nouveau-partenaire-de-lassociation-darwin-forever\/","og_site_name":"Darwin Forever","article_publisher":"https:\/\/www.facebook.com\/darwinforever06\/","article_modified_time":"2025-11-16T20:25:48+00:00","og_image":[{"url":"https:\/\/darwinforever.com\/wp-content\/uploads\/2024\/01\/Logo_Carloc-PNG.png","type":"","width":"","height":""}],"twitter_card":"summary_large_image","twitter_misc":{"Dur\u00e9e de lecture estim\u00e9e":"4 minutes"},"schema":{"@context":"https:\/\/schema.org","@graph":[{"@type":"WebPage","@id":"https:\/\/darwinforever.com\/index.php\/carloc-nouveau-partenaire-de-lassociation-darwin-forever\/","url":"https:\/\/darwinforever.com\/index.php\/carloc-nouveau-partenaire-de-lassociation-darwin-forever\/","name":"CARLOC, nouveau partenaire de l'association Darwin Forever - Darwin Forever","isPartOf":{"@id":"https:\/\/darwinforever.com\/#website"},"primaryImageOfPage":{"@id":"https:\/\/darwinforever.com\/index.php\/carloc-nouveau-partenaire-de-lassociation-darwin-forever\/#primaryimage"},"image":{"@id":"https:\/\/darwinforever.com\/index.php\/carloc-nouveau-partenaire-de-lassociation-darwin-forever\/#primaryimage"},"thumbnailUrl":"https:\/\/darwinforever.com\/wp-content\/uploads\/2024\/01\/Logo_Carloc-PNG.png","datePublished":"2024-01-18T16:29:17+00:00","dateModified":"2025-11-16T20:25:48+00:00","breadcrumb":{"@id":"https:\/\/darwinforever.com\/index.php\/carloc-nouveau-partenaire-de-lassociation-darwin-forever\/#breadcrumb"},"inLanguage":"fr-FR","potentialAction":[{"@type":"ReadAction","target":["https:\/\/darwinforever.com\/index.php\/carloc-nouveau-partenaire-de-lassociation-darwin-forever\/"]}]},{"@type":"ImageObject","inLanguage":"fr-FR","@id":"https:\/\/darwinforever.com\/index.php\/carloc-nouveau-partenaire-de-lassociation-darwin-forever\/#primaryimage","url":"https:\/\/i0.wp.com\/darwinforever.com\/wp-content\/uploads\/2024\/01\/Logo_Carloc-PNG.png?fit=690%2C232&ssl=1","contentUrl":"https:\/\/i0.wp.com\/darwinforever.com\/wp-content\/uploads\/2024\/01\/Logo_Carloc-PNG.png?fit=690%2C232&ssl=1","width":690,"height":232,"caption":". ."},{"@type":"BreadcrumbList","@id":"https:\/\/darwinforever.com\/index.php\/carloc-nouveau-partenaire-de-lassociation-darwin-forever\/#breadcrumb","itemListElement":[{"@type":"ListItem","position":1,"name":"Accueil","item":"https:\/\/darwinforever.com\/"},{"@type":"ListItem","position":2,"name":"CARLOC, nouveau partenaire de l&#8217;association Darwin Forever"}]},{"@type":"WebSite","@id":"https:\/\/darwinforever.com\/#website","url":"https:\/\/darwinforever.com\/","name":"Darwin Forever","description":"Communaut\u00e9 de Jeunes Engag\u00e9s en faveur des Animaux et de leur Environnement","publisher":{"@id":"https:\/\/darwinforever.com\/#organization"},"potentialAction":[{"@type":"SearchAction","target":{"@type":"EntryPoint","urlTemplate":"https:\/\/darwinforever.com\/?s={search_term_string}"},"query-input":{"@type":"PropertyValueSpecification","valueRequired":true,"valueName":"search_term_string"}}],"inLanguage":"fr-FR"},{"@type":"Organization","@id":"https:\/\/darwinforever.com\/#organization","name":"Darwin Forever","url":"https:\/\/darwinforever.com\/","logo":{"@type":"ImageObject","inLanguage":"fr-FR","@id":"https:\/\/darwinforever.com\/#\/schema\/logo\/image\/","url":"https:\/\/i0.wp.com\/darwinforever.com\/wp-content\/uploads\/2020\/11\/cropped-cropped-Logo-Darwin-Forever-scaled-1.jpg?fit=210%2C184&ssl=1","contentUrl":"https:\/\/i0.wp.com\/darwinforever.com\/wp-content\/uploads\/2020\/11\/cropped-cropped-Logo-Darwin-Forever-scaled-1.jpg?fit=210%2C184&ssl=1","width":210,"height":184,"caption":"Darwin Forever"},"image":{"@id":"https:\/\/darwinforever.com\/#\/schema\/logo\/image\/"},"sameAs":["https:\/\/www.facebook.com\/darwinforever06\/","https:\/\/www.youtube.com\/channel\/UC0zCalAVmu2K_Xj4BMlfciA"]}]}},"jetpack_sharing_enabled":true,"jetpack_likes_enabled":true,"_links":{"self":[{"href":"https:\/\/darwinforever.com\/index.php\/wp-json\/wp\/v2\/pages\/4447","targetHints":{"allow":["GET"]}}],"collection":[{"href":"https:\/\/darwinforever.com\/index.php\/wp-json\/wp\/v2\/pages"}],"about":[{"href":"https:\/\/darwinforever.com\/index.php\/wp-json\/wp\/v2\/types\/page"}],"author":[{"embeddable":true,"href":"https:\/\/darwinforever.com\/index.php\/wp-json\/wp\/v2\/users\/5"}],"replies":[{"embeddable":true,"href":"https:\/\/darwinforever.com\/index.php\/wp-json\/wp\/v2\/comments?post=4447"}],"version-history":[{"count":4,"href":"https:\/\/darwinforever.com\/index.php\/wp-json\/wp\/v2\/pages\/4447\/revisions"}],"predecessor-version":[{"id":5463,"href":"https:\/\/darwinforever.com\/index.php\/wp-json\/wp\/v2\/pages\/4447\/revisions\/5463"}],"wp:attachment":[{"href":"https:\/\/darwinforever.com\/index.php\/wp-json\/wp\/v2\/media?parent=4447"}],"curies":[{"name":"wp","href":"https:\/\/api.w.org\/{rel}","templated":true}]}}