{"id":4128,"date":"2023-02-17T21:14:19","date_gmt":"2023-02-17T20:14:19","guid":{"rendered":"https:\/\/darwinforever.com\/?page_id=4128"},"modified":"2025-01-08T14:24:40","modified_gmt":"2025-01-08T13:24:40","slug":"1er-sponsor-de-lasso-ivc-evidensia","status":"publish","type":"page","link":"https:\/\/darwinforever.com\/index.php\/1er-sponsor-de-lasso-ivc-evidensia\/","title":{"rendered":"Partenaire: IVC Evidensia"},"content":{"rendered":"\n<p>Merci au partenaire <strong>IVC Evidensia, 1<sup>er<\/sup> groupe V\u00e9t\u00e9rinaire en France<\/strong> pour leur don. Ce g\u00e9n\u00e9reux&nbsp;don&nbsp;aura un impact majeur sur l&#8217;aide apport\u00e9e \u00e0 nos projets p\u00e9dagogiques dans les \u00e9coles, les SESSAD et les centres a\u00e9r\u00e9s. <\/p>\n\n\n\n<p><\/p>\n\n\n\n<figure class=\"wp-block-embed is-type-wp-embed is-provider-darwin-forever wp-block-embed-darwin-forever\"><div class=\"wp-block-embed__wrapper\">\n<blockquote class=\"wp-embedded-content\" data-secret=\"DjOCex9lF0\"><a href=\"https:\/\/darwinforever.com\/index.php\/projet-pedagogique-2022-2023\/\">Projet P\u00e9dagogique &#8220;le Monde Marin en Danger&#8221;<\/a><\/blockquote><iframe loading=\"lazy\" class=\"wp-embedded-content\" sandbox=\"allow-scripts\" security=\"restricted\" style=\"position: absolute; clip: rect(1px, 1px, 1px, 1px);\" title=\"\u00ab\u00a0Projet P\u00e9dagogique &#8220;le Monde Marin en Danger&#8221;\u00a0\u00bb &#8212; Darwin Forever\" src=\"https:\/\/darwinforever.com\/index.php\/projet-pedagogique-2022-2023\/embed\/#?secret=TpzJxhK68V#?secret=DjOCex9lF0\" data-secret=\"DjOCex9lF0\" width=\"600\" height=\"338\" frameborder=\"0\" marginwidth=\"0\" marginheight=\"0\" scrolling=\"no\"><\/iframe>\n<\/div><\/figure>\n\n\n\n<p><strong> Un grand merci au Dr Patrick Govart, pr\u00e9sident des \u00e9tablissements V\u00e9t\u00e9rinaires <\/strong><\/p>\n\n\n\n<p><\/p>\n\n\n\n<figure class=\"wp-block-image size-full is-resized\"><img data-recalc-dims=\"1\" loading=\"lazy\" decoding=\"async\" width=\"696\" height=\"928\" data-orig-file=\"https:\/\/i0.wp.com\/darwinforever.com\/wp-content\/uploads\/2023\/02\/photo_2023-02-17_21-08-10.jpg?fit=768%2C1024&amp;ssl=1\" data-attachment-url=\"https:\/\/darwinforever.com\/index.php\/1er-sponsor-de-lasso-ivc-evidensia\/photo_2023-02-17_21-08-10\/\" data-aspectratio=\"0.75\" data-caption=\"\" data-image-title=\"photo_2023-02-17_21-08-10\" data-image-description=\"\" srcset=\"https:\/\/i0.wp.com\/darwinforever.com\/wp-content\/uploads\/2023\/02\/photo_2023-02-17_21-08-10.jpg?w=768&amp;ssl=1 768w, https:\/\/i0.wp.com\/darwinforever.com\/wp-content\/uploads\/2023\/02\/photo_2023-02-17_21-08-10.jpg?resize=225%2C300&amp;ssl=1 225w\" src=\"https:\/\/i0.wp.com\/darwinforever.com\/wp-content\/uploads\/2023\/02\/photo_2023-02-17_21-08-10.jpg?resize=696%2C928&#038;ssl=1\" alt=\". .\" class=\"wp-image-4130\" style=\"width:521px;height:695px\"\/><\/figure>\n\n<script type=\"application\/ld+json\">[\n    {\n        \"@context\": \"https:\/\/schema.org\/\",\n        \"@type\": \"ImageObject\",\n        \"contentUrl\": \"https:\/\/darwinforever.com\/wp-content\/uploads\/2023\/02\/photo_2023-02-17_21-08-10.jpg\",\n        \"license\": \"\",\n        \"acquireLicensePage\": \"\"\n    }\n]<\/script>\n\n\n<figure class=\"wp-block-table\"><table><tbody><tr><td><\/td><\/tr><\/tbody><\/table><\/figure>\n\n\n\n<p><\/p>\n\n\n\n<figure class=\"wp-block-image size-large is-resized\"><img data-recalc-dims=\"1\" loading=\"lazy\" decoding=\"async\" width=\"696\" height=\"492\" data-orig-file=\"https:\/\/i0.wp.com\/darwinforever.com\/wp-content\/uploads\/2023\/02\/IVC-2--scaled.jpg?fit=2560%2C1810&amp;ssl=1\" data-attachment-url=\"https:\/\/darwinforever.com\/index.php\/1er-sponsor-de-lasso-ivc-evidensia\/ivc-2\/\" data-aspectratio=\"1.41\" data-caption=\"\" data-image-title=\"IVC-2-\" data-image-description=\"\" srcset=\"https:\/\/i0.wp.com\/darwinforever.com\/wp-content\/uploads\/2023\/02\/IVC-2--scaled.jpg?w=2560&amp;ssl=1 2560w, https:\/\/i0.wp.com\/darwinforever.com\/wp-content\/uploads\/2023\/02\/IVC-2--scaled.jpg?resize=300%2C212&amp;ssl=1 300w, https:\/\/i0.wp.com\/darwinforever.com\/wp-content\/uploads\/2023\/02\/IVC-2--scaled.jpg?resize=1024%2C724&amp;ssl=1 1024w, https:\/\/i0.wp.com\/darwinforever.com\/wp-content\/uploads\/2023\/02\/IVC-2--scaled.jpg?resize=768%2C543&amp;ssl=1 768w, https:\/\/i0.wp.com\/darwinforever.com\/wp-content\/uploads\/2023\/02\/IVC-2--scaled.jpg?resize=1536%2C1086&amp;ssl=1 1536w, https:\/\/i0.wp.com\/darwinforever.com\/wp-content\/uploads\/2023\/02\/IVC-2--scaled.jpg?resize=2048%2C1448&amp;ssl=1 2048w, https:\/\/i0.wp.com\/darwinforever.com\/wp-content\/uploads\/2023\/02\/IVC-2--scaled.jpg?w=1392&amp;ssl=1 1392w\" src=\"https:\/\/i0.wp.com\/darwinforever.com\/wp-content\/uploads\/2023\/02\/IVC-2-.jpg?resize=696%2C492&#038;ssl=1\" alt=\". .\" class=\"wp-image-4129\" style=\"width:971px;height:686px\"\/><\/figure>\n\n<script type=\"application\/ld+json\">[\n    {\n        \"@context\": \"https:\/\/schema.org\/\",\n        \"@type\": \"ImageObject\",\n        \"contentUrl\": \"https:\/\/darwinforever.com\/wp-content\/uploads\/2023\/02\/IVC-2--scaled.jpg\",\n        \"license\": \"\",\n        \"acquireLicensePage\": \"\"\n    }\n]<\/script>","protected":false},"excerpt":{"rendered":"<p>Merci au partenaire IVC Evidensia, 1er groupe V\u00e9t\u00e9rinaire en France pour leur don. Ce g\u00e9n\u00e9reux&nbsp;don&nbsp;aura un impact majeur sur l&#8217;aide apport\u00e9e \u00e0 nos projets p\u00e9dagogiques dans les \u00e9coles, les SESSAD<\/p><\/div>\n<div class=\"blog-btn\"><a href=\"https:\/\/darwinforever.com\/index.php\/1er-sponsor-de-lasso-ivc-evidensia\/\" class=\"home-blog-btn\">Lire la suite<\/a><\/p>\n","protected":false},"author":7,"featured_media":0,"parent":0,"menu_order":0,"comment_status":"closed","ping_status":"closed","template":"","meta":{"_bbp_topic_count":0,"_bbp_reply_count":0,"_bbp_total_topic_count":0,"_bbp_total_reply_count":0,"_bbp_voice_count":0,"_bbp_anonymous_reply_count":0,"_bbp_topic_count_hidden":0,"_bbp_reply_count_hidden":0,"_bbp_forum_subforum_count":0,"jetpack_post_was_ever_published":false,"footnotes":""},"class_list":["post-4128","page","type-page","status-publish","hentry"],"yoast_head":"<!-- This site is optimized with the Yoast SEO plugin v27.3 - https:\/\/yoast.com\/product\/yoast-seo-wordpress\/ -->\n<title>Partenaire: IVC Evidensia - Darwin Forever<\/title>\n<meta name=\"robots\" content=\"index, follow, max-snippet:-1, max-image-preview:large, max-video-preview:-1\" \/>\n<link rel=\"canonical\" href=\"https:\/\/darwinforever.com\/index.php\/1er-sponsor-de-lasso-ivc-evidensia\/\" \/>\n<meta property=\"og:locale\" content=\"fr_FR\" \/>\n<meta property=\"og:type\" content=\"article\" \/>\n<meta property=\"og:title\" content=\"Partenaire: IVC Evidensia - Darwin Forever\" \/>\n<meta property=\"og:description\" content=\"Merci au partenaire IVC Evidensia, 1er groupe V\u00e9t\u00e9rinaire en France pour leur don. Ce g\u00e9n\u00e9reux&nbsp;don&nbsp;aura un impact majeur sur l&#8217;aide apport\u00e9e \u00e0 nos projets p\u00e9dagogiques dans les \u00e9coles, les SESSADLire la suite\" \/>\n<meta property=\"og:url\" content=\"https:\/\/darwinforever.com\/index.php\/1er-sponsor-de-lasso-ivc-evidensia\/\" \/>\n<meta property=\"og:site_name\" content=\"Darwin Forever\" \/>\n<meta property=\"article:publisher\" content=\"https:\/\/www.facebook.com\/darwinforever06\/\" \/>\n<meta property=\"article:modified_time\" content=\"2025-01-08T13:24:40+00:00\" \/>\n<meta property=\"og:image\" content=\"https:\/\/darwinforever.com\/wp-content\/uploads\/2023\/02\/photo_2023-02-17_21-08-10.jpg\" \/>\n<meta name=\"twitter:card\" content=\"summary_large_image\" \/>\n<meta name=\"twitter:label1\" content=\"Dur\u00e9e de lecture estim\u00e9e\" \/>\n\t<meta name=\"twitter:data1\" content=\"1 minute\" \/>\n<script type=\"application\/ld+json\" class=\"yoast-schema-graph\">{\"@context\":\"https:\\\/\\\/schema.org\",\"@graph\":[{\"@type\":\"WebPage\",\"@id\":\"https:\\\/\\\/darwinforever.com\\\/index.php\\\/1er-sponsor-de-lasso-ivc-evidensia\\\/\",\"url\":\"https:\\\/\\\/darwinforever.com\\\/index.php\\\/1er-sponsor-de-lasso-ivc-evidensia\\\/\",\"name\":\"Partenaire: IVC Evidensia - Darwin Forever\",\"isPartOf\":{\"@id\":\"https:\\\/\\\/darwinforever.com\\\/#website\"},\"primaryImageOfPage\":{\"@id\":\"https:\\\/\\\/darwinforever.com\\\/index.php\\\/1er-sponsor-de-lasso-ivc-evidensia\\\/#primaryimage\"},\"image\":{\"@id\":\"https:\\\/\\\/darwinforever.com\\\/index.php\\\/1er-sponsor-de-lasso-ivc-evidensia\\\/#primaryimage\"},\"thumbnailUrl\":\"https:\\\/\\\/darwinforever.com\\\/wp-content\\\/uploads\\\/2023\\\/02\\\/photo_2023-02-17_21-08-10.jpg\",\"datePublished\":\"2023-02-17T20:14:19+00:00\",\"dateModified\":\"2025-01-08T13:24:40+00:00\",\"breadcrumb\":{\"@id\":\"https:\\\/\\\/darwinforever.com\\\/index.php\\\/1er-sponsor-de-lasso-ivc-evidensia\\\/#breadcrumb\"},\"inLanguage\":\"fr-FR\",\"potentialAction\":[{\"@type\":\"ReadAction\",\"target\":[\"https:\\\/\\\/darwinforever.com\\\/index.php\\\/1er-sponsor-de-lasso-ivc-evidensia\\\/\"]}]},{\"@type\":\"ImageObject\",\"inLanguage\":\"fr-FR\",\"@id\":\"https:\\\/\\\/darwinforever.com\\\/index.php\\\/1er-sponsor-de-lasso-ivc-evidensia\\\/#primaryimage\",\"url\":\"https:\\\/\\\/i0.wp.com\\\/darwinforever.com\\\/wp-content\\\/uploads\\\/2023\\\/02\\\/photo_2023-02-17_21-08-10.jpg?fit=768%2C1024&ssl=1\",\"contentUrl\":\"https:\\\/\\\/i0.wp.com\\\/darwinforever.com\\\/wp-content\\\/uploads\\\/2023\\\/02\\\/photo_2023-02-17_21-08-10.jpg?fit=768%2C1024&ssl=1\",\"width\":768,\"height\":1024,\"caption\":\". .\"},{\"@type\":\"BreadcrumbList\",\"@id\":\"https:\\\/\\\/darwinforever.com\\\/index.php\\\/1er-sponsor-de-lasso-ivc-evidensia\\\/#breadcrumb\",\"itemListElement\":[{\"@type\":\"ListItem\",\"position\":1,\"name\":\"Accueil\",\"item\":\"https:\\\/\\\/darwinforever.com\\\/\"},{\"@type\":\"ListItem\",\"position\":2,\"name\":\"Partenaire: IVC Evidensia\"}]},{\"@type\":\"WebSite\",\"@id\":\"https:\\\/\\\/darwinforever.com\\\/#website\",\"url\":\"https:\\\/\\\/darwinforever.com\\\/\",\"name\":\"Darwin Forever\",\"description\":\"Communaut\u00e9 de Jeunes Engag\u00e9s en faveur des Animaux et de leur Environnement\",\"publisher\":{\"@id\":\"https:\\\/\\\/darwinforever.com\\\/#organization\"},\"potentialAction\":[{\"@type\":\"SearchAction\",\"target\":{\"@type\":\"EntryPoint\",\"urlTemplate\":\"https:\\\/\\\/darwinforever.com\\\/?s={search_term_string}\"},\"query-input\":{\"@type\":\"PropertyValueSpecification\",\"valueRequired\":true,\"valueName\":\"search_term_string\"}}],\"inLanguage\":\"fr-FR\"},{\"@type\":\"Organization\",\"@id\":\"https:\\\/\\\/darwinforever.com\\\/#organization\",\"name\":\"Darwin Forever\",\"url\":\"https:\\\/\\\/darwinforever.com\\\/\",\"logo\":{\"@type\":\"ImageObject\",\"inLanguage\":\"fr-FR\",\"@id\":\"https:\\\/\\\/darwinforever.com\\\/#\\\/schema\\\/logo\\\/image\\\/\",\"url\":\"https:\\\/\\\/i0.wp.com\\\/darwinforever.com\\\/wp-content\\\/uploads\\\/2020\\\/11\\\/cropped-cropped-Logo-Darwin-Forever-scaled-1.jpg?fit=210%2C184&ssl=1\",\"contentUrl\":\"https:\\\/\\\/i0.wp.com\\\/darwinforever.com\\\/wp-content\\\/uploads\\\/2020\\\/11\\\/cropped-cropped-Logo-Darwin-Forever-scaled-1.jpg?fit=210%2C184&ssl=1\",\"width\":210,\"height\":184,\"caption\":\"Darwin Forever\"},\"image\":{\"@id\":\"https:\\\/\\\/darwinforever.com\\\/#\\\/schema\\\/logo\\\/image\\\/\"},\"sameAs\":[\"https:\\\/\\\/www.facebook.com\\\/darwinforever06\\\/\",\"https:\\\/\\\/www.youtube.com\\\/channel\\\/UC0zCalAVmu2K_Xj4BMlfciA\"]}]}<\/script>\n<!-- \/ Yoast SEO plugin. -->","yoast_head_json":{"title":"Partenaire: IVC Evidensia - Darwin Forever","robots":{"index":"index","follow":"follow","max-snippet":"max-snippet:-1","max-image-preview":"max-image-preview:large","max-video-preview":"max-video-preview:-1"},"canonical":"https:\/\/darwinforever.com\/index.php\/1er-sponsor-de-lasso-ivc-evidensia\/","og_locale":"fr_FR","og_type":"article","og_title":"Partenaire: IVC Evidensia - Darwin Forever","og_description":"Merci au partenaire IVC Evidensia, 1er groupe V\u00e9t\u00e9rinaire en France pour leur don. Ce g\u00e9n\u00e9reux&nbsp;don&nbsp;aura un impact majeur sur l&#8217;aide apport\u00e9e \u00e0 nos projets p\u00e9dagogiques dans les \u00e9coles, les SESSADLire la suite","og_url":"https:\/\/darwinforever.com\/index.php\/1er-sponsor-de-lasso-ivc-evidensia\/","og_site_name":"Darwin Forever","article_publisher":"https:\/\/www.facebook.com\/darwinforever06\/","article_modified_time":"2025-01-08T13:24:40+00:00","og_image":[{"url":"https:\/\/darwinforever.com\/wp-content\/uploads\/2023\/02\/photo_2023-02-17_21-08-10.jpg","type":"","width":"","height":""}],"twitter_card":"summary_large_image","twitter_misc":{"Dur\u00e9e de lecture estim\u00e9e":"1 minute"},"schema":{"@context":"https:\/\/schema.org","@graph":[{"@type":"WebPage","@id":"https:\/\/darwinforever.com\/index.php\/1er-sponsor-de-lasso-ivc-evidensia\/","url":"https:\/\/darwinforever.com\/index.php\/1er-sponsor-de-lasso-ivc-evidensia\/","name":"Partenaire: IVC Evidensia - Darwin Forever","isPartOf":{"@id":"https:\/\/darwinforever.com\/#website"},"primaryImageOfPage":{"@id":"https:\/\/darwinforever.com\/index.php\/1er-sponsor-de-lasso-ivc-evidensia\/#primaryimage"},"image":{"@id":"https:\/\/darwinforever.com\/index.php\/1er-sponsor-de-lasso-ivc-evidensia\/#primaryimage"},"thumbnailUrl":"https:\/\/darwinforever.com\/wp-content\/uploads\/2023\/02\/photo_2023-02-17_21-08-10.jpg","datePublished":"2023-02-17T20:14:19+00:00","dateModified":"2025-01-08T13:24:40+00:00","breadcrumb":{"@id":"https:\/\/darwinforever.com\/index.php\/1er-sponsor-de-lasso-ivc-evidensia\/#breadcrumb"},"inLanguage":"fr-FR","potentialAction":[{"@type":"ReadAction","target":["https:\/\/darwinforever.com\/index.php\/1er-sponsor-de-lasso-ivc-evidensia\/"]}]},{"@type":"ImageObject","inLanguage":"fr-FR","@id":"https:\/\/darwinforever.com\/index.php\/1er-sponsor-de-lasso-ivc-evidensia\/#primaryimage","url":"https:\/\/i0.wp.com\/darwinforever.com\/wp-content\/uploads\/2023\/02\/photo_2023-02-17_21-08-10.jpg?fit=768%2C1024&ssl=1","contentUrl":"https:\/\/i0.wp.com\/darwinforever.com\/wp-content\/uploads\/2023\/02\/photo_2023-02-17_21-08-10.jpg?fit=768%2C1024&ssl=1","width":768,"height":1024,"caption":". ."},{"@type":"BreadcrumbList","@id":"https:\/\/darwinforever.com\/index.php\/1er-sponsor-de-lasso-ivc-evidensia\/#breadcrumb","itemListElement":[{"@type":"ListItem","position":1,"name":"Accueil","item":"https:\/\/darwinforever.com\/"},{"@type":"ListItem","position":2,"name":"Partenaire: IVC Evidensia"}]},{"@type":"WebSite","@id":"https:\/\/darwinforever.com\/#website","url":"https:\/\/darwinforever.com\/","name":"Darwin Forever","description":"Communaut\u00e9 de Jeunes Engag\u00e9s en faveur des Animaux et de leur Environnement","publisher":{"@id":"https:\/\/darwinforever.com\/#organization"},"potentialAction":[{"@type":"SearchAction","target":{"@type":"EntryPoint","urlTemplate":"https:\/\/darwinforever.com\/?s={search_term_string}"},"query-input":{"@type":"PropertyValueSpecification","valueRequired":true,"valueName":"search_term_string"}}],"inLanguage":"fr-FR"},{"@type":"Organization","@id":"https:\/\/darwinforever.com\/#organization","name":"Darwin Forever","url":"https:\/\/darwinforever.com\/","logo":{"@type":"ImageObject","inLanguage":"fr-FR","@id":"https:\/\/darwinforever.com\/#\/schema\/logo\/image\/","url":"https:\/\/i0.wp.com\/darwinforever.com\/wp-content\/uploads\/2020\/11\/cropped-cropped-Logo-Darwin-Forever-scaled-1.jpg?fit=210%2C184&ssl=1","contentUrl":"https:\/\/i0.wp.com\/darwinforever.com\/wp-content\/uploads\/2020\/11\/cropped-cropped-Logo-Darwin-Forever-scaled-1.jpg?fit=210%2C184&ssl=1","width":210,"height":184,"caption":"Darwin Forever"},"image":{"@id":"https:\/\/darwinforever.com\/#\/schema\/logo\/image\/"},"sameAs":["https:\/\/www.facebook.com\/darwinforever06\/","https:\/\/www.youtube.com\/channel\/UC0zCalAVmu2K_Xj4BMlfciA"]}]}},"jetpack_sharing_enabled":true,"jetpack_likes_enabled":true,"_links":{"self":[{"href":"https:\/\/darwinforever.com\/index.php\/wp-json\/wp\/v2\/pages\/4128","targetHints":{"allow":["GET"]}}],"collection":[{"href":"https:\/\/darwinforever.com\/index.php\/wp-json\/wp\/v2\/pages"}],"about":[{"href":"https:\/\/darwinforever.com\/index.php\/wp-json\/wp\/v2\/types\/page"}],"author":[{"embeddable":true,"href":"https:\/\/darwinforever.com\/index.php\/wp-json\/wp\/v2\/users\/7"}],"replies":[{"embeddable":true,"href":"https:\/\/darwinforever.com\/index.php\/wp-json\/wp\/v2\/comments?post=4128"}],"version-history":[{"count":5,"href":"https:\/\/darwinforever.com\/index.php\/wp-json\/wp\/v2\/pages\/4128\/revisions"}],"predecessor-version":[{"id":5142,"href":"https:\/\/darwinforever.com\/index.php\/wp-json\/wp\/v2\/pages\/4128\/revisions\/5142"}],"wp:attachment":[{"href":"https:\/\/darwinforever.com\/index.php\/wp-json\/wp\/v2\/media?parent=4128"}],"curies":[{"name":"wp","href":"https:\/\/api.w.org\/{rel}","templated":true}]}}