{"id":4028,"date":"2022-04-25T16:41:47","date_gmt":"2022-04-25T14:41:47","guid":{"rendered":"https:\/\/darwinforever.com\/?page_id=4028"},"modified":"2023-01-20T16:54:19","modified_gmt":"2023-01-20T15:54:19","slug":"journee-de-la-terre-2022","status":"publish","type":"page","link":"https:\/\/darwinforever.com\/index.php\/journee-de-la-terre-2022\/","title":{"rendered":"Journ\u00e9e de la Terre 2022"},"content":{"rendered":"\n<p>Mathilde et Nicolas ont \u00e9t\u00e9 invit\u00e9s au <strong>Masterclass National Geographic DISNEYLAND PARIS<\/strong> le 22.04.22<\/p>\n\n\n\n<figure class=\"wp-block-image size-large\"><img data-recalc-dims=\"1\" loading=\"lazy\" decoding=\"async\" width=\"557\" height=\"1024\" data-orig-file=\"https:\/\/i0.wp.com\/darwinforever.com\/wp-content\/uploads\/2023\/01\/coming-soon-Mathilde-et-Nicolas-invites-au-Masterclass-National-Geographic-DISNEYLAND-PARIS-22.04.22-.jpg?fit=696%2C1280&amp;ssl=1\" data-attachment-url=\"https:\/\/darwinforever.com\/index.php\/journee-de-la-terre-2022\/coming-soon-mathilde-et-nicolas-invites-au-masterclass-national-geographic-disneyland-paris-22-04-22\/\" data-aspectratio=\"0.54\" data-caption=\"\" data-image-title=\"coming-soon-Mathilde-et-Nicolas-invites-au-Masterclass-National-Geographic-DISNEYLAND-PARIS-22.04.22-\" data-image-description=\"\" srcset=\"https:\/\/i0.wp.com\/darwinforever.com\/wp-content\/uploads\/2023\/01\/coming-soon-Mathilde-et-Nicolas-invites-au-Masterclass-National-Geographic-DISNEYLAND-PARIS-22.04.22-.jpg?w=696&amp;ssl=1 696w, https:\/\/i0.wp.com\/darwinforever.com\/wp-content\/uploads\/2023\/01\/coming-soon-Mathilde-et-Nicolas-invites-au-Masterclass-National-Geographic-DISNEYLAND-PARIS-22.04.22-.jpg?resize=163%2C300&amp;ssl=1 163w, https:\/\/i0.wp.com\/darwinforever.com\/wp-content\/uploads\/2023\/01\/coming-soon-Mathilde-et-Nicolas-invites-au-Masterclass-National-Geographic-DISNEYLAND-PARIS-22.04.22-.jpg?resize=557%2C1024&amp;ssl=1 557w\" src=\"https:\/\/i0.wp.com\/darwinforever.com\/wp-content\/uploads\/2023\/01\/coming-soon-Mathilde-et-Nicolas-invites-au-Masterclass-National-Geographic-DISNEYLAND-PARIS-22.04.22-.jpg?resize=557%2C1024&#038;ssl=1\" alt=\". .\" class=\"wp-image-4029\"\/><\/figure>\n\n<script type=\"application\/ld+json\">[\n    {\n        \"@context\": \"https:\/\/schema.org\/\",\n        \"@type\": \"ImageObject\",\n        \"contentUrl\": \"https:\/\/darwinforever.com\/wp-content\/uploads\/2023\/01\/coming-soon-Mathilde-et-Nicolas-invites-au-Masterclass-National-Geographic-DISNEYLAND-PARIS-22.04.22-.jpg\",\n        \"license\": \"\",\n        \"acquireLicensePage\": \"\"\n    }\n]<\/script>\n\n\n<figure class=\"wp-block-image size-large\"><img data-recalc-dims=\"1\" loading=\"lazy\" decoding=\"async\" width=\"662\" height=\"1024\" data-orig-file=\"https:\/\/i0.wp.com\/darwinforever.com\/wp-content\/uploads\/2023\/01\/photo_2023-01-20_16-48-21.jpg?fit=828%2C1280&amp;ssl=1\" data-attachment-url=\"https:\/\/darwinforever.com\/index.php\/journee-de-la-terre-2022\/photo_2023-01-20_16-48-21\/\" data-aspectratio=\"0.65\" data-caption=\"\" data-image-title=\"photo_2023-01-20_16-48-21\" data-image-description=\"\" srcset=\"https:\/\/i0.wp.com\/darwinforever.com\/wp-content\/uploads\/2023\/01\/photo_2023-01-20_16-48-21.jpg?w=828&amp;ssl=1 828w, https:\/\/i0.wp.com\/darwinforever.com\/wp-content\/uploads\/2023\/01\/photo_2023-01-20_16-48-21.jpg?resize=194%2C300&amp;ssl=1 194w, https:\/\/i0.wp.com\/darwinforever.com\/wp-content\/uploads\/2023\/01\/photo_2023-01-20_16-48-21.jpg?resize=662%2C1024&amp;ssl=1 662w, https:\/\/i0.wp.com\/darwinforever.com\/wp-content\/uploads\/2023\/01\/photo_2023-01-20_16-48-21.jpg?resize=768%2C1187&amp;ssl=1 768w\" src=\"https:\/\/i0.wp.com\/darwinforever.com\/wp-content\/uploads\/2023\/01\/photo_2023-01-20_16-48-21.jpg?resize=662%2C1024&#038;ssl=1\" alt=\". .\" class=\"wp-image-4030\"\/><figcaption class=\"wp-element-caption\">Avec la pr\u00e9sence de Mme Natacha Rafalki, pr\u00e9sidente de DISNEYLAND PARIS<\/figcaption><\/figure>\n\n<script type=\"application\/ld+json\">[\n    {\n        \"@context\": \"https:\/\/schema.org\/\",\n        \"@type\": \"ImageObject\",\n        \"contentUrl\": \"https:\/\/darwinforever.com\/wp-content\/uploads\/2023\/01\/photo_2023-01-20_16-48-21.jpg\",\n        \"license\": \"\",\n        \"acquireLicensePage\": \"\"\n    }\n]<\/script>\n\n\n<figure class=\"wp-block-image size-large\"><img data-recalc-dims=\"1\" loading=\"lazy\" decoding=\"async\" width=\"605\" height=\"1024\" data-orig-file=\"https:\/\/i0.wp.com\/darwinforever.com\/wp-content\/uploads\/2023\/01\/photo_2023-01-20_16-47-27.jpg?fit=756%2C1280&amp;ssl=1\" data-attachment-url=\"https:\/\/darwinforever.com\/index.php\/journee-de-la-terre-2022\/photo_2023-01-20_16-47-27\/\" data-aspectratio=\"0.59\" data-caption=\"\" data-image-title=\"photo_2023-01-20_16-47-27\" data-image-description=\"\" srcset=\"https:\/\/i0.wp.com\/darwinforever.com\/wp-content\/uploads\/2023\/01\/photo_2023-01-20_16-47-27.jpg?w=756&amp;ssl=1 756w, https:\/\/i0.wp.com\/darwinforever.com\/wp-content\/uploads\/2023\/01\/photo_2023-01-20_16-47-27.jpg?resize=177%2C300&amp;ssl=1 177w, https:\/\/i0.wp.com\/darwinforever.com\/wp-content\/uploads\/2023\/01\/photo_2023-01-20_16-47-27.jpg?resize=605%2C1024&amp;ssl=1 605w\" src=\"https:\/\/i0.wp.com\/darwinforever.com\/wp-content\/uploads\/2023\/01\/photo_2023-01-20_16-47-27.jpg?resize=605%2C1024&#038;ssl=1\" alt=\". .\" class=\"wp-image-4031\"\/><figcaption class=\"wp-element-caption\">&#8220;La journ\u00e9e de la Terre c&#8217;est tous les jours, ne fermons plus les yeux! Mathilde 13 ans<\/figcaption><\/figure>\n\n<script type=\"application\/ld+json\">[\n    {\n        \"@context\": \"https:\/\/schema.org\/\",\n        \"@type\": \"ImageObject\",\n        \"contentUrl\": \"https:\/\/darwinforever.com\/wp-content\/uploads\/2023\/01\/photo_2023-01-20_16-47-27.jpg\",\n        \"license\": \"\",\n        \"acquireLicensePage\": \"\"\n    }\n]<\/script>","protected":false},"excerpt":{"rendered":"<p>Mathilde et Nicolas ont \u00e9t\u00e9 invit\u00e9s au Masterclass National Geographic DISNEYLAND PARIS le 22.04.22<\/p>\n","protected":false},"author":16,"featured_media":0,"parent":0,"menu_order":0,"comment_status":"closed","ping_status":"closed","template":"","meta":{"_bbp_topic_count":0,"_bbp_reply_count":0,"_bbp_total_topic_count":0,"_bbp_total_reply_count":0,"_bbp_voice_count":0,"_bbp_anonymous_reply_count":0,"_bbp_topic_count_hidden":0,"_bbp_reply_count_hidden":0,"_bbp_forum_subforum_count":0,"jetpack_post_was_ever_published":false,"footnotes":""},"class_list":["post-4028","page","type-page","status-publish","hentry"],"yoast_head":"<!-- This site is optimized with the Yoast SEO plugin v27.3 - https:\/\/yoast.com\/product\/yoast-seo-wordpress\/ -->\n<title>Journ\u00e9e de la Terre 2022 - Darwin Forever<\/title>\n<meta name=\"robots\" content=\"index, follow, max-snippet:-1, max-image-preview:large, max-video-preview:-1\" \/>\n<link rel=\"canonical\" href=\"https:\/\/darwinforever.com\/index.php\/journee-de-la-terre-2022\/\" \/>\n<meta property=\"og:locale\" content=\"fr_FR\" \/>\n<meta property=\"og:type\" content=\"article\" \/>\n<meta property=\"og:title\" content=\"Journ\u00e9e de la Terre 2022 - Darwin Forever\" \/>\n<meta property=\"og:description\" content=\"Mathilde et Nicolas ont \u00e9t\u00e9 invit\u00e9s au Masterclass National Geographic DISNEYLAND PARIS le 22.04.22\" \/>\n<meta property=\"og:url\" content=\"https:\/\/darwinforever.com\/index.php\/journee-de-la-terre-2022\/\" \/>\n<meta property=\"og:site_name\" content=\"Darwin Forever\" \/>\n<meta property=\"article:publisher\" content=\"https:\/\/www.facebook.com\/darwinforever06\/\" \/>\n<meta property=\"article:modified_time\" content=\"2023-01-20T15:54:19+00:00\" \/>\n<meta property=\"og:image\" content=\"https:\/\/darwinforever.com\/wp-content\/uploads\/2023\/01\/coming-soon-Mathilde-et-Nicolas-invites-au-Masterclass-National-Geographic-DISNEYLAND-PARIS-22.04.22--557x1024.jpg\" \/>\n<meta name=\"twitter:card\" content=\"summary_large_image\" \/>\n<meta name=\"twitter:label1\" content=\"Dur\u00e9e de lecture estim\u00e9e\" \/>\n\t<meta name=\"twitter:data1\" content=\"1 minute\" \/>\n<script type=\"application\/ld+json\" class=\"yoast-schema-graph\">{\"@context\":\"https:\\\/\\\/schema.org\",\"@graph\":[{\"@type\":\"WebPage\",\"@id\":\"https:\\\/\\\/darwinforever.com\\\/index.php\\\/journee-de-la-terre-2022\\\/\",\"url\":\"https:\\\/\\\/darwinforever.com\\\/index.php\\\/journee-de-la-terre-2022\\\/\",\"name\":\"Journ\u00e9e de la Terre 2022 - Darwin Forever\",\"isPartOf\":{\"@id\":\"https:\\\/\\\/darwinforever.com\\\/#website\"},\"primaryImageOfPage\":{\"@id\":\"https:\\\/\\\/darwinforever.com\\\/index.php\\\/journee-de-la-terre-2022\\\/#primaryimage\"},\"image\":{\"@id\":\"https:\\\/\\\/darwinforever.com\\\/index.php\\\/journee-de-la-terre-2022\\\/#primaryimage\"},\"thumbnailUrl\":\"https:\\\/\\\/darwinforever.com\\\/wp-content\\\/uploads\\\/2023\\\/01\\\/coming-soon-Mathilde-et-Nicolas-invites-au-Masterclass-National-Geographic-DISNEYLAND-PARIS-22.04.22--557x1024.jpg\",\"datePublished\":\"2022-04-25T14:41:47+00:00\",\"dateModified\":\"2023-01-20T15:54:19+00:00\",\"breadcrumb\":{\"@id\":\"https:\\\/\\\/darwinforever.com\\\/index.php\\\/journee-de-la-terre-2022\\\/#breadcrumb\"},\"inLanguage\":\"fr-FR\",\"potentialAction\":[{\"@type\":\"ReadAction\",\"target\":[\"https:\\\/\\\/darwinforever.com\\\/index.php\\\/journee-de-la-terre-2022\\\/\"]}]},{\"@type\":\"ImageObject\",\"inLanguage\":\"fr-FR\",\"@id\":\"https:\\\/\\\/darwinforever.com\\\/index.php\\\/journee-de-la-terre-2022\\\/#primaryimage\",\"url\":\"https:\\\/\\\/i0.wp.com\\\/darwinforever.com\\\/wp-content\\\/uploads\\\/2023\\\/01\\\/coming-soon-Mathilde-et-Nicolas-invites-au-Masterclass-National-Geographic-DISNEYLAND-PARIS-22.04.22-.jpg?fit=696%2C1280&ssl=1\",\"contentUrl\":\"https:\\\/\\\/i0.wp.com\\\/darwinforever.com\\\/wp-content\\\/uploads\\\/2023\\\/01\\\/coming-soon-Mathilde-et-Nicolas-invites-au-Masterclass-National-Geographic-DISNEYLAND-PARIS-22.04.22-.jpg?fit=696%2C1280&ssl=1\",\"width\":696,\"height\":1280,\"caption\":\". .\"},{\"@type\":\"BreadcrumbList\",\"@id\":\"https:\\\/\\\/darwinforever.com\\\/index.php\\\/journee-de-la-terre-2022\\\/#breadcrumb\",\"itemListElement\":[{\"@type\":\"ListItem\",\"position\":1,\"name\":\"Accueil\",\"item\":\"https:\\\/\\\/darwinforever.com\\\/\"},{\"@type\":\"ListItem\",\"position\":2,\"name\":\"Journ\u00e9e de la Terre 2022\"}]},{\"@type\":\"WebSite\",\"@id\":\"https:\\\/\\\/darwinforever.com\\\/#website\",\"url\":\"https:\\\/\\\/darwinforever.com\\\/\",\"name\":\"Darwin Forever\",\"description\":\"Communaut\u00e9 de Jeunes Engag\u00e9s en faveur des Animaux et de leur Environnement\",\"publisher\":{\"@id\":\"https:\\\/\\\/darwinforever.com\\\/#organization\"},\"potentialAction\":[{\"@type\":\"SearchAction\",\"target\":{\"@type\":\"EntryPoint\",\"urlTemplate\":\"https:\\\/\\\/darwinforever.com\\\/?s={search_term_string}\"},\"query-input\":{\"@type\":\"PropertyValueSpecification\",\"valueRequired\":true,\"valueName\":\"search_term_string\"}}],\"inLanguage\":\"fr-FR\"},{\"@type\":\"Organization\",\"@id\":\"https:\\\/\\\/darwinforever.com\\\/#organization\",\"name\":\"Darwin Forever\",\"url\":\"https:\\\/\\\/darwinforever.com\\\/\",\"logo\":{\"@type\":\"ImageObject\",\"inLanguage\":\"fr-FR\",\"@id\":\"https:\\\/\\\/darwinforever.com\\\/#\\\/schema\\\/logo\\\/image\\\/\",\"url\":\"https:\\\/\\\/i0.wp.com\\\/darwinforever.com\\\/wp-content\\\/uploads\\\/2020\\\/11\\\/cropped-cropped-Logo-Darwin-Forever-scaled-1.jpg?fit=210%2C184&ssl=1\",\"contentUrl\":\"https:\\\/\\\/i0.wp.com\\\/darwinforever.com\\\/wp-content\\\/uploads\\\/2020\\\/11\\\/cropped-cropped-Logo-Darwin-Forever-scaled-1.jpg?fit=210%2C184&ssl=1\",\"width\":210,\"height\":184,\"caption\":\"Darwin Forever\"},\"image\":{\"@id\":\"https:\\\/\\\/darwinforever.com\\\/#\\\/schema\\\/logo\\\/image\\\/\"},\"sameAs\":[\"https:\\\/\\\/www.facebook.com\\\/darwinforever06\\\/\",\"https:\\\/\\\/www.youtube.com\\\/channel\\\/UC0zCalAVmu2K_Xj4BMlfciA\"]}]}<\/script>\n<!-- \/ Yoast SEO plugin. -->","yoast_head_json":{"title":"Journ\u00e9e de la Terre 2022 - Darwin Forever","robots":{"index":"index","follow":"follow","max-snippet":"max-snippet:-1","max-image-preview":"max-image-preview:large","max-video-preview":"max-video-preview:-1"},"canonical":"https:\/\/darwinforever.com\/index.php\/journee-de-la-terre-2022\/","og_locale":"fr_FR","og_type":"article","og_title":"Journ\u00e9e de la Terre 2022 - Darwin Forever","og_description":"Mathilde et Nicolas ont \u00e9t\u00e9 invit\u00e9s au Masterclass National Geographic DISNEYLAND PARIS le 22.04.22","og_url":"https:\/\/darwinforever.com\/index.php\/journee-de-la-terre-2022\/","og_site_name":"Darwin Forever","article_publisher":"https:\/\/www.facebook.com\/darwinforever06\/","article_modified_time":"2023-01-20T15:54:19+00:00","og_image":[{"url":"https:\/\/darwinforever.com\/wp-content\/uploads\/2023\/01\/coming-soon-Mathilde-et-Nicolas-invites-au-Masterclass-National-Geographic-DISNEYLAND-PARIS-22.04.22--557x1024.jpg","type":"","width":"","height":""}],"twitter_card":"summary_large_image","twitter_misc":{"Dur\u00e9e de lecture estim\u00e9e":"1 minute"},"schema":{"@context":"https:\/\/schema.org","@graph":[{"@type":"WebPage","@id":"https:\/\/darwinforever.com\/index.php\/journee-de-la-terre-2022\/","url":"https:\/\/darwinforever.com\/index.php\/journee-de-la-terre-2022\/","name":"Journ\u00e9e de la Terre 2022 - Darwin Forever","isPartOf":{"@id":"https:\/\/darwinforever.com\/#website"},"primaryImageOfPage":{"@id":"https:\/\/darwinforever.com\/index.php\/journee-de-la-terre-2022\/#primaryimage"},"image":{"@id":"https:\/\/darwinforever.com\/index.php\/journee-de-la-terre-2022\/#primaryimage"},"thumbnailUrl":"https:\/\/darwinforever.com\/wp-content\/uploads\/2023\/01\/coming-soon-Mathilde-et-Nicolas-invites-au-Masterclass-National-Geographic-DISNEYLAND-PARIS-22.04.22--557x1024.jpg","datePublished":"2022-04-25T14:41:47+00:00","dateModified":"2023-01-20T15:54:19+00:00","breadcrumb":{"@id":"https:\/\/darwinforever.com\/index.php\/journee-de-la-terre-2022\/#breadcrumb"},"inLanguage":"fr-FR","potentialAction":[{"@type":"ReadAction","target":["https:\/\/darwinforever.com\/index.php\/journee-de-la-terre-2022\/"]}]},{"@type":"ImageObject","inLanguage":"fr-FR","@id":"https:\/\/darwinforever.com\/index.php\/journee-de-la-terre-2022\/#primaryimage","url":"https:\/\/i0.wp.com\/darwinforever.com\/wp-content\/uploads\/2023\/01\/coming-soon-Mathilde-et-Nicolas-invites-au-Masterclass-National-Geographic-DISNEYLAND-PARIS-22.04.22-.jpg?fit=696%2C1280&ssl=1","contentUrl":"https:\/\/i0.wp.com\/darwinforever.com\/wp-content\/uploads\/2023\/01\/coming-soon-Mathilde-et-Nicolas-invites-au-Masterclass-National-Geographic-DISNEYLAND-PARIS-22.04.22-.jpg?fit=696%2C1280&ssl=1","width":696,"height":1280,"caption":". ."},{"@type":"BreadcrumbList","@id":"https:\/\/darwinforever.com\/index.php\/journee-de-la-terre-2022\/#breadcrumb","itemListElement":[{"@type":"ListItem","position":1,"name":"Accueil","item":"https:\/\/darwinforever.com\/"},{"@type":"ListItem","position":2,"name":"Journ\u00e9e de la Terre 2022"}]},{"@type":"WebSite","@id":"https:\/\/darwinforever.com\/#website","url":"https:\/\/darwinforever.com\/","name":"Darwin Forever","description":"Communaut\u00e9 de Jeunes Engag\u00e9s en faveur des Animaux et de leur Environnement","publisher":{"@id":"https:\/\/darwinforever.com\/#organization"},"potentialAction":[{"@type":"SearchAction","target":{"@type":"EntryPoint","urlTemplate":"https:\/\/darwinforever.com\/?s={search_term_string}"},"query-input":{"@type":"PropertyValueSpecification","valueRequired":true,"valueName":"search_term_string"}}],"inLanguage":"fr-FR"},{"@type":"Organization","@id":"https:\/\/darwinforever.com\/#organization","name":"Darwin Forever","url":"https:\/\/darwinforever.com\/","logo":{"@type":"ImageObject","inLanguage":"fr-FR","@id":"https:\/\/darwinforever.com\/#\/schema\/logo\/image\/","url":"https:\/\/i0.wp.com\/darwinforever.com\/wp-content\/uploads\/2020\/11\/cropped-cropped-Logo-Darwin-Forever-scaled-1.jpg?fit=210%2C184&ssl=1","contentUrl":"https:\/\/i0.wp.com\/darwinforever.com\/wp-content\/uploads\/2020\/11\/cropped-cropped-Logo-Darwin-Forever-scaled-1.jpg?fit=210%2C184&ssl=1","width":210,"height":184,"caption":"Darwin Forever"},"image":{"@id":"https:\/\/darwinforever.com\/#\/schema\/logo\/image\/"},"sameAs":["https:\/\/www.facebook.com\/darwinforever06\/","https:\/\/www.youtube.com\/channel\/UC0zCalAVmu2K_Xj4BMlfciA"]}]}},"jetpack_sharing_enabled":true,"jetpack_likes_enabled":true,"_links":{"self":[{"href":"https:\/\/darwinforever.com\/index.php\/wp-json\/wp\/v2\/pages\/4028","targetHints":{"allow":["GET"]}}],"collection":[{"href":"https:\/\/darwinforever.com\/index.php\/wp-json\/wp\/v2\/pages"}],"about":[{"href":"https:\/\/darwinforever.com\/index.php\/wp-json\/wp\/v2\/types\/page"}],"author":[{"embeddable":true,"href":"https:\/\/darwinforever.com\/index.php\/wp-json\/wp\/v2\/users\/16"}],"replies":[{"embeddable":true,"href":"https:\/\/darwinforever.com\/index.php\/wp-json\/wp\/v2\/comments?post=4028"}],"version-history":[{"count":1,"href":"https:\/\/darwinforever.com\/index.php\/wp-json\/wp\/v2\/pages\/4028\/revisions"}],"predecessor-version":[{"id":4032,"href":"https:\/\/darwinforever.com\/index.php\/wp-json\/wp\/v2\/pages\/4028\/revisions\/4032"}],"wp:attachment":[{"href":"https:\/\/darwinforever.com\/index.php\/wp-json\/wp\/v2\/media?parent=4028"}],"curies":[{"name":"wp","href":"https:\/\/api.w.org\/{rel}","templated":true}]}}