{"id":3650,"date":"2022-09-15T09:56:03","date_gmt":"2022-09-15T07:56:03","guid":{"rendered":"https:\/\/darwinforever.com\/?page_id=3650"},"modified":"2022-09-30T17:48:30","modified_gmt":"2022-09-30T15:48:30","slug":"chronique-les-amis-des-animaux-et-de-la-nature-avec-christophe-guillarme","status":"publish","type":"page","link":"https:\/\/darwinforever.com\/index.php\/chronique-les-amis-des-animaux-et-de-la-nature-avec-christophe-guillarme\/","title":{"rendered":"Chronique &#8220;Les Amis des Animaux et de la Nature&#8221; avec Christophe Guillarm\u00e9, cr\u00e9ateur de mode"},"content":{"rendered":"\n<p>&#8220;Merci \u00e0 <strong>Christophe Guillarm\u00e9<\/strong> pour son approche respectueuse envers les animaux et de leur environnement &#8221; Mathilde Fondatrice de Darwin Forever<\/p>\n\n\n\n<p><em><strong>&#8220;M\u00eame l&#8217;industrie du luxe doit changer : se servir sur les animaux, ce n&#8217;est pas du luxe!&#8221;<\/strong><\/em> <strong><em>CG<\/em><\/strong><\/p>\n\n\n\n<p>L\u2019interview a \u00e9t\u00e9 diffus\u00e9e dans la chronique Darwin Forever \u201cLes Amis des Animaux et de la Nature\u201d dans le magazine Kids-Matin du mois de mai 2022 diffus\u00e9 dans les journaux de Nice-Matin, de Var-Matin et de Monaco-Matin et sur darwinforever.com<\/p>\n\n\n\n<figure class=\"wp-block-image size-large\"><img data-recalc-dims=\"1\" loading=\"lazy\" decoding=\"async\" width=\"696\" height=\"941\" data-orig-file=\"https:\/\/i0.wp.com\/darwinforever.com\/wp-content\/uploads\/2022\/09\/ITW-Christophe-Guillarme-Darwin-FOrever.jpg?fit=902%2C1220&amp;ssl=1\" data-attachment-url=\"https:\/\/darwinforever.com\/index.php\/chronique-les-amis-des-animaux-et-de-la-nature-avec-christophe-guillarme\/itw-christophe-guillarme-darwin-forever\/\" data-aspectratio=\"0.74\" data-caption=\"\" data-image-title=\"ITW-Christophe-Guillarme-Darwin-FOrever\" data-image-description=\"\" srcset=\"https:\/\/i0.wp.com\/darwinforever.com\/wp-content\/uploads\/2022\/09\/ITW-Christophe-Guillarme-Darwin-FOrever.jpg?w=902&amp;ssl=1 902w, https:\/\/i0.wp.com\/darwinforever.com\/wp-content\/uploads\/2022\/09\/ITW-Christophe-Guillarme-Darwin-FOrever.jpg?resize=222%2C300&amp;ssl=1 222w, https:\/\/i0.wp.com\/darwinforever.com\/wp-content\/uploads\/2022\/09\/ITW-Christophe-Guillarme-Darwin-FOrever.jpg?resize=757%2C1024&amp;ssl=1 757w, https:\/\/i0.wp.com\/darwinforever.com\/wp-content\/uploads\/2022\/09\/ITW-Christophe-Guillarme-Darwin-FOrever.jpg?resize=768%2C1039&amp;ssl=1 768w\" src=\"https:\/\/i0.wp.com\/darwinforever.com\/wp-content\/uploads\/2022\/09\/ITW-Christophe-Guillarme-Darwin-FOrever.jpg?resize=696%2C941&#038;ssl=1\" alt=\". .\" class=\"wp-image-3652\"\/><\/figure>\n\n<script type=\"application\/ld+json\">[\n    {\n        \"@context\": \"https:\/\/schema.org\/\",\n        \"@type\": \"ImageObject\",\n        \"contentUrl\": \"https:\/\/darwinforever.com\/wp-content\/uploads\/2022\/09\/ITW-Christophe-Guillarme-Darwin-FOrever.jpg\",\n        \"license\": \"\",\n        \"acquireLicensePage\": \"\"\n    }\n]<\/script>\n\n\n<figure class=\"wp-block-image size-large\"><img data-recalc-dims=\"1\" loading=\"lazy\" decoding=\"async\" width=\"696\" height=\"465\" data-orig-file=\"https:\/\/i0.wp.com\/darwinforever.com\/wp-content\/uploads\/2022\/09\/photo_2022-09-15_09-48-42.jpg?fit=1280%2C855&amp;ssl=1\" data-attachment-url=\"https:\/\/darwinforever.com\/index.php\/chronique-les-amis-des-animaux-et-de-la-nature-avec-christophe-guillarme\/photo_2022-09-15_09-48-42\/\" data-aspectratio=\"1.5\" data-caption=\"\" data-image-title=\"photo_2022-09-15_09-48-42\" data-image-description=\"\" srcset=\"https:\/\/i0.wp.com\/darwinforever.com\/wp-content\/uploads\/2022\/09\/photo_2022-09-15_09-48-42.jpg?w=1280&amp;ssl=1 1280w, https:\/\/i0.wp.com\/darwinforever.com\/wp-content\/uploads\/2022\/09\/photo_2022-09-15_09-48-42.jpg?resize=300%2C200&amp;ssl=1 300w, https:\/\/i0.wp.com\/darwinforever.com\/wp-content\/uploads\/2022\/09\/photo_2022-09-15_09-48-42.jpg?resize=1024%2C684&amp;ssl=1 1024w, https:\/\/i0.wp.com\/darwinforever.com\/wp-content\/uploads\/2022\/09\/photo_2022-09-15_09-48-42.jpg?resize=768%2C513&amp;ssl=1 768w\" src=\"https:\/\/i0.wp.com\/darwinforever.com\/wp-content\/uploads\/2022\/09\/photo_2022-09-15_09-48-42.jpg?resize=696%2C465&#038;ssl=1\" alt=\". .\" class=\"wp-image-3654\"\/><figcaption>L&#8217;interview s&#8217;est d\u00e9roul\u00e9e dans le showroom parisien de Christophe Guillarm\u00e9 <\/figcaption><\/figure>\n\n<script type=\"application\/ld+json\">[\n    {\n        \"@context\": \"https:\/\/schema.org\/\",\n        \"@type\": \"ImageObject\",\n        \"contentUrl\": \"https:\/\/darwinforever.com\/wp-content\/uploads\/2022\/09\/photo_2022-09-15_09-48-42.jpg\",\n        \"license\": \"\",\n        \"acquireLicensePage\": \"\"\n    }\n]<\/script>\n\n\n<figure class=\"wp-block-video\"><video height=\"640\" style=\"aspect-ratio: 352 \/ 640;\" width=\"352\" controls src=\"https:\/\/darwinforever.com\/wp-content\/uploads\/2022\/09\/video_2022-09-15_09-37-28.mp4\"><\/video><\/figure>\n\n\n\n\n\n<p><\/p>\n","protected":false},"excerpt":{"rendered":"<p>&#8220;Merci \u00e0 Christophe Guillarm\u00e9 pour son approche respectueuse envers les animaux et de leur environnement &#8221; Mathilde Fondatrice de Darwin Forever &#8220;M\u00eame l&#8217;industrie du luxe doit changer : se servir<\/p><\/div>\n<div class=\"blog-btn\"><a href=\"https:\/\/darwinforever.com\/index.php\/chronique-les-amis-des-animaux-et-de-la-nature-avec-christophe-guillarme\/\" class=\"home-blog-btn\">Lire la suite<\/a><\/p>\n","protected":false},"author":7,"featured_media":0,"parent":0,"menu_order":0,"comment_status":"closed","ping_status":"closed","template":"","meta":{"_bbp_topic_count":0,"_bbp_reply_count":0,"_bbp_total_topic_count":0,"_bbp_total_reply_count":0,"_bbp_voice_count":0,"_bbp_anonymous_reply_count":0,"_bbp_topic_count_hidden":0,"_bbp_reply_count_hidden":0,"_bbp_forum_subforum_count":0,"jetpack_post_was_ever_published":false,"footnotes":""},"class_list":["post-3650","page","type-page","status-publish","hentry"],"yoast_head":"<!-- This site is optimized with the Yoast SEO plugin v27.3 - https:\/\/yoast.com\/product\/yoast-seo-wordpress\/ -->\n<title>Chronique &quot;Les Amis des Animaux et de la Nature&quot; avec Christophe Guillarm\u00e9, cr\u00e9ateur de mode - Darwin Forever<\/title>\n<meta name=\"robots\" content=\"index, follow, max-snippet:-1, max-image-preview:large, max-video-preview:-1\" \/>\n<link rel=\"canonical\" href=\"https:\/\/darwinforever.com\/index.php\/chronique-les-amis-des-animaux-et-de-la-nature-avec-christophe-guillarme\/\" \/>\n<meta property=\"og:locale\" content=\"fr_FR\" \/>\n<meta property=\"og:type\" content=\"article\" \/>\n<meta property=\"og:title\" content=\"Chronique &quot;Les Amis des Animaux et de la Nature&quot; avec Christophe Guillarm\u00e9, cr\u00e9ateur de mode - Darwin Forever\" \/>\n<meta property=\"og:description\" content=\"&#8220;Merci \u00e0 Christophe Guillarm\u00e9 pour son approche respectueuse envers les animaux et de leur environnement &#8221; Mathilde Fondatrice de Darwin Forever &#8220;M\u00eame l&#8217;industrie du luxe doit changer : se servirLire la suite\" \/>\n<meta property=\"og:url\" content=\"https:\/\/darwinforever.com\/index.php\/chronique-les-amis-des-animaux-et-de-la-nature-avec-christophe-guillarme\/\" \/>\n<meta property=\"og:site_name\" content=\"Darwin Forever\" \/>\n<meta property=\"article:publisher\" content=\"https:\/\/www.facebook.com\/darwinforever06\/\" \/>\n<meta property=\"article:modified_time\" content=\"2022-09-30T15:48:30+00:00\" \/>\n<meta property=\"og:image\" content=\"https:\/\/darwinforever.com\/wp-content\/uploads\/2022\/09\/ITW-Christophe-Guillarme-Darwin-FOrever-757x1024.jpg\" \/>\n<meta name=\"twitter:card\" content=\"summary_large_image\" \/>\n<meta name=\"twitter:label1\" content=\"Dur\u00e9e de lecture estim\u00e9e\" \/>\n\t<meta name=\"twitter:data1\" content=\"1 minute\" \/>\n<script type=\"application\/ld+json\" class=\"yoast-schema-graph\">{\"@context\":\"https:\\\/\\\/schema.org\",\"@graph\":[{\"@type\":\"WebPage\",\"@id\":\"https:\\\/\\\/darwinforever.com\\\/index.php\\\/chronique-les-amis-des-animaux-et-de-la-nature-avec-christophe-guillarme\\\/\",\"url\":\"https:\\\/\\\/darwinforever.com\\\/index.php\\\/chronique-les-amis-des-animaux-et-de-la-nature-avec-christophe-guillarme\\\/\",\"name\":\"Chronique \\\"Les Amis des Animaux et de la Nature\\\" avec Christophe Guillarm\u00e9, cr\u00e9ateur de mode - Darwin Forever\",\"isPartOf\":{\"@id\":\"https:\\\/\\\/darwinforever.com\\\/#website\"},\"primaryImageOfPage\":{\"@id\":\"https:\\\/\\\/darwinforever.com\\\/index.php\\\/chronique-les-amis-des-animaux-et-de-la-nature-avec-christophe-guillarme\\\/#primaryimage\"},\"image\":{\"@id\":\"https:\\\/\\\/darwinforever.com\\\/index.php\\\/chronique-les-amis-des-animaux-et-de-la-nature-avec-christophe-guillarme\\\/#primaryimage\"},\"thumbnailUrl\":\"https:\\\/\\\/darwinforever.com\\\/wp-content\\\/uploads\\\/2022\\\/09\\\/ITW-Christophe-Guillarme-Darwin-FOrever-757x1024.jpg\",\"datePublished\":\"2022-09-15T07:56:03+00:00\",\"dateModified\":\"2022-09-30T15:48:30+00:00\",\"breadcrumb\":{\"@id\":\"https:\\\/\\\/darwinforever.com\\\/index.php\\\/chronique-les-amis-des-animaux-et-de-la-nature-avec-christophe-guillarme\\\/#breadcrumb\"},\"inLanguage\":\"fr-FR\",\"potentialAction\":[{\"@type\":\"ReadAction\",\"target\":[\"https:\\\/\\\/darwinforever.com\\\/index.php\\\/chronique-les-amis-des-animaux-et-de-la-nature-avec-christophe-guillarme\\\/\"]}]},{\"@type\":\"ImageObject\",\"inLanguage\":\"fr-FR\",\"@id\":\"https:\\\/\\\/darwinforever.com\\\/index.php\\\/chronique-les-amis-des-animaux-et-de-la-nature-avec-christophe-guillarme\\\/#primaryimage\",\"url\":\"https:\\\/\\\/i0.wp.com\\\/darwinforever.com\\\/wp-content\\\/uploads\\\/2022\\\/09\\\/ITW-Christophe-Guillarme-Darwin-FOrever.jpg?fit=902%2C1220&ssl=1\",\"contentUrl\":\"https:\\\/\\\/i0.wp.com\\\/darwinforever.com\\\/wp-content\\\/uploads\\\/2022\\\/09\\\/ITW-Christophe-Guillarme-Darwin-FOrever.jpg?fit=902%2C1220&ssl=1\",\"width\":902,\"height\":1220,\"caption\":\". .\"},{\"@type\":\"BreadcrumbList\",\"@id\":\"https:\\\/\\\/darwinforever.com\\\/index.php\\\/chronique-les-amis-des-animaux-et-de-la-nature-avec-christophe-guillarme\\\/#breadcrumb\",\"itemListElement\":[{\"@type\":\"ListItem\",\"position\":1,\"name\":\"Accueil\",\"item\":\"https:\\\/\\\/darwinforever.com\\\/\"},{\"@type\":\"ListItem\",\"position\":2,\"name\":\"Chronique &#8220;Les Amis des Animaux et de la Nature&#8221; avec Christophe Guillarm\u00e9, cr\u00e9ateur de mode\"}]},{\"@type\":\"WebSite\",\"@id\":\"https:\\\/\\\/darwinforever.com\\\/#website\",\"url\":\"https:\\\/\\\/darwinforever.com\\\/\",\"name\":\"Darwin Forever\",\"description\":\"Communaut\u00e9 de Jeunes Engag\u00e9s en faveur des Animaux et de leur Environnement\",\"publisher\":{\"@id\":\"https:\\\/\\\/darwinforever.com\\\/#organization\"},\"potentialAction\":[{\"@type\":\"SearchAction\",\"target\":{\"@type\":\"EntryPoint\",\"urlTemplate\":\"https:\\\/\\\/darwinforever.com\\\/?s={search_term_string}\"},\"query-input\":{\"@type\":\"PropertyValueSpecification\",\"valueRequired\":true,\"valueName\":\"search_term_string\"}}],\"inLanguage\":\"fr-FR\"},{\"@type\":\"Organization\",\"@id\":\"https:\\\/\\\/darwinforever.com\\\/#organization\",\"name\":\"Darwin Forever\",\"url\":\"https:\\\/\\\/darwinforever.com\\\/\",\"logo\":{\"@type\":\"ImageObject\",\"inLanguage\":\"fr-FR\",\"@id\":\"https:\\\/\\\/darwinforever.com\\\/#\\\/schema\\\/logo\\\/image\\\/\",\"url\":\"https:\\\/\\\/i0.wp.com\\\/darwinforever.com\\\/wp-content\\\/uploads\\\/2020\\\/11\\\/cropped-cropped-Logo-Darwin-Forever-scaled-1.jpg?fit=210%2C184&ssl=1\",\"contentUrl\":\"https:\\\/\\\/i0.wp.com\\\/darwinforever.com\\\/wp-content\\\/uploads\\\/2020\\\/11\\\/cropped-cropped-Logo-Darwin-Forever-scaled-1.jpg?fit=210%2C184&ssl=1\",\"width\":210,\"height\":184,\"caption\":\"Darwin Forever\"},\"image\":{\"@id\":\"https:\\\/\\\/darwinforever.com\\\/#\\\/schema\\\/logo\\\/image\\\/\"},\"sameAs\":[\"https:\\\/\\\/www.facebook.com\\\/darwinforever06\\\/\",\"https:\\\/\\\/www.youtube.com\\\/channel\\\/UC0zCalAVmu2K_Xj4BMlfciA\"]}]}<\/script>\n<!-- \/ Yoast SEO plugin. -->","yoast_head_json":{"title":"Chronique \"Les Amis des Animaux et de la Nature\" avec Christophe Guillarm\u00e9, cr\u00e9ateur de mode - Darwin Forever","robots":{"index":"index","follow":"follow","max-snippet":"max-snippet:-1","max-image-preview":"max-image-preview:large","max-video-preview":"max-video-preview:-1"},"canonical":"https:\/\/darwinforever.com\/index.php\/chronique-les-amis-des-animaux-et-de-la-nature-avec-christophe-guillarme\/","og_locale":"fr_FR","og_type":"article","og_title":"Chronique \"Les Amis des Animaux et de la Nature\" avec Christophe Guillarm\u00e9, cr\u00e9ateur de mode - Darwin Forever","og_description":"&#8220;Merci \u00e0 Christophe Guillarm\u00e9 pour son approche respectueuse envers les animaux et de leur environnement &#8221; Mathilde Fondatrice de Darwin Forever &#8220;M\u00eame l&#8217;industrie du luxe doit changer : se servirLire la suite","og_url":"https:\/\/darwinforever.com\/index.php\/chronique-les-amis-des-animaux-et-de-la-nature-avec-christophe-guillarme\/","og_site_name":"Darwin Forever","article_publisher":"https:\/\/www.facebook.com\/darwinforever06\/","article_modified_time":"2022-09-30T15:48:30+00:00","og_image":[{"url":"https:\/\/darwinforever.com\/wp-content\/uploads\/2022\/09\/ITW-Christophe-Guillarme-Darwin-FOrever-757x1024.jpg","type":"","width":"","height":""}],"twitter_card":"summary_large_image","twitter_misc":{"Dur\u00e9e de lecture estim\u00e9e":"1 minute"},"schema":{"@context":"https:\/\/schema.org","@graph":[{"@type":"WebPage","@id":"https:\/\/darwinforever.com\/index.php\/chronique-les-amis-des-animaux-et-de-la-nature-avec-christophe-guillarme\/","url":"https:\/\/darwinforever.com\/index.php\/chronique-les-amis-des-animaux-et-de-la-nature-avec-christophe-guillarme\/","name":"Chronique \"Les Amis des Animaux et de la Nature\" avec Christophe Guillarm\u00e9, cr\u00e9ateur de mode - Darwin Forever","isPartOf":{"@id":"https:\/\/darwinforever.com\/#website"},"primaryImageOfPage":{"@id":"https:\/\/darwinforever.com\/index.php\/chronique-les-amis-des-animaux-et-de-la-nature-avec-christophe-guillarme\/#primaryimage"},"image":{"@id":"https:\/\/darwinforever.com\/index.php\/chronique-les-amis-des-animaux-et-de-la-nature-avec-christophe-guillarme\/#primaryimage"},"thumbnailUrl":"https:\/\/darwinforever.com\/wp-content\/uploads\/2022\/09\/ITW-Christophe-Guillarme-Darwin-FOrever-757x1024.jpg","datePublished":"2022-09-15T07:56:03+00:00","dateModified":"2022-09-30T15:48:30+00:00","breadcrumb":{"@id":"https:\/\/darwinforever.com\/index.php\/chronique-les-amis-des-animaux-et-de-la-nature-avec-christophe-guillarme\/#breadcrumb"},"inLanguage":"fr-FR","potentialAction":[{"@type":"ReadAction","target":["https:\/\/darwinforever.com\/index.php\/chronique-les-amis-des-animaux-et-de-la-nature-avec-christophe-guillarme\/"]}]},{"@type":"ImageObject","inLanguage":"fr-FR","@id":"https:\/\/darwinforever.com\/index.php\/chronique-les-amis-des-animaux-et-de-la-nature-avec-christophe-guillarme\/#primaryimage","url":"https:\/\/i0.wp.com\/darwinforever.com\/wp-content\/uploads\/2022\/09\/ITW-Christophe-Guillarme-Darwin-FOrever.jpg?fit=902%2C1220&ssl=1","contentUrl":"https:\/\/i0.wp.com\/darwinforever.com\/wp-content\/uploads\/2022\/09\/ITW-Christophe-Guillarme-Darwin-FOrever.jpg?fit=902%2C1220&ssl=1","width":902,"height":1220,"caption":". ."},{"@type":"BreadcrumbList","@id":"https:\/\/darwinforever.com\/index.php\/chronique-les-amis-des-animaux-et-de-la-nature-avec-christophe-guillarme\/#breadcrumb","itemListElement":[{"@type":"ListItem","position":1,"name":"Accueil","item":"https:\/\/darwinforever.com\/"},{"@type":"ListItem","position":2,"name":"Chronique &#8220;Les Amis des Animaux et de la Nature&#8221; avec Christophe Guillarm\u00e9, cr\u00e9ateur de mode"}]},{"@type":"WebSite","@id":"https:\/\/darwinforever.com\/#website","url":"https:\/\/darwinforever.com\/","name":"Darwin Forever","description":"Communaut\u00e9 de Jeunes Engag\u00e9s en faveur des Animaux et de leur Environnement","publisher":{"@id":"https:\/\/darwinforever.com\/#organization"},"potentialAction":[{"@type":"SearchAction","target":{"@type":"EntryPoint","urlTemplate":"https:\/\/darwinforever.com\/?s={search_term_string}"},"query-input":{"@type":"PropertyValueSpecification","valueRequired":true,"valueName":"search_term_string"}}],"inLanguage":"fr-FR"},{"@type":"Organization","@id":"https:\/\/darwinforever.com\/#organization","name":"Darwin Forever","url":"https:\/\/darwinforever.com\/","logo":{"@type":"ImageObject","inLanguage":"fr-FR","@id":"https:\/\/darwinforever.com\/#\/schema\/logo\/image\/","url":"https:\/\/i0.wp.com\/darwinforever.com\/wp-content\/uploads\/2020\/11\/cropped-cropped-Logo-Darwin-Forever-scaled-1.jpg?fit=210%2C184&ssl=1","contentUrl":"https:\/\/i0.wp.com\/darwinforever.com\/wp-content\/uploads\/2020\/11\/cropped-cropped-Logo-Darwin-Forever-scaled-1.jpg?fit=210%2C184&ssl=1","width":210,"height":184,"caption":"Darwin Forever"},"image":{"@id":"https:\/\/darwinforever.com\/#\/schema\/logo\/image\/"},"sameAs":["https:\/\/www.facebook.com\/darwinforever06\/","https:\/\/www.youtube.com\/channel\/UC0zCalAVmu2K_Xj4BMlfciA"]}]}},"jetpack_sharing_enabled":true,"jetpack_likes_enabled":true,"_links":{"self":[{"href":"https:\/\/darwinforever.com\/index.php\/wp-json\/wp\/v2\/pages\/3650","targetHints":{"allow":["GET"]}}],"collection":[{"href":"https:\/\/darwinforever.com\/index.php\/wp-json\/wp\/v2\/pages"}],"about":[{"href":"https:\/\/darwinforever.com\/index.php\/wp-json\/wp\/v2\/types\/page"}],"author":[{"embeddable":true,"href":"https:\/\/darwinforever.com\/index.php\/wp-json\/wp\/v2\/users\/7"}],"replies":[{"embeddable":true,"href":"https:\/\/darwinforever.com\/index.php\/wp-json\/wp\/v2\/comments?post=3650"}],"version-history":[{"count":5,"href":"https:\/\/darwinforever.com\/index.php\/wp-json\/wp\/v2\/pages\/3650\/revisions"}],"predecessor-version":[{"id":3660,"href":"https:\/\/darwinforever.com\/index.php\/wp-json\/wp\/v2\/pages\/3650\/revisions\/3660"}],"wp:attachment":[{"href":"https:\/\/darwinforever.com\/index.php\/wp-json\/wp\/v2\/media?parent=3650"}],"curies":[{"name":"wp","href":"https:\/\/api.w.org\/{rel}","templated":true}]}}