{"id":3634,"date":"2022-09-08T16:12:04","date_gmt":"2022-09-08T14:12:04","guid":{"rendered":"https:\/\/darwinforever.com\/?page_id=3634"},"modified":"2022-09-08T16:12:05","modified_gmt":"2022-09-08T14:12:05","slug":"chronique-les-amis-des-animaux-et-de-la-nature-avec-agatha-maksimova","status":"publish","type":"page","link":"https:\/\/darwinforever.com\/index.php\/chronique-les-amis-des-animaux-et-de-la-nature-avec-agatha-maksimova\/","title":{"rendered":"Chronique &#8220;Les Amis des Animaux et de la Nature&#8221; avec Agatha Maksimova"},"content":{"rendered":"\n<p>L\u2019interview <strong>d&#8217;Agatha Maksimova<\/strong> a \u00e9t\u00e9 r\u00e9alis\u00e9e \u00e0 Paris \u00e0 l&#8217;h\u00f4tel Four Seasons H\u00f4tel George V pour la chronique Darwin Forever \u201cLes Amis des Animaux et de la Nature\u201d <\/p>\n\n\n<div class=\"wp-block-image\">\n<figure class=\"aligncenter size-large is-resized\"><img data-recalc-dims=\"1\" loading=\"lazy\" decoding=\"async\" data-orig-file=\"https:\/\/i0.wp.com\/darwinforever.com\/wp-content\/uploads\/2022\/09\/photo-Agatha.jpg?fit=576%2C1280&amp;ssl=1\" data-attachment-url=\"https:\/\/darwinforever.com\/index.php\/chronique-les-amis-des-animaux-et-de-la-nature-avec-agatha-maksimova\/photo-agatha\/\" data-aspectratio=\"0.45\" data-caption=\"\" data-image-title=\"photo-Agatha\" data-image-description=\"\" srcset=\"https:\/\/i0.wp.com\/darwinforever.com\/wp-content\/uploads\/2022\/09\/photo-Agatha.jpg?w=576&amp;ssl=1 576w, https:\/\/i0.wp.com\/darwinforever.com\/wp-content\/uploads\/2022\/09\/photo-Agatha.jpg?resize=135%2C300&amp;ssl=1 135w, https:\/\/i0.wp.com\/darwinforever.com\/wp-content\/uploads\/2022\/09\/photo-Agatha.jpg?resize=461%2C1024&amp;ssl=1 461w\" src=\"https:\/\/i0.wp.com\/darwinforever.com\/wp-content\/uploads\/2022\/09\/photo-Agatha.jpg?resize=414%2C919&#038;ssl=1\" alt=\". .\" class=\"wp-image-3636\" width=\"414\" height=\"919\"\/><\/figure>\n\n<script type=\"application\/ld+json\">[\n    {\n        \"@context\": \"https:\/\/schema.org\/\",\n        \"@type\": \"ImageObject\",\n        \"contentUrl\": \"https:\/\/darwinforever.com\/wp-content\/uploads\/2022\/09\/photo-Agatha.jpg\",\n        \"license\": \"\",\n        \"acquireLicensePage\": \"\"\n    }\n]<\/script><\/div>\n\n\n<figure class=\"wp-block-image size-large\"><img data-recalc-dims=\"1\" loading=\"lazy\" decoding=\"async\" width=\"696\" height=\"916\" data-orig-file=\"https:\/\/i0.wp.com\/darwinforever.com\/wp-content\/uploads\/2022\/09\/Chronique-Darwiin-Forever-Les-Amis-des-Animaux-et-de-la-Nature.jpg?fit=909%2C1196&amp;ssl=1\" data-attachment-url=\"https:\/\/darwinforever.com\/index.php\/chronique-les-amis-des-animaux-et-de-la-nature-avec-agatha-maksimova\/chronique-darwiin-forever-les-amis-des-animaux-et-de-la-nature\/\" data-aspectratio=\"0.76\" data-caption=\"\" data-image-title=\"Chronique-Darwiin-Forever-Les-Amis-des-Animaux-et-de-la-Nature\" data-image-description=\"\" srcset=\"https:\/\/i0.wp.com\/darwinforever.com\/wp-content\/uploads\/2022\/09\/Chronique-Darwiin-Forever-Les-Amis-des-Animaux-et-de-la-Nature.jpg?w=909&amp;ssl=1 909w, https:\/\/i0.wp.com\/darwinforever.com\/wp-content\/uploads\/2022\/09\/Chronique-Darwiin-Forever-Les-Amis-des-Animaux-et-de-la-Nature.jpg?resize=228%2C300&amp;ssl=1 228w, https:\/\/i0.wp.com\/darwinforever.com\/wp-content\/uploads\/2022\/09\/Chronique-Darwiin-Forever-Les-Amis-des-Animaux-et-de-la-Nature.jpg?resize=778%2C1024&amp;ssl=1 778w, https:\/\/i0.wp.com\/darwinforever.com\/wp-content\/uploads\/2022\/09\/Chronique-Darwiin-Forever-Les-Amis-des-Animaux-et-de-la-Nature.jpg?resize=768%2C1010&amp;ssl=1 768w\" src=\"https:\/\/i0.wp.com\/darwinforever.com\/wp-content\/uploads\/2022\/09\/Chronique-Darwiin-Forever-Les-Amis-des-Animaux-et-de-la-Nature.jpg?resize=696%2C916&#038;ssl=1\" alt=\". .\" class=\"wp-image-3635\"\/><\/figure>\n\n<script type=\"application\/ld+json\">[\n    {\n        \"@context\": \"https:\/\/schema.org\/\",\n        \"@type\": \"ImageObject\",\n        \"contentUrl\": \"https:\/\/darwinforever.com\/wp-content\/uploads\/2022\/09\/Chronique-Darwiin-Forever-Les-Amis-des-Animaux-et-de-la-Nature.jpg\",\n        \"license\": \"\",\n        \"acquireLicensePage\": \"\"\n    }\n]<\/script>\n\n\n<figure class=\"wp-block-image size-large\"><img data-recalc-dims=\"1\" loading=\"lazy\" decoding=\"async\" width=\"696\" height=\"313\" data-orig-file=\"https:\/\/i0.wp.com\/darwinforever.com\/wp-content\/uploads\/2022\/09\/photo-Agatha2.jpg?fit=1280%2C576&amp;ssl=1\" data-attachment-url=\"https:\/\/darwinforever.com\/index.php\/chronique-les-amis-des-animaux-et-de-la-nature-avec-agatha-maksimova\/photo-agatha2\/\" data-aspectratio=\"2.22\" data-caption=\"\" data-image-title=\"photo-Agatha2\" data-image-description=\"\" srcset=\"https:\/\/i0.wp.com\/darwinforever.com\/wp-content\/uploads\/2022\/09\/photo-Agatha2.jpg?w=1280&amp;ssl=1 1280w, https:\/\/i0.wp.com\/darwinforever.com\/wp-content\/uploads\/2022\/09\/photo-Agatha2.jpg?resize=300%2C135&amp;ssl=1 300w, https:\/\/i0.wp.com\/darwinforever.com\/wp-content\/uploads\/2022\/09\/photo-Agatha2.jpg?resize=1024%2C461&amp;ssl=1 1024w, https:\/\/i0.wp.com\/darwinforever.com\/wp-content\/uploads\/2022\/09\/photo-Agatha2.jpg?resize=768%2C346&amp;ssl=1 768w\" src=\"https:\/\/i0.wp.com\/darwinforever.com\/wp-content\/uploads\/2022\/09\/photo-Agatha2.jpg?resize=696%2C313&#038;ssl=1\" alt=\". .\" class=\"wp-image-3637\"\/><\/figure>\n\n<script type=\"application\/ld+json\">[\n    {\n        \"@context\": \"https:\/\/schema.org\/\",\n        \"@type\": \"ImageObject\",\n        \"contentUrl\": \"https:\/\/darwinforever.com\/wp-content\/uploads\/2022\/09\/photo-Agatha2.jpg\",\n        \"license\": \"\",\n        \"acquireLicensePage\": \"\"\n    }\n]<\/script>\n\n\n<figure class=\"wp-block-image size-large\"><img data-recalc-dims=\"1\" loading=\"lazy\" decoding=\"async\" width=\"696\" height=\"313\" data-orig-file=\"https:\/\/i0.wp.com\/darwinforever.com\/wp-content\/uploads\/2022\/09\/photo-Agatha-3.jpg?fit=1280%2C576&amp;ssl=1\" data-attachment-url=\"https:\/\/darwinforever.com\/index.php\/chronique-les-amis-des-animaux-et-de-la-nature-avec-agatha-maksimova\/photo-agatha-3\/\" data-aspectratio=\"2.22\" data-caption=\"\" data-image-title=\"photo-Agatha-3\" data-image-description=\"\" srcset=\"https:\/\/i0.wp.com\/darwinforever.com\/wp-content\/uploads\/2022\/09\/photo-Agatha-3.jpg?w=1280&amp;ssl=1 1280w, https:\/\/i0.wp.com\/darwinforever.com\/wp-content\/uploads\/2022\/09\/photo-Agatha-3.jpg?resize=300%2C135&amp;ssl=1 300w, https:\/\/i0.wp.com\/darwinforever.com\/wp-content\/uploads\/2022\/09\/photo-Agatha-3.jpg?resize=1024%2C461&amp;ssl=1 1024w, https:\/\/i0.wp.com\/darwinforever.com\/wp-content\/uploads\/2022\/09\/photo-Agatha-3.jpg?resize=768%2C346&amp;ssl=1 768w\" src=\"https:\/\/i0.wp.com\/darwinforever.com\/wp-content\/uploads\/2022\/09\/photo-Agatha-3.jpg?resize=696%2C313&#038;ssl=1\" alt=\". .\" class=\"wp-image-3638\"\/><\/figure>\n\n<script type=\"application\/ld+json\">[\n    {\n        \"@context\": \"https:\/\/schema.org\/\",\n        \"@type\": \"ImageObject\",\n        \"contentUrl\": \"https:\/\/darwinforever.com\/wp-content\/uploads\/2022\/09\/photo-Agatha-3.jpg\",\n        \"license\": \"\",\n        \"acquireLicensePage\": \"\"\n    }\n]<\/script>\n\n\n<figure class=\"wp-block-image size-large\"><img data-recalc-dims=\"1\" loading=\"lazy\" decoding=\"async\" width=\"696\" height=\"313\" data-orig-file=\"https:\/\/i0.wp.com\/darwinforever.com\/wp-content\/uploads\/2022\/09\/photo-Agatha4.jpg?fit=1280%2C576&amp;ssl=1\" data-attachment-url=\"https:\/\/darwinforever.com\/index.php\/chronique-les-amis-des-animaux-et-de-la-nature-avec-agatha-maksimova\/photo-agatha4\/\" data-aspectratio=\"2.22\" data-caption=\"\" data-image-title=\"photo-Agatha4\" data-image-description=\"\" srcset=\"https:\/\/i0.wp.com\/darwinforever.com\/wp-content\/uploads\/2022\/09\/photo-Agatha4.jpg?w=1280&amp;ssl=1 1280w, https:\/\/i0.wp.com\/darwinforever.com\/wp-content\/uploads\/2022\/09\/photo-Agatha4.jpg?resize=300%2C135&amp;ssl=1 300w, https:\/\/i0.wp.com\/darwinforever.com\/wp-content\/uploads\/2022\/09\/photo-Agatha4.jpg?resize=1024%2C461&amp;ssl=1 1024w, https:\/\/i0.wp.com\/darwinforever.com\/wp-content\/uploads\/2022\/09\/photo-Agatha4.jpg?resize=768%2C346&amp;ssl=1 768w\" src=\"https:\/\/i0.wp.com\/darwinforever.com\/wp-content\/uploads\/2022\/09\/photo-Agatha4.jpg?resize=696%2C313&#038;ssl=1\" alt=\". .\" class=\"wp-image-3639\"\/><\/figure>\n\n<script type=\"application\/ld+json\">[\n    {\n        \"@context\": \"https:\/\/schema.org\/\",\n        \"@type\": \"ImageObject\",\n        \"contentUrl\": \"https:\/\/darwinforever.com\/wp-content\/uploads\/2022\/09\/photo-Agatha4.jpg\",\n        \"license\": \"\",\n        \"acquireLicensePage\": \"\"\n    }\n]<\/script>","protected":false},"excerpt":{"rendered":"<p>L\u2019interview d&#8217;Agatha Maksimova a \u00e9t\u00e9 r\u00e9alis\u00e9e \u00e0 Paris \u00e0 l&#8217;h\u00f4tel Four Seasons H\u00f4tel George V pour la chronique Darwin Forever \u201cLes Amis des Animaux et de la Nature\u201d<\/p>\n","protected":false},"author":7,"featured_media":0,"parent":0,"menu_order":0,"comment_status":"closed","ping_status":"closed","template":"","meta":{"_bbp_topic_count":0,"_bbp_reply_count":0,"_bbp_total_topic_count":0,"_bbp_total_reply_count":0,"_bbp_voice_count":0,"_bbp_anonymous_reply_count":0,"_bbp_topic_count_hidden":0,"_bbp_reply_count_hidden":0,"_bbp_forum_subforum_count":0,"jetpack_post_was_ever_published":false,"footnotes":""},"class_list":["post-3634","page","type-page","status-publish","hentry"],"yoast_head":"<!-- This site is optimized with the Yoast SEO plugin v27.4 - https:\/\/yoast.com\/product\/yoast-seo-wordpress\/ -->\n<title>Chronique &quot;Les Amis des Animaux et de la Nature&quot; avec Agatha Maksimova - Darwin Forever<\/title>\n<meta name=\"robots\" content=\"index, follow, max-snippet:-1, max-image-preview:large, max-video-preview:-1\" \/>\n<link rel=\"canonical\" href=\"https:\/\/darwinforever.com\/index.php\/chronique-les-amis-des-animaux-et-de-la-nature-avec-agatha-maksimova\/\" \/>\n<meta property=\"og:locale\" content=\"fr_FR\" \/>\n<meta property=\"og:type\" content=\"article\" \/>\n<meta property=\"og:title\" content=\"Chronique &quot;Les Amis des Animaux et de la Nature&quot; avec Agatha Maksimova - Darwin Forever\" \/>\n<meta property=\"og:description\" content=\"L\u2019interview d&#8217;Agatha Maksimova a \u00e9t\u00e9 r\u00e9alis\u00e9e \u00e0 Paris \u00e0 l&#8217;h\u00f4tel Four Seasons H\u00f4tel George V pour la chronique Darwin Forever \u201cLes Amis des Animaux et de la Nature\u201d\" \/>\n<meta property=\"og:url\" content=\"https:\/\/darwinforever.com\/index.php\/chronique-les-amis-des-animaux-et-de-la-nature-avec-agatha-maksimova\/\" \/>\n<meta property=\"og:site_name\" content=\"Darwin Forever\" \/>\n<meta property=\"article:publisher\" content=\"https:\/\/www.facebook.com\/darwinforever06\/\" \/>\n<meta property=\"article:modified_time\" content=\"2022-09-08T14:12:05+00:00\" \/>\n<meta property=\"og:image\" content=\"https:\/\/darwinforever.com\/wp-content\/uploads\/2022\/09\/photo-Agatha-461x1024.jpg\" \/>\n<meta name=\"twitter:card\" content=\"summary_large_image\" \/>\n<meta name=\"twitter:label1\" content=\"Dur\u00e9e de lecture estim\u00e9e\" \/>\n\t<meta name=\"twitter:data1\" content=\"2 minutes\" \/>\n<script type=\"application\/ld+json\" class=\"yoast-schema-graph\">{\"@context\":\"https:\\\/\\\/schema.org\",\"@graph\":[{\"@type\":\"WebPage\",\"@id\":\"https:\\\/\\\/darwinforever.com\\\/index.php\\\/chronique-les-amis-des-animaux-et-de-la-nature-avec-agatha-maksimova\\\/\",\"url\":\"https:\\\/\\\/darwinforever.com\\\/index.php\\\/chronique-les-amis-des-animaux-et-de-la-nature-avec-agatha-maksimova\\\/\",\"name\":\"Chronique \\\"Les Amis des Animaux et de la Nature\\\" avec Agatha Maksimova - Darwin Forever\",\"isPartOf\":{\"@id\":\"https:\\\/\\\/darwinforever.com\\\/#website\"},\"primaryImageOfPage\":{\"@id\":\"https:\\\/\\\/darwinforever.com\\\/index.php\\\/chronique-les-amis-des-animaux-et-de-la-nature-avec-agatha-maksimova\\\/#primaryimage\"},\"image\":{\"@id\":\"https:\\\/\\\/darwinforever.com\\\/index.php\\\/chronique-les-amis-des-animaux-et-de-la-nature-avec-agatha-maksimova\\\/#primaryimage\"},\"thumbnailUrl\":\"https:\\\/\\\/darwinforever.com\\\/wp-content\\\/uploads\\\/2022\\\/09\\\/photo-Agatha-461x1024.jpg\",\"datePublished\":\"2022-09-08T14:12:04+00:00\",\"dateModified\":\"2022-09-08T14:12:05+00:00\",\"breadcrumb\":{\"@id\":\"https:\\\/\\\/darwinforever.com\\\/index.php\\\/chronique-les-amis-des-animaux-et-de-la-nature-avec-agatha-maksimova\\\/#breadcrumb\"},\"inLanguage\":\"fr-FR\",\"potentialAction\":[{\"@type\":\"ReadAction\",\"target\":[\"https:\\\/\\\/darwinforever.com\\\/index.php\\\/chronique-les-amis-des-animaux-et-de-la-nature-avec-agatha-maksimova\\\/\"]}]},{\"@type\":\"ImageObject\",\"inLanguage\":\"fr-FR\",\"@id\":\"https:\\\/\\\/darwinforever.com\\\/index.php\\\/chronique-les-amis-des-animaux-et-de-la-nature-avec-agatha-maksimova\\\/#primaryimage\",\"url\":\"https:\\\/\\\/i0.wp.com\\\/darwinforever.com\\\/wp-content\\\/uploads\\\/2022\\\/09\\\/photo-Agatha.jpg?fit=576%2C1280&ssl=1\",\"contentUrl\":\"https:\\\/\\\/i0.wp.com\\\/darwinforever.com\\\/wp-content\\\/uploads\\\/2022\\\/09\\\/photo-Agatha.jpg?fit=576%2C1280&ssl=1\",\"width\":576,\"height\":1280,\"caption\":\". .\"},{\"@type\":\"BreadcrumbList\",\"@id\":\"https:\\\/\\\/darwinforever.com\\\/index.php\\\/chronique-les-amis-des-animaux-et-de-la-nature-avec-agatha-maksimova\\\/#breadcrumb\",\"itemListElement\":[{\"@type\":\"ListItem\",\"position\":1,\"name\":\"Accueil\",\"item\":\"https:\\\/\\\/darwinforever.com\\\/\"},{\"@type\":\"ListItem\",\"position\":2,\"name\":\"Chronique &#8220;Les Amis des Animaux et de la Nature&#8221; avec Agatha Maksimova\"}]},{\"@type\":\"WebSite\",\"@id\":\"https:\\\/\\\/darwinforever.com\\\/#website\",\"url\":\"https:\\\/\\\/darwinforever.com\\\/\",\"name\":\"Darwin Forever\",\"description\":\"Communaut\u00e9 de Jeunes Engag\u00e9s en faveur des Animaux et de leur Environnement\",\"publisher\":{\"@id\":\"https:\\\/\\\/darwinforever.com\\\/#organization\"},\"potentialAction\":[{\"@type\":\"SearchAction\",\"target\":{\"@type\":\"EntryPoint\",\"urlTemplate\":\"https:\\\/\\\/darwinforever.com\\\/?s={search_term_string}\"},\"query-input\":{\"@type\":\"PropertyValueSpecification\",\"valueRequired\":true,\"valueName\":\"search_term_string\"}}],\"inLanguage\":\"fr-FR\"},{\"@type\":\"Organization\",\"@id\":\"https:\\\/\\\/darwinforever.com\\\/#organization\",\"name\":\"Darwin Forever\",\"url\":\"https:\\\/\\\/darwinforever.com\\\/\",\"logo\":{\"@type\":\"ImageObject\",\"inLanguage\":\"fr-FR\",\"@id\":\"https:\\\/\\\/darwinforever.com\\\/#\\\/schema\\\/logo\\\/image\\\/\",\"url\":\"https:\\\/\\\/i0.wp.com\\\/darwinforever.com\\\/wp-content\\\/uploads\\\/2020\\\/11\\\/cropped-cropped-Logo-Darwin-Forever-scaled-1.jpg?fit=210%2C184&ssl=1\",\"contentUrl\":\"https:\\\/\\\/i0.wp.com\\\/darwinforever.com\\\/wp-content\\\/uploads\\\/2020\\\/11\\\/cropped-cropped-Logo-Darwin-Forever-scaled-1.jpg?fit=210%2C184&ssl=1\",\"width\":210,\"height\":184,\"caption\":\"Darwin Forever\"},\"image\":{\"@id\":\"https:\\\/\\\/darwinforever.com\\\/#\\\/schema\\\/logo\\\/image\\\/\"},\"sameAs\":[\"https:\\\/\\\/www.facebook.com\\\/darwinforever06\\\/\",\"https:\\\/\\\/www.youtube.com\\\/channel\\\/UC0zCalAVmu2K_Xj4BMlfciA\"]}]}<\/script>\n<!-- \/ Yoast SEO plugin. -->","yoast_head_json":{"title":"Chronique \"Les Amis des Animaux et de la Nature\" avec Agatha Maksimova - Darwin Forever","robots":{"index":"index","follow":"follow","max-snippet":"max-snippet:-1","max-image-preview":"max-image-preview:large","max-video-preview":"max-video-preview:-1"},"canonical":"https:\/\/darwinforever.com\/index.php\/chronique-les-amis-des-animaux-et-de-la-nature-avec-agatha-maksimova\/","og_locale":"fr_FR","og_type":"article","og_title":"Chronique \"Les Amis des Animaux et de la Nature\" avec Agatha Maksimova - Darwin Forever","og_description":"L\u2019interview d&#8217;Agatha Maksimova a \u00e9t\u00e9 r\u00e9alis\u00e9e \u00e0 Paris \u00e0 l&#8217;h\u00f4tel Four Seasons H\u00f4tel George V pour la chronique Darwin Forever \u201cLes Amis des Animaux et de la Nature\u201d","og_url":"https:\/\/darwinforever.com\/index.php\/chronique-les-amis-des-animaux-et-de-la-nature-avec-agatha-maksimova\/","og_site_name":"Darwin Forever","article_publisher":"https:\/\/www.facebook.com\/darwinforever06\/","article_modified_time":"2022-09-08T14:12:05+00:00","og_image":[{"url":"https:\/\/darwinforever.com\/wp-content\/uploads\/2022\/09\/photo-Agatha-461x1024.jpg","type":"","width":"","height":""}],"twitter_card":"summary_large_image","twitter_misc":{"Dur\u00e9e de lecture estim\u00e9e":"2 minutes"},"schema":{"@context":"https:\/\/schema.org","@graph":[{"@type":"WebPage","@id":"https:\/\/darwinforever.com\/index.php\/chronique-les-amis-des-animaux-et-de-la-nature-avec-agatha-maksimova\/","url":"https:\/\/darwinforever.com\/index.php\/chronique-les-amis-des-animaux-et-de-la-nature-avec-agatha-maksimova\/","name":"Chronique \"Les Amis des Animaux et de la Nature\" avec Agatha Maksimova - Darwin Forever","isPartOf":{"@id":"https:\/\/darwinforever.com\/#website"},"primaryImageOfPage":{"@id":"https:\/\/darwinforever.com\/index.php\/chronique-les-amis-des-animaux-et-de-la-nature-avec-agatha-maksimova\/#primaryimage"},"image":{"@id":"https:\/\/darwinforever.com\/index.php\/chronique-les-amis-des-animaux-et-de-la-nature-avec-agatha-maksimova\/#primaryimage"},"thumbnailUrl":"https:\/\/darwinforever.com\/wp-content\/uploads\/2022\/09\/photo-Agatha-461x1024.jpg","datePublished":"2022-09-08T14:12:04+00:00","dateModified":"2022-09-08T14:12:05+00:00","breadcrumb":{"@id":"https:\/\/darwinforever.com\/index.php\/chronique-les-amis-des-animaux-et-de-la-nature-avec-agatha-maksimova\/#breadcrumb"},"inLanguage":"fr-FR","potentialAction":[{"@type":"ReadAction","target":["https:\/\/darwinforever.com\/index.php\/chronique-les-amis-des-animaux-et-de-la-nature-avec-agatha-maksimova\/"]}]},{"@type":"ImageObject","inLanguage":"fr-FR","@id":"https:\/\/darwinforever.com\/index.php\/chronique-les-amis-des-animaux-et-de-la-nature-avec-agatha-maksimova\/#primaryimage","url":"https:\/\/i0.wp.com\/darwinforever.com\/wp-content\/uploads\/2022\/09\/photo-Agatha.jpg?fit=576%2C1280&ssl=1","contentUrl":"https:\/\/i0.wp.com\/darwinforever.com\/wp-content\/uploads\/2022\/09\/photo-Agatha.jpg?fit=576%2C1280&ssl=1","width":576,"height":1280,"caption":". ."},{"@type":"BreadcrumbList","@id":"https:\/\/darwinforever.com\/index.php\/chronique-les-amis-des-animaux-et-de-la-nature-avec-agatha-maksimova\/#breadcrumb","itemListElement":[{"@type":"ListItem","position":1,"name":"Accueil","item":"https:\/\/darwinforever.com\/"},{"@type":"ListItem","position":2,"name":"Chronique &#8220;Les Amis des Animaux et de la Nature&#8221; avec Agatha Maksimova"}]},{"@type":"WebSite","@id":"https:\/\/darwinforever.com\/#website","url":"https:\/\/darwinforever.com\/","name":"Darwin Forever","description":"Communaut\u00e9 de Jeunes Engag\u00e9s en faveur des Animaux et de leur Environnement","publisher":{"@id":"https:\/\/darwinforever.com\/#organization"},"potentialAction":[{"@type":"SearchAction","target":{"@type":"EntryPoint","urlTemplate":"https:\/\/darwinforever.com\/?s={search_term_string}"},"query-input":{"@type":"PropertyValueSpecification","valueRequired":true,"valueName":"search_term_string"}}],"inLanguage":"fr-FR"},{"@type":"Organization","@id":"https:\/\/darwinforever.com\/#organization","name":"Darwin Forever","url":"https:\/\/darwinforever.com\/","logo":{"@type":"ImageObject","inLanguage":"fr-FR","@id":"https:\/\/darwinforever.com\/#\/schema\/logo\/image\/","url":"https:\/\/i0.wp.com\/darwinforever.com\/wp-content\/uploads\/2020\/11\/cropped-cropped-Logo-Darwin-Forever-scaled-1.jpg?fit=210%2C184&ssl=1","contentUrl":"https:\/\/i0.wp.com\/darwinforever.com\/wp-content\/uploads\/2020\/11\/cropped-cropped-Logo-Darwin-Forever-scaled-1.jpg?fit=210%2C184&ssl=1","width":210,"height":184,"caption":"Darwin Forever"},"image":{"@id":"https:\/\/darwinforever.com\/#\/schema\/logo\/image\/"},"sameAs":["https:\/\/www.facebook.com\/darwinforever06\/","https:\/\/www.youtube.com\/channel\/UC0zCalAVmu2K_Xj4BMlfciA"]}]}},"jetpack_sharing_enabled":true,"jetpack_likes_enabled":true,"_links":{"self":[{"href":"https:\/\/darwinforever.com\/index.php\/wp-json\/wp\/v2\/pages\/3634","targetHints":{"allow":["GET"]}}],"collection":[{"href":"https:\/\/darwinforever.com\/index.php\/wp-json\/wp\/v2\/pages"}],"about":[{"href":"https:\/\/darwinforever.com\/index.php\/wp-json\/wp\/v2\/types\/page"}],"author":[{"embeddable":true,"href":"https:\/\/darwinforever.com\/index.php\/wp-json\/wp\/v2\/users\/7"}],"replies":[{"embeddable":true,"href":"https:\/\/darwinforever.com\/index.php\/wp-json\/wp\/v2\/comments?post=3634"}],"version-history":[{"count":1,"href":"https:\/\/darwinforever.com\/index.php\/wp-json\/wp\/v2\/pages\/3634\/revisions"}],"predecessor-version":[{"id":3640,"href":"https:\/\/darwinforever.com\/index.php\/wp-json\/wp\/v2\/pages\/3634\/revisions\/3640"}],"wp:attachment":[{"href":"https:\/\/darwinforever.com\/index.php\/wp-json\/wp\/v2\/media?parent=3634"}],"curies":[{"name":"wp","href":"https:\/\/api.w.org\/{rel}","templated":true}]}}