{"id":3580,"date":"2022-08-10T18:38:00","date_gmt":"2022-08-10T16:38:00","guid":{"rendered":"https:\/\/darwinforever.com\/?page_id=3580"},"modified":"2022-08-21T13:15:18","modified_gmt":"2022-08-21T11:15:18","slug":"chronique-les-amis-des-animaux-et-de-la-nature-avec-henry-jean-servat","status":"publish","type":"page","link":"https:\/\/darwinforever.com\/index.php\/chronique-les-amis-des-animaux-et-de-la-nature-avec-henry-jean-servat\/","title":{"rendered":"Chronique &#8220;Les Amis des Animaux et de la Nature&#8221; avec Henry-Jean Servat"},"content":{"rendered":"\n<p>L\u2019interview de Mr Henry-Jean Servat a \u00e9t\u00e9 diffus\u00e9e dans la chronique Darwin Forever \u201cLes Amis des Animaux et de la Nature\u201d dans le magazine Kids-Matin du mois d&#8217;ao\u00fbt 2022 diffus\u00e9 dans les journaux de Nice-Matin, de Var-Matin et de Monaco-Matin et sur darwinforever.com<\/p>\n\n\n\n<figure class=\"wp-block-image size-large\"><img data-recalc-dims=\"1\" loading=\"lazy\" decoding=\"async\" width=\"696\" height=\"958\" data-orig-file=\"https:\/\/i0.wp.com\/darwinforever.com\/wp-content\/uploads\/2022\/08\/DARWIN-FOREVER-AOUT-2022.jpg?fit=1116%2C1536&amp;ssl=1\" data-attachment-url=\"https:\/\/darwinforever.com\/index.php\/chronique-les-amis-des-animaux-et-de-la-nature-avec-henry-jean-servat\/darwin-forever-aout-2022\/\" data-aspectratio=\"0.73\" data-caption=\"\" data-image-title=\"DARWIN-FOREVER-AOUT-2022\" data-image-description=\"\" srcset=\"https:\/\/i0.wp.com\/darwinforever.com\/wp-content\/uploads\/2022\/08\/DARWIN-FOREVER-AOUT-2022.jpg?w=1116&amp;ssl=1 1116w, https:\/\/i0.wp.com\/darwinforever.com\/wp-content\/uploads\/2022\/08\/DARWIN-FOREVER-AOUT-2022.jpg?resize=218%2C300&amp;ssl=1 218w, https:\/\/i0.wp.com\/darwinforever.com\/wp-content\/uploads\/2022\/08\/DARWIN-FOREVER-AOUT-2022.jpg?resize=744%2C1024&amp;ssl=1 744w, https:\/\/i0.wp.com\/darwinforever.com\/wp-content\/uploads\/2022\/08\/DARWIN-FOREVER-AOUT-2022.jpg?resize=768%2C1057&amp;ssl=1 768w\" src=\"https:\/\/i0.wp.com\/darwinforever.com\/wp-content\/uploads\/2022\/08\/DARWIN-FOREVER-AOUT-2022.jpg?resize=696%2C958&#038;ssl=1\" alt=\". .\" class=\"wp-image-3581\"\/><\/figure>\n\n<script type=\"application\/ld+json\">[\n    {\n        \"@context\": \"https:\/\/schema.org\/\",\n        \"@type\": \"ImageObject\",\n        \"contentUrl\": \"https:\/\/darwinforever.com\/wp-content\/uploads\/2022\/08\/DARWIN-FOREVER-AOUT-2022.jpg\",\n        \"license\": \"\",\n        \"acquireLicensePage\": \"\"\n    }\n]<\/script>\n\n\n<figure class=\"wp-block-image size-large\"><img data-recalc-dims=\"1\" loading=\"lazy\" decoding=\"async\" width=\"696\" height=\"313\" data-orig-file=\"https:\/\/i0.wp.com\/darwinforever.com\/wp-content\/uploads\/2022\/08\/d146f36b-70dd-42c4-bb3f-98b36d5c5149.jpg?fit=1600%2C720&amp;ssl=1\" data-attachment-url=\"https:\/\/darwinforever.com\/index.php\/chronique-les-amis-des-animaux-et-de-la-nature-avec-henry-jean-servat\/d146f36b-70dd-42c4-bb3f-98b36d5c5149\/\" data-aspectratio=\"2.22\" data-caption=\"\" data-image-title=\"d146f36b-70dd-42c4-bb3f-98b36d5c5149\" data-image-description=\"\" srcset=\"https:\/\/i0.wp.com\/darwinforever.com\/wp-content\/uploads\/2022\/08\/d146f36b-70dd-42c4-bb3f-98b36d5c5149.jpg?w=1600&amp;ssl=1 1600w, https:\/\/i0.wp.com\/darwinforever.com\/wp-content\/uploads\/2022\/08\/d146f36b-70dd-42c4-bb3f-98b36d5c5149.jpg?resize=300%2C135&amp;ssl=1 300w, https:\/\/i0.wp.com\/darwinforever.com\/wp-content\/uploads\/2022\/08\/d146f36b-70dd-42c4-bb3f-98b36d5c5149.jpg?resize=1024%2C461&amp;ssl=1 1024w, https:\/\/i0.wp.com\/darwinforever.com\/wp-content\/uploads\/2022\/08\/d146f36b-70dd-42c4-bb3f-98b36d5c5149.jpg?resize=768%2C346&amp;ssl=1 768w, https:\/\/i0.wp.com\/darwinforever.com\/wp-content\/uploads\/2022\/08\/d146f36b-70dd-42c4-bb3f-98b36d5c5149.jpg?resize=1536%2C691&amp;ssl=1 1536w, https:\/\/i0.wp.com\/darwinforever.com\/wp-content\/uploads\/2022\/08\/d146f36b-70dd-42c4-bb3f-98b36d5c5149.jpg?w=1392&amp;ssl=1 1392w\" src=\"https:\/\/i0.wp.com\/darwinforever.com\/wp-content\/uploads\/2022\/08\/d146f36b-70dd-42c4-bb3f-98b36d5c5149.jpg?resize=696%2C313&#038;ssl=1\" alt=\". .\" class=\"wp-image-3585\"\/><\/figure>\n\n<script type=\"application\/ld+json\">[\n    {\n        \"@context\": \"https:\/\/schema.org\/\",\n        \"@type\": \"ImageObject\",\n        \"contentUrl\": \"https:\/\/darwinforever.com\/wp-content\/uploads\/2022\/08\/d146f36b-70dd-42c4-bb3f-98b36d5c5149.jpg\",\n        \"license\": \"\",\n        \"acquireLicensePage\": \"\"\n    }\n]<\/script>\n\n\n<figure class=\"wp-block-image size-large\"><img data-recalc-dims=\"1\" loading=\"lazy\" decoding=\"async\" width=\"696\" height=\"464\" data-orig-file=\"https:\/\/i0.wp.com\/darwinforever.com\/wp-content\/uploads\/2022\/08\/cc176947-f5a0-4e89-9a0f-d2f418c2f8c8.jpg?fit=1600%2C1066&amp;ssl=1\" data-attachment-url=\"https:\/\/darwinforever.com\/index.php\/chronique-les-amis-des-animaux-et-de-la-nature-avec-henry-jean-servat\/cc176947-f5a0-4e89-9a0f-d2f418c2f8c8\/\" data-aspectratio=\"1.5\" data-caption=\"\" data-image-title=\"cc176947-f5a0-4e89-9a0f-d2f418c2f8c8\" data-image-description=\"\" srcset=\"https:\/\/i0.wp.com\/darwinforever.com\/wp-content\/uploads\/2022\/08\/cc176947-f5a0-4e89-9a0f-d2f418c2f8c8.jpg?w=1600&amp;ssl=1 1600w, https:\/\/i0.wp.com\/darwinforever.com\/wp-content\/uploads\/2022\/08\/cc176947-f5a0-4e89-9a0f-d2f418c2f8c8.jpg?resize=300%2C200&amp;ssl=1 300w, https:\/\/i0.wp.com\/darwinforever.com\/wp-content\/uploads\/2022\/08\/cc176947-f5a0-4e89-9a0f-d2f418c2f8c8.jpg?resize=1024%2C682&amp;ssl=1 1024w, https:\/\/i0.wp.com\/darwinforever.com\/wp-content\/uploads\/2022\/08\/cc176947-f5a0-4e89-9a0f-d2f418c2f8c8.jpg?resize=768%2C512&amp;ssl=1 768w, https:\/\/i0.wp.com\/darwinforever.com\/wp-content\/uploads\/2022\/08\/cc176947-f5a0-4e89-9a0f-d2f418c2f8c8.jpg?resize=1536%2C1023&amp;ssl=1 1536w, https:\/\/i0.wp.com\/darwinforever.com\/wp-content\/uploads\/2022\/08\/cc176947-f5a0-4e89-9a0f-d2f418c2f8c8.jpg?w=1392&amp;ssl=1 1392w\" src=\"https:\/\/i0.wp.com\/darwinforever.com\/wp-content\/uploads\/2022\/08\/cc176947-f5a0-4e89-9a0f-d2f418c2f8c8.jpg?resize=696%2C464&#038;ssl=1\" alt=\". .\" class=\"wp-image-3582\"\/><figcaption><em>BRAVO \u00e0 Mr Henry-Jean Servat et \u00e0 toute l&#8217;\u00e9quipe du service du Bien-\u00eatre Animal de Mr Jean-Marc Selou<\/em>  \ud83d\udc4f\ud83d\udc4f<\/figcaption><\/figure>\n\n<script type=\"application\/ld+json\">[\n    {\n        \"@context\": \"https:\/\/schema.org\/\",\n        \"@type\": \"ImageObject\",\n        \"contentUrl\": \"https:\/\/darwinforever.com\/wp-content\/uploads\/2022\/08\/cc176947-f5a0-4e89-9a0f-d2f418c2f8c8.jpg\",\n        \"license\": \"\",\n        \"acquireLicensePage\": \"\"\n    }\n]<\/script>\n\n\n<p><strong>Henry-Jean Servat est conseiller municipal en charge de la protection animale de NICE qui a \u00e9t\u00e9 r\u00e9\u00e9lue &#8220;Meilleure Ville de France pour vivre avec son chien&#8221; <\/strong>.<strong>La Ville de Nice est \u00e9lue pour la deuxi\u00e8me ann\u00e9e cons\u00e9cutive la ville o\u00f9 il fait bon vivre <strong>avec son chien par le magazine 30 millions d\u2019amis<\/strong><\/strong>.<\/p>\n\n\n\n<p><\/p>\n\n\n\n<figure class=\"wp-block-image size-large\"><img data-recalc-dims=\"1\" loading=\"lazy\" decoding=\"async\" width=\"564\" height=\"1024\" data-orig-file=\"https:\/\/i0.wp.com\/darwinforever.com\/wp-content\/uploads\/2022\/08\/02867f90-1cfd-44cd-935c-8a5e48cf944f.jpg?fit=881%2C1600&amp;ssl=1\" data-attachment-url=\"https:\/\/darwinforever.com\/index.php\/chronique-les-amis-des-animaux-et-de-la-nature-avec-henry-jean-servat\/02867f90-1cfd-44cd-935c-8a5e48cf944f\/\" data-aspectratio=\"0.55\" data-caption=\"\" data-image-title=\"02867f90-1cfd-44cd-935c-8a5e48cf944f\" data-image-description=\"\" srcset=\"https:\/\/i0.wp.com\/darwinforever.com\/wp-content\/uploads\/2022\/08\/02867f90-1cfd-44cd-935c-8a5e48cf944f.jpg?w=881&amp;ssl=1 881w, https:\/\/i0.wp.com\/darwinforever.com\/wp-content\/uploads\/2022\/08\/02867f90-1cfd-44cd-935c-8a5e48cf944f.jpg?resize=165%2C300&amp;ssl=1 165w, https:\/\/i0.wp.com\/darwinforever.com\/wp-content\/uploads\/2022\/08\/02867f90-1cfd-44cd-935c-8a5e48cf944f.jpg?resize=564%2C1024&amp;ssl=1 564w, https:\/\/i0.wp.com\/darwinforever.com\/wp-content\/uploads\/2022\/08\/02867f90-1cfd-44cd-935c-8a5e48cf944f.jpg?resize=768%2C1395&amp;ssl=1 768w, https:\/\/i0.wp.com\/darwinforever.com\/wp-content\/uploads\/2022\/08\/02867f90-1cfd-44cd-935c-8a5e48cf944f.jpg?resize=846%2C1536&amp;ssl=1 846w\" src=\"https:\/\/i0.wp.com\/darwinforever.com\/wp-content\/uploads\/2022\/08\/02867f90-1cfd-44cd-935c-8a5e48cf944f.jpg?resize=564%2C1024&#038;ssl=1\" alt=\". .\" class=\"wp-image-3584\"\/><\/figure>\n\n<script type=\"application\/ld+json\">[\n    {\n        \"@context\": \"https:\/\/schema.org\/\",\n        \"@type\": \"ImageObject\",\n        \"contentUrl\": \"https:\/\/darwinforever.com\/wp-content\/uploads\/2022\/08\/02867f90-1cfd-44cd-935c-8a5e48cf944f.jpg\",\n        \"license\": \"\",\n        \"acquireLicensePage\": \"\"\n    }\n]<\/script>\n\n\n<figure class=\"wp-block-image size-large\"><img data-recalc-dims=\"1\" loading=\"lazy\" decoding=\"async\" width=\"696\" height=\"313\" data-orig-file=\"https:\/\/i0.wp.com\/darwinforever.com\/wp-content\/uploads\/2022\/08\/7375186f-3581-4536-9256-3358fbca5e91.jpg?fit=1600%2C720&amp;ssl=1\" data-attachment-url=\"https:\/\/darwinforever.com\/index.php\/chronique-les-amis-des-animaux-et-de-la-nature-avec-henry-jean-servat\/7375186f-3581-4536-9256-3358fbca5e91\/\" data-aspectratio=\"2.22\" data-caption=\"\" data-image-title=\"7375186f-3581-4536-9256-3358fbca5e91\" data-image-description=\"\" srcset=\"https:\/\/i0.wp.com\/darwinforever.com\/wp-content\/uploads\/2022\/08\/7375186f-3581-4536-9256-3358fbca5e91.jpg?w=1600&amp;ssl=1 1600w, https:\/\/i0.wp.com\/darwinforever.com\/wp-content\/uploads\/2022\/08\/7375186f-3581-4536-9256-3358fbca5e91.jpg?resize=300%2C135&amp;ssl=1 300w, https:\/\/i0.wp.com\/darwinforever.com\/wp-content\/uploads\/2022\/08\/7375186f-3581-4536-9256-3358fbca5e91.jpg?resize=1024%2C461&amp;ssl=1 1024w, https:\/\/i0.wp.com\/darwinforever.com\/wp-content\/uploads\/2022\/08\/7375186f-3581-4536-9256-3358fbca5e91.jpg?resize=768%2C346&amp;ssl=1 768w, https:\/\/i0.wp.com\/darwinforever.com\/wp-content\/uploads\/2022\/08\/7375186f-3581-4536-9256-3358fbca5e91.jpg?resize=1536%2C691&amp;ssl=1 1536w, https:\/\/i0.wp.com\/darwinforever.com\/wp-content\/uploads\/2022\/08\/7375186f-3581-4536-9256-3358fbca5e91.jpg?w=1392&amp;ssl=1 1392w\" src=\"https:\/\/i0.wp.com\/darwinforever.com\/wp-content\/uploads\/2022\/08\/7375186f-3581-4536-9256-3358fbca5e91.jpg?resize=696%2C313&#038;ssl=1\" alt=\". .\" class=\"wp-image-3583\"\/><\/figure>\n\n<script type=\"application\/ld+json\">[\n    {\n        \"@context\": \"https:\/\/schema.org\/\",\n        \"@type\": \"ImageObject\",\n        \"contentUrl\": \"https:\/\/darwinforever.com\/wp-content\/uploads\/2022\/08\/7375186f-3581-4536-9256-3358fbca5e91.jpg\",\n        \"license\": \"\",\n        \"acquireLicensePage\": \"\"\n    }\n]<\/script>","protected":false},"excerpt":{"rendered":"<p>L\u2019interview de Mr Henry-Jean Servat a \u00e9t\u00e9 diffus\u00e9e dans la chronique Darwin Forever \u201cLes Amis des Animaux et de la Nature\u201d dans le magazine Kids-Matin du mois d&#8217;ao\u00fbt 2022 diffus\u00e9<\/p><\/div>\n<div class=\"blog-btn\"><a href=\"https:\/\/darwinforever.com\/index.php\/chronique-les-amis-des-animaux-et-de-la-nature-avec-henry-jean-servat\/\" class=\"home-blog-btn\">Lire la suite<\/a><\/p>\n","protected":false},"author":7,"featured_media":0,"parent":0,"menu_order":0,"comment_status":"closed","ping_status":"closed","template":"","meta":{"_bbp_topic_count":0,"_bbp_reply_count":0,"_bbp_total_topic_count":0,"_bbp_total_reply_count":0,"_bbp_voice_count":0,"_bbp_anonymous_reply_count":0,"_bbp_topic_count_hidden":0,"_bbp_reply_count_hidden":0,"_bbp_forum_subforum_count":0,"jetpack_post_was_ever_published":false,"footnotes":""},"class_list":["post-3580","page","type-page","status-publish","hentry"],"yoast_head":"<!-- This site is optimized with the Yoast SEO plugin v27.3 - https:\/\/yoast.com\/product\/yoast-seo-wordpress\/ -->\n<title>Chronique &quot;Les Amis des Animaux et de la Nature&quot; avec Henry-Jean Servat - Darwin Forever<\/title>\n<meta name=\"robots\" content=\"index, follow, max-snippet:-1, max-image-preview:large, max-video-preview:-1\" \/>\n<link rel=\"canonical\" href=\"https:\/\/darwinforever.com\/index.php\/chronique-les-amis-des-animaux-et-de-la-nature-avec-henry-jean-servat\/\" \/>\n<meta property=\"og:locale\" content=\"fr_FR\" \/>\n<meta property=\"og:type\" content=\"article\" \/>\n<meta property=\"og:title\" content=\"Chronique &quot;Les Amis des Animaux et de la Nature&quot; avec Henry-Jean Servat - Darwin Forever\" \/>\n<meta property=\"og:description\" content=\"L\u2019interview de Mr Henry-Jean Servat a \u00e9t\u00e9 diffus\u00e9e dans la chronique Darwin Forever \u201cLes Amis des Animaux et de la Nature\u201d dans le magazine Kids-Matin du mois d&#8217;ao\u00fbt 2022 diffus\u00e9Lire la suite\" \/>\n<meta property=\"og:url\" content=\"https:\/\/darwinforever.com\/index.php\/chronique-les-amis-des-animaux-et-de-la-nature-avec-henry-jean-servat\/\" \/>\n<meta property=\"og:site_name\" content=\"Darwin Forever\" \/>\n<meta property=\"article:publisher\" content=\"https:\/\/www.facebook.com\/darwinforever06\/\" \/>\n<meta property=\"article:modified_time\" content=\"2022-08-21T11:15:18+00:00\" \/>\n<meta property=\"og:image\" content=\"https:\/\/darwinforever.com\/wp-content\/uploads\/2022\/08\/DARWIN-FOREVER-AOUT-2022-744x1024.jpg\" \/>\n<meta name=\"twitter:card\" content=\"summary_large_image\" \/>\n<meta name=\"twitter:label1\" content=\"Dur\u00e9e de lecture estim\u00e9e\" \/>\n\t<meta name=\"twitter:data1\" content=\"2 minutes\" \/>\n<script type=\"application\/ld+json\" class=\"yoast-schema-graph\">{\"@context\":\"https:\\\/\\\/schema.org\",\"@graph\":[{\"@type\":\"WebPage\",\"@id\":\"https:\\\/\\\/darwinforever.com\\\/index.php\\\/chronique-les-amis-des-animaux-et-de-la-nature-avec-henry-jean-servat\\\/\",\"url\":\"https:\\\/\\\/darwinforever.com\\\/index.php\\\/chronique-les-amis-des-animaux-et-de-la-nature-avec-henry-jean-servat\\\/\",\"name\":\"Chronique \\\"Les Amis des Animaux et de la Nature\\\" avec Henry-Jean Servat - Darwin Forever\",\"isPartOf\":{\"@id\":\"https:\\\/\\\/darwinforever.com\\\/#website\"},\"primaryImageOfPage\":{\"@id\":\"https:\\\/\\\/darwinforever.com\\\/index.php\\\/chronique-les-amis-des-animaux-et-de-la-nature-avec-henry-jean-servat\\\/#primaryimage\"},\"image\":{\"@id\":\"https:\\\/\\\/darwinforever.com\\\/index.php\\\/chronique-les-amis-des-animaux-et-de-la-nature-avec-henry-jean-servat\\\/#primaryimage\"},\"thumbnailUrl\":\"https:\\\/\\\/darwinforever.com\\\/wp-content\\\/uploads\\\/2022\\\/08\\\/DARWIN-FOREVER-AOUT-2022-744x1024.jpg\",\"datePublished\":\"2022-08-10T16:38:00+00:00\",\"dateModified\":\"2022-08-21T11:15:18+00:00\",\"breadcrumb\":{\"@id\":\"https:\\\/\\\/darwinforever.com\\\/index.php\\\/chronique-les-amis-des-animaux-et-de-la-nature-avec-henry-jean-servat\\\/#breadcrumb\"},\"inLanguage\":\"fr-FR\",\"potentialAction\":[{\"@type\":\"ReadAction\",\"target\":[\"https:\\\/\\\/darwinforever.com\\\/index.php\\\/chronique-les-amis-des-animaux-et-de-la-nature-avec-henry-jean-servat\\\/\"]}]},{\"@type\":\"ImageObject\",\"inLanguage\":\"fr-FR\",\"@id\":\"https:\\\/\\\/darwinforever.com\\\/index.php\\\/chronique-les-amis-des-animaux-et-de-la-nature-avec-henry-jean-servat\\\/#primaryimage\",\"url\":\"https:\\\/\\\/i0.wp.com\\\/darwinforever.com\\\/wp-content\\\/uploads\\\/2022\\\/08\\\/DARWIN-FOREVER-AOUT-2022.jpg?fit=1116%2C1536&ssl=1\",\"contentUrl\":\"https:\\\/\\\/i0.wp.com\\\/darwinforever.com\\\/wp-content\\\/uploads\\\/2022\\\/08\\\/DARWIN-FOREVER-AOUT-2022.jpg?fit=1116%2C1536&ssl=1\",\"width\":1116,\"height\":1536,\"caption\":\". .\"},{\"@type\":\"BreadcrumbList\",\"@id\":\"https:\\\/\\\/darwinforever.com\\\/index.php\\\/chronique-les-amis-des-animaux-et-de-la-nature-avec-henry-jean-servat\\\/#breadcrumb\",\"itemListElement\":[{\"@type\":\"ListItem\",\"position\":1,\"name\":\"Accueil\",\"item\":\"https:\\\/\\\/darwinforever.com\\\/\"},{\"@type\":\"ListItem\",\"position\":2,\"name\":\"Chronique &#8220;Les Amis des Animaux et de la Nature&#8221; avec Henry-Jean Servat\"}]},{\"@type\":\"WebSite\",\"@id\":\"https:\\\/\\\/darwinforever.com\\\/#website\",\"url\":\"https:\\\/\\\/darwinforever.com\\\/\",\"name\":\"Darwin Forever\",\"description\":\"Communaut\u00e9 de Jeunes Engag\u00e9s en faveur des Animaux et de leur Environnement\",\"publisher\":{\"@id\":\"https:\\\/\\\/darwinforever.com\\\/#organization\"},\"potentialAction\":[{\"@type\":\"SearchAction\",\"target\":{\"@type\":\"EntryPoint\",\"urlTemplate\":\"https:\\\/\\\/darwinforever.com\\\/?s={search_term_string}\"},\"query-input\":{\"@type\":\"PropertyValueSpecification\",\"valueRequired\":true,\"valueName\":\"search_term_string\"}}],\"inLanguage\":\"fr-FR\"},{\"@type\":\"Organization\",\"@id\":\"https:\\\/\\\/darwinforever.com\\\/#organization\",\"name\":\"Darwin Forever\",\"url\":\"https:\\\/\\\/darwinforever.com\\\/\",\"logo\":{\"@type\":\"ImageObject\",\"inLanguage\":\"fr-FR\",\"@id\":\"https:\\\/\\\/darwinforever.com\\\/#\\\/schema\\\/logo\\\/image\\\/\",\"url\":\"https:\\\/\\\/i0.wp.com\\\/darwinforever.com\\\/wp-content\\\/uploads\\\/2020\\\/11\\\/cropped-cropped-Logo-Darwin-Forever-scaled-1.jpg?fit=210%2C184&ssl=1\",\"contentUrl\":\"https:\\\/\\\/i0.wp.com\\\/darwinforever.com\\\/wp-content\\\/uploads\\\/2020\\\/11\\\/cropped-cropped-Logo-Darwin-Forever-scaled-1.jpg?fit=210%2C184&ssl=1\",\"width\":210,\"height\":184,\"caption\":\"Darwin Forever\"},\"image\":{\"@id\":\"https:\\\/\\\/darwinforever.com\\\/#\\\/schema\\\/logo\\\/image\\\/\"},\"sameAs\":[\"https:\\\/\\\/www.facebook.com\\\/darwinforever06\\\/\",\"https:\\\/\\\/www.youtube.com\\\/channel\\\/UC0zCalAVmu2K_Xj4BMlfciA\"]}]}<\/script>\n<!-- \/ Yoast SEO plugin. -->","yoast_head_json":{"title":"Chronique \"Les Amis des Animaux et de la Nature\" avec Henry-Jean Servat - Darwin Forever","robots":{"index":"index","follow":"follow","max-snippet":"max-snippet:-1","max-image-preview":"max-image-preview:large","max-video-preview":"max-video-preview:-1"},"canonical":"https:\/\/darwinforever.com\/index.php\/chronique-les-amis-des-animaux-et-de-la-nature-avec-henry-jean-servat\/","og_locale":"fr_FR","og_type":"article","og_title":"Chronique \"Les Amis des Animaux et de la Nature\" avec Henry-Jean Servat - Darwin Forever","og_description":"L\u2019interview de Mr Henry-Jean Servat a \u00e9t\u00e9 diffus\u00e9e dans la chronique Darwin Forever \u201cLes Amis des Animaux et de la Nature\u201d dans le magazine Kids-Matin du mois d&#8217;ao\u00fbt 2022 diffus\u00e9Lire la suite","og_url":"https:\/\/darwinforever.com\/index.php\/chronique-les-amis-des-animaux-et-de-la-nature-avec-henry-jean-servat\/","og_site_name":"Darwin Forever","article_publisher":"https:\/\/www.facebook.com\/darwinforever06\/","article_modified_time":"2022-08-21T11:15:18+00:00","og_image":[{"url":"https:\/\/darwinforever.com\/wp-content\/uploads\/2022\/08\/DARWIN-FOREVER-AOUT-2022-744x1024.jpg","type":"","width":"","height":""}],"twitter_card":"summary_large_image","twitter_misc":{"Dur\u00e9e de lecture estim\u00e9e":"2 minutes"},"schema":{"@context":"https:\/\/schema.org","@graph":[{"@type":"WebPage","@id":"https:\/\/darwinforever.com\/index.php\/chronique-les-amis-des-animaux-et-de-la-nature-avec-henry-jean-servat\/","url":"https:\/\/darwinforever.com\/index.php\/chronique-les-amis-des-animaux-et-de-la-nature-avec-henry-jean-servat\/","name":"Chronique \"Les Amis des Animaux et de la Nature\" avec Henry-Jean Servat - Darwin Forever","isPartOf":{"@id":"https:\/\/darwinforever.com\/#website"},"primaryImageOfPage":{"@id":"https:\/\/darwinforever.com\/index.php\/chronique-les-amis-des-animaux-et-de-la-nature-avec-henry-jean-servat\/#primaryimage"},"image":{"@id":"https:\/\/darwinforever.com\/index.php\/chronique-les-amis-des-animaux-et-de-la-nature-avec-henry-jean-servat\/#primaryimage"},"thumbnailUrl":"https:\/\/darwinforever.com\/wp-content\/uploads\/2022\/08\/DARWIN-FOREVER-AOUT-2022-744x1024.jpg","datePublished":"2022-08-10T16:38:00+00:00","dateModified":"2022-08-21T11:15:18+00:00","breadcrumb":{"@id":"https:\/\/darwinforever.com\/index.php\/chronique-les-amis-des-animaux-et-de-la-nature-avec-henry-jean-servat\/#breadcrumb"},"inLanguage":"fr-FR","potentialAction":[{"@type":"ReadAction","target":["https:\/\/darwinforever.com\/index.php\/chronique-les-amis-des-animaux-et-de-la-nature-avec-henry-jean-servat\/"]}]},{"@type":"ImageObject","inLanguage":"fr-FR","@id":"https:\/\/darwinforever.com\/index.php\/chronique-les-amis-des-animaux-et-de-la-nature-avec-henry-jean-servat\/#primaryimage","url":"https:\/\/i0.wp.com\/darwinforever.com\/wp-content\/uploads\/2022\/08\/DARWIN-FOREVER-AOUT-2022.jpg?fit=1116%2C1536&ssl=1","contentUrl":"https:\/\/i0.wp.com\/darwinforever.com\/wp-content\/uploads\/2022\/08\/DARWIN-FOREVER-AOUT-2022.jpg?fit=1116%2C1536&ssl=1","width":1116,"height":1536,"caption":". ."},{"@type":"BreadcrumbList","@id":"https:\/\/darwinforever.com\/index.php\/chronique-les-amis-des-animaux-et-de-la-nature-avec-henry-jean-servat\/#breadcrumb","itemListElement":[{"@type":"ListItem","position":1,"name":"Accueil","item":"https:\/\/darwinforever.com\/"},{"@type":"ListItem","position":2,"name":"Chronique &#8220;Les Amis des Animaux et de la Nature&#8221; avec Henry-Jean Servat"}]},{"@type":"WebSite","@id":"https:\/\/darwinforever.com\/#website","url":"https:\/\/darwinforever.com\/","name":"Darwin Forever","description":"Communaut\u00e9 de Jeunes Engag\u00e9s en faveur des Animaux et de leur Environnement","publisher":{"@id":"https:\/\/darwinforever.com\/#organization"},"potentialAction":[{"@type":"SearchAction","target":{"@type":"EntryPoint","urlTemplate":"https:\/\/darwinforever.com\/?s={search_term_string}"},"query-input":{"@type":"PropertyValueSpecification","valueRequired":true,"valueName":"search_term_string"}}],"inLanguage":"fr-FR"},{"@type":"Organization","@id":"https:\/\/darwinforever.com\/#organization","name":"Darwin Forever","url":"https:\/\/darwinforever.com\/","logo":{"@type":"ImageObject","inLanguage":"fr-FR","@id":"https:\/\/darwinforever.com\/#\/schema\/logo\/image\/","url":"https:\/\/i0.wp.com\/darwinforever.com\/wp-content\/uploads\/2020\/11\/cropped-cropped-Logo-Darwin-Forever-scaled-1.jpg?fit=210%2C184&ssl=1","contentUrl":"https:\/\/i0.wp.com\/darwinforever.com\/wp-content\/uploads\/2020\/11\/cropped-cropped-Logo-Darwin-Forever-scaled-1.jpg?fit=210%2C184&ssl=1","width":210,"height":184,"caption":"Darwin Forever"},"image":{"@id":"https:\/\/darwinforever.com\/#\/schema\/logo\/image\/"},"sameAs":["https:\/\/www.facebook.com\/darwinforever06\/","https:\/\/www.youtube.com\/channel\/UC0zCalAVmu2K_Xj4BMlfciA"]}]}},"jetpack_sharing_enabled":true,"jetpack_likes_enabled":true,"_links":{"self":[{"href":"https:\/\/darwinforever.com\/index.php\/wp-json\/wp\/v2\/pages\/3580","targetHints":{"allow":["GET"]}}],"collection":[{"href":"https:\/\/darwinforever.com\/index.php\/wp-json\/wp\/v2\/pages"}],"about":[{"href":"https:\/\/darwinforever.com\/index.php\/wp-json\/wp\/v2\/types\/page"}],"author":[{"embeddable":true,"href":"https:\/\/darwinforever.com\/index.php\/wp-json\/wp\/v2\/users\/7"}],"replies":[{"embeddable":true,"href":"https:\/\/darwinforever.com\/index.php\/wp-json\/wp\/v2\/comments?post=3580"}],"version-history":[{"count":3,"href":"https:\/\/darwinforever.com\/index.php\/wp-json\/wp\/v2\/pages\/3580\/revisions"}],"predecessor-version":[{"id":3609,"href":"https:\/\/darwinforever.com\/index.php\/wp-json\/wp\/v2\/pages\/3580\/revisions\/3609"}],"wp:attachment":[{"href":"https:\/\/darwinforever.com\/index.php\/wp-json\/wp\/v2\/media?parent=3580"}],"curies":[{"name":"wp","href":"https:\/\/api.w.org\/{rel}","templated":true}]}}