{"id":3527,"date":"2022-06-25T11:47:46","date_gmt":"2022-06-25T09:47:46","guid":{"rendered":"https:\/\/darwinforever.com\/?page_id=3527"},"modified":"2022-06-25T11:55:38","modified_gmt":"2022-06-25T09:55:38","slug":"chronique-les-amis-des-animaux-et-de-la-nature-itw-gerard-feldzer","status":"publish","type":"page","link":"https:\/\/darwinforever.com\/index.php\/chronique-les-amis-des-animaux-et-de-la-nature-itw-gerard-feldzer\/","title":{"rendered":"Chronique &#8220;Les Amis des Animaux et de la Nature&#8221; avec G\u00e9rard Feldzer"},"content":{"rendered":"\n<p><em><strong>&#8220;un grand merci \u00e0 Mr Feldzer, c&#8217;\u00e9tait une interwiew passionnante et merci pour tout ce que vous faites pour les animaux et pour les personnes d\u00e9munis avec votre association Z\u00e9bunet&#8221; Mathilde 13 ans<\/strong><\/em><\/p>\n\n\n\n<p><strong><em>&#8220;Moi j&#8217;ai ador\u00e9 toutes vos anecdotes avec les canards, les oies en vol, le gu\u00e9pard&#8230; wow j&#8217;\u00e9tais tr\u00e8s impressionn\u00e9 merci monsieur&#8221; Nicolas 10 ans <\/em><\/strong><\/p>\n\n\n\n<p><em><strong>&#8220;Merci pour votre chaleureux accueil&#8221; Virginie<\/strong><\/em> <\/p>\n\n\n\n<p>L&#8217;interview a \u00e9t\u00e9 diffus\u00e9e dans la chronique Darwin Forever &#8220;Les Amis des Animaux et de la Nature&#8221; le 24\/06\/2022 dans le magazine Kids-Matin diffus\u00e9 dans les journaux de Nice-Matin, de Var-Matin et de Monaco-Matin et sur darwinforever.com. <\/p>\n\n\n\n<figure class=\"wp-block-image size-large\"><img data-recalc-dims=\"1\" loading=\"lazy\" decoding=\"async\" width=\"696\" height=\"941\" data-orig-file=\"https:\/\/i0.wp.com\/darwinforever.com\/wp-content\/uploads\/2022\/06\/ITW-Gerard-Feldzer-FORMAT-JPG-1.jpg?fit=925%2C1251&amp;ssl=1\" data-attachment-url=\"https:\/\/darwinforever.com\/index.php\/chronique-les-amis-des-animaux-et-de-la-nature-itw-gerard-feldzer\/itw-gerard-feldzer-format-jpg-1\/\" data-aspectratio=\"0.74\" data-caption=\"\" data-image-title=\"ITW-Gerard-Feldzer-FORMAT-JPG-1\" data-image-description=\"\" srcset=\"https:\/\/i0.wp.com\/darwinforever.com\/wp-content\/uploads\/2022\/06\/ITW-Gerard-Feldzer-FORMAT-JPG-1.jpg?w=925&amp;ssl=1 925w, https:\/\/i0.wp.com\/darwinforever.com\/wp-content\/uploads\/2022\/06\/ITW-Gerard-Feldzer-FORMAT-JPG-1.jpg?resize=222%2C300&amp;ssl=1 222w, https:\/\/i0.wp.com\/darwinforever.com\/wp-content\/uploads\/2022\/06\/ITW-Gerard-Feldzer-FORMAT-JPG-1.jpg?resize=757%2C1024&amp;ssl=1 757w, https:\/\/i0.wp.com\/darwinforever.com\/wp-content\/uploads\/2022\/06\/ITW-Gerard-Feldzer-FORMAT-JPG-1.jpg?resize=768%2C1039&amp;ssl=1 768w\" src=\"https:\/\/i0.wp.com\/darwinforever.com\/wp-content\/uploads\/2022\/06\/ITW-Gerard-Feldzer-FORMAT-JPG-1.jpg?resize=696%2C941&#038;ssl=1\" alt=\". .\" class=\"wp-image-3532\"\/><\/figure>\n\n<script type=\"application\/ld+json\">[\n    {\n        \"@context\": \"https:\/\/schema.org\/\",\n        \"@type\": \"ImageObject\",\n        \"contentUrl\": \"https:\/\/darwinforever.com\/wp-content\/uploads\/2022\/06\/ITW-Gerard-Feldzer-FORMAT-JPG-1.jpg\",\n        \"license\": \"\",\n        \"acquireLicensePage\": \"\"\n    }\n]<\/script>\n\n\n<figure class=\"wp-block-image size-large\"><img data-recalc-dims=\"1\" loading=\"lazy\" decoding=\"async\" width=\"696\" height=\"727\" data-orig-file=\"https:\/\/i0.wp.com\/darwinforever.com\/wp-content\/uploads\/2022\/06\/Capture1.jpg?fit=1134%2C1184&amp;ssl=1\" data-attachment-url=\"https:\/\/darwinforever.com\/index.php\/chronique-les-amis-des-animaux-et-de-la-nature-itw-gerard-feldzer\/capture1\/\" data-aspectratio=\"0.96\" data-caption=\"\" data-image-title=\"Capture1\" data-image-description=\"\" srcset=\"https:\/\/i0.wp.com\/darwinforever.com\/wp-content\/uploads\/2022\/06\/Capture1.jpg?w=1134&amp;ssl=1 1134w, https:\/\/i0.wp.com\/darwinforever.com\/wp-content\/uploads\/2022\/06\/Capture1.jpg?resize=287%2C300&amp;ssl=1 287w, https:\/\/i0.wp.com\/darwinforever.com\/wp-content\/uploads\/2022\/06\/Capture1.jpg?resize=981%2C1024&amp;ssl=1 981w, https:\/\/i0.wp.com\/darwinforever.com\/wp-content\/uploads\/2022\/06\/Capture1.jpg?resize=768%2C802&amp;ssl=1 768w\" src=\"https:\/\/i0.wp.com\/darwinforever.com\/wp-content\/uploads\/2022\/06\/Capture1.jpg?resize=696%2C727&#038;ssl=1\" alt=\". .\" class=\"wp-image-3533\"\/><\/figure>\n\n<script type=\"application\/ld+json\">[\n    {\n        \"@context\": \"https:\/\/schema.org\/\",\n        \"@type\": \"ImageObject\",\n        \"contentUrl\": \"https:\/\/darwinforever.com\/wp-content\/uploads\/2022\/06\/Capture1.jpg\",\n        \"license\": \"\",\n        \"acquireLicensePage\": \"\"\n    }\n]<\/script>\n\n\n<figure class=\"wp-block-image size-large\"><img data-recalc-dims=\"1\" loading=\"lazy\" decoding=\"async\" width=\"696\" height=\"680\" data-orig-file=\"https:\/\/i0.wp.com\/darwinforever.com\/wp-content\/uploads\/2022\/06\/Capture-2.jpg?fit=1189%2C1161&amp;ssl=1\" data-attachment-url=\"https:\/\/darwinforever.com\/index.php\/chronique-les-amis-des-animaux-et-de-la-nature-itw-gerard-feldzer\/capture-2\/\" data-aspectratio=\"1.02\" data-caption=\"\" data-image-title=\"Capture-2\" data-image-description=\"\" srcset=\"https:\/\/i0.wp.com\/darwinforever.com\/wp-content\/uploads\/2022\/06\/Capture-2.jpg?w=1189&amp;ssl=1 1189w, https:\/\/i0.wp.com\/darwinforever.com\/wp-content\/uploads\/2022\/06\/Capture-2.jpg?resize=300%2C293&amp;ssl=1 300w, https:\/\/i0.wp.com\/darwinforever.com\/wp-content\/uploads\/2022\/06\/Capture-2.jpg?resize=1024%2C1000&amp;ssl=1 1024w, https:\/\/i0.wp.com\/darwinforever.com\/wp-content\/uploads\/2022\/06\/Capture-2.jpg?resize=768%2C750&amp;ssl=1 768w\" src=\"https:\/\/i0.wp.com\/darwinforever.com\/wp-content\/uploads\/2022\/06\/Capture-2.jpg?resize=696%2C680&#038;ssl=1\" alt=\". .\" class=\"wp-image-3534\"\/><\/figure>\n\n<script type=\"application\/ld+json\">[\n    {\n        \"@context\": \"https:\/\/schema.org\/\",\n        \"@type\": \"ImageObject\",\n        \"contentUrl\": \"https:\/\/darwinforever.com\/wp-content\/uploads\/2022\/06\/Capture-2.jpg\",\n        \"license\": \"\",\n        \"acquireLicensePage\": \"\"\n    }\n]<\/script>\n\n\n<figure class=\"wp-block-image size-large\"><img data-recalc-dims=\"1\" loading=\"lazy\" decoding=\"async\" width=\"696\" height=\"665\" data-orig-file=\"https:\/\/i0.wp.com\/darwinforever.com\/wp-content\/uploads\/2022\/06\/Capture-3.jpg?fit=1207%2C1153&amp;ssl=1\" data-attachment-url=\"https:\/\/darwinforever.com\/index.php\/chronique-les-amis-des-animaux-et-de-la-nature-itw-gerard-feldzer\/capture-3\/\" data-aspectratio=\"1.05\" data-caption=\"\" data-image-title=\"Capture-3\" data-image-description=\"\" srcset=\"https:\/\/i0.wp.com\/darwinforever.com\/wp-content\/uploads\/2022\/06\/Capture-3.jpg?w=1207&amp;ssl=1 1207w, https:\/\/i0.wp.com\/darwinforever.com\/wp-content\/uploads\/2022\/06\/Capture-3.jpg?resize=300%2C287&amp;ssl=1 300w, https:\/\/i0.wp.com\/darwinforever.com\/wp-content\/uploads\/2022\/06\/Capture-3.jpg?resize=1024%2C978&amp;ssl=1 1024w, https:\/\/i0.wp.com\/darwinforever.com\/wp-content\/uploads\/2022\/06\/Capture-3.jpg?resize=768%2C734&amp;ssl=1 768w\" src=\"https:\/\/i0.wp.com\/darwinforever.com\/wp-content\/uploads\/2022\/06\/Capture-3.jpg?resize=696%2C665&#038;ssl=1\" alt=\". .\" class=\"wp-image-3535\"\/><\/figure>\n\n<script type=\"application\/ld+json\">[\n    {\n        \"@context\": \"https:\/\/schema.org\/\",\n        \"@type\": \"ImageObject\",\n        \"contentUrl\": \"https:\/\/darwinforever.com\/wp-content\/uploads\/2022\/06\/Capture-3.jpg\",\n        \"license\": \"\",\n        \"acquireLicensePage\": \"\"\n    }\n]<\/script>\n\n\n<figure class=\"wp-block-image size-large\"><img data-recalc-dims=\"1\" loading=\"lazy\" decoding=\"async\" width=\"696\" height=\"522\" data-orig-file=\"https:\/\/i0.wp.com\/darwinforever.com\/wp-content\/uploads\/2022\/06\/1656148951581.jpg?fit=2016%2C1512&amp;ssl=1\" data-attachment-url=\"https:\/\/darwinforever.com\/index.php\/chronique-les-amis-des-animaux-et-de-la-nature-itw-gerard-feldzer\/attachment\/1656148951581\/\" data-aspectratio=\"1.33\" data-caption=\"\" data-image-title=\"1656148951581\" data-image-description=\"\" srcset=\"https:\/\/i0.wp.com\/darwinforever.com\/wp-content\/uploads\/2022\/06\/1656148951581.jpg?w=2016&amp;ssl=1 2016w, https:\/\/i0.wp.com\/darwinforever.com\/wp-content\/uploads\/2022\/06\/1656148951581.jpg?resize=300%2C225&amp;ssl=1 300w, https:\/\/i0.wp.com\/darwinforever.com\/wp-content\/uploads\/2022\/06\/1656148951581.jpg?resize=1024%2C768&amp;ssl=1 1024w, https:\/\/i0.wp.com\/darwinforever.com\/wp-content\/uploads\/2022\/06\/1656148951581.jpg?resize=768%2C576&amp;ssl=1 768w, https:\/\/i0.wp.com\/darwinforever.com\/wp-content\/uploads\/2022\/06\/1656148951581.jpg?resize=1536%2C1152&amp;ssl=1 1536w, https:\/\/i0.wp.com\/darwinforever.com\/wp-content\/uploads\/2022\/06\/1656148951581.jpg?w=1392&amp;ssl=1 1392w\" src=\"https:\/\/i0.wp.com\/darwinforever.com\/wp-content\/uploads\/2022\/06\/1656148951581.jpg?resize=696%2C522&#038;ssl=1\" alt=\". .\" class=\"wp-image-3536\"\/><\/figure>\n\n<script type=\"application\/ld+json\">[\n    {\n        \"@context\": \"https:\/\/schema.org\/\",\n        \"@type\": \"ImageObject\",\n        \"contentUrl\": \"https:\/\/darwinforever.com\/wp-content\/uploads\/2022\/06\/1656148951581.jpg\",\n        \"license\": \"\",\n        \"acquireLicensePage\": \"\"\n    }\n]<\/script>\n\n\n<figure class=\"wp-block-image size-large\"><img data-recalc-dims=\"1\" loading=\"lazy\" decoding=\"async\" width=\"459\" height=\"1024\" data-orig-file=\"https:\/\/i0.wp.com\/darwinforever.com\/wp-content\/uploads\/2022\/06\/1656149035998-scaled.jpg?fit=1148%2C2560&amp;ssl=1\" data-attachment-url=\"https:\/\/darwinforever.com\/index.php\/chronique-les-amis-des-animaux-et-de-la-nature-itw-gerard-feldzer\/attachment\/1656149035998\/\" data-aspectratio=\"0.45\" data-caption=\"\" data-image-title=\"1656149035998\" data-image-description=\"\" srcset=\"https:\/\/i0.wp.com\/darwinforever.com\/wp-content\/uploads\/2022\/06\/1656149035998-scaled.jpg?w=1148&amp;ssl=1 1148w, https:\/\/i0.wp.com\/darwinforever.com\/wp-content\/uploads\/2022\/06\/1656149035998-scaled.jpg?resize=134%2C300&amp;ssl=1 134w, https:\/\/i0.wp.com\/darwinforever.com\/wp-content\/uploads\/2022\/06\/1656149035998-scaled.jpg?resize=459%2C1024&amp;ssl=1 459w, https:\/\/i0.wp.com\/darwinforever.com\/wp-content\/uploads\/2022\/06\/1656149035998-scaled.jpg?resize=768%2C1713&amp;ssl=1 768w, https:\/\/i0.wp.com\/darwinforever.com\/wp-content\/uploads\/2022\/06\/1656149035998-scaled.jpg?resize=689%2C1536&amp;ssl=1 689w, https:\/\/i0.wp.com\/darwinforever.com\/wp-content\/uploads\/2022\/06\/1656149035998-scaled.jpg?resize=918%2C2048&amp;ssl=1 918w\" src=\"https:\/\/i0.wp.com\/darwinforever.com\/wp-content\/uploads\/2022\/06\/1656149035998.jpg?resize=459%2C1024&#038;ssl=1\" alt=\". .\" class=\"wp-image-3538\"\/><\/figure>\n\n<script type=\"application\/ld+json\">[\n    {\n        \"@context\": \"https:\/\/schema.org\/\",\n        \"@type\": \"ImageObject\",\n        \"contentUrl\": \"https:\/\/darwinforever.com\/wp-content\/uploads\/2022\/06\/1656149035998-scaled.jpg\",\n        \"license\": \"\",\n        \"acquireLicensePage\": \"\"\n    }\n]<\/script>\n\n\n<figure class=\"wp-block-image size-large\"><img data-recalc-dims=\"1\" loading=\"lazy\" decoding=\"async\" width=\"696\" height=\"312\" data-orig-file=\"https:\/\/i0.wp.com\/darwinforever.com\/wp-content\/uploads\/2022\/06\/1656149102200-scaled.jpg?fit=2560%2C1148&amp;ssl=1\" data-attachment-url=\"https:\/\/darwinforever.com\/index.php\/chronique-les-amis-des-animaux-et-de-la-nature-itw-gerard-feldzer\/attachment\/1656149102200\/\" data-aspectratio=\"2.23\" data-caption=\"\" data-image-title=\"1656149102200\" data-image-description=\"\" srcset=\"https:\/\/i0.wp.com\/darwinforever.com\/wp-content\/uploads\/2022\/06\/1656149102200-scaled.jpg?w=2560&amp;ssl=1 2560w, https:\/\/i0.wp.com\/darwinforever.com\/wp-content\/uploads\/2022\/06\/1656149102200-scaled.jpg?resize=300%2C134&amp;ssl=1 300w, https:\/\/i0.wp.com\/darwinforever.com\/wp-content\/uploads\/2022\/06\/1656149102200-scaled.jpg?resize=1024%2C459&amp;ssl=1 1024w, https:\/\/i0.wp.com\/darwinforever.com\/wp-content\/uploads\/2022\/06\/1656149102200-scaled.jpg?resize=768%2C344&amp;ssl=1 768w, https:\/\/i0.wp.com\/darwinforever.com\/wp-content\/uploads\/2022\/06\/1656149102200-scaled.jpg?resize=1536%2C689&amp;ssl=1 1536w, https:\/\/i0.wp.com\/darwinforever.com\/wp-content\/uploads\/2022\/06\/1656149102200-scaled.jpg?resize=2048%2C918&amp;ssl=1 2048w, https:\/\/i0.wp.com\/darwinforever.com\/wp-content\/uploads\/2022\/06\/1656149102200-scaled.jpg?w=1392&amp;ssl=1 1392w\" src=\"https:\/\/i0.wp.com\/darwinforever.com\/wp-content\/uploads\/2022\/06\/1656149102200.jpg?resize=696%2C312&#038;ssl=1\" alt=\". .\" class=\"wp-image-3539\"\/><\/figure>\n\n<script type=\"application\/ld+json\">[\n    {\n        \"@context\": \"https:\/\/schema.org\/\",\n        \"@type\": \"ImageObject\",\n        \"contentUrl\": \"https:\/\/darwinforever.com\/wp-content\/uploads\/2022\/06\/1656149102200-scaled.jpg\",\n        \"license\": \"\",\n        \"acquireLicensePage\": \"\"\n    }\n]<\/script>\n\n\n<figure class=\"wp-block-image size-full\"><img data-recalc-dims=\"1\" loading=\"lazy\" decoding=\"async\" width=\"616\" height=\"410\" data-orig-file=\"https:\/\/i0.wp.com\/darwinforever.com\/wp-content\/uploads\/2022\/06\/niche-pr-canards.jpg?fit=616%2C410&amp;ssl=1\" data-attachment-url=\"https:\/\/darwinforever.com\/index.php\/chronique-les-amis-des-animaux-et-de-la-nature-itw-gerard-feldzer\/niche-pr-canards\/\" data-aspectratio=\"1.5\" data-caption=\"\" data-image-title=\"niche-pr-canards\" data-image-description=\"\" srcset=\"https:\/\/i0.wp.com\/darwinforever.com\/wp-content\/uploads\/2022\/06\/niche-pr-canards.jpg?w=616&amp;ssl=1 616w, https:\/\/i0.wp.com\/darwinforever.com\/wp-content\/uploads\/2022\/06\/niche-pr-canards.jpg?resize=300%2C200&amp;ssl=1 300w\" src=\"https:\/\/i0.wp.com\/darwinforever.com\/wp-content\/uploads\/2022\/06\/niche-pr-canards.jpg?resize=616%2C410&#038;ssl=1\" alt=\". .\" class=\"wp-image-3537\"\/><\/figure>\n\n<script type=\"application\/ld+json\">[\n    {\n        \"@context\": \"https:\/\/schema.org\/\",\n        \"@type\": \"ImageObject\",\n        \"contentUrl\": \"https:\/\/darwinforever.com\/wp-content\/uploads\/2022\/06\/niche-pr-canards.jpg\",\n        \"license\": \"\",\n        \"acquireLicensePage\": \"\"\n    }\n]<\/script>","protected":false},"excerpt":{"rendered":"<p>&#8220;un grand merci \u00e0 Mr Feldzer, c&#8217;\u00e9tait une interwiew passionnante et merci pour tout ce que vous faites pour les animaux et pour les personnes d\u00e9munis avec votre association Z\u00e9bunet&#8221;<\/p><\/div>\n<div class=\"blog-btn\"><a href=\"https:\/\/darwinforever.com\/index.php\/chronique-les-amis-des-animaux-et-de-la-nature-itw-gerard-feldzer\/\" class=\"home-blog-btn\">Lire la suite<\/a><\/p>\n","protected":false},"author":5,"featured_media":3536,"parent":0,"menu_order":0,"comment_status":"closed","ping_status":"closed","template":"","meta":{"_bbp_topic_count":0,"_bbp_reply_count":0,"_bbp_total_topic_count":0,"_bbp_total_reply_count":0,"_bbp_voice_count":0,"_bbp_anonymous_reply_count":0,"_bbp_topic_count_hidden":0,"_bbp_reply_count_hidden":0,"_bbp_forum_subforum_count":0,"jetpack_post_was_ever_published":false,"footnotes":""},"class_list":["post-3527","page","type-page","status-publish","has-post-thumbnail","hentry"],"yoast_head":"<!-- This site is optimized with the Yoast SEO plugin v27.3 - https:\/\/yoast.com\/product\/yoast-seo-wordpress\/ -->\n<title>Chronique &quot;Les Amis des Animaux et de la Nature&quot; avec G\u00e9rard Feldzer - Darwin Forever<\/title>\n<meta name=\"description\" content=\"interview G\u00e9rard Feldzer Darwin Forever Chronique Mathilde Nicolas Kids Matin Nice Matin\" \/>\n<meta name=\"robots\" content=\"index, follow, max-snippet:-1, max-image-preview:large, max-video-preview:-1\" \/>\n<link rel=\"canonical\" href=\"https:\/\/darwinforever.com\/index.php\/chronique-les-amis-des-animaux-et-de-la-nature-itw-gerard-feldzer\/\" \/>\n<meta property=\"og:locale\" content=\"fr_FR\" \/>\n<meta property=\"og:type\" content=\"article\" \/>\n<meta property=\"og:title\" content=\"Chronique &quot;Les Amis des Animaux et de la Nature&quot; avec G\u00e9rard Feldzer - Darwin Forever\" \/>\n<meta property=\"og:description\" content=\"interview G\u00e9rard Feldzer Darwin Forever Chronique Mathilde Nicolas Kids Matin Nice Matin\" \/>\n<meta property=\"og:url\" content=\"https:\/\/darwinforever.com\/index.php\/chronique-les-amis-des-animaux-et-de-la-nature-itw-gerard-feldzer\/\" \/>\n<meta property=\"og:site_name\" content=\"Darwin Forever\" \/>\n<meta property=\"article:publisher\" content=\"https:\/\/www.facebook.com\/darwinforever06\/\" \/>\n<meta property=\"article:modified_time\" content=\"2022-06-25T09:55:38+00:00\" \/>\n<meta property=\"og:image\" content=\"https:\/\/i0.wp.com\/darwinforever.com\/wp-content\/uploads\/2022\/06\/1656148951581.jpg?fit=2016%2C1512&ssl=1\" \/>\n\t<meta property=\"og:image:width\" content=\"2016\" \/>\n\t<meta property=\"og:image:height\" content=\"1512\" \/>\n\t<meta property=\"og:image:type\" content=\"image\/jpeg\" \/>\n<meta name=\"twitter:card\" content=\"summary_large_image\" \/>\n<meta name=\"twitter:label1\" content=\"Dur\u00e9e de lecture estim\u00e9e\" \/>\n\t<meta name=\"twitter:data1\" content=\"3 minutes\" \/>\n<script type=\"application\/ld+json\" class=\"yoast-schema-graph\">{\"@context\":\"https:\\\/\\\/schema.org\",\"@graph\":[{\"@type\":\"WebPage\",\"@id\":\"https:\\\/\\\/darwinforever.com\\\/index.php\\\/chronique-les-amis-des-animaux-et-de-la-nature-itw-gerard-feldzer\\\/\",\"url\":\"https:\\\/\\\/darwinforever.com\\\/index.php\\\/chronique-les-amis-des-animaux-et-de-la-nature-itw-gerard-feldzer\\\/\",\"name\":\"Chronique \\\"Les Amis des Animaux et de la Nature\\\" avec G\u00e9rard Feldzer - Darwin Forever\",\"isPartOf\":{\"@id\":\"https:\\\/\\\/darwinforever.com\\\/#website\"},\"primaryImageOfPage\":{\"@id\":\"https:\\\/\\\/darwinforever.com\\\/index.php\\\/chronique-les-amis-des-animaux-et-de-la-nature-itw-gerard-feldzer\\\/#primaryimage\"},\"image\":{\"@id\":\"https:\\\/\\\/darwinforever.com\\\/index.php\\\/chronique-les-amis-des-animaux-et-de-la-nature-itw-gerard-feldzer\\\/#primaryimage\"},\"thumbnailUrl\":\"https:\\\/\\\/i0.wp.com\\\/darwinforever.com\\\/wp-content\\\/uploads\\\/2022\\\/06\\\/1656148951581.jpg?fit=2016%2C1512&ssl=1\",\"datePublished\":\"2022-06-25T09:47:46+00:00\",\"dateModified\":\"2022-06-25T09:55:38+00:00\",\"description\":\"interview G\u00e9rard Feldzer Darwin Forever Chronique Mathilde Nicolas Kids Matin Nice Matin\",\"breadcrumb\":{\"@id\":\"https:\\\/\\\/darwinforever.com\\\/index.php\\\/chronique-les-amis-des-animaux-et-de-la-nature-itw-gerard-feldzer\\\/#breadcrumb\"},\"inLanguage\":\"fr-FR\",\"potentialAction\":[{\"@type\":\"ReadAction\",\"target\":[\"https:\\\/\\\/darwinforever.com\\\/index.php\\\/chronique-les-amis-des-animaux-et-de-la-nature-itw-gerard-feldzer\\\/\"]}]},{\"@type\":\"ImageObject\",\"inLanguage\":\"fr-FR\",\"@id\":\"https:\\\/\\\/darwinforever.com\\\/index.php\\\/chronique-les-amis-des-animaux-et-de-la-nature-itw-gerard-feldzer\\\/#primaryimage\",\"url\":\"https:\\\/\\\/i0.wp.com\\\/darwinforever.com\\\/wp-content\\\/uploads\\\/2022\\\/06\\\/1656148951581.jpg?fit=2016%2C1512&ssl=1\",\"contentUrl\":\"https:\\\/\\\/i0.wp.com\\\/darwinforever.com\\\/wp-content\\\/uploads\\\/2022\\\/06\\\/1656148951581.jpg?fit=2016%2C1512&ssl=1\",\"width\":2016,\"height\":1512,\"caption\":\". .\"},{\"@type\":\"BreadcrumbList\",\"@id\":\"https:\\\/\\\/darwinforever.com\\\/index.php\\\/chronique-les-amis-des-animaux-et-de-la-nature-itw-gerard-feldzer\\\/#breadcrumb\",\"itemListElement\":[{\"@type\":\"ListItem\",\"position\":1,\"name\":\"Accueil\",\"item\":\"https:\\\/\\\/darwinforever.com\\\/\"},{\"@type\":\"ListItem\",\"position\":2,\"name\":\"Chronique &#8220;Les Amis des Animaux et de la Nature&#8221; avec G\u00e9rard Feldzer\"}]},{\"@type\":\"WebSite\",\"@id\":\"https:\\\/\\\/darwinforever.com\\\/#website\",\"url\":\"https:\\\/\\\/darwinforever.com\\\/\",\"name\":\"Darwin Forever\",\"description\":\"Communaut\u00e9 de Jeunes Engag\u00e9s en faveur des Animaux et de leur Environnement\",\"publisher\":{\"@id\":\"https:\\\/\\\/darwinforever.com\\\/#organization\"},\"potentialAction\":[{\"@type\":\"SearchAction\",\"target\":{\"@type\":\"EntryPoint\",\"urlTemplate\":\"https:\\\/\\\/darwinforever.com\\\/?s={search_term_string}\"},\"query-input\":{\"@type\":\"PropertyValueSpecification\",\"valueRequired\":true,\"valueName\":\"search_term_string\"}}],\"inLanguage\":\"fr-FR\"},{\"@type\":\"Organization\",\"@id\":\"https:\\\/\\\/darwinforever.com\\\/#organization\",\"name\":\"Darwin Forever\",\"url\":\"https:\\\/\\\/darwinforever.com\\\/\",\"logo\":{\"@type\":\"ImageObject\",\"inLanguage\":\"fr-FR\",\"@id\":\"https:\\\/\\\/darwinforever.com\\\/#\\\/schema\\\/logo\\\/image\\\/\",\"url\":\"https:\\\/\\\/i0.wp.com\\\/darwinforever.com\\\/wp-content\\\/uploads\\\/2020\\\/11\\\/cropped-cropped-Logo-Darwin-Forever-scaled-1.jpg?fit=210%2C184&ssl=1\",\"contentUrl\":\"https:\\\/\\\/i0.wp.com\\\/darwinforever.com\\\/wp-content\\\/uploads\\\/2020\\\/11\\\/cropped-cropped-Logo-Darwin-Forever-scaled-1.jpg?fit=210%2C184&ssl=1\",\"width\":210,\"height\":184,\"caption\":\"Darwin Forever\"},\"image\":{\"@id\":\"https:\\\/\\\/darwinforever.com\\\/#\\\/schema\\\/logo\\\/image\\\/\"},\"sameAs\":[\"https:\\\/\\\/www.facebook.com\\\/darwinforever06\\\/\",\"https:\\\/\\\/www.youtube.com\\\/channel\\\/UC0zCalAVmu2K_Xj4BMlfciA\"]}]}<\/script>\n<!-- \/ Yoast SEO plugin. -->","yoast_head_json":{"title":"Chronique \"Les Amis des Animaux et de la Nature\" avec G\u00e9rard Feldzer - Darwin Forever","description":"interview G\u00e9rard Feldzer Darwin Forever Chronique Mathilde Nicolas Kids Matin Nice Matin","robots":{"index":"index","follow":"follow","max-snippet":"max-snippet:-1","max-image-preview":"max-image-preview:large","max-video-preview":"max-video-preview:-1"},"canonical":"https:\/\/darwinforever.com\/index.php\/chronique-les-amis-des-animaux-et-de-la-nature-itw-gerard-feldzer\/","og_locale":"fr_FR","og_type":"article","og_title":"Chronique \"Les Amis des Animaux et de la Nature\" avec G\u00e9rard Feldzer - Darwin Forever","og_description":"interview G\u00e9rard Feldzer Darwin Forever Chronique Mathilde Nicolas Kids Matin Nice Matin","og_url":"https:\/\/darwinforever.com\/index.php\/chronique-les-amis-des-animaux-et-de-la-nature-itw-gerard-feldzer\/","og_site_name":"Darwin Forever","article_publisher":"https:\/\/www.facebook.com\/darwinforever06\/","article_modified_time":"2022-06-25T09:55:38+00:00","og_image":[{"width":2016,"height":1512,"url":"https:\/\/i0.wp.com\/darwinforever.com\/wp-content\/uploads\/2022\/06\/1656148951581.jpg?fit=2016%2C1512&ssl=1","type":"image\/jpeg"}],"twitter_card":"summary_large_image","twitter_misc":{"Dur\u00e9e de lecture estim\u00e9e":"3 minutes"},"schema":{"@context":"https:\/\/schema.org","@graph":[{"@type":"WebPage","@id":"https:\/\/darwinforever.com\/index.php\/chronique-les-amis-des-animaux-et-de-la-nature-itw-gerard-feldzer\/","url":"https:\/\/darwinforever.com\/index.php\/chronique-les-amis-des-animaux-et-de-la-nature-itw-gerard-feldzer\/","name":"Chronique \"Les Amis des Animaux et de la Nature\" avec G\u00e9rard Feldzer - Darwin Forever","isPartOf":{"@id":"https:\/\/darwinforever.com\/#website"},"primaryImageOfPage":{"@id":"https:\/\/darwinforever.com\/index.php\/chronique-les-amis-des-animaux-et-de-la-nature-itw-gerard-feldzer\/#primaryimage"},"image":{"@id":"https:\/\/darwinforever.com\/index.php\/chronique-les-amis-des-animaux-et-de-la-nature-itw-gerard-feldzer\/#primaryimage"},"thumbnailUrl":"https:\/\/i0.wp.com\/darwinforever.com\/wp-content\/uploads\/2022\/06\/1656148951581.jpg?fit=2016%2C1512&ssl=1","datePublished":"2022-06-25T09:47:46+00:00","dateModified":"2022-06-25T09:55:38+00:00","description":"interview G\u00e9rard Feldzer Darwin Forever Chronique Mathilde Nicolas Kids Matin Nice Matin","breadcrumb":{"@id":"https:\/\/darwinforever.com\/index.php\/chronique-les-amis-des-animaux-et-de-la-nature-itw-gerard-feldzer\/#breadcrumb"},"inLanguage":"fr-FR","potentialAction":[{"@type":"ReadAction","target":["https:\/\/darwinforever.com\/index.php\/chronique-les-amis-des-animaux-et-de-la-nature-itw-gerard-feldzer\/"]}]},{"@type":"ImageObject","inLanguage":"fr-FR","@id":"https:\/\/darwinforever.com\/index.php\/chronique-les-amis-des-animaux-et-de-la-nature-itw-gerard-feldzer\/#primaryimage","url":"https:\/\/i0.wp.com\/darwinforever.com\/wp-content\/uploads\/2022\/06\/1656148951581.jpg?fit=2016%2C1512&ssl=1","contentUrl":"https:\/\/i0.wp.com\/darwinforever.com\/wp-content\/uploads\/2022\/06\/1656148951581.jpg?fit=2016%2C1512&ssl=1","width":2016,"height":1512,"caption":". ."},{"@type":"BreadcrumbList","@id":"https:\/\/darwinforever.com\/index.php\/chronique-les-amis-des-animaux-et-de-la-nature-itw-gerard-feldzer\/#breadcrumb","itemListElement":[{"@type":"ListItem","position":1,"name":"Accueil","item":"https:\/\/darwinforever.com\/"},{"@type":"ListItem","position":2,"name":"Chronique &#8220;Les Amis des Animaux et de la Nature&#8221; avec G\u00e9rard Feldzer"}]},{"@type":"WebSite","@id":"https:\/\/darwinforever.com\/#website","url":"https:\/\/darwinforever.com\/","name":"Darwin Forever","description":"Communaut\u00e9 de Jeunes Engag\u00e9s en faveur des Animaux et de leur Environnement","publisher":{"@id":"https:\/\/darwinforever.com\/#organization"},"potentialAction":[{"@type":"SearchAction","target":{"@type":"EntryPoint","urlTemplate":"https:\/\/darwinforever.com\/?s={search_term_string}"},"query-input":{"@type":"PropertyValueSpecification","valueRequired":true,"valueName":"search_term_string"}}],"inLanguage":"fr-FR"},{"@type":"Organization","@id":"https:\/\/darwinforever.com\/#organization","name":"Darwin Forever","url":"https:\/\/darwinforever.com\/","logo":{"@type":"ImageObject","inLanguage":"fr-FR","@id":"https:\/\/darwinforever.com\/#\/schema\/logo\/image\/","url":"https:\/\/i0.wp.com\/darwinforever.com\/wp-content\/uploads\/2020\/11\/cropped-cropped-Logo-Darwin-Forever-scaled-1.jpg?fit=210%2C184&ssl=1","contentUrl":"https:\/\/i0.wp.com\/darwinforever.com\/wp-content\/uploads\/2020\/11\/cropped-cropped-Logo-Darwin-Forever-scaled-1.jpg?fit=210%2C184&ssl=1","width":210,"height":184,"caption":"Darwin Forever"},"image":{"@id":"https:\/\/darwinforever.com\/#\/schema\/logo\/image\/"},"sameAs":["https:\/\/www.facebook.com\/darwinforever06\/","https:\/\/www.youtube.com\/channel\/UC0zCalAVmu2K_Xj4BMlfciA"]}]}},"jetpack_sharing_enabled":false,"jetpack_likes_enabled":false,"_links":{"self":[{"href":"https:\/\/darwinforever.com\/index.php\/wp-json\/wp\/v2\/pages\/3527","targetHints":{"allow":["GET"]}}],"collection":[{"href":"https:\/\/darwinforever.com\/index.php\/wp-json\/wp\/v2\/pages"}],"about":[{"href":"https:\/\/darwinforever.com\/index.php\/wp-json\/wp\/v2\/types\/page"}],"author":[{"embeddable":true,"href":"https:\/\/darwinforever.com\/index.php\/wp-json\/wp\/v2\/users\/5"}],"replies":[{"embeddable":true,"href":"https:\/\/darwinforever.com\/index.php\/wp-json\/wp\/v2\/comments?post=3527"}],"version-history":[{"count":3,"href":"https:\/\/darwinforever.com\/index.php\/wp-json\/wp\/v2\/pages\/3527\/revisions"}],"predecessor-version":[{"id":3544,"href":"https:\/\/darwinforever.com\/index.php\/wp-json\/wp\/v2\/pages\/3527\/revisions\/3544"}],"wp:featuredmedia":[{"embeddable":true,"href":"https:\/\/darwinforever.com\/index.php\/wp-json\/wp\/v2\/media\/3536"}],"wp:attachment":[{"href":"https:\/\/darwinforever.com\/index.php\/wp-json\/wp\/v2\/media?parent=3527"}],"curies":[{"name":"wp","href":"https:\/\/api.w.org\/{rel}","templated":true}]}}