{"id":3383,"date":"2021-12-08T20:43:00","date_gmt":"2021-12-08T19:43:00","guid":{"rendered":"https:\/\/darwinforever.com\/?page_id=3383"},"modified":"2022-09-08T16:17:39","modified_gmt":"2022-09-08T14:17:39","slug":"chronique-les-amis-des-animaux-avec-jean-pierre-foucault","status":"publish","type":"page","link":"https:\/\/darwinforever.com\/index.php\/chronique-les-amis-des-animaux-avec-jean-pierre-foucault\/","title":{"rendered":"Chronique &#8220;Les Amis des Animaux et de la Nature&#8221; avec Jean Pierre Foucault"},"content":{"rendered":"<div class=\"wp-block-image\">\n<figure class=\"aligncenter size-large\"><img data-recalc-dims=\"1\" loading=\"lazy\" decoding=\"async\" width=\"696\" height=\"968\" data-orig-file=\"https:\/\/i0.wp.com\/darwinforever.com\/wp-content\/uploads\/2021\/12\/ITW-JP-Foucault-Darwin-Forever.jpg?fit=878%2C1222&amp;ssl=1\" data-attachment-url=\"https:\/\/darwinforever.com\/index.php\/chronique-les-amis-des-animaux-avec-jean-pierre-foucault\/itw-jp-foucault-darwin-forever\/\" data-aspectratio=\"0.72\" data-caption=\"\" data-image-title=\"ITW-JP-Foucault-Darwin-Forever\" data-image-description=\"\" srcset=\"https:\/\/i0.wp.com\/darwinforever.com\/wp-content\/uploads\/2021\/12\/ITW-JP-Foucault-Darwin-Forever.jpg?w=878&amp;ssl=1 878w, https:\/\/i0.wp.com\/darwinforever.com\/wp-content\/uploads\/2021\/12\/ITW-JP-Foucault-Darwin-Forever.jpg?resize=216%2C300&amp;ssl=1 216w, https:\/\/i0.wp.com\/darwinforever.com\/wp-content\/uploads\/2021\/12\/ITW-JP-Foucault-Darwin-Forever.jpg?resize=736%2C1024&amp;ssl=1 736w, https:\/\/i0.wp.com\/darwinforever.com\/wp-content\/uploads\/2021\/12\/ITW-JP-Foucault-Darwin-Forever.jpg?resize=768%2C1069&amp;ssl=1 768w\" src=\"https:\/\/i0.wp.com\/darwinforever.com\/wp-content\/uploads\/2021\/12\/ITW-JP-Foucault-Darwin-Forever.jpg?resize=696%2C968&#038;ssl=1\" alt=\". .\" class=\"wp-image-3384\"\/><\/figure>\n\n<script type=\"application\/ld+json\">[\n    {\n        \"@context\": \"https:\/\/schema.org\/\",\n        \"@type\": \"ImageObject\",\n        \"contentUrl\": \"https:\/\/darwinforever.com\/wp-content\/uploads\/2021\/12\/ITW-JP-Foucault-Darwin-Forever.jpg\",\n        \"license\": \"\",\n        \"acquireLicensePage\": \"\"\n    }\n]<\/script><\/div>\n\n<div class=\"wp-block-image\">\n<figure class=\"aligncenter size-large\"><img data-recalc-dims=\"1\" loading=\"lazy\" decoding=\"async\" width=\"696\" height=\"696\" data-orig-file=\"https:\/\/i0.wp.com\/darwinforever.com\/wp-content\/uploads\/2021\/12\/M-et-N-et-JPF.jpg?fit=1600%2C1600&amp;ssl=1\" data-attachment-url=\"https:\/\/darwinforever.com\/index.php\/chronique-les-amis-des-animaux-avec-jean-pierre-foucault\/m-et-n-et-jpf\/\" data-aspectratio=\"1\" data-caption=\"\" data-image-title=\"M-et-N-et-JPF\" data-image-description=\"\" srcset=\"https:\/\/i0.wp.com\/darwinforever.com\/wp-content\/uploads\/2021\/12\/M-et-N-et-JPF.jpg?w=1600&amp;ssl=1 1600w, https:\/\/i0.wp.com\/darwinforever.com\/wp-content\/uploads\/2021\/12\/M-et-N-et-JPF.jpg?resize=300%2C300&amp;ssl=1 300w, https:\/\/i0.wp.com\/darwinforever.com\/wp-content\/uploads\/2021\/12\/M-et-N-et-JPF.jpg?resize=1024%2C1024&amp;ssl=1 1024w, https:\/\/i0.wp.com\/darwinforever.com\/wp-content\/uploads\/2021\/12\/M-et-N-et-JPF.jpg?resize=150%2C150&amp;ssl=1 150w, https:\/\/i0.wp.com\/darwinforever.com\/wp-content\/uploads\/2021\/12\/M-et-N-et-JPF.jpg?resize=768%2C768&amp;ssl=1 768w, https:\/\/i0.wp.com\/darwinforever.com\/wp-content\/uploads\/2021\/12\/M-et-N-et-JPF.jpg?resize=1536%2C1536&amp;ssl=1 1536w, https:\/\/i0.wp.com\/darwinforever.com\/wp-content\/uploads\/2021\/12\/M-et-N-et-JPF.jpg?resize=400%2C400&amp;ssl=1 400w, https:\/\/i0.wp.com\/darwinforever.com\/wp-content\/uploads\/2021\/12\/M-et-N-et-JPF.jpg?w=1392&amp;ssl=1 1392w\" src=\"https:\/\/i0.wp.com\/darwinforever.com\/wp-content\/uploads\/2021\/12\/M-et-N-et-JPF.jpg?resize=696%2C696&#038;ssl=1\" alt=\". .\" class=\"wp-image-3385\"\/><\/figure>\n\n<script type=\"application\/ld+json\">[\n    {\n        \"@context\": \"https:\/\/schema.org\/\",\n        \"@type\": \"ImageObject\",\n        \"contentUrl\": \"https:\/\/darwinforever.com\/wp-content\/uploads\/2021\/12\/M-et-N-et-JPF.jpg\",\n        \"license\": \"\",\n        \"acquireLicensePage\": \"\"\n    }\n]<\/script><\/div>\n\n\n<p>voici l&#8217;article consacr\u00e9 \u00e0 Jean Pierre Foucault qui a \u00e9t\u00e9 diffus\u00e9 ce mercredi 8 d\u00e9cembre dans le journal&nbsp;<a href=\"https:\/\/www.instagram.com\/kidsmatin\/\">@kidsmatin<\/a><a href=\"https:\/\/www.instagram.com\/nicematin\/\">@nicematin<\/a><a href=\"https:\/\/www.instagram.com\/varmatin\/\">@varmatin<\/a><a href=\"https:\/\/www.instagram.com\/monacomatin\/\">@monacomatin<\/a>&nbsp;et sur le site de l&#8217;association darwinforever.com<\/p>\n\n\n\n<p>\u2022 Mathilde : &#8220;merci beaucoup pour ce tr\u00e8s bon moment, c&#8217;\u00e9tait tr\u00e8s int\u00e9ressant de d\u00e9couvrir ton amour pour les Animaux et pour la Nature!&#8221; \u2764\ufe0f\ud83d\udc3e\ud83c\udf33<\/p>\n\n\n\n<p>Nicolas : &#8221; oui moi aussi j&#8217;ai beaucoup aim\u00e9 et les biscuits aussi \ud83d\ude0b\ud83d\ude09 merci beaucoup! &#8220;<\/p>\n\n\n\n<p>Virginie : &#8220;Un grand merci pour ce tr\u00e8s bon moment, pour vos confidences, vos anecdotes et vos pr\u00e9cieux conseils pour les jeunes!&#8221; \ud83d\ude4f<\/p>\n\n\n\n<p><a href=\"https:\/\/www.instagram.com\/explore\/tags\/darwinforever\/\">#darwinforever<\/a><a href=\"https:\/\/www.instagram.com\/explore\/tags\/jeanpierrefoucault\/\">#jeanpierrefoucault<\/a><a href=\"https:\/\/www.instagram.com\/explore\/tags\/amisdesanimaux\/\">#amisdesanimaux<\/a><a href=\"https:\/\/www.instagram.com\/explore\/tags\/confidence\/\">#confidence<\/a><a href=\"https:\/\/www.instagram.com\/explore\/tags\/anecdote\/\">#anecdote<\/a><a href=\"https:\/\/www.instagram.com\/explore\/tags\/merci\/\">#merci<\/a><a href=\"https:\/\/www.instagram.com\/explore\/tags\/passion\/\">#PASSION<\/a><a href=\"https:\/\/www.instagram.com\/explore\/tags\/partage\/\">#partage<\/a><a href=\"https:\/\/www.instagram.com\/explore\/tags\/chroniqueur\/\">#chroniqueur<\/a><a href=\"https:\/\/www.instagram.com\/explore\/tags\/kidsmatin\/\">#kidsmatin<\/a><a href=\"https:\/\/www.instagram.com\/explore\/tags\/nicematinjournal\/\">#nicematinjournal<\/a><a href=\"https:\/\/www.instagram.com\/explore\/tags\/varmatin\/\">#varmatin<\/a><a href=\"https:\/\/www.instagram.com\/explore\/tags\/monacomatin%F0%9F%87%B2%F0%9F%87%A8\/\">#monacomatin\ud83c\uddf2\ud83c\udde8<\/a><\/p>\n","protected":false},"excerpt":{"rendered":"<p>voici l&#8217;article consacr\u00e9 \u00e0 Jean Pierre Foucault qui a \u00e9t\u00e9 diffus\u00e9 ce mercredi 8 d\u00e9cembre dans le journal&nbsp;@kidsmatin@nicematin@varmatin@monacomatin&nbsp;et sur le site de l&#8217;association darwinforever.com \u2022 Mathilde : &#8220;merci beaucoup pour<\/p><\/div>\n<div class=\"blog-btn\"><a href=\"https:\/\/darwinforever.com\/index.php\/chronique-les-amis-des-animaux-avec-jean-pierre-foucault\/\" class=\"home-blog-btn\">Lire la suite<\/a><\/p>\n","protected":false},"author":7,"featured_media":0,"parent":0,"menu_order":0,"comment_status":"closed","ping_status":"closed","template":"","meta":{"_bbp_topic_count":0,"_bbp_reply_count":0,"_bbp_total_topic_count":0,"_bbp_total_reply_count":0,"_bbp_voice_count":0,"_bbp_anonymous_reply_count":0,"_bbp_topic_count_hidden":0,"_bbp_reply_count_hidden":0,"_bbp_forum_subforum_count":0,"jetpack_post_was_ever_published":false,"footnotes":""},"class_list":["post-3383","page","type-page","status-publish","hentry"],"yoast_head":"<!-- This site is optimized with the Yoast SEO plugin v27.4 - https:\/\/yoast.com\/product\/yoast-seo-wordpress\/ -->\n<title>Chronique &quot;Les Amis des Animaux et de la Nature&quot; avec Jean Pierre Foucault - Darwin Forever<\/title>\n<meta name=\"robots\" content=\"index, follow, max-snippet:-1, max-image-preview:large, max-video-preview:-1\" \/>\n<link rel=\"canonical\" href=\"https:\/\/darwinforever.com\/index.php\/chronique-les-amis-des-animaux-avec-jean-pierre-foucault\/\" \/>\n<meta property=\"og:locale\" content=\"fr_FR\" \/>\n<meta property=\"og:type\" content=\"article\" \/>\n<meta property=\"og:title\" content=\"Chronique &quot;Les Amis des Animaux et de la Nature&quot; avec Jean Pierre Foucault - Darwin Forever\" \/>\n<meta property=\"og:description\" content=\"voici l&#8217;article consacr\u00e9 \u00e0 Jean Pierre Foucault qui a \u00e9t\u00e9 diffus\u00e9 ce mercredi 8 d\u00e9cembre dans le journal&nbsp;@kidsmatin@nicematin@varmatin@monacomatin&nbsp;et sur le site de l&#8217;association darwinforever.com \u2022 Mathilde : &#8220;merci beaucoup pourLire la suite\" \/>\n<meta property=\"og:url\" content=\"https:\/\/darwinforever.com\/index.php\/chronique-les-amis-des-animaux-avec-jean-pierre-foucault\/\" \/>\n<meta property=\"og:site_name\" content=\"Darwin Forever\" \/>\n<meta property=\"article:publisher\" content=\"https:\/\/www.facebook.com\/darwinforever06\/\" \/>\n<meta property=\"article:modified_time\" content=\"2022-09-08T14:17:39+00:00\" \/>\n<meta property=\"og:image\" content=\"https:\/\/darwinforever.com\/wp-content\/uploads\/2021\/12\/ITW-JP-Foucault-Darwin-Forever-736x1024.jpg\" \/>\n<meta name=\"twitter:card\" content=\"summary_large_image\" \/>\n<meta name=\"twitter:label1\" content=\"Dur\u00e9e de lecture estim\u00e9e\" \/>\n\t<meta name=\"twitter:data1\" content=\"1 minute\" \/>\n<script type=\"application\/ld+json\" class=\"yoast-schema-graph\">{\"@context\":\"https:\\\/\\\/schema.org\",\"@graph\":[{\"@type\":\"WebPage\",\"@id\":\"https:\\\/\\\/darwinforever.com\\\/index.php\\\/chronique-les-amis-des-animaux-avec-jean-pierre-foucault\\\/\",\"url\":\"https:\\\/\\\/darwinforever.com\\\/index.php\\\/chronique-les-amis-des-animaux-avec-jean-pierre-foucault\\\/\",\"name\":\"Chronique \\\"Les Amis des Animaux et de la Nature\\\" avec Jean Pierre Foucault - Darwin Forever\",\"isPartOf\":{\"@id\":\"https:\\\/\\\/darwinforever.com\\\/#website\"},\"primaryImageOfPage\":{\"@id\":\"https:\\\/\\\/darwinforever.com\\\/index.php\\\/chronique-les-amis-des-animaux-avec-jean-pierre-foucault\\\/#primaryimage\"},\"image\":{\"@id\":\"https:\\\/\\\/darwinforever.com\\\/index.php\\\/chronique-les-amis-des-animaux-avec-jean-pierre-foucault\\\/#primaryimage\"},\"thumbnailUrl\":\"https:\\\/\\\/darwinforever.com\\\/wp-content\\\/uploads\\\/2021\\\/12\\\/ITW-JP-Foucault-Darwin-Forever-736x1024.jpg\",\"datePublished\":\"2021-12-08T19:43:00+00:00\",\"dateModified\":\"2022-09-08T14:17:39+00:00\",\"breadcrumb\":{\"@id\":\"https:\\\/\\\/darwinforever.com\\\/index.php\\\/chronique-les-amis-des-animaux-avec-jean-pierre-foucault\\\/#breadcrumb\"},\"inLanguage\":\"fr-FR\",\"potentialAction\":[{\"@type\":\"ReadAction\",\"target\":[\"https:\\\/\\\/darwinforever.com\\\/index.php\\\/chronique-les-amis-des-animaux-avec-jean-pierre-foucault\\\/\"]}]},{\"@type\":\"ImageObject\",\"inLanguage\":\"fr-FR\",\"@id\":\"https:\\\/\\\/darwinforever.com\\\/index.php\\\/chronique-les-amis-des-animaux-avec-jean-pierre-foucault\\\/#primaryimage\",\"url\":\"https:\\\/\\\/i0.wp.com\\\/darwinforever.com\\\/wp-content\\\/uploads\\\/2021\\\/12\\\/ITW-JP-Foucault-Darwin-Forever.jpg?fit=878%2C1222&ssl=1\",\"contentUrl\":\"https:\\\/\\\/i0.wp.com\\\/darwinforever.com\\\/wp-content\\\/uploads\\\/2021\\\/12\\\/ITW-JP-Foucault-Darwin-Forever.jpg?fit=878%2C1222&ssl=1\",\"width\":878,\"height\":1222,\"caption\":\". .\"},{\"@type\":\"BreadcrumbList\",\"@id\":\"https:\\\/\\\/darwinforever.com\\\/index.php\\\/chronique-les-amis-des-animaux-avec-jean-pierre-foucault\\\/#breadcrumb\",\"itemListElement\":[{\"@type\":\"ListItem\",\"position\":1,\"name\":\"Accueil\",\"item\":\"https:\\\/\\\/darwinforever.com\\\/\"},{\"@type\":\"ListItem\",\"position\":2,\"name\":\"Chronique &#8220;Les Amis des Animaux et de la Nature&#8221; avec Jean Pierre Foucault\"}]},{\"@type\":\"WebSite\",\"@id\":\"https:\\\/\\\/darwinforever.com\\\/#website\",\"url\":\"https:\\\/\\\/darwinforever.com\\\/\",\"name\":\"Darwin Forever\",\"description\":\"Communaut\u00e9 de Jeunes Engag\u00e9s en faveur des Animaux et de leur Environnement\",\"publisher\":{\"@id\":\"https:\\\/\\\/darwinforever.com\\\/#organization\"},\"potentialAction\":[{\"@type\":\"SearchAction\",\"target\":{\"@type\":\"EntryPoint\",\"urlTemplate\":\"https:\\\/\\\/darwinforever.com\\\/?s={search_term_string}\"},\"query-input\":{\"@type\":\"PropertyValueSpecification\",\"valueRequired\":true,\"valueName\":\"search_term_string\"}}],\"inLanguage\":\"fr-FR\"},{\"@type\":\"Organization\",\"@id\":\"https:\\\/\\\/darwinforever.com\\\/#organization\",\"name\":\"Darwin Forever\",\"url\":\"https:\\\/\\\/darwinforever.com\\\/\",\"logo\":{\"@type\":\"ImageObject\",\"inLanguage\":\"fr-FR\",\"@id\":\"https:\\\/\\\/darwinforever.com\\\/#\\\/schema\\\/logo\\\/image\\\/\",\"url\":\"https:\\\/\\\/i0.wp.com\\\/darwinforever.com\\\/wp-content\\\/uploads\\\/2020\\\/11\\\/cropped-cropped-Logo-Darwin-Forever-scaled-1.jpg?fit=210%2C184&ssl=1\",\"contentUrl\":\"https:\\\/\\\/i0.wp.com\\\/darwinforever.com\\\/wp-content\\\/uploads\\\/2020\\\/11\\\/cropped-cropped-Logo-Darwin-Forever-scaled-1.jpg?fit=210%2C184&ssl=1\",\"width\":210,\"height\":184,\"caption\":\"Darwin Forever\"},\"image\":{\"@id\":\"https:\\\/\\\/darwinforever.com\\\/#\\\/schema\\\/logo\\\/image\\\/\"},\"sameAs\":[\"https:\\\/\\\/www.facebook.com\\\/darwinforever06\\\/\",\"https:\\\/\\\/www.youtube.com\\\/channel\\\/UC0zCalAVmu2K_Xj4BMlfciA\"]}]}<\/script>\n<!-- \/ Yoast SEO plugin. -->","yoast_head_json":{"title":"Chronique \"Les Amis des Animaux et de la Nature\" avec Jean Pierre Foucault - Darwin Forever","robots":{"index":"index","follow":"follow","max-snippet":"max-snippet:-1","max-image-preview":"max-image-preview:large","max-video-preview":"max-video-preview:-1"},"canonical":"https:\/\/darwinforever.com\/index.php\/chronique-les-amis-des-animaux-avec-jean-pierre-foucault\/","og_locale":"fr_FR","og_type":"article","og_title":"Chronique \"Les Amis des Animaux et de la Nature\" avec Jean Pierre Foucault - Darwin Forever","og_description":"voici l&#8217;article consacr\u00e9 \u00e0 Jean Pierre Foucault qui a \u00e9t\u00e9 diffus\u00e9 ce mercredi 8 d\u00e9cembre dans le journal&nbsp;@kidsmatin@nicematin@varmatin@monacomatin&nbsp;et sur le site de l&#8217;association darwinforever.com \u2022 Mathilde : &#8220;merci beaucoup pourLire la suite","og_url":"https:\/\/darwinforever.com\/index.php\/chronique-les-amis-des-animaux-avec-jean-pierre-foucault\/","og_site_name":"Darwin Forever","article_publisher":"https:\/\/www.facebook.com\/darwinforever06\/","article_modified_time":"2022-09-08T14:17:39+00:00","og_image":[{"url":"https:\/\/darwinforever.com\/wp-content\/uploads\/2021\/12\/ITW-JP-Foucault-Darwin-Forever-736x1024.jpg","type":"","width":"","height":""}],"twitter_card":"summary_large_image","twitter_misc":{"Dur\u00e9e de lecture estim\u00e9e":"1 minute"},"schema":{"@context":"https:\/\/schema.org","@graph":[{"@type":"WebPage","@id":"https:\/\/darwinforever.com\/index.php\/chronique-les-amis-des-animaux-avec-jean-pierre-foucault\/","url":"https:\/\/darwinforever.com\/index.php\/chronique-les-amis-des-animaux-avec-jean-pierre-foucault\/","name":"Chronique \"Les Amis des Animaux et de la Nature\" avec Jean Pierre Foucault - Darwin Forever","isPartOf":{"@id":"https:\/\/darwinforever.com\/#website"},"primaryImageOfPage":{"@id":"https:\/\/darwinforever.com\/index.php\/chronique-les-amis-des-animaux-avec-jean-pierre-foucault\/#primaryimage"},"image":{"@id":"https:\/\/darwinforever.com\/index.php\/chronique-les-amis-des-animaux-avec-jean-pierre-foucault\/#primaryimage"},"thumbnailUrl":"https:\/\/darwinforever.com\/wp-content\/uploads\/2021\/12\/ITW-JP-Foucault-Darwin-Forever-736x1024.jpg","datePublished":"2021-12-08T19:43:00+00:00","dateModified":"2022-09-08T14:17:39+00:00","breadcrumb":{"@id":"https:\/\/darwinforever.com\/index.php\/chronique-les-amis-des-animaux-avec-jean-pierre-foucault\/#breadcrumb"},"inLanguage":"fr-FR","potentialAction":[{"@type":"ReadAction","target":["https:\/\/darwinforever.com\/index.php\/chronique-les-amis-des-animaux-avec-jean-pierre-foucault\/"]}]},{"@type":"ImageObject","inLanguage":"fr-FR","@id":"https:\/\/darwinforever.com\/index.php\/chronique-les-amis-des-animaux-avec-jean-pierre-foucault\/#primaryimage","url":"https:\/\/i0.wp.com\/darwinforever.com\/wp-content\/uploads\/2021\/12\/ITW-JP-Foucault-Darwin-Forever.jpg?fit=878%2C1222&ssl=1","contentUrl":"https:\/\/i0.wp.com\/darwinforever.com\/wp-content\/uploads\/2021\/12\/ITW-JP-Foucault-Darwin-Forever.jpg?fit=878%2C1222&ssl=1","width":878,"height":1222,"caption":". ."},{"@type":"BreadcrumbList","@id":"https:\/\/darwinforever.com\/index.php\/chronique-les-amis-des-animaux-avec-jean-pierre-foucault\/#breadcrumb","itemListElement":[{"@type":"ListItem","position":1,"name":"Accueil","item":"https:\/\/darwinforever.com\/"},{"@type":"ListItem","position":2,"name":"Chronique &#8220;Les Amis des Animaux et de la Nature&#8221; avec Jean Pierre Foucault"}]},{"@type":"WebSite","@id":"https:\/\/darwinforever.com\/#website","url":"https:\/\/darwinforever.com\/","name":"Darwin Forever","description":"Communaut\u00e9 de Jeunes Engag\u00e9s en faveur des Animaux et de leur Environnement","publisher":{"@id":"https:\/\/darwinforever.com\/#organization"},"potentialAction":[{"@type":"SearchAction","target":{"@type":"EntryPoint","urlTemplate":"https:\/\/darwinforever.com\/?s={search_term_string}"},"query-input":{"@type":"PropertyValueSpecification","valueRequired":true,"valueName":"search_term_string"}}],"inLanguage":"fr-FR"},{"@type":"Organization","@id":"https:\/\/darwinforever.com\/#organization","name":"Darwin Forever","url":"https:\/\/darwinforever.com\/","logo":{"@type":"ImageObject","inLanguage":"fr-FR","@id":"https:\/\/darwinforever.com\/#\/schema\/logo\/image\/","url":"https:\/\/i0.wp.com\/darwinforever.com\/wp-content\/uploads\/2020\/11\/cropped-cropped-Logo-Darwin-Forever-scaled-1.jpg?fit=210%2C184&ssl=1","contentUrl":"https:\/\/i0.wp.com\/darwinforever.com\/wp-content\/uploads\/2020\/11\/cropped-cropped-Logo-Darwin-Forever-scaled-1.jpg?fit=210%2C184&ssl=1","width":210,"height":184,"caption":"Darwin Forever"},"image":{"@id":"https:\/\/darwinforever.com\/#\/schema\/logo\/image\/"},"sameAs":["https:\/\/www.facebook.com\/darwinforever06\/","https:\/\/www.youtube.com\/channel\/UC0zCalAVmu2K_Xj4BMlfciA"]}]}},"jetpack_sharing_enabled":true,"jetpack_likes_enabled":true,"_links":{"self":[{"href":"https:\/\/darwinforever.com\/index.php\/wp-json\/wp\/v2\/pages\/3383","targetHints":{"allow":["GET"]}}],"collection":[{"href":"https:\/\/darwinforever.com\/index.php\/wp-json\/wp\/v2\/pages"}],"about":[{"href":"https:\/\/darwinforever.com\/index.php\/wp-json\/wp\/v2\/types\/page"}],"author":[{"embeddable":true,"href":"https:\/\/darwinforever.com\/index.php\/wp-json\/wp\/v2\/users\/7"}],"replies":[{"embeddable":true,"href":"https:\/\/darwinforever.com\/index.php\/wp-json\/wp\/v2\/comments?post=3383"}],"version-history":[{"count":3,"href":"https:\/\/darwinforever.com\/index.php\/wp-json\/wp\/v2\/pages\/3383\/revisions"}],"predecessor-version":[{"id":3642,"href":"https:\/\/darwinforever.com\/index.php\/wp-json\/wp\/v2\/pages\/3383\/revisions\/3642"}],"wp:attachment":[{"href":"https:\/\/darwinforever.com\/index.php\/wp-json\/wp\/v2\/media?parent=3383"}],"curies":[{"name":"wp","href":"https:\/\/api.w.org\/{rel}","templated":true}]}}