{"id":3354,"date":"2021-11-09T22:16:00","date_gmt":"2021-11-09T21:16:00","guid":{"rendered":"https:\/\/darwinforever.com\/?page_id=3354"},"modified":"2022-02-16T16:07:50","modified_gmt":"2022-02-16T15:07:50","slug":"resultat-du-concours-de-dessins-imagine-un-monde","status":"publish","type":"page","link":"https:\/\/darwinforever.com\/index.php\/resultat-du-concours-de-dessins-imagine-un-monde\/","title":{"rendered":"R\u00e9sultat du concours de dessins Imagine un monde"},"content":{"rendered":"\n<p><strong><em>ATTENTION : RETARD DE LIVRAISON DE NOTRE PARTENAIRE HEGOA &#8211; CF CI DESSOUS LEUR COURRIER EXPLICATIF SOUS LE LISTING DES GAGNANTS<\/em><\/strong><\/p>\n\n\n\n<p><strong>Bravo \u00e0 tous les participants ! <\/strong>Vous avez \u00e9t\u00e9 TRES nombreux (plus de 2000) \u00e0 participer \u00e0 cette quatri\u00e8me \u00e9dition du Concours de sensibilisation de dessin.<br>Nous tenons \u00e0 remercier tous les participants pour leurs efforts et pour la qualit\u00e9 de leur travail tant artistique que leur cr\u00e9ativit\u00e9. Un grand bravo \u00e0 la grande participation des jeunes, vous \u00eates formidables de cr\u00e9ativit\u00e9 et d\u2019imagination. Le monde de demain ne semble pas vous faire peur, bien au contraire l\u2019univers futuriste vous inspire ; quel talent! Et quel optimisme. La nature finit toujours par l\u2019emporter, et les animaux aussi \ud83d\ude09<br>Vous souhaitant une bonne continuation<br><\/p>\n\n\n\n<p>Merci au pr\u00e9sident<strong> David Hallyday<\/strong> Ainsi qu\u2019aux membres du jury : <strong>Pierre RABHI, Virginie FOUCAULT, Pablo SERVIGNE, Didier Van Cauwelaert, Anouchka DELON, V\u00e9ronique LUDDENI, Natacha HARRY, Frank LEBOEUF, Alexia BARRIER, Pauline LEVY, Juliette CHABOD<\/strong> <\/p>\n\n\n\n<p class=\"has-text-align-center\"><strong>Cat\u00e9gorie &#8220;Adultes&#8221; <\/strong><\/p>\n\n\n\n<figure class=\"wp-block-table\"><table><tbody><tr><td>1<\/td><td><\/td><td>Yan<\/td><td>Que<\/td><td>s\u00e9jour de 15 nuits en chambre familiale pour quatre personnes (deux adultes et deux enfants moins de 12 ans) avec petits d\u00e9jeuner \u00e0 l\u2019hotel Mai Khao Palm Beach Resort \u00e0 Phuket (http:\/\/www.maikhaopalmbeachresort.com )<\/td><\/tr><tr><td>2<\/td><td><\/td><td>Elsa<\/td><td>Pai<\/td><td>un Cadeau-Dessin personnalis\u00e9 de la dessinatrice Pauline L\u00e9v\u00eaque Levy + 1 livre d\u00e9dicac\u00e9 de l\u2019auteure Victoire Theismann \u201cSi je change, le monde change : l\u2019Effet papillon\u201d <\/td><\/tr><tr><td>3<\/td><td><\/td><td>Justine<\/td><td>Lar<\/td><td>1 livre d\u00e9dicac\u00e9 de l\u2019auteure Victoire Theismann \u201cSi je change, le monde change : l\u2019Effet papillon\u201d<\/td><\/tr><tr><td>4<\/td><td><\/td><td>Alix<\/td><td>Vent<\/td><td> 1 livre d\u00e9dicac\u00e9 de l\u2019auteure Victoire Theismann \u201cSi je change, le monde change : l\u2019Effet papillon\u201d <\/td><\/tr><tr><td>5<\/td><td><\/td><td>Auxane<\/td><td>Mart<\/td><td>1 livre d\u00e9dicac\u00e9 de l\u2019auteure Victoire Theismann \u201cSi je change, le monde change : l\u2019Effet papillon\u201d <\/td><\/tr><tr><td>6<\/td><td><\/td><td>Sylvane<\/td><td>Bru<\/td><td>1 livre d\u00e9dicac\u00e9 de l\u2019auteure Victoire Theismann \u201cSi je change, le monde change : l\u2019Effet papillon\u201d <\/td><\/tr><tr><td>7<\/td><td><\/td><td>Ethan<\/td><td>Gui<\/td><td> 1 livre d\u00e9dicac\u00e9 de l\u2019auteure Victoire Theismann \u201cSi je change, le monde change : l\u2019Effet papillon\u201d <\/td><\/tr><tr><td>8<\/td><td><\/td><td>Maxine<\/td><td>Leh<\/td><td>1 livre d\u00e9dicac\u00e9 de l\u2019auteure Victoire Theismann \u201cSi je change, le monde change : l\u2019Effet papillon\u201d <\/td><\/tr><tr><td>9<\/td><td><\/td><td>julie<\/td><td>gol<\/td><td>1 livre d\u00e9dicac\u00e9 de l\u2019auteure Victoire Theismann \u201cSi je change, le monde change : l\u2019Effet papillon\u201d <\/td><\/tr><tr><td>10<\/td><td><\/td><td>Jade<\/td><td>Peet<\/td><td>1 livre d\u00e9dicac\u00e9 de l\u2019auteure Victoire Theismann \u201cSi je change, le monde change : l\u2019Effet papillon\u201d <\/td><\/tr><tr><td>11<\/td><td><\/td><td>Caroline<\/td><td>Moa<\/td><td> Accessoires pour animaux domestiques : 1 gamelle HEGOA (marque d\u2019accessoires en bois) <\/td><\/tr><tr><td>12<\/td><td><\/td><td>Oc\u00e9ane<\/td><td>Sauq<\/td><td>Accessoires pour animaux domestiques : 1 gamelle HEGOA (marque d\u2019accessoires en bois)<\/td><\/tr><tr><td>13<\/td><td><\/td><td>Fran\u00e7oise<\/td><td>Larch<\/td><td> Accessoires pour animaux domestiques : 1 gamelle HEGOA (marque d\u2019accessoires en bois) <\/td><\/tr><tr><td>14<\/td><td><\/td><td>Rachel<\/td><td>Cerf<\/td><td> Accessoires pour animaux domestiques : 1 gamelle HEGOA (marque d\u2019accessoires en bois) <\/td><\/tr><tr><td>15<\/td><td><\/td><td>Lindsay<\/td><td>Hournau<\/td><td> Accessoires pour animaux domestiques : 1 gamelle HEGOA (marque d\u2019accessoires en bois) <\/td><\/tr><\/tbody><\/table><\/figure>\n\n\n\n<p class=\"has-text-align-center\"> <strong>Cat\u00e9gorie &#8220;Enfants et ados&#8221; <\/strong> <\/p>\n\n\n\n<p><\/p>\n\n\n\n<figure class=\"wp-block-table\"><table><tbody><tr><td>1<\/td><td>Ines<\/td><td>San<\/td><td>1 Entr\u00e9e gratuite au mus\u00e9e oc\u00e9anographique de Monaco +Offre d\u2019une semaine de stage avec les v\u00e9tos des loups \ud83d\udc3a+  1 livre d\u00e9dicac\u00e9 de l\u2019auteure Victoire Theismann \u201cSi je change, le monde change : l\u2019Effet papillon\u201d +  1 peluche DISNEY \u201cLa Belle et le Clochard\u201d offert par Disneyland Paris  <\/td><\/tr><tr><td>2<\/td><td>Nicolas<\/td><td>Dem<\/td><td>1 Entr\u00e9e gratuite au mus\u00e9e oc\u00e9anographique de Monaco +  1 peluche DISNEY \u201cLa Belle et le Clochard\u201d offert par Disneyland Paris  <\/td><\/tr><tr><td>3<\/td><td>Arthur<\/td><td>Dup<\/td><td>1 peluche DISNEY \u201cLa Belle et le Clochard\u201d offert par Disneyland Paris<\/td><\/tr><tr><td>4<\/td><td>Mickaela<\/td><td>Mar<\/td><td> 1 peluche DISNEY \u201cLa Belle et le Clochard\u201d offert par Disneyland Paris <\/td><\/tr><tr><td>5<\/td><td>Zoe<\/td><td>P<\/td><td>Accessoires pour animaux domestiques : 1 gamelle HEGOA (marque d\u2019accessoires en bois)<\/td><\/tr><tr><td>6<\/td><td>Lana<\/td><td>Mor<\/td><td> 1 peluche DISNEY \u201cLa Belle et le Clochard\u201d offert par Disneyland Paris <\/td><\/tr><tr><td>7<\/td><td>Clothilde<\/td><td>Bru<\/td><td> 1 peluche DISNEY \u201cLa Belle et le Clochard\u201d offert par Disneyland Paris <\/td><\/tr><tr><td>8<\/td><td>Olivia<\/td><td>Dem<\/td><td> 1 peluche DISNEY \u201cLa Belle et le Clochard\u201d offert par Disneyland Paris <\/td><\/tr><tr><td>9<\/td><td>Clementine<\/td><td>Tup<\/td><td> Accessoires pour animaux domestiques : 1 gamelle HEGOA (marque d\u2019accessoires en bois) <\/td><\/tr><tr><td>10<\/td><td>Nesrine<\/td><td>Oud<\/td><td> Accessoires pour animaux domestiques : 1 gamelle HEGOA (marque d\u2019accessoires en bois) <\/td><\/tr><tr><td>11<\/td><td>Marline<\/td><td>Fra<\/td><td> Accessoires pour animaux domestiques : 1 gamelle HEGOA (marque d\u2019accessoires en bois) <\/td><\/tr><tr><td>12<\/td><td>Nino<\/td><td>Mic<\/td><td> 1 peluche DISNEY \u201cLa Belle et le Clochard\u201d offert par Disneyland Paris <\/td><\/tr><tr><td>13<\/td><td>Tessa<\/td><td>Van<\/td><td> Accessoires pour animaux domestiques : 1 gamelle HEGOA (marque d\u2019accessoires en bois) <\/td><\/tr><tr><td>14<\/td><td>Nathan<\/td><td>Ver<\/td><td> Accessoires pour animaux domestiques : 1 gamelle HEGOA (marque d\u2019accessoires en bois)  <\/td><\/tr><tr><td>15<\/td><td>Sidonie<\/td><td>Del<\/td><td> Accessoires pour animaux domestiques : 1 gamelle HEGOA (marque d\u2019accessoires en bois)  <\/td><\/tr><tr><td>16<\/td><td>Ines<\/td><td>Bou<\/td><td> Accessoires pour animaux domestiques : 1 gamelle HEGOA (marque d\u2019accessoires en bois)  <\/td><\/tr><tr><td>17<\/td><td>Candice<\/td><td>Tar<\/td><td> Accessoires pour animaux domestiques : 1 gamelle HEGOA (marque d\u2019accessoires en bois)  <\/td><\/tr><tr><td>18<\/td><td>Joachim<\/td><td>Sie<\/td><td> 1 peluche DISNEY \u201cLa Belle et le Clochard\u201d offert par Disneyland Paris <\/td><\/tr><tr><td>19<\/td><td>Giula<\/td><td>Cha<\/td><td> 1 peluche DISNEY \u201cLa Belle et le Clochard\u201d offert par Disneyland Paris <\/td><\/tr><tr><td>20<\/td><td>Eliza<\/td><td>Mon<\/td><td> Accessoires pour animaux domestiques : 1 gamelle HEGOA (marque d\u2019accessoires en bois)  <\/td><\/tr><tr><td>21<\/td><td>Louison<\/td><td>Nic<\/td><td> Accessoires pour animaux domestiques : 1 gamelle HEGOA (marque d\u2019accessoires en bois)  <\/td><\/tr><tr><td>22<\/td><td>Chiara<\/td><td>Ven<\/td><td> Accessoires pour animaux domestiques : 1 gamelle HEGOA (marque d\u2019accessoires en bois)  <\/td><\/tr><tr><td>23<\/td><td>Emma<\/td><td>Ler<\/td><td> Accessoires pour animaux domestiques : 1 gamelle HEGOA (marque d\u2019accessoires en bois)  <\/td><\/tr><tr><td><\/td><td><\/td><td><\/td><td><\/td><\/tr><\/tbody><\/table><\/figure>\n\n\n\n<figure class=\"wp-block-image size-large\"><img data-recalc-dims=\"1\" loading=\"lazy\" decoding=\"async\" width=\"631\" height=\"1024\" data-orig-file=\"https:\/\/i0.wp.com\/darwinforever.com\/wp-content\/uploads\/2022\/02\/PB-HEGOA-LIVRAISON-RETARDEE.jpg?fit=740%2C1201&amp;ssl=1\" data-attachment-url=\"https:\/\/darwinforever.com\/index.php\/resultat-du-concours-de-dessins-imagine-un-monde\/pb-hegoa-livraison-retardee\/\" data-aspectratio=\"0.62\" data-caption=\"\" data-image-title=\"PB-HEGOA-LIVRAISON-RETARDEE\" data-image-description=\"\" srcset=\"https:\/\/i0.wp.com\/darwinforever.com\/wp-content\/uploads\/2022\/02\/PB-HEGOA-LIVRAISON-RETARDEE.jpg?w=740&amp;ssl=1 740w, https:\/\/i0.wp.com\/darwinforever.com\/wp-content\/uploads\/2022\/02\/PB-HEGOA-LIVRAISON-RETARDEE.jpg?resize=185%2C300&amp;ssl=1 185w, https:\/\/i0.wp.com\/darwinforever.com\/wp-content\/uploads\/2022\/02\/PB-HEGOA-LIVRAISON-RETARDEE.jpg?resize=631%2C1024&amp;ssl=1 631w\" src=\"https:\/\/i0.wp.com\/darwinforever.com\/wp-content\/uploads\/2022\/02\/PB-HEGOA-LIVRAISON-RETARDEE.jpg?resize=631%2C1024&#038;ssl=1\" alt=\". .\" class=\"wp-image-3434\"\/><figcaption>RUBRIQUE CONCOURS SUR INSTAGRAM <\/figcaption><\/figure>\n\n<script type=\"application\/ld+json\">[\n    {\n        \"@context\": \"https:\/\/schema.org\/\",\n        \"@type\": \"ImageObject\",\n        \"contentUrl\": \"https:\/\/darwinforever.com\/wp-content\/uploads\/2022\/02\/PB-HEGOA-LIVRAISON-RETARDEE.jpg\",\n        \"license\": \"\",\n        \"acquireLicensePage\": \"\"\n    }\n]<\/script>\n\n\n<p><\/p>\n","protected":false},"excerpt":{"rendered":"<p>ATTENTION : RETARD DE LIVRAISON DE NOTRE PARTENAIRE HEGOA &#8211; CF CI DESSOUS LEUR COURRIER EXPLICATIF SOUS LE LISTING DES GAGNANTS Bravo \u00e0 tous les participants ! Vous avez \u00e9t\u00e9<\/p><\/div>\n<div class=\"blog-btn\"><a href=\"https:\/\/darwinforever.com\/index.php\/resultat-du-concours-de-dessins-imagine-un-monde\/\" class=\"home-blog-btn\">Lire la suite<\/a><\/p>\n","protected":false},"author":1,"featured_media":0,"parent":0,"menu_order":0,"comment_status":"closed","ping_status":"closed","template":"","meta":{"_bbp_topic_count":0,"_bbp_reply_count":0,"_bbp_total_topic_count":0,"_bbp_total_reply_count":0,"_bbp_voice_count":0,"_bbp_anonymous_reply_count":0,"_bbp_topic_count_hidden":0,"_bbp_reply_count_hidden":0,"_bbp_forum_subforum_count":0,"jetpack_post_was_ever_published":false,"footnotes":""},"class_list":["post-3354","page","type-page","status-publish","hentry"],"yoast_head":"<!-- This site is optimized with the Yoast SEO plugin v27.4 - https:\/\/yoast.com\/product\/yoast-seo-wordpress\/ -->\n<title>R\u00e9sultat du concours de dessins Imagine un monde - Darwin Forever<\/title>\n<meta name=\"robots\" content=\"index, follow, max-snippet:-1, max-image-preview:large, max-video-preview:-1\" \/>\n<link rel=\"canonical\" href=\"https:\/\/darwinforever.com\/index.php\/resultat-du-concours-de-dessins-imagine-un-monde\/\" \/>\n<meta property=\"og:locale\" content=\"fr_FR\" \/>\n<meta property=\"og:type\" content=\"article\" \/>\n<meta property=\"og:title\" content=\"R\u00e9sultat du concours de dessins Imagine un monde - Darwin Forever\" \/>\n<meta property=\"og:description\" content=\"ATTENTION : RETARD DE LIVRAISON DE NOTRE PARTENAIRE HEGOA &#8211; CF CI DESSOUS LEUR COURRIER EXPLICATIF SOUS LE LISTING DES GAGNANTS Bravo \u00e0 tous les participants ! Vous avez \u00e9t\u00e9Lire la suite\" \/>\n<meta property=\"og:url\" content=\"https:\/\/darwinforever.com\/index.php\/resultat-du-concours-de-dessins-imagine-un-monde\/\" \/>\n<meta property=\"og:site_name\" content=\"Darwin Forever\" \/>\n<meta property=\"article:publisher\" content=\"https:\/\/www.facebook.com\/darwinforever06\/\" \/>\n<meta property=\"article:modified_time\" content=\"2022-02-16T15:07:50+00:00\" \/>\n<meta property=\"og:image\" content=\"https:\/\/darwinforever.com\/wp-content\/uploads\/2022\/02\/PB-HEGOA-LIVRAISON-RETARDEE-631x1024.jpg\" \/>\n<meta name=\"twitter:card\" content=\"summary_large_image\" \/>\n<meta name=\"twitter:label1\" content=\"Dur\u00e9e de lecture estim\u00e9e\" \/>\n\t<meta name=\"twitter:data1\" content=\"4 minutes\" \/>\n<script type=\"application\/ld+json\" class=\"yoast-schema-graph\">{\"@context\":\"https:\\\/\\\/schema.org\",\"@graph\":[{\"@type\":\"WebPage\",\"@id\":\"https:\\\/\\\/darwinforever.com\\\/index.php\\\/resultat-du-concours-de-dessins-imagine-un-monde\\\/\",\"url\":\"https:\\\/\\\/darwinforever.com\\\/index.php\\\/resultat-du-concours-de-dessins-imagine-un-monde\\\/\",\"name\":\"R\u00e9sultat du concours de dessins Imagine un monde - Darwin Forever\",\"isPartOf\":{\"@id\":\"https:\\\/\\\/darwinforever.com\\\/#website\"},\"primaryImageOfPage\":{\"@id\":\"https:\\\/\\\/darwinforever.com\\\/index.php\\\/resultat-du-concours-de-dessins-imagine-un-monde\\\/#primaryimage\"},\"image\":{\"@id\":\"https:\\\/\\\/darwinforever.com\\\/index.php\\\/resultat-du-concours-de-dessins-imagine-un-monde\\\/#primaryimage\"},\"thumbnailUrl\":\"https:\\\/\\\/darwinforever.com\\\/wp-content\\\/uploads\\\/2022\\\/02\\\/PB-HEGOA-LIVRAISON-RETARDEE-631x1024.jpg\",\"datePublished\":\"2021-11-09T21:16:00+00:00\",\"dateModified\":\"2022-02-16T15:07:50+00:00\",\"breadcrumb\":{\"@id\":\"https:\\\/\\\/darwinforever.com\\\/index.php\\\/resultat-du-concours-de-dessins-imagine-un-monde\\\/#breadcrumb\"},\"inLanguage\":\"fr-FR\",\"potentialAction\":[{\"@type\":\"ReadAction\",\"target\":[\"https:\\\/\\\/darwinforever.com\\\/index.php\\\/resultat-du-concours-de-dessins-imagine-un-monde\\\/\"]}]},{\"@type\":\"ImageObject\",\"inLanguage\":\"fr-FR\",\"@id\":\"https:\\\/\\\/darwinforever.com\\\/index.php\\\/resultat-du-concours-de-dessins-imagine-un-monde\\\/#primaryimage\",\"url\":\"https:\\\/\\\/i0.wp.com\\\/darwinforever.com\\\/wp-content\\\/uploads\\\/2022\\\/02\\\/PB-HEGOA-LIVRAISON-RETARDEE.jpg?fit=740%2C1201&ssl=1\",\"contentUrl\":\"https:\\\/\\\/i0.wp.com\\\/darwinforever.com\\\/wp-content\\\/uploads\\\/2022\\\/02\\\/PB-HEGOA-LIVRAISON-RETARDEE.jpg?fit=740%2C1201&ssl=1\",\"width\":740,\"height\":1201,\"caption\":\". .\"},{\"@type\":\"BreadcrumbList\",\"@id\":\"https:\\\/\\\/darwinforever.com\\\/index.php\\\/resultat-du-concours-de-dessins-imagine-un-monde\\\/#breadcrumb\",\"itemListElement\":[{\"@type\":\"ListItem\",\"position\":1,\"name\":\"Accueil\",\"item\":\"https:\\\/\\\/darwinforever.com\\\/\"},{\"@type\":\"ListItem\",\"position\":2,\"name\":\"R\u00e9sultat du concours de dessins Imagine un monde\"}]},{\"@type\":\"WebSite\",\"@id\":\"https:\\\/\\\/darwinforever.com\\\/#website\",\"url\":\"https:\\\/\\\/darwinforever.com\\\/\",\"name\":\"Darwin Forever\",\"description\":\"Communaut\u00e9 de Jeunes Engag\u00e9s en faveur des Animaux et de leur Environnement\",\"publisher\":{\"@id\":\"https:\\\/\\\/darwinforever.com\\\/#organization\"},\"potentialAction\":[{\"@type\":\"SearchAction\",\"target\":{\"@type\":\"EntryPoint\",\"urlTemplate\":\"https:\\\/\\\/darwinforever.com\\\/?s={search_term_string}\"},\"query-input\":{\"@type\":\"PropertyValueSpecification\",\"valueRequired\":true,\"valueName\":\"search_term_string\"}}],\"inLanguage\":\"fr-FR\"},{\"@type\":\"Organization\",\"@id\":\"https:\\\/\\\/darwinforever.com\\\/#organization\",\"name\":\"Darwin Forever\",\"url\":\"https:\\\/\\\/darwinforever.com\\\/\",\"logo\":{\"@type\":\"ImageObject\",\"inLanguage\":\"fr-FR\",\"@id\":\"https:\\\/\\\/darwinforever.com\\\/#\\\/schema\\\/logo\\\/image\\\/\",\"url\":\"https:\\\/\\\/i0.wp.com\\\/darwinforever.com\\\/wp-content\\\/uploads\\\/2020\\\/11\\\/cropped-cropped-Logo-Darwin-Forever-scaled-1.jpg?fit=210%2C184&ssl=1\",\"contentUrl\":\"https:\\\/\\\/i0.wp.com\\\/darwinforever.com\\\/wp-content\\\/uploads\\\/2020\\\/11\\\/cropped-cropped-Logo-Darwin-Forever-scaled-1.jpg?fit=210%2C184&ssl=1\",\"width\":210,\"height\":184,\"caption\":\"Darwin Forever\"},\"image\":{\"@id\":\"https:\\\/\\\/darwinforever.com\\\/#\\\/schema\\\/logo\\\/image\\\/\"},\"sameAs\":[\"https:\\\/\\\/www.facebook.com\\\/darwinforever06\\\/\",\"https:\\\/\\\/www.youtube.com\\\/channel\\\/UC0zCalAVmu2K_Xj4BMlfciA\"]}]}<\/script>\n<!-- \/ Yoast SEO plugin. -->","yoast_head_json":{"title":"R\u00e9sultat du concours de dessins Imagine un monde - Darwin Forever","robots":{"index":"index","follow":"follow","max-snippet":"max-snippet:-1","max-image-preview":"max-image-preview:large","max-video-preview":"max-video-preview:-1"},"canonical":"https:\/\/darwinforever.com\/index.php\/resultat-du-concours-de-dessins-imagine-un-monde\/","og_locale":"fr_FR","og_type":"article","og_title":"R\u00e9sultat du concours de dessins Imagine un monde - Darwin Forever","og_description":"ATTENTION : RETARD DE LIVRAISON DE NOTRE PARTENAIRE HEGOA &#8211; CF CI DESSOUS LEUR COURRIER EXPLICATIF SOUS LE LISTING DES GAGNANTS Bravo \u00e0 tous les participants ! Vous avez \u00e9t\u00e9Lire la suite","og_url":"https:\/\/darwinforever.com\/index.php\/resultat-du-concours-de-dessins-imagine-un-monde\/","og_site_name":"Darwin Forever","article_publisher":"https:\/\/www.facebook.com\/darwinforever06\/","article_modified_time":"2022-02-16T15:07:50+00:00","og_image":[{"url":"https:\/\/darwinforever.com\/wp-content\/uploads\/2022\/02\/PB-HEGOA-LIVRAISON-RETARDEE-631x1024.jpg","type":"","width":"","height":""}],"twitter_card":"summary_large_image","twitter_misc":{"Dur\u00e9e de lecture estim\u00e9e":"4 minutes"},"schema":{"@context":"https:\/\/schema.org","@graph":[{"@type":"WebPage","@id":"https:\/\/darwinforever.com\/index.php\/resultat-du-concours-de-dessins-imagine-un-monde\/","url":"https:\/\/darwinforever.com\/index.php\/resultat-du-concours-de-dessins-imagine-un-monde\/","name":"R\u00e9sultat du concours de dessins Imagine un monde - Darwin Forever","isPartOf":{"@id":"https:\/\/darwinforever.com\/#website"},"primaryImageOfPage":{"@id":"https:\/\/darwinforever.com\/index.php\/resultat-du-concours-de-dessins-imagine-un-monde\/#primaryimage"},"image":{"@id":"https:\/\/darwinforever.com\/index.php\/resultat-du-concours-de-dessins-imagine-un-monde\/#primaryimage"},"thumbnailUrl":"https:\/\/darwinforever.com\/wp-content\/uploads\/2022\/02\/PB-HEGOA-LIVRAISON-RETARDEE-631x1024.jpg","datePublished":"2021-11-09T21:16:00+00:00","dateModified":"2022-02-16T15:07:50+00:00","breadcrumb":{"@id":"https:\/\/darwinforever.com\/index.php\/resultat-du-concours-de-dessins-imagine-un-monde\/#breadcrumb"},"inLanguage":"fr-FR","potentialAction":[{"@type":"ReadAction","target":["https:\/\/darwinforever.com\/index.php\/resultat-du-concours-de-dessins-imagine-un-monde\/"]}]},{"@type":"ImageObject","inLanguage":"fr-FR","@id":"https:\/\/darwinforever.com\/index.php\/resultat-du-concours-de-dessins-imagine-un-monde\/#primaryimage","url":"https:\/\/i0.wp.com\/darwinforever.com\/wp-content\/uploads\/2022\/02\/PB-HEGOA-LIVRAISON-RETARDEE.jpg?fit=740%2C1201&ssl=1","contentUrl":"https:\/\/i0.wp.com\/darwinforever.com\/wp-content\/uploads\/2022\/02\/PB-HEGOA-LIVRAISON-RETARDEE.jpg?fit=740%2C1201&ssl=1","width":740,"height":1201,"caption":". ."},{"@type":"BreadcrumbList","@id":"https:\/\/darwinforever.com\/index.php\/resultat-du-concours-de-dessins-imagine-un-monde\/#breadcrumb","itemListElement":[{"@type":"ListItem","position":1,"name":"Accueil","item":"https:\/\/darwinforever.com\/"},{"@type":"ListItem","position":2,"name":"R\u00e9sultat du concours de dessins Imagine un monde"}]},{"@type":"WebSite","@id":"https:\/\/darwinforever.com\/#website","url":"https:\/\/darwinforever.com\/","name":"Darwin Forever","description":"Communaut\u00e9 de Jeunes Engag\u00e9s en faveur des Animaux et de leur Environnement","publisher":{"@id":"https:\/\/darwinforever.com\/#organization"},"potentialAction":[{"@type":"SearchAction","target":{"@type":"EntryPoint","urlTemplate":"https:\/\/darwinforever.com\/?s={search_term_string}"},"query-input":{"@type":"PropertyValueSpecification","valueRequired":true,"valueName":"search_term_string"}}],"inLanguage":"fr-FR"},{"@type":"Organization","@id":"https:\/\/darwinforever.com\/#organization","name":"Darwin Forever","url":"https:\/\/darwinforever.com\/","logo":{"@type":"ImageObject","inLanguage":"fr-FR","@id":"https:\/\/darwinforever.com\/#\/schema\/logo\/image\/","url":"https:\/\/i0.wp.com\/darwinforever.com\/wp-content\/uploads\/2020\/11\/cropped-cropped-Logo-Darwin-Forever-scaled-1.jpg?fit=210%2C184&ssl=1","contentUrl":"https:\/\/i0.wp.com\/darwinforever.com\/wp-content\/uploads\/2020\/11\/cropped-cropped-Logo-Darwin-Forever-scaled-1.jpg?fit=210%2C184&ssl=1","width":210,"height":184,"caption":"Darwin Forever"},"image":{"@id":"https:\/\/darwinforever.com\/#\/schema\/logo\/image\/"},"sameAs":["https:\/\/www.facebook.com\/darwinforever06\/","https:\/\/www.youtube.com\/channel\/UC0zCalAVmu2K_Xj4BMlfciA"]}]}},"jetpack_sharing_enabled":true,"jetpack_likes_enabled":true,"_links":{"self":[{"href":"https:\/\/darwinforever.com\/index.php\/wp-json\/wp\/v2\/pages\/3354","targetHints":{"allow":["GET"]}}],"collection":[{"href":"https:\/\/darwinforever.com\/index.php\/wp-json\/wp\/v2\/pages"}],"about":[{"href":"https:\/\/darwinforever.com\/index.php\/wp-json\/wp\/v2\/types\/page"}],"author":[{"embeddable":true,"href":"https:\/\/darwinforever.com\/index.php\/wp-json\/wp\/v2\/users\/1"}],"replies":[{"embeddable":true,"href":"https:\/\/darwinforever.com\/index.php\/wp-json\/wp\/v2\/comments?post=3354"}],"version-history":[{"count":7,"href":"https:\/\/darwinforever.com\/index.php\/wp-json\/wp\/v2\/pages\/3354\/revisions"}],"predecessor-version":[{"id":3436,"href":"https:\/\/darwinforever.com\/index.php\/wp-json\/wp\/v2\/pages\/3354\/revisions\/3436"}],"wp:attachment":[{"href":"https:\/\/darwinforever.com\/index.php\/wp-json\/wp\/v2\/media?parent=3354"}],"curies":[{"name":"wp","href":"https:\/\/api.w.org\/{rel}","templated":true}]}}