{"id":3314,"date":"2021-09-08T19:50:00","date_gmt":"2021-09-08T17:50:00","guid":{"rendered":"https:\/\/darwinforever.com\/?page_id=3314"},"modified":"2022-04-01T14:11:20","modified_gmt":"2022-04-01T12:11:20","slug":"chronique-les-amis-des-animaux-avec-camille-gottlieb-article-au-complet","status":"publish","type":"page","link":"https:\/\/darwinforever.com\/index.php\/chronique-les-amis-des-animaux-avec-camille-gottlieb-article-au-complet\/","title":{"rendered":"Chronique &#8220;Les Amis des Animaux et de la Nature&#8221; avec Camille Gottlieb"},"content":{"rendered":"\n<div class=\"wp-block-image\"><figure class=\"aligncenter size-large\"><img data-recalc-dims=\"1\" loading=\"lazy\" decoding=\"async\" width=\"696\" height=\"696\" data-orig-file=\"https:\/\/i0.wp.com\/darwinforever.com\/wp-content\/uploads\/2021\/09\/ITW-Darwin-Forever-Camille-Gottlieb-Monaco.jpg?fit=1024%2C1024&amp;ssl=1\" data-attachment-url=\"https:\/\/darwinforever.com\/index.php\/chronique-les-amis-des-animaux-avec-camille-gottlieb-article-au-complet\/itw-darwin-forever-camille-gottlieb-monaco\/\" data-aspectratio=\"1\" data-caption=\"\" data-image-title=\"ITW-Darwin-Forever-Camille-Gottlieb-Monaco\" data-image-description=\"\" srcset=\"https:\/\/i0.wp.com\/darwinforever.com\/wp-content\/uploads\/2021\/09\/ITW-Darwin-Forever-Camille-Gottlieb-Monaco.jpg?w=1024&amp;ssl=1 1024w, https:\/\/i0.wp.com\/darwinforever.com\/wp-content\/uploads\/2021\/09\/ITW-Darwin-Forever-Camille-Gottlieb-Monaco.jpg?resize=300%2C300&amp;ssl=1 300w, https:\/\/i0.wp.com\/darwinforever.com\/wp-content\/uploads\/2021\/09\/ITW-Darwin-Forever-Camille-Gottlieb-Monaco.jpg?resize=150%2C150&amp;ssl=1 150w, https:\/\/i0.wp.com\/darwinforever.com\/wp-content\/uploads\/2021\/09\/ITW-Darwin-Forever-Camille-Gottlieb-Monaco.jpg?resize=768%2C768&amp;ssl=1 768w, https:\/\/i0.wp.com\/darwinforever.com\/wp-content\/uploads\/2021\/09\/ITW-Darwin-Forever-Camille-Gottlieb-Monaco.jpg?resize=400%2C400&amp;ssl=1 400w\" src=\"https:\/\/i0.wp.com\/darwinforever.com\/wp-content\/uploads\/2021\/09\/ITW-Darwin-Forever-Camille-Gottlieb-Monaco.jpg?resize=696%2C696&#038;ssl=1\" alt=\". .\" class=\"wp-image-3315\"\/><\/figure><\/div>\n\n<script type=\"application\/ld+json\">[\n    {\n        \"@context\": \"https:\/\/schema.org\/\",\n        \"@type\": \"ImageObject\",\n        \"contentUrl\": \"https:\/\/darwinforever.com\/wp-content\/uploads\/2021\/09\/ITW-Darwin-Forever-Camille-Gottlieb-Monaco.jpg\",\n        \"license\": \"\",\n        \"acquireLicensePage\": \"\"\n    }\n]<\/script>\n\n\n<h2 class=\"wp-block-heading\"><\/h2>\n\n\n\n<h3 class=\"has-text-align-center wp-block-heading\"> l&#8217;article consacr\u00e9 \u00e0 Camille Gottlieb, fille de la Princesse St\u00e9phanie de Monaco a \u00e9t\u00e9 diffus\u00e9e dans la chronique Darwin Forever :<br>\u201cLes Amis des Animaux\u201d\u00a0le 8 septembre 2021\u00a0diffus\u00e9e <br>dans les journaux Nice-Matin, Var-Matin et Monaco-Matin.<\/h3>\n\n\n\n<h2 class=\"wp-block-heading\">Camille Gottlieb : <\/h2>\n\n\n\n<h2 class=\"has-text-align-center wp-block-heading\">&#8220;Adopter un chien est pour moi un acte d&#8217;amour immense&#8221;<br>&#8220;Je ne consomme plus d&#8217;huile de palme&#8230;Il faut penser \u00e0 l&#8217;environnement&#8221;<\/h2>\n\n\n\n<h2 class=\"has-text-align-center wp-block-heading\">&#8220;Merci pour ce tr\u00e8s beau moment d&#8217;\u00e9change avec vous!  Vous \u00eates des petits bouts de choux g\u00e9niaux avec beaucoup de maturit\u00e9 et un bel engagement &#8220;<br><\/h2>\n\n\n\n<p class=\"has-text-align-center\"><\/p>\n\n\n\n<div class=\"wp-block-image\"><figure class=\"aligncenter size-large is-resized\"><img data-recalc-dims=\"1\" loading=\"lazy\" decoding=\"async\" data-orig-file=\"https:\/\/i0.wp.com\/darwinforever.com\/wp-content\/uploads\/2021\/09\/M-Camille.jpg?fit=1600%2C1006&amp;ssl=1\" data-attachment-url=\"https:\/\/darwinforever.com\/index.php\/chronique-les-amis-des-animaux-avec-camille-gottlieb-article-au-complet\/m-camille\/\" data-aspectratio=\"1.59\" data-caption=\"\" data-image-title=\"M-Camille\" data-image-description=\"\" srcset=\"https:\/\/i0.wp.com\/darwinforever.com\/wp-content\/uploads\/2021\/09\/M-Camille.jpg?w=1600&amp;ssl=1 1600w, https:\/\/i0.wp.com\/darwinforever.com\/wp-content\/uploads\/2021\/09\/M-Camille.jpg?resize=300%2C189&amp;ssl=1 300w, https:\/\/i0.wp.com\/darwinforever.com\/wp-content\/uploads\/2021\/09\/M-Camille.jpg?resize=1024%2C644&amp;ssl=1 1024w, https:\/\/i0.wp.com\/darwinforever.com\/wp-content\/uploads\/2021\/09\/M-Camille.jpg?resize=768%2C483&amp;ssl=1 768w, https:\/\/i0.wp.com\/darwinforever.com\/wp-content\/uploads\/2021\/09\/M-Camille.jpg?resize=1536%2C966&amp;ssl=1 1536w, https:\/\/i0.wp.com\/darwinforever.com\/wp-content\/uploads\/2021\/09\/M-Camille.jpg?w=1392&amp;ssl=1 1392w\" src=\"https:\/\/i0.wp.com\/darwinforever.com\/wp-content\/uploads\/2021\/09\/M-Camille.jpg?resize=636%2C400&#038;ssl=1\" alt=\". .\" class=\"wp-image-3317\" width=\"636\" height=\"400\"\/><\/figure><\/div>\n\n<script type=\"application\/ld+json\">[\n    {\n        \"@context\": \"https:\/\/schema.org\/\",\n        \"@type\": \"ImageObject\",\n        \"contentUrl\": \"https:\/\/darwinforever.com\/wp-content\/uploads\/2021\/09\/M-Camille.jpg\",\n        \"license\": \"\",\n        \"acquireLicensePage\": \"\"\n    }\n]<\/script>\n\n\n<div class=\"wp-block-image\"><figure class=\"aligncenter size-large\"><img data-recalc-dims=\"1\" loading=\"lazy\" decoding=\"async\" width=\"630\" height=\"1024\" data-orig-file=\"https:\/\/i0.wp.com\/darwinforever.com\/wp-content\/uploads\/2021\/09\/Feedback-de-Camille.jpg?fit=985%2C1600&amp;ssl=1\" data-attachment-url=\"https:\/\/darwinforever.com\/index.php\/chronique-les-amis-des-animaux-avec-camille-gottlieb-article-au-complet\/feedback-de-camille\/\" data-aspectratio=\"0.62\" data-caption=\"\" data-image-title=\"Feedback-de-Camille\" data-image-description=\"\" srcset=\"https:\/\/i0.wp.com\/darwinforever.com\/wp-content\/uploads\/2021\/09\/Feedback-de-Camille.jpg?w=985&amp;ssl=1 985w, https:\/\/i0.wp.com\/darwinforever.com\/wp-content\/uploads\/2021\/09\/Feedback-de-Camille.jpg?resize=185%2C300&amp;ssl=1 185w, https:\/\/i0.wp.com\/darwinforever.com\/wp-content\/uploads\/2021\/09\/Feedback-de-Camille.jpg?resize=630%2C1024&amp;ssl=1 630w, https:\/\/i0.wp.com\/darwinforever.com\/wp-content\/uploads\/2021\/09\/Feedback-de-Camille.jpg?resize=768%2C1248&amp;ssl=1 768w, https:\/\/i0.wp.com\/darwinforever.com\/wp-content\/uploads\/2021\/09\/Feedback-de-Camille.jpg?resize=946%2C1536&amp;ssl=1 946w\" src=\"https:\/\/i0.wp.com\/darwinforever.com\/wp-content\/uploads\/2021\/09\/Feedback-de-Camille.jpg?resize=630%2C1024&#038;ssl=1\" alt=\". .\" class=\"wp-image-3318\"\/><\/figure><\/div>\n\n<script type=\"application\/ld+json\">[\n    {\n        \"@context\": \"https:\/\/schema.org\/\",\n        \"@type\": \"ImageObject\",\n        \"contentUrl\": \"https:\/\/darwinforever.com\/wp-content\/uploads\/2021\/09\/Feedback-de-Camille.jpg\",\n        \"license\": \"\",\n        \"acquireLicensePage\": \"\"\n    }\n]<\/script>\n\n\n<div class=\"wp-block-image\"><figure class=\"aligncenter size-large is-resized\"><img data-recalc-dims=\"1\" loading=\"lazy\" decoding=\"async\" data-orig-file=\"https:\/\/i0.wp.com\/darwinforever.com\/wp-content\/uploads\/2021\/09\/ITW-camille-M-N.jpg?fit=1600%2C1197&amp;ssl=1\" data-attachment-url=\"https:\/\/darwinforever.com\/index.php\/chronique-les-amis-des-animaux-avec-camille-gottlieb-article-au-complet\/itw-camille-m-n\/\" data-aspectratio=\"1.34\" data-caption=\"\" data-image-title=\"ITW-camille-M-N\" data-image-description=\"\" srcset=\"https:\/\/i0.wp.com\/darwinforever.com\/wp-content\/uploads\/2021\/09\/ITW-camille-M-N.jpg?w=1600&amp;ssl=1 1600w, https:\/\/i0.wp.com\/darwinforever.com\/wp-content\/uploads\/2021\/09\/ITW-camille-M-N.jpg?resize=300%2C224&amp;ssl=1 300w, https:\/\/i0.wp.com\/darwinforever.com\/wp-content\/uploads\/2021\/09\/ITW-camille-M-N.jpg?resize=1024%2C766&amp;ssl=1 1024w, https:\/\/i0.wp.com\/darwinforever.com\/wp-content\/uploads\/2021\/09\/ITW-camille-M-N.jpg?resize=768%2C575&amp;ssl=1 768w, https:\/\/i0.wp.com\/darwinforever.com\/wp-content\/uploads\/2021\/09\/ITW-camille-M-N.jpg?resize=1536%2C1149&amp;ssl=1 1536w, https:\/\/i0.wp.com\/darwinforever.com\/wp-content\/uploads\/2021\/09\/ITW-camille-M-N.jpg?w=1392&amp;ssl=1 1392w\" src=\"https:\/\/i0.wp.com\/darwinforever.com\/wp-content\/uploads\/2021\/09\/ITW-camille-M-N.jpg?resize=643%2C481&#038;ssl=1\" alt=\". .\" class=\"wp-image-3316\" width=\"643\" height=\"481\"\/><figcaption>\u00a0l&#8217;itw s&#8217;est d\u00e9roul\u00e9e dans le magnifique <strong>h\u00f4tel de Paris \u00e0 Monte Carlo<\/strong>\u2763\ufe0f\ud83c\uddf2\ud83c\udde8<br>merci pour l&#8217;accueil \u00e0 la team de l&#8217;h\u00f4tel\u00a0et de la soci\u00e9t\u00e9 des bains de mer \ud83d\ude4f\u2728<\/figcaption><\/figure><\/div>\n\n<script type=\"application\/ld+json\">[\n    {\n        \"@context\": \"https:\/\/schema.org\/\",\n        \"@type\": \"ImageObject\",\n        \"contentUrl\": \"https:\/\/darwinforever.com\/wp-content\/uploads\/2021\/09\/ITW-camille-M-N.jpg\",\n        \"license\": \"\",\n        \"acquireLicensePage\": \"\"\n    }\n]<\/script>","protected":false},"excerpt":{"rendered":"<p>l&#8217;article consacr\u00e9 \u00e0 Camille Gottlieb, fille de la Princesse St\u00e9phanie de Monaco a \u00e9t\u00e9 diffus\u00e9e dans la chronique Darwin Forever :\u201cLes Amis des Animaux\u201d\u00a0le 8 septembre 2021\u00a0diffus\u00e9e dans les journaux<\/p><\/div>\n<div class=\"blog-btn\"><a href=\"https:\/\/darwinforever.com\/index.php\/chronique-les-amis-des-animaux-avec-camille-gottlieb-article-au-complet\/\" class=\"home-blog-btn\">Lire la suite<\/a><\/p>\n","protected":false},"author":7,"featured_media":0,"parent":0,"menu_order":0,"comment_status":"closed","ping_status":"closed","template":"","meta":{"_bbp_topic_count":0,"_bbp_reply_count":0,"_bbp_total_topic_count":0,"_bbp_total_reply_count":0,"_bbp_voice_count":0,"_bbp_anonymous_reply_count":0,"_bbp_topic_count_hidden":0,"_bbp_reply_count_hidden":0,"_bbp_forum_subforum_count":0,"jetpack_post_was_ever_published":false,"footnotes":""},"class_list":["post-3314","page","type-page","status-publish","hentry"],"yoast_head":"<!-- This site is optimized with the Yoast SEO plugin v27.3 - https:\/\/yoast.com\/product\/yoast-seo-wordpress\/ -->\n<title>Chronique &quot;Les Amis des Animaux et de la Nature&quot; avec Camille Gottlieb - Darwin Forever<\/title>\n<meta name=\"robots\" content=\"index, follow, max-snippet:-1, max-image-preview:large, max-video-preview:-1\" \/>\n<link rel=\"canonical\" href=\"https:\/\/darwinforever.com\/index.php\/chronique-les-amis-des-animaux-avec-camille-gottlieb-article-au-complet\/\" \/>\n<meta property=\"og:locale\" content=\"fr_FR\" \/>\n<meta property=\"og:type\" content=\"article\" \/>\n<meta property=\"og:title\" content=\"Chronique &quot;Les Amis des Animaux et de la Nature&quot; avec Camille Gottlieb - Darwin Forever\" \/>\n<meta property=\"og:description\" content=\"l&#8217;article consacr\u00e9 \u00e0 Camille Gottlieb, fille de la Princesse St\u00e9phanie de Monaco a \u00e9t\u00e9 diffus\u00e9e dans la chronique Darwin Forever :\u201cLes Amis des Animaux\u201d\u00a0le 8 septembre 2021\u00a0diffus\u00e9e dans les journauxLire la suite\" \/>\n<meta property=\"og:url\" content=\"https:\/\/darwinforever.com\/index.php\/chronique-les-amis-des-animaux-avec-camille-gottlieb-article-au-complet\/\" \/>\n<meta property=\"og:site_name\" content=\"Darwin Forever\" \/>\n<meta property=\"article:publisher\" content=\"https:\/\/www.facebook.com\/darwinforever06\/\" \/>\n<meta property=\"article:modified_time\" content=\"2022-04-01T12:11:20+00:00\" \/>\n<meta property=\"og:image\" content=\"https:\/\/darwinforever.com\/wp-content\/uploads\/2021\/09\/ITW-Darwin-Forever-Camille-Gottlieb-Monaco-1024x1024.jpg\" \/>\n<meta name=\"twitter:card\" content=\"summary_large_image\" \/>\n<meta name=\"twitter:label1\" content=\"Dur\u00e9e de lecture estim\u00e9e\" \/>\n\t<meta name=\"twitter:data1\" content=\"2 minutes\" \/>\n<script type=\"application\/ld+json\" class=\"yoast-schema-graph\">{\"@context\":\"https:\\\/\\\/schema.org\",\"@graph\":[{\"@type\":\"WebPage\",\"@id\":\"https:\\\/\\\/darwinforever.com\\\/index.php\\\/chronique-les-amis-des-animaux-avec-camille-gottlieb-article-au-complet\\\/\",\"url\":\"https:\\\/\\\/darwinforever.com\\\/index.php\\\/chronique-les-amis-des-animaux-avec-camille-gottlieb-article-au-complet\\\/\",\"name\":\"Chronique \\\"Les Amis des Animaux et de la Nature\\\" avec Camille Gottlieb - Darwin Forever\",\"isPartOf\":{\"@id\":\"https:\\\/\\\/darwinforever.com\\\/#website\"},\"primaryImageOfPage\":{\"@id\":\"https:\\\/\\\/darwinforever.com\\\/index.php\\\/chronique-les-amis-des-animaux-avec-camille-gottlieb-article-au-complet\\\/#primaryimage\"},\"image\":{\"@id\":\"https:\\\/\\\/darwinforever.com\\\/index.php\\\/chronique-les-amis-des-animaux-avec-camille-gottlieb-article-au-complet\\\/#primaryimage\"},\"thumbnailUrl\":\"https:\\\/\\\/darwinforever.com\\\/wp-content\\\/uploads\\\/2021\\\/09\\\/ITW-Darwin-Forever-Camille-Gottlieb-Monaco-1024x1024.jpg\",\"datePublished\":\"2021-09-08T17:50:00+00:00\",\"dateModified\":\"2022-04-01T12:11:20+00:00\",\"breadcrumb\":{\"@id\":\"https:\\\/\\\/darwinforever.com\\\/index.php\\\/chronique-les-amis-des-animaux-avec-camille-gottlieb-article-au-complet\\\/#breadcrumb\"},\"inLanguage\":\"fr-FR\",\"potentialAction\":[{\"@type\":\"ReadAction\",\"target\":[\"https:\\\/\\\/darwinforever.com\\\/index.php\\\/chronique-les-amis-des-animaux-avec-camille-gottlieb-article-au-complet\\\/\"]}]},{\"@type\":\"ImageObject\",\"inLanguage\":\"fr-FR\",\"@id\":\"https:\\\/\\\/darwinforever.com\\\/index.php\\\/chronique-les-amis-des-animaux-avec-camille-gottlieb-article-au-complet\\\/#primaryimage\",\"url\":\"https:\\\/\\\/i0.wp.com\\\/darwinforever.com\\\/wp-content\\\/uploads\\\/2021\\\/09\\\/ITW-Darwin-Forever-Camille-Gottlieb-Monaco.jpg?fit=1024%2C1024&ssl=1\",\"contentUrl\":\"https:\\\/\\\/i0.wp.com\\\/darwinforever.com\\\/wp-content\\\/uploads\\\/2021\\\/09\\\/ITW-Darwin-Forever-Camille-Gottlieb-Monaco.jpg?fit=1024%2C1024&ssl=1\",\"width\":1024,\"height\":1024,\"caption\":\". .\"},{\"@type\":\"BreadcrumbList\",\"@id\":\"https:\\\/\\\/darwinforever.com\\\/index.php\\\/chronique-les-amis-des-animaux-avec-camille-gottlieb-article-au-complet\\\/#breadcrumb\",\"itemListElement\":[{\"@type\":\"ListItem\",\"position\":1,\"name\":\"Accueil\",\"item\":\"https:\\\/\\\/darwinforever.com\\\/\"},{\"@type\":\"ListItem\",\"position\":2,\"name\":\"Chronique &#8220;Les Amis des Animaux et de la Nature&#8221; avec Camille Gottlieb\"}]},{\"@type\":\"WebSite\",\"@id\":\"https:\\\/\\\/darwinforever.com\\\/#website\",\"url\":\"https:\\\/\\\/darwinforever.com\\\/\",\"name\":\"Darwin Forever\",\"description\":\"Communaut\u00e9 de Jeunes Engag\u00e9s en faveur des Animaux et de leur Environnement\",\"publisher\":{\"@id\":\"https:\\\/\\\/darwinforever.com\\\/#organization\"},\"potentialAction\":[{\"@type\":\"SearchAction\",\"target\":{\"@type\":\"EntryPoint\",\"urlTemplate\":\"https:\\\/\\\/darwinforever.com\\\/?s={search_term_string}\"},\"query-input\":{\"@type\":\"PropertyValueSpecification\",\"valueRequired\":true,\"valueName\":\"search_term_string\"}}],\"inLanguage\":\"fr-FR\"},{\"@type\":\"Organization\",\"@id\":\"https:\\\/\\\/darwinforever.com\\\/#organization\",\"name\":\"Darwin Forever\",\"url\":\"https:\\\/\\\/darwinforever.com\\\/\",\"logo\":{\"@type\":\"ImageObject\",\"inLanguage\":\"fr-FR\",\"@id\":\"https:\\\/\\\/darwinforever.com\\\/#\\\/schema\\\/logo\\\/image\\\/\",\"url\":\"https:\\\/\\\/i0.wp.com\\\/darwinforever.com\\\/wp-content\\\/uploads\\\/2020\\\/11\\\/cropped-cropped-Logo-Darwin-Forever-scaled-1.jpg?fit=210%2C184&ssl=1\",\"contentUrl\":\"https:\\\/\\\/i0.wp.com\\\/darwinforever.com\\\/wp-content\\\/uploads\\\/2020\\\/11\\\/cropped-cropped-Logo-Darwin-Forever-scaled-1.jpg?fit=210%2C184&ssl=1\",\"width\":210,\"height\":184,\"caption\":\"Darwin Forever\"},\"image\":{\"@id\":\"https:\\\/\\\/darwinforever.com\\\/#\\\/schema\\\/logo\\\/image\\\/\"},\"sameAs\":[\"https:\\\/\\\/www.facebook.com\\\/darwinforever06\\\/\",\"https:\\\/\\\/www.youtube.com\\\/channel\\\/UC0zCalAVmu2K_Xj4BMlfciA\"]}]}<\/script>\n<!-- \/ Yoast SEO plugin. -->","yoast_head_json":{"title":"Chronique \"Les Amis des Animaux et de la Nature\" avec Camille Gottlieb - Darwin Forever","robots":{"index":"index","follow":"follow","max-snippet":"max-snippet:-1","max-image-preview":"max-image-preview:large","max-video-preview":"max-video-preview:-1"},"canonical":"https:\/\/darwinforever.com\/index.php\/chronique-les-amis-des-animaux-avec-camille-gottlieb-article-au-complet\/","og_locale":"fr_FR","og_type":"article","og_title":"Chronique \"Les Amis des Animaux et de la Nature\" avec Camille Gottlieb - Darwin Forever","og_description":"l&#8217;article consacr\u00e9 \u00e0 Camille Gottlieb, fille de la Princesse St\u00e9phanie de Monaco a \u00e9t\u00e9 diffus\u00e9e dans la chronique Darwin Forever :\u201cLes Amis des Animaux\u201d\u00a0le 8 septembre 2021\u00a0diffus\u00e9e dans les journauxLire la suite","og_url":"https:\/\/darwinforever.com\/index.php\/chronique-les-amis-des-animaux-avec-camille-gottlieb-article-au-complet\/","og_site_name":"Darwin Forever","article_publisher":"https:\/\/www.facebook.com\/darwinforever06\/","article_modified_time":"2022-04-01T12:11:20+00:00","og_image":[{"url":"https:\/\/darwinforever.com\/wp-content\/uploads\/2021\/09\/ITW-Darwin-Forever-Camille-Gottlieb-Monaco-1024x1024.jpg","type":"","width":"","height":""}],"twitter_card":"summary_large_image","twitter_misc":{"Dur\u00e9e de lecture estim\u00e9e":"2 minutes"},"schema":{"@context":"https:\/\/schema.org","@graph":[{"@type":"WebPage","@id":"https:\/\/darwinforever.com\/index.php\/chronique-les-amis-des-animaux-avec-camille-gottlieb-article-au-complet\/","url":"https:\/\/darwinforever.com\/index.php\/chronique-les-amis-des-animaux-avec-camille-gottlieb-article-au-complet\/","name":"Chronique \"Les Amis des Animaux et de la Nature\" avec Camille Gottlieb - Darwin Forever","isPartOf":{"@id":"https:\/\/darwinforever.com\/#website"},"primaryImageOfPage":{"@id":"https:\/\/darwinforever.com\/index.php\/chronique-les-amis-des-animaux-avec-camille-gottlieb-article-au-complet\/#primaryimage"},"image":{"@id":"https:\/\/darwinforever.com\/index.php\/chronique-les-amis-des-animaux-avec-camille-gottlieb-article-au-complet\/#primaryimage"},"thumbnailUrl":"https:\/\/darwinforever.com\/wp-content\/uploads\/2021\/09\/ITW-Darwin-Forever-Camille-Gottlieb-Monaco-1024x1024.jpg","datePublished":"2021-09-08T17:50:00+00:00","dateModified":"2022-04-01T12:11:20+00:00","breadcrumb":{"@id":"https:\/\/darwinforever.com\/index.php\/chronique-les-amis-des-animaux-avec-camille-gottlieb-article-au-complet\/#breadcrumb"},"inLanguage":"fr-FR","potentialAction":[{"@type":"ReadAction","target":["https:\/\/darwinforever.com\/index.php\/chronique-les-amis-des-animaux-avec-camille-gottlieb-article-au-complet\/"]}]},{"@type":"ImageObject","inLanguage":"fr-FR","@id":"https:\/\/darwinforever.com\/index.php\/chronique-les-amis-des-animaux-avec-camille-gottlieb-article-au-complet\/#primaryimage","url":"https:\/\/i0.wp.com\/darwinforever.com\/wp-content\/uploads\/2021\/09\/ITW-Darwin-Forever-Camille-Gottlieb-Monaco.jpg?fit=1024%2C1024&ssl=1","contentUrl":"https:\/\/i0.wp.com\/darwinforever.com\/wp-content\/uploads\/2021\/09\/ITW-Darwin-Forever-Camille-Gottlieb-Monaco.jpg?fit=1024%2C1024&ssl=1","width":1024,"height":1024,"caption":". ."},{"@type":"BreadcrumbList","@id":"https:\/\/darwinforever.com\/index.php\/chronique-les-amis-des-animaux-avec-camille-gottlieb-article-au-complet\/#breadcrumb","itemListElement":[{"@type":"ListItem","position":1,"name":"Accueil","item":"https:\/\/darwinforever.com\/"},{"@type":"ListItem","position":2,"name":"Chronique &#8220;Les Amis des Animaux et de la Nature&#8221; avec Camille Gottlieb"}]},{"@type":"WebSite","@id":"https:\/\/darwinforever.com\/#website","url":"https:\/\/darwinforever.com\/","name":"Darwin Forever","description":"Communaut\u00e9 de Jeunes Engag\u00e9s en faveur des Animaux et de leur Environnement","publisher":{"@id":"https:\/\/darwinforever.com\/#organization"},"potentialAction":[{"@type":"SearchAction","target":{"@type":"EntryPoint","urlTemplate":"https:\/\/darwinforever.com\/?s={search_term_string}"},"query-input":{"@type":"PropertyValueSpecification","valueRequired":true,"valueName":"search_term_string"}}],"inLanguage":"fr-FR"},{"@type":"Organization","@id":"https:\/\/darwinforever.com\/#organization","name":"Darwin Forever","url":"https:\/\/darwinforever.com\/","logo":{"@type":"ImageObject","inLanguage":"fr-FR","@id":"https:\/\/darwinforever.com\/#\/schema\/logo\/image\/","url":"https:\/\/i0.wp.com\/darwinforever.com\/wp-content\/uploads\/2020\/11\/cropped-cropped-Logo-Darwin-Forever-scaled-1.jpg?fit=210%2C184&ssl=1","contentUrl":"https:\/\/i0.wp.com\/darwinforever.com\/wp-content\/uploads\/2020\/11\/cropped-cropped-Logo-Darwin-Forever-scaled-1.jpg?fit=210%2C184&ssl=1","width":210,"height":184,"caption":"Darwin Forever"},"image":{"@id":"https:\/\/darwinforever.com\/#\/schema\/logo\/image\/"},"sameAs":["https:\/\/www.facebook.com\/darwinforever06\/","https:\/\/www.youtube.com\/channel\/UC0zCalAVmu2K_Xj4BMlfciA"]}]}},"jetpack_sharing_enabled":true,"jetpack_likes_enabled":true,"_links":{"self":[{"href":"https:\/\/darwinforever.com\/index.php\/wp-json\/wp\/v2\/pages\/3314","targetHints":{"allow":["GET"]}}],"collection":[{"href":"https:\/\/darwinforever.com\/index.php\/wp-json\/wp\/v2\/pages"}],"about":[{"href":"https:\/\/darwinforever.com\/index.php\/wp-json\/wp\/v2\/types\/page"}],"author":[{"embeddable":true,"href":"https:\/\/darwinforever.com\/index.php\/wp-json\/wp\/v2\/users\/7"}],"replies":[{"embeddable":true,"href":"https:\/\/darwinforever.com\/index.php\/wp-json\/wp\/v2\/comments?post=3314"}],"version-history":[{"count":2,"href":"https:\/\/darwinforever.com\/index.php\/wp-json\/wp\/v2\/pages\/3314\/revisions"}],"predecessor-version":[{"id":3479,"href":"https:\/\/darwinforever.com\/index.php\/wp-json\/wp\/v2\/pages\/3314\/revisions\/3479"}],"wp:attachment":[{"href":"https:\/\/darwinforever.com\/index.php\/wp-json\/wp\/v2\/media?parent=3314"}],"curies":[{"name":"wp","href":"https:\/\/api.w.org\/{rel}","templated":true}]}}