{"id":2731,"date":"2021-05-23T15:23:52","date_gmt":"2021-05-23T13:23:52","guid":{"rendered":"https:\/\/darwinforever.com\/?page_id=2731"},"modified":"2021-06-14T19:51:37","modified_gmt":"2021-06-14T17:51:37","slug":"thematique-concours-imagine-un-monde","status":"publish","type":"page","link":"https:\/\/darwinforever.com\/index.php\/thematique-concours-imagine-un-monde\/","title":{"rendered":"Th\u00e9matique concours : Imagine un Monde"},"content":{"rendered":"\n<p class=\"has-text-align-left\"> &#8220;J&#8217;ai d\u00e9couvert l\u2019album de <strong>David Hallyday<\/strong> et j\u2019ai beaucoup aim\u00e9 sa chanson <strong>\u00ab&nbsp;Imagine Un monde&nbsp;\u00bb qui m\u2019a beaucoup inspir\u00e9<\/strong>.<br>Et j&#8217;ai imagin\u00e9 <strong>un monde meilleur pour les animaux avec plus de respect<\/strong> et j\u2019en ai fait un dessin. <\/p>\n\n\n\n<div class=\"wp-block-image\"><figure class=\"aligncenter size-large\"><img data-recalc-dims=\"1\" loading=\"lazy\" decoding=\"async\" width=\"696\" height=\"429\" data-orig-file=\"https:\/\/i0.wp.com\/darwinforever.com\/wp-content\/uploads\/2021\/05\/dessin-mathilde.jpg?fit=1744%2C1074&amp;ssl=1\" data-attachment-url=\"https:\/\/darwinforever.com\/index.php\/thematique-concours-imagine-un-monde\/dessin-mathilde\/\" data-aspectratio=\"1.62\" data-caption=\"\" data-image-title=\"dessin-mathilde\" data-image-description=\"\" srcset=\"https:\/\/i0.wp.com\/darwinforever.com\/wp-content\/uploads\/2021\/05\/dessin-mathilde.jpg?w=1744&amp;ssl=1 1744w, https:\/\/i0.wp.com\/darwinforever.com\/wp-content\/uploads\/2021\/05\/dessin-mathilde.jpg?resize=300%2C185&amp;ssl=1 300w, https:\/\/i0.wp.com\/darwinforever.com\/wp-content\/uploads\/2021\/05\/dessin-mathilde.jpg?resize=1024%2C631&amp;ssl=1 1024w, https:\/\/i0.wp.com\/darwinforever.com\/wp-content\/uploads\/2021\/05\/dessin-mathilde.jpg?resize=768%2C473&amp;ssl=1 768w, https:\/\/i0.wp.com\/darwinforever.com\/wp-content\/uploads\/2021\/05\/dessin-mathilde.jpg?resize=1536%2C946&amp;ssl=1 1536w, https:\/\/i0.wp.com\/darwinforever.com\/wp-content\/uploads\/2021\/05\/dessin-mathilde.jpg?w=1392&amp;ssl=1 1392w\" src=\"https:\/\/i0.wp.com\/darwinforever.com\/wp-content\/uploads\/2021\/05\/dessin-mathilde.jpg?resize=696%2C429&#038;ssl=1\" alt=\". .\" class=\"wp-image-2733\"\/><figcaption>signature de Mathilde = Ma\ud83d\udc3e avec UNE patte d&#8217;animal \ud83d\ude09 <\/figcaption><\/figure><\/div>\n\n<script type=\"application\/ld+json\">[\n    {\n        \"@context\": \"https:\/\/schema.org\/\",\n        \"@type\": \"ImageObject\",\n        \"contentUrl\": \"https:\/\/darwinforever.com\/wp-content\/uploads\/2021\/05\/dessin-mathilde.jpg\",\n        \"license\": \"\",\n        \"acquireLicensePage\": \"\"\n    }\n]<\/script>\n\n\n<p>J&#8217;ai demand\u00e9 \u00e0 Nicolas de faire le m\u00eame exercice. Il aime les arbres et la d\u00e9forestation l&#8217;attriste alors il a d\u00e9cid\u00e9 de faire une signature avec des arbres&#8221; <\/p>\n\n\n\n<div class=\"wp-block-image\"><figure class=\"aligncenter size-large is-resized\"><img data-recalc-dims=\"1\" loading=\"lazy\" decoding=\"async\" data-orig-file=\"https:\/\/i0.wp.com\/darwinforever.com\/wp-content\/uploads\/2021\/05\/signature-Nicolas.-DARWIN-FOREVER.jpg?fit=487%2C290&amp;ssl=1\" data-attachment-url=\"https:\/\/darwinforever.com\/index.php\/thematique-concours-imagine-un-monde\/signature-nicolas-darwin-forever\/\" data-aspectratio=\"1.68\" data-caption=\"\" data-image-title=\"signature-Nicolas.-DARWIN-FOREVER\" data-image-description=\"\" srcset=\"https:\/\/i0.wp.com\/darwinforever.com\/wp-content\/uploads\/2021\/05\/signature-Nicolas.-DARWIN-FOREVER.jpg?w=487&amp;ssl=1 487w, https:\/\/i0.wp.com\/darwinforever.com\/wp-content\/uploads\/2021\/05\/signature-Nicolas.-DARWIN-FOREVER.jpg?resize=300%2C179&amp;ssl=1 300w\" src=\"https:\/\/i0.wp.com\/darwinforever.com\/wp-content\/uploads\/2021\/05\/signature-Nicolas.-DARWIN-FOREVER.jpg?resize=487%2C290&#038;ssl=1\" alt=\". .\" class=\"wp-image-2734\" width=\"487\" height=\"290\"\/><\/figure><\/div>\n\n<script type=\"application\/ld+json\">[\n    {\n        \"@context\": \"https:\/\/schema.org\/\",\n        \"@type\": \"ImageObject\",\n        \"contentUrl\": \"https:\/\/darwinforever.com\/wp-content\/uploads\/2021\/05\/signature-Nicolas.-DARWIN-FOREVER.jpg\",\n        \"license\": \"\",\n        \"acquireLicensePage\": \"\"\n    }\n]<\/script>\n\n\n<p>Cela m&#8217;a donn\u00e9 envie de faire un <strong>concours de sensibilisation<\/strong> comme on en fait souvent et j&#8217;ai demand\u00e9 \u00e0 <strong>David<\/strong> s&#8217;il acceptait d&#8217;\u00eatre <strong>le pr\u00e9sident <\/strong>et il a dit OUI!<\/p>\n\n\n\n<p>Comme dit <strong>David &nbsp;<\/strong>: <strong>\u00ab&nbsp;il faut aller de l\u2019avant&nbsp;\u00bb, \u00ab&nbsp; il faut reconstruire&nbsp;\u00bb<\/strong>.<\/p>\n\n\n\n<h4 class=\"has-text-align-center wp-block-heading\">TOUS ENSEMBLE, <strong>IMAGINONS UN MEILLEUR MONDE POUR DEMAIN <\/strong><\/h4>\n\n\n\n<h4 class=\"wp-block-heading\"><strong>et participez \u00e0 ce concours de dessin cr\u00e9atif et positif pour aider la plan\u00e8te, les humains et les animaux.<\/strong>&#8221;  <\/h4>\n\n\n\n<h4 class=\"wp-block-heading\"><strong>Mathilde \u2764\ufe0f\ud83d\udc3e\ud83d\udc3e\ud83c\udf33\ud83c\udf0e\u2764\ufe0f<\/strong><\/h4>\n","protected":false},"excerpt":{"rendered":"<p>&#8220;J&#8217;ai d\u00e9couvert l\u2019album de David Hallyday et j\u2019ai beaucoup aim\u00e9 sa chanson \u00ab&nbsp;Imagine Un monde&nbsp;\u00bb qui m\u2019a beaucoup inspir\u00e9.Et j&#8217;ai imagin\u00e9 un monde meilleur pour les animaux avec plus de<\/p><\/div>\n<div class=\"blog-btn\"><a href=\"https:\/\/darwinforever.com\/index.php\/thematique-concours-imagine-un-monde\/\" class=\"home-blog-btn\">Lire la suite<\/a><\/p>\n","protected":false},"author":5,"featured_media":0,"parent":0,"menu_order":0,"comment_status":"closed","ping_status":"closed","template":"","meta":{"_bbp_topic_count":0,"_bbp_reply_count":0,"_bbp_total_topic_count":0,"_bbp_total_reply_count":0,"_bbp_voice_count":0,"_bbp_anonymous_reply_count":0,"_bbp_topic_count_hidden":0,"_bbp_reply_count_hidden":0,"_bbp_forum_subforum_count":0,"jetpack_post_was_ever_published":false,"footnotes":""},"class_list":["post-2731","page","type-page","status-publish","hentry"],"yoast_head":"<!-- This site is optimized with the Yoast SEO plugin v27.3 - https:\/\/yoast.com\/product\/yoast-seo-wordpress\/ -->\n<title>Th\u00e9matique concours : Imagine un Monde - Darwin Forever<\/title>\n<meta name=\"robots\" content=\"index, follow, max-snippet:-1, max-image-preview:large, max-video-preview:-1\" \/>\n<link rel=\"canonical\" href=\"https:\/\/darwinforever.com\/index.php\/thematique-concours-imagine-un-monde\/\" \/>\n<meta property=\"og:locale\" content=\"fr_FR\" \/>\n<meta property=\"og:type\" content=\"article\" \/>\n<meta property=\"og:title\" content=\"Th\u00e9matique concours : Imagine un Monde - Darwin Forever\" \/>\n<meta property=\"og:description\" content=\"&#8220;J&#8217;ai d\u00e9couvert l\u2019album de David Hallyday et j\u2019ai beaucoup aim\u00e9 sa chanson \u00ab&nbsp;Imagine Un monde&nbsp;\u00bb qui m\u2019a beaucoup inspir\u00e9.Et j&#8217;ai imagin\u00e9 un monde meilleur pour les animaux avec plus deLire la suite\" \/>\n<meta property=\"og:url\" content=\"https:\/\/darwinforever.com\/index.php\/thematique-concours-imagine-un-monde\/\" \/>\n<meta property=\"og:site_name\" content=\"Darwin Forever\" \/>\n<meta property=\"article:publisher\" content=\"https:\/\/www.facebook.com\/darwinforever06\/\" \/>\n<meta property=\"article:modified_time\" content=\"2021-06-14T17:51:37+00:00\" \/>\n<meta property=\"og:image\" content=\"https:\/\/darwinforever.com\/wp-content\/uploads\/2021\/05\/dessin-mathilde-1024x631.jpg\" \/>\n<meta name=\"twitter:card\" content=\"summary_large_image\" \/>\n<meta name=\"twitter:label1\" content=\"Dur\u00e9e de lecture estim\u00e9e\" \/>\n\t<meta name=\"twitter:data1\" content=\"2 minutes\" \/>\n<script type=\"application\/ld+json\" class=\"yoast-schema-graph\">{\"@context\":\"https:\\\/\\\/schema.org\",\"@graph\":[{\"@type\":\"WebPage\",\"@id\":\"https:\\\/\\\/darwinforever.com\\\/index.php\\\/thematique-concours-imagine-un-monde\\\/\",\"url\":\"https:\\\/\\\/darwinforever.com\\\/index.php\\\/thematique-concours-imagine-un-monde\\\/\",\"name\":\"Th\u00e9matique concours : Imagine un Monde - Darwin Forever\",\"isPartOf\":{\"@id\":\"https:\\\/\\\/darwinforever.com\\\/#website\"},\"primaryImageOfPage\":{\"@id\":\"https:\\\/\\\/darwinforever.com\\\/index.php\\\/thematique-concours-imagine-un-monde\\\/#primaryimage\"},\"image\":{\"@id\":\"https:\\\/\\\/darwinforever.com\\\/index.php\\\/thematique-concours-imagine-un-monde\\\/#primaryimage\"},\"thumbnailUrl\":\"https:\\\/\\\/darwinforever.com\\\/wp-content\\\/uploads\\\/2021\\\/05\\\/dessin-mathilde-1024x631.jpg\",\"datePublished\":\"2021-05-23T13:23:52+00:00\",\"dateModified\":\"2021-06-14T17:51:37+00:00\",\"breadcrumb\":{\"@id\":\"https:\\\/\\\/darwinforever.com\\\/index.php\\\/thematique-concours-imagine-un-monde\\\/#breadcrumb\"},\"inLanguage\":\"fr-FR\",\"potentialAction\":[{\"@type\":\"ReadAction\",\"target\":[\"https:\\\/\\\/darwinforever.com\\\/index.php\\\/thematique-concours-imagine-un-monde\\\/\"]}]},{\"@type\":\"ImageObject\",\"inLanguage\":\"fr-FR\",\"@id\":\"https:\\\/\\\/darwinforever.com\\\/index.php\\\/thematique-concours-imagine-un-monde\\\/#primaryimage\",\"url\":\"https:\\\/\\\/i0.wp.com\\\/darwinforever.com\\\/wp-content\\\/uploads\\\/2021\\\/05\\\/dessin-mathilde.jpg?fit=1744%2C1074&ssl=1\",\"contentUrl\":\"https:\\\/\\\/i0.wp.com\\\/darwinforever.com\\\/wp-content\\\/uploads\\\/2021\\\/05\\\/dessin-mathilde.jpg?fit=1744%2C1074&ssl=1\",\"width\":1744,\"height\":1074,\"caption\":\". .\"},{\"@type\":\"BreadcrumbList\",\"@id\":\"https:\\\/\\\/darwinforever.com\\\/index.php\\\/thematique-concours-imagine-un-monde\\\/#breadcrumb\",\"itemListElement\":[{\"@type\":\"ListItem\",\"position\":1,\"name\":\"Accueil\",\"item\":\"https:\\\/\\\/darwinforever.com\\\/\"},{\"@type\":\"ListItem\",\"position\":2,\"name\":\"Th\u00e9matique concours : Imagine un Monde\"}]},{\"@type\":\"WebSite\",\"@id\":\"https:\\\/\\\/darwinforever.com\\\/#website\",\"url\":\"https:\\\/\\\/darwinforever.com\\\/\",\"name\":\"Darwin Forever\",\"description\":\"Communaut\u00e9 de Jeunes Engag\u00e9s en faveur des Animaux et de leur Environnement\",\"publisher\":{\"@id\":\"https:\\\/\\\/darwinforever.com\\\/#organization\"},\"potentialAction\":[{\"@type\":\"SearchAction\",\"target\":{\"@type\":\"EntryPoint\",\"urlTemplate\":\"https:\\\/\\\/darwinforever.com\\\/?s={search_term_string}\"},\"query-input\":{\"@type\":\"PropertyValueSpecification\",\"valueRequired\":true,\"valueName\":\"search_term_string\"}}],\"inLanguage\":\"fr-FR\"},{\"@type\":\"Organization\",\"@id\":\"https:\\\/\\\/darwinforever.com\\\/#organization\",\"name\":\"Darwin Forever\",\"url\":\"https:\\\/\\\/darwinforever.com\\\/\",\"logo\":{\"@type\":\"ImageObject\",\"inLanguage\":\"fr-FR\",\"@id\":\"https:\\\/\\\/darwinforever.com\\\/#\\\/schema\\\/logo\\\/image\\\/\",\"url\":\"https:\\\/\\\/i0.wp.com\\\/darwinforever.com\\\/wp-content\\\/uploads\\\/2020\\\/11\\\/cropped-cropped-Logo-Darwin-Forever-scaled-1.jpg?fit=210%2C184&ssl=1\",\"contentUrl\":\"https:\\\/\\\/i0.wp.com\\\/darwinforever.com\\\/wp-content\\\/uploads\\\/2020\\\/11\\\/cropped-cropped-Logo-Darwin-Forever-scaled-1.jpg?fit=210%2C184&ssl=1\",\"width\":210,\"height\":184,\"caption\":\"Darwin Forever\"},\"image\":{\"@id\":\"https:\\\/\\\/darwinforever.com\\\/#\\\/schema\\\/logo\\\/image\\\/\"},\"sameAs\":[\"https:\\\/\\\/www.facebook.com\\\/darwinforever06\\\/\",\"https:\\\/\\\/www.youtube.com\\\/channel\\\/UC0zCalAVmu2K_Xj4BMlfciA\"]}]}<\/script>\n<!-- \/ Yoast SEO plugin. -->","yoast_head_json":{"title":"Th\u00e9matique concours : Imagine un Monde - Darwin Forever","robots":{"index":"index","follow":"follow","max-snippet":"max-snippet:-1","max-image-preview":"max-image-preview:large","max-video-preview":"max-video-preview:-1"},"canonical":"https:\/\/darwinforever.com\/index.php\/thematique-concours-imagine-un-monde\/","og_locale":"fr_FR","og_type":"article","og_title":"Th\u00e9matique concours : Imagine un Monde - Darwin Forever","og_description":"&#8220;J&#8217;ai d\u00e9couvert l\u2019album de David Hallyday et j\u2019ai beaucoup aim\u00e9 sa chanson \u00ab&nbsp;Imagine Un monde&nbsp;\u00bb qui m\u2019a beaucoup inspir\u00e9.Et j&#8217;ai imagin\u00e9 un monde meilleur pour les animaux avec plus deLire la suite","og_url":"https:\/\/darwinforever.com\/index.php\/thematique-concours-imagine-un-monde\/","og_site_name":"Darwin Forever","article_publisher":"https:\/\/www.facebook.com\/darwinforever06\/","article_modified_time":"2021-06-14T17:51:37+00:00","og_image":[{"url":"https:\/\/darwinforever.com\/wp-content\/uploads\/2021\/05\/dessin-mathilde-1024x631.jpg","type":"","width":"","height":""}],"twitter_card":"summary_large_image","twitter_misc":{"Dur\u00e9e de lecture estim\u00e9e":"2 minutes"},"schema":{"@context":"https:\/\/schema.org","@graph":[{"@type":"WebPage","@id":"https:\/\/darwinforever.com\/index.php\/thematique-concours-imagine-un-monde\/","url":"https:\/\/darwinforever.com\/index.php\/thematique-concours-imagine-un-monde\/","name":"Th\u00e9matique concours : Imagine un Monde - Darwin Forever","isPartOf":{"@id":"https:\/\/darwinforever.com\/#website"},"primaryImageOfPage":{"@id":"https:\/\/darwinforever.com\/index.php\/thematique-concours-imagine-un-monde\/#primaryimage"},"image":{"@id":"https:\/\/darwinforever.com\/index.php\/thematique-concours-imagine-un-monde\/#primaryimage"},"thumbnailUrl":"https:\/\/darwinforever.com\/wp-content\/uploads\/2021\/05\/dessin-mathilde-1024x631.jpg","datePublished":"2021-05-23T13:23:52+00:00","dateModified":"2021-06-14T17:51:37+00:00","breadcrumb":{"@id":"https:\/\/darwinforever.com\/index.php\/thematique-concours-imagine-un-monde\/#breadcrumb"},"inLanguage":"fr-FR","potentialAction":[{"@type":"ReadAction","target":["https:\/\/darwinforever.com\/index.php\/thematique-concours-imagine-un-monde\/"]}]},{"@type":"ImageObject","inLanguage":"fr-FR","@id":"https:\/\/darwinforever.com\/index.php\/thematique-concours-imagine-un-monde\/#primaryimage","url":"https:\/\/i0.wp.com\/darwinforever.com\/wp-content\/uploads\/2021\/05\/dessin-mathilde.jpg?fit=1744%2C1074&ssl=1","contentUrl":"https:\/\/i0.wp.com\/darwinforever.com\/wp-content\/uploads\/2021\/05\/dessin-mathilde.jpg?fit=1744%2C1074&ssl=1","width":1744,"height":1074,"caption":". ."},{"@type":"BreadcrumbList","@id":"https:\/\/darwinforever.com\/index.php\/thematique-concours-imagine-un-monde\/#breadcrumb","itemListElement":[{"@type":"ListItem","position":1,"name":"Accueil","item":"https:\/\/darwinforever.com\/"},{"@type":"ListItem","position":2,"name":"Th\u00e9matique concours : Imagine un Monde"}]},{"@type":"WebSite","@id":"https:\/\/darwinforever.com\/#website","url":"https:\/\/darwinforever.com\/","name":"Darwin Forever","description":"Communaut\u00e9 de Jeunes Engag\u00e9s en faveur des Animaux et de leur Environnement","publisher":{"@id":"https:\/\/darwinforever.com\/#organization"},"potentialAction":[{"@type":"SearchAction","target":{"@type":"EntryPoint","urlTemplate":"https:\/\/darwinforever.com\/?s={search_term_string}"},"query-input":{"@type":"PropertyValueSpecification","valueRequired":true,"valueName":"search_term_string"}}],"inLanguage":"fr-FR"},{"@type":"Organization","@id":"https:\/\/darwinforever.com\/#organization","name":"Darwin Forever","url":"https:\/\/darwinforever.com\/","logo":{"@type":"ImageObject","inLanguage":"fr-FR","@id":"https:\/\/darwinforever.com\/#\/schema\/logo\/image\/","url":"https:\/\/i0.wp.com\/darwinforever.com\/wp-content\/uploads\/2020\/11\/cropped-cropped-Logo-Darwin-Forever-scaled-1.jpg?fit=210%2C184&ssl=1","contentUrl":"https:\/\/i0.wp.com\/darwinforever.com\/wp-content\/uploads\/2020\/11\/cropped-cropped-Logo-Darwin-Forever-scaled-1.jpg?fit=210%2C184&ssl=1","width":210,"height":184,"caption":"Darwin Forever"},"image":{"@id":"https:\/\/darwinforever.com\/#\/schema\/logo\/image\/"},"sameAs":["https:\/\/www.facebook.com\/darwinforever06\/","https:\/\/www.youtube.com\/channel\/UC0zCalAVmu2K_Xj4BMlfciA"]}]}},"jetpack_sharing_enabled":true,"jetpack_likes_enabled":true,"_links":{"self":[{"href":"https:\/\/darwinforever.com\/index.php\/wp-json\/wp\/v2\/pages\/2731","targetHints":{"allow":["GET"]}}],"collection":[{"href":"https:\/\/darwinforever.com\/index.php\/wp-json\/wp\/v2\/pages"}],"about":[{"href":"https:\/\/darwinforever.com\/index.php\/wp-json\/wp\/v2\/types\/page"}],"author":[{"embeddable":true,"href":"https:\/\/darwinforever.com\/index.php\/wp-json\/wp\/v2\/users\/5"}],"replies":[{"embeddable":true,"href":"https:\/\/darwinforever.com\/index.php\/wp-json\/wp\/v2\/comments?post=2731"}],"version-history":[{"count":0,"href":"https:\/\/darwinforever.com\/index.php\/wp-json\/wp\/v2\/pages\/2731\/revisions"}],"wp:attachment":[{"href":"https:\/\/darwinforever.com\/index.php\/wp-json\/wp\/v2\/media?parent=2731"}],"curies":[{"name":"wp","href":"https:\/\/api.w.org\/{rel}","templated":true}]}}