{"id":2695,"date":"2021-05-06T21:12:13","date_gmt":"2021-05-06T19:12:13","guid":{"rendered":"https:\/\/darwinforever.com\/?page_id=2695"},"modified":"2022-04-01T14:12:00","modified_gmt":"2022-04-01T12:12:00","slug":"chronique-les-amis-des-animaux-entraide-pour-les-animaux-dans-les-vallees-suite-au-passage-de-la-tempete-alex","status":"publish","type":"page","link":"https:\/\/darwinforever.com\/index.php\/chronique-les-amis-des-animaux-entraide-pour-les-animaux-dans-les-vallees-suite-au-passage-de-la-tempete-alex\/","title":{"rendered":"Chronique &#8220;Les Amis des Animaux et de la Nature&#8221; Entraide pour les animaux dans les vall\u00e9es suite au passage de la temp\u00eate Alex"},"content":{"rendered":"\n<figure class=\"wp-block-image size-large\"><img data-recalc-dims=\"1\" loading=\"lazy\" decoding=\"async\" width=\"696\" height=\"993\" data-orig-file=\"https:\/\/i0.wp.com\/darwinforever.com\/wp-content\/uploads\/2021\/05\/article-dec-2020-nice-entraide-dans-les-vallees-scaled.jpg?fit=1796%2C2560&amp;ssl=1\" data-attachment-url=\"https:\/\/darwinforever.com\/index.php\/chronique-les-amis-des-animaux-entraide-pour-les-animaux-dans-les-vallees-suite-au-passage-de-la-tempete-alex\/article-dec-2020-nice-entraide-dans-les-vallees\/\" data-aspectratio=\"0.7\" data-caption=\"\" data-image-title=\"article-dec-2020-nice-entraide-dans-les-vallees\" data-image-description=\"\" srcset=\"https:\/\/i0.wp.com\/darwinforever.com\/wp-content\/uploads\/2021\/05\/article-dec-2020-nice-entraide-dans-les-vallees-scaled.jpg?w=1796&amp;ssl=1 1796w, https:\/\/i0.wp.com\/darwinforever.com\/wp-content\/uploads\/2021\/05\/article-dec-2020-nice-entraide-dans-les-vallees-scaled.jpg?resize=210%2C300&amp;ssl=1 210w, https:\/\/i0.wp.com\/darwinforever.com\/wp-content\/uploads\/2021\/05\/article-dec-2020-nice-entraide-dans-les-vallees-scaled.jpg?resize=718%2C1024&amp;ssl=1 718w, https:\/\/i0.wp.com\/darwinforever.com\/wp-content\/uploads\/2021\/05\/article-dec-2020-nice-entraide-dans-les-vallees-scaled.jpg?resize=768%2C1095&amp;ssl=1 768w, https:\/\/i0.wp.com\/darwinforever.com\/wp-content\/uploads\/2021\/05\/article-dec-2020-nice-entraide-dans-les-vallees-scaled.jpg?resize=1077%2C1536&amp;ssl=1 1077w, https:\/\/i0.wp.com\/darwinforever.com\/wp-content\/uploads\/2021\/05\/article-dec-2020-nice-entraide-dans-les-vallees-scaled.jpg?resize=1436%2C2048&amp;ssl=1 1436w\" src=\"https:\/\/i0.wp.com\/darwinforever.com\/wp-content\/uploads\/2021\/05\/article-dec-2020-nice-entraide-dans-les-vallees.jpg?resize=696%2C993&#038;ssl=1\" alt=\". .\" class=\"wp-image-2696\"\/><figcaption> La chronique Darwin Forever  <strong>\u201cLes Amis des Animaux\u201d<\/strong>\u00a0consacr\u00e9 aux vall\u00e9es a \u00e9t\u00e9 diffus\u00e9e en d\u00e9cembre 2020\u00a0<strong>dans Kids-Matin dans les journaux Nice-Matin, Var-Matin et Monaco-Matin.<\/strong><\/figcaption><\/figure>\n\n<script type=\"application\/ld+json\">[\n    {\n        \"@context\": \"https:\/\/schema.org\/\",\n        \"@type\": \"ImageObject\",\n        \"contentUrl\": \"https:\/\/darwinforever.com\/wp-content\/uploads\/2021\/05\/article-dec-2020-nice-entraide-dans-les-vallees-scaled.jpg\",\n        \"license\": \"\",\n        \"acquireLicensePage\": \"\"\n    }\n]<\/script>\n\n\n<figure class=\"wp-block-image size-large\"><img data-recalc-dims=\"1\" loading=\"lazy\" decoding=\"async\" width=\"696\" height=\"994\" data-orig-file=\"https:\/\/i0.wp.com\/darwinforever.com\/wp-content\/uploads\/2021\/05\/Article-LEs-Amis-des-Animaux-Darwin-Forever-2.12.2020-Nice-Matin.jpg?fit=1709%2C2440&amp;ssl=1\" data-attachment-url=\"https:\/\/darwinforever.com\/index.php\/chronique-les-amis-des-animaux-entraide-pour-les-animaux-dans-les-vallees-suite-au-passage-de-la-tempete-alex\/article-les-amis-des-animaux-darwin-forever-2-12-2020-nice-matin\/\" data-aspectratio=\"0.7\" data-caption=\"\" data-image-title=\"Article-LEs-Amis-des-Animaux-Darwin-Forever-2.12.2020-Nice-Matin\" data-image-description=\"\" srcset=\"https:\/\/i0.wp.com\/darwinforever.com\/wp-content\/uploads\/2021\/05\/Article-LEs-Amis-des-Animaux-Darwin-Forever-2.12.2020-Nice-Matin.jpg?w=1709&amp;ssl=1 1709w, https:\/\/i0.wp.com\/darwinforever.com\/wp-content\/uploads\/2021\/05\/Article-LEs-Amis-des-Animaux-Darwin-Forever-2.12.2020-Nice-Matin.jpg?resize=210%2C300&amp;ssl=1 210w, https:\/\/i0.wp.com\/darwinforever.com\/wp-content\/uploads\/2021\/05\/Article-LEs-Amis-des-Animaux-Darwin-Forever-2.12.2020-Nice-Matin.jpg?resize=717%2C1024&amp;ssl=1 717w, https:\/\/i0.wp.com\/darwinforever.com\/wp-content\/uploads\/2021\/05\/Article-LEs-Amis-des-Animaux-Darwin-Forever-2.12.2020-Nice-Matin.jpg?resize=768%2C1097&amp;ssl=1 768w, https:\/\/i0.wp.com\/darwinforever.com\/wp-content\/uploads\/2021\/05\/Article-LEs-Amis-des-Animaux-Darwin-Forever-2.12.2020-Nice-Matin.jpg?resize=1076%2C1536&amp;ssl=1 1076w, https:\/\/i0.wp.com\/darwinforever.com\/wp-content\/uploads\/2021\/05\/Article-LEs-Amis-des-Animaux-Darwin-Forever-2.12.2020-Nice-Matin.jpg?resize=1434%2C2048&amp;ssl=1 1434w\" src=\"https:\/\/i0.wp.com\/darwinforever.com\/wp-content\/uploads\/2021\/05\/Article-LEs-Amis-des-Animaux-Darwin-Forever-2.12.2020-Nice-Matin.jpg?resize=696%2C994&#038;ssl=1\" alt=\". .\" class=\"wp-image-2697\"\/><\/figure>\n\n<script type=\"application\/ld+json\">[\n    {\n        \"@context\": \"https:\/\/schema.org\/\",\n        \"@type\": \"ImageObject\",\n        \"contentUrl\": \"https:\/\/darwinforever.com\/wp-content\/uploads\/2021\/05\/Article-LEs-Amis-des-Animaux-Darwin-Forever-2.12.2020-Nice-Matin.jpg\",\n        \"license\": \"\",\n        \"acquireLicensePage\": \"\"\n    }\n]<\/script>\n\n\n<p><\/p>\n","protected":false},"excerpt":{"rendered":"","protected":false},"author":8,"featured_media":0,"parent":0,"menu_order":0,"comment_status":"closed","ping_status":"closed","template":"","meta":{"_bbp_topic_count":0,"_bbp_reply_count":0,"_bbp_total_topic_count":0,"_bbp_total_reply_count":0,"_bbp_voice_count":0,"_bbp_anonymous_reply_count":0,"_bbp_topic_count_hidden":0,"_bbp_reply_count_hidden":0,"_bbp_forum_subforum_count":0,"jetpack_post_was_ever_published":false,"footnotes":""},"class_list":["post-2695","page","type-page","status-publish","hentry"],"yoast_head":"<!-- This site is optimized with the Yoast SEO plugin v27.3 - https:\/\/yoast.com\/product\/yoast-seo-wordpress\/ -->\n<title>Chronique &quot;Les Amis des Animaux et de la Nature&quot; Entraide pour les animaux dans les vall\u00e9es suite au passage de la temp\u00eate Alex - Darwin Forever<\/title>\n<meta name=\"robots\" content=\"index, follow, max-snippet:-1, max-image-preview:large, max-video-preview:-1\" \/>\n<link rel=\"canonical\" href=\"https:\/\/darwinforever.com\/index.php\/chronique-les-amis-des-animaux-entraide-pour-les-animaux-dans-les-vallees-suite-au-passage-de-la-tempete-alex\/\" \/>\n<meta property=\"og:locale\" content=\"fr_FR\" \/>\n<meta property=\"og:type\" content=\"article\" \/>\n<meta property=\"og:title\" content=\"Chronique &quot;Les Amis des Animaux et de la Nature&quot; Entraide pour les animaux dans les vall\u00e9es suite au passage de la temp\u00eate Alex - Darwin Forever\" \/>\n<meta property=\"og:url\" content=\"https:\/\/darwinforever.com\/index.php\/chronique-les-amis-des-animaux-entraide-pour-les-animaux-dans-les-vallees-suite-au-passage-de-la-tempete-alex\/\" \/>\n<meta property=\"og:site_name\" content=\"Darwin Forever\" \/>\n<meta property=\"article:publisher\" content=\"https:\/\/www.facebook.com\/darwinforever06\/\" \/>\n<meta property=\"article:modified_time\" content=\"2022-04-01T12:12:00+00:00\" \/>\n<meta property=\"og:image\" content=\"https:\/\/darwinforever.com\/wp-content\/uploads\/2021\/05\/article-dec-2020-nice-entraide-dans-les-vallees-718x1024.jpg\" \/>\n<meta name=\"twitter:card\" content=\"summary_large_image\" \/>\n<meta name=\"twitter:label1\" content=\"Dur\u00e9e de lecture estim\u00e9e\" \/>\n\t<meta name=\"twitter:data1\" content=\"1 minute\" \/>\n<script type=\"application\/ld+json\" class=\"yoast-schema-graph\">{\"@context\":\"https:\\\/\\\/schema.org\",\"@graph\":[{\"@type\":\"WebPage\",\"@id\":\"https:\\\/\\\/darwinforever.com\\\/index.php\\\/chronique-les-amis-des-animaux-entraide-pour-les-animaux-dans-les-vallees-suite-au-passage-de-la-tempete-alex\\\/\",\"url\":\"https:\\\/\\\/darwinforever.com\\\/index.php\\\/chronique-les-amis-des-animaux-entraide-pour-les-animaux-dans-les-vallees-suite-au-passage-de-la-tempete-alex\\\/\",\"name\":\"Chronique \\\"Les Amis des Animaux et de la Nature\\\" Entraide pour les animaux dans les vall\u00e9es suite au passage de la temp\u00eate Alex - Darwin Forever\",\"isPartOf\":{\"@id\":\"https:\\\/\\\/darwinforever.com\\\/#website\"},\"primaryImageOfPage\":{\"@id\":\"https:\\\/\\\/darwinforever.com\\\/index.php\\\/chronique-les-amis-des-animaux-entraide-pour-les-animaux-dans-les-vallees-suite-au-passage-de-la-tempete-alex\\\/#primaryimage\"},\"image\":{\"@id\":\"https:\\\/\\\/darwinforever.com\\\/index.php\\\/chronique-les-amis-des-animaux-entraide-pour-les-animaux-dans-les-vallees-suite-au-passage-de-la-tempete-alex\\\/#primaryimage\"},\"thumbnailUrl\":\"https:\\\/\\\/darwinforever.com\\\/wp-content\\\/uploads\\\/2021\\\/05\\\/article-dec-2020-nice-entraide-dans-les-vallees-718x1024.jpg\",\"datePublished\":\"2021-05-06T19:12:13+00:00\",\"dateModified\":\"2022-04-01T12:12:00+00:00\",\"breadcrumb\":{\"@id\":\"https:\\\/\\\/darwinforever.com\\\/index.php\\\/chronique-les-amis-des-animaux-entraide-pour-les-animaux-dans-les-vallees-suite-au-passage-de-la-tempete-alex\\\/#breadcrumb\"},\"inLanguage\":\"fr-FR\",\"potentialAction\":[{\"@type\":\"ReadAction\",\"target\":[\"https:\\\/\\\/darwinforever.com\\\/index.php\\\/chronique-les-amis-des-animaux-entraide-pour-les-animaux-dans-les-vallees-suite-au-passage-de-la-tempete-alex\\\/\"]}]},{\"@type\":\"ImageObject\",\"inLanguage\":\"fr-FR\",\"@id\":\"https:\\\/\\\/darwinforever.com\\\/index.php\\\/chronique-les-amis-des-animaux-entraide-pour-les-animaux-dans-les-vallees-suite-au-passage-de-la-tempete-alex\\\/#primaryimage\",\"url\":\"https:\\\/\\\/i0.wp.com\\\/darwinforever.com\\\/wp-content\\\/uploads\\\/2021\\\/05\\\/article-dec-2020-nice-entraide-dans-les-vallees-scaled.jpg?fit=1796%2C2560&ssl=1\",\"contentUrl\":\"https:\\\/\\\/i0.wp.com\\\/darwinforever.com\\\/wp-content\\\/uploads\\\/2021\\\/05\\\/article-dec-2020-nice-entraide-dans-les-vallees-scaled.jpg?fit=1796%2C2560&ssl=1\",\"width\":1796,\"height\":2560,\"caption\":\". .\"},{\"@type\":\"BreadcrumbList\",\"@id\":\"https:\\\/\\\/darwinforever.com\\\/index.php\\\/chronique-les-amis-des-animaux-entraide-pour-les-animaux-dans-les-vallees-suite-au-passage-de-la-tempete-alex\\\/#breadcrumb\",\"itemListElement\":[{\"@type\":\"ListItem\",\"position\":1,\"name\":\"Accueil\",\"item\":\"https:\\\/\\\/darwinforever.com\\\/\"},{\"@type\":\"ListItem\",\"position\":2,\"name\":\"Chronique &#8220;Les Amis des Animaux et de la Nature&#8221; Entraide pour les animaux dans les vall\u00e9es suite au passage de la temp\u00eate Alex\"}]},{\"@type\":\"WebSite\",\"@id\":\"https:\\\/\\\/darwinforever.com\\\/#website\",\"url\":\"https:\\\/\\\/darwinforever.com\\\/\",\"name\":\"Darwin Forever\",\"description\":\"Communaut\u00e9 de Jeunes Engag\u00e9s en faveur des Animaux et de leur Environnement\",\"publisher\":{\"@id\":\"https:\\\/\\\/darwinforever.com\\\/#organization\"},\"potentialAction\":[{\"@type\":\"SearchAction\",\"target\":{\"@type\":\"EntryPoint\",\"urlTemplate\":\"https:\\\/\\\/darwinforever.com\\\/?s={search_term_string}\"},\"query-input\":{\"@type\":\"PropertyValueSpecification\",\"valueRequired\":true,\"valueName\":\"search_term_string\"}}],\"inLanguage\":\"fr-FR\"},{\"@type\":\"Organization\",\"@id\":\"https:\\\/\\\/darwinforever.com\\\/#organization\",\"name\":\"Darwin Forever\",\"url\":\"https:\\\/\\\/darwinforever.com\\\/\",\"logo\":{\"@type\":\"ImageObject\",\"inLanguage\":\"fr-FR\",\"@id\":\"https:\\\/\\\/darwinforever.com\\\/#\\\/schema\\\/logo\\\/image\\\/\",\"url\":\"https:\\\/\\\/i0.wp.com\\\/darwinforever.com\\\/wp-content\\\/uploads\\\/2020\\\/11\\\/cropped-cropped-Logo-Darwin-Forever-scaled-1.jpg?fit=210%2C184&ssl=1\",\"contentUrl\":\"https:\\\/\\\/i0.wp.com\\\/darwinforever.com\\\/wp-content\\\/uploads\\\/2020\\\/11\\\/cropped-cropped-Logo-Darwin-Forever-scaled-1.jpg?fit=210%2C184&ssl=1\",\"width\":210,\"height\":184,\"caption\":\"Darwin Forever\"},\"image\":{\"@id\":\"https:\\\/\\\/darwinforever.com\\\/#\\\/schema\\\/logo\\\/image\\\/\"},\"sameAs\":[\"https:\\\/\\\/www.facebook.com\\\/darwinforever06\\\/\",\"https:\\\/\\\/www.youtube.com\\\/channel\\\/UC0zCalAVmu2K_Xj4BMlfciA\"]}]}<\/script>\n<!-- \/ Yoast SEO plugin. -->","yoast_head_json":{"title":"Chronique \"Les Amis des Animaux et de la Nature\" Entraide pour les animaux dans les vall\u00e9es suite au passage de la temp\u00eate Alex - Darwin Forever","robots":{"index":"index","follow":"follow","max-snippet":"max-snippet:-1","max-image-preview":"max-image-preview:large","max-video-preview":"max-video-preview:-1"},"canonical":"https:\/\/darwinforever.com\/index.php\/chronique-les-amis-des-animaux-entraide-pour-les-animaux-dans-les-vallees-suite-au-passage-de-la-tempete-alex\/","og_locale":"fr_FR","og_type":"article","og_title":"Chronique \"Les Amis des Animaux et de la Nature\" Entraide pour les animaux dans les vall\u00e9es suite au passage de la temp\u00eate Alex - Darwin Forever","og_url":"https:\/\/darwinforever.com\/index.php\/chronique-les-amis-des-animaux-entraide-pour-les-animaux-dans-les-vallees-suite-au-passage-de-la-tempete-alex\/","og_site_name":"Darwin Forever","article_publisher":"https:\/\/www.facebook.com\/darwinforever06\/","article_modified_time":"2022-04-01T12:12:00+00:00","og_image":[{"url":"https:\/\/darwinforever.com\/wp-content\/uploads\/2021\/05\/article-dec-2020-nice-entraide-dans-les-vallees-718x1024.jpg","type":"","width":"","height":""}],"twitter_card":"summary_large_image","twitter_misc":{"Dur\u00e9e de lecture estim\u00e9e":"1 minute"},"schema":{"@context":"https:\/\/schema.org","@graph":[{"@type":"WebPage","@id":"https:\/\/darwinforever.com\/index.php\/chronique-les-amis-des-animaux-entraide-pour-les-animaux-dans-les-vallees-suite-au-passage-de-la-tempete-alex\/","url":"https:\/\/darwinforever.com\/index.php\/chronique-les-amis-des-animaux-entraide-pour-les-animaux-dans-les-vallees-suite-au-passage-de-la-tempete-alex\/","name":"Chronique \"Les Amis des Animaux et de la Nature\" Entraide pour les animaux dans les vall\u00e9es suite au passage de la temp\u00eate Alex - Darwin Forever","isPartOf":{"@id":"https:\/\/darwinforever.com\/#website"},"primaryImageOfPage":{"@id":"https:\/\/darwinforever.com\/index.php\/chronique-les-amis-des-animaux-entraide-pour-les-animaux-dans-les-vallees-suite-au-passage-de-la-tempete-alex\/#primaryimage"},"image":{"@id":"https:\/\/darwinforever.com\/index.php\/chronique-les-amis-des-animaux-entraide-pour-les-animaux-dans-les-vallees-suite-au-passage-de-la-tempete-alex\/#primaryimage"},"thumbnailUrl":"https:\/\/darwinforever.com\/wp-content\/uploads\/2021\/05\/article-dec-2020-nice-entraide-dans-les-vallees-718x1024.jpg","datePublished":"2021-05-06T19:12:13+00:00","dateModified":"2022-04-01T12:12:00+00:00","breadcrumb":{"@id":"https:\/\/darwinforever.com\/index.php\/chronique-les-amis-des-animaux-entraide-pour-les-animaux-dans-les-vallees-suite-au-passage-de-la-tempete-alex\/#breadcrumb"},"inLanguage":"fr-FR","potentialAction":[{"@type":"ReadAction","target":["https:\/\/darwinforever.com\/index.php\/chronique-les-amis-des-animaux-entraide-pour-les-animaux-dans-les-vallees-suite-au-passage-de-la-tempete-alex\/"]}]},{"@type":"ImageObject","inLanguage":"fr-FR","@id":"https:\/\/darwinforever.com\/index.php\/chronique-les-amis-des-animaux-entraide-pour-les-animaux-dans-les-vallees-suite-au-passage-de-la-tempete-alex\/#primaryimage","url":"https:\/\/i0.wp.com\/darwinforever.com\/wp-content\/uploads\/2021\/05\/article-dec-2020-nice-entraide-dans-les-vallees-scaled.jpg?fit=1796%2C2560&ssl=1","contentUrl":"https:\/\/i0.wp.com\/darwinforever.com\/wp-content\/uploads\/2021\/05\/article-dec-2020-nice-entraide-dans-les-vallees-scaled.jpg?fit=1796%2C2560&ssl=1","width":1796,"height":2560,"caption":". ."},{"@type":"BreadcrumbList","@id":"https:\/\/darwinforever.com\/index.php\/chronique-les-amis-des-animaux-entraide-pour-les-animaux-dans-les-vallees-suite-au-passage-de-la-tempete-alex\/#breadcrumb","itemListElement":[{"@type":"ListItem","position":1,"name":"Accueil","item":"https:\/\/darwinforever.com\/"},{"@type":"ListItem","position":2,"name":"Chronique &#8220;Les Amis des Animaux et de la Nature&#8221; Entraide pour les animaux dans les vall\u00e9es suite au passage de la temp\u00eate Alex"}]},{"@type":"WebSite","@id":"https:\/\/darwinforever.com\/#website","url":"https:\/\/darwinforever.com\/","name":"Darwin Forever","description":"Communaut\u00e9 de Jeunes Engag\u00e9s en faveur des Animaux et de leur Environnement","publisher":{"@id":"https:\/\/darwinforever.com\/#organization"},"potentialAction":[{"@type":"SearchAction","target":{"@type":"EntryPoint","urlTemplate":"https:\/\/darwinforever.com\/?s={search_term_string}"},"query-input":{"@type":"PropertyValueSpecification","valueRequired":true,"valueName":"search_term_string"}}],"inLanguage":"fr-FR"},{"@type":"Organization","@id":"https:\/\/darwinforever.com\/#organization","name":"Darwin Forever","url":"https:\/\/darwinforever.com\/","logo":{"@type":"ImageObject","inLanguage":"fr-FR","@id":"https:\/\/darwinforever.com\/#\/schema\/logo\/image\/","url":"https:\/\/i0.wp.com\/darwinforever.com\/wp-content\/uploads\/2020\/11\/cropped-cropped-Logo-Darwin-Forever-scaled-1.jpg?fit=210%2C184&ssl=1","contentUrl":"https:\/\/i0.wp.com\/darwinforever.com\/wp-content\/uploads\/2020\/11\/cropped-cropped-Logo-Darwin-Forever-scaled-1.jpg?fit=210%2C184&ssl=1","width":210,"height":184,"caption":"Darwin Forever"},"image":{"@id":"https:\/\/darwinforever.com\/#\/schema\/logo\/image\/"},"sameAs":["https:\/\/www.facebook.com\/darwinforever06\/","https:\/\/www.youtube.com\/channel\/UC0zCalAVmu2K_Xj4BMlfciA"]}]}},"jetpack_sharing_enabled":true,"jetpack_likes_enabled":true,"_links":{"self":[{"href":"https:\/\/darwinforever.com\/index.php\/wp-json\/wp\/v2\/pages\/2695","targetHints":{"allow":["GET"]}}],"collection":[{"href":"https:\/\/darwinforever.com\/index.php\/wp-json\/wp\/v2\/pages"}],"about":[{"href":"https:\/\/darwinforever.com\/index.php\/wp-json\/wp\/v2\/types\/page"}],"author":[{"embeddable":true,"href":"https:\/\/darwinforever.com\/index.php\/wp-json\/wp\/v2\/users\/8"}],"replies":[{"embeddable":true,"href":"https:\/\/darwinforever.com\/index.php\/wp-json\/wp\/v2\/comments?post=2695"}],"version-history":[{"count":2,"href":"https:\/\/darwinforever.com\/index.php\/wp-json\/wp\/v2\/pages\/2695\/revisions"}],"predecessor-version":[{"id":3483,"href":"https:\/\/darwinforever.com\/index.php\/wp-json\/wp\/v2\/pages\/2695\/revisions\/3483"}],"wp:attachment":[{"href":"https:\/\/darwinforever.com\/index.php\/wp-json\/wp\/v2\/media?parent=2695"}],"curies":[{"name":"wp","href":"https:\/\/api.w.org\/{rel}","templated":true}]}}