{"id":2617,"date":"2021-04-07T15:45:09","date_gmt":"2021-04-07T13:45:09","guid":{"rendered":"https:\/\/darwinforever.com\/?page_id=2617"},"modified":"2021-11-08T21:28:36","modified_gmt":"2021-11-08T20:28:36","slug":"reglement-du-concours-imagine-un-monde-du-15-juin-au-31-aout-2021-concours-en-cours-de-preparation","status":"publish","type":"page","link":"https:\/\/darwinforever.com\/index.php\/reglement-du-concours-imagine-un-monde-du-15-juin-au-31-aout-2021-concours-en-cours-de-preparation\/","title":{"rendered":"R\u00e8glement du Concours &#8220;Imagine un Monde&#8221;"},"content":{"rendered":"\n<p><strong>R\u00e8glement du concours de dessin Darwin Forever<\/strong><\/p>\n\n\n\n<p><strong>sur le th\u00e8me \u00ab&nbsp;Imagine Un Monde&nbsp;\u00bb<\/strong><\/p>\n\n\n\n<p class=\"has-text-align-center\"><strong>du 15 JUIN au 31 AOUT 2021 \u2013<\/strong> <strong>FIN DECALEE AU SAMEDI 4 SEPTEMBRE 2021<\/strong><\/p>\n\n\n\n<p><\/p>\n\n\n\n<p><strong>Article 1&nbsp;: Organisation<\/strong><\/p>\n\n\n\n<h5 class=\"wp-block-heading\">En d\u00e9couvrant l\u2019album de David Hallyday, Mathilde (12 ans) a beaucoup aim\u00e9 la chanson \u00ab&nbsp;Imagine un Monde&nbsp;\u00bb et l\u2019a beaucoup inspir\u00e9. Elle s\u2019est projet\u00e9e \u00e0 imaginer un monde meilleur pour les animaux avec plus de respects pour eux et elle en a fait un dessin. Pour Nicolas, cela lui a donn\u00e9 envie de faire une nouvelle signature avec des arbres. Mathilde a eu cette id\u00e9e d\u2019en faire un concours et de proposer \u00e0 David Hallyday d\u2019\u00eatre le pr\u00e9sident.<\/h5>\n\n\n\n<h4 class=\"wp-block-heading\">TOUS ENSEMBLE,&nbsp;<strong>IMAGINONS UN MEILLEUR MONDE POUR DEMAIN<\/strong><\/h4>\n\n\n\n<h5 class=\"wp-block-heading\">et participez \u00e0 ce concours de dessin cr\u00e9atif et positif<strong> pour aider la plan\u00e8te, les humains et les animaux<\/strong><\/h5>\n\n\n\n<p>La participation \u00e0 ce concours de dessin est gratuite et ouvert \u00e0 tous les enfants et les adultes domicili\u00e9s en France et \u00e0 Monaco.<\/p>\n\n\n\n<p><strong>Article 2&nbsp;: Dates<\/strong><\/p>\n\n\n\n<p> Le concours a lieu <strong>du 15 JUIN au 31 AOUT 2021<\/strong>.<\/p>\n\n\n\n<figure class=\"wp-block-pullquote\" style=\"border-color:#000000\"><blockquote><p>SUITE A UNE DEMANDE IMPORTANTE, NOUS DECALONS LA FIN DU CONCOURS AU SAMEDI 4 SEPTEMBRE 2021 \u00e0 22 HEURES.<\/p><\/blockquote><\/figure>\n\n\n\n<p> Les vainqueurs seront annonc\u00e9s <strong> le 10 novembre 2021<\/strong>. &nbsp; <\/p>\n\n\n\n<p><strong>Article 3&nbsp;: Conditions de participations<\/strong><\/p>\n\n\n\n<p>Le concours est ouvert \u00e0 tous les enfants (\u00e0 partir de 4 ans) et les adultes r\u00e9sidant en France et \u00e0 Monaco. <\/p>\n\n\n\n<p>La participation \u00e0 ce concours est gratuite. Chaque participation est individuelle et nominative.<\/p>\n\n\n\n<p>Tous les individus ne respectant pas les conditions d\u00e9crites plus haut ne pourront pas participer.<\/p>\n\n\n\n<p>Tous les organisateurs de cet \u00e9v\u00e9nement, membres du jury, ne peuvent pas participer \u00e0 ce concours.<\/p>\n\n\n\n<p><strong>Article 4&nbsp;: Sp\u00e9cificit\u00e9s du dessin<\/strong><\/p>\n\n\n\n<p>Chaque participant pr\u00e9sentera un dessin (possibilit\u00e9 jusqu&#8217;\u00e0 trois dessins). <\/p>\n\n\n\n<p>Le dessin doit \u00eatre unique et originale sur le th\u00e8me \u00ab&nbsp; Imagine un Monde&nbsp;\u00bb<\/p>\n\n\n\n<p>Toutes les techniques de dessin, les peintures et les cr\u00e9ations graphiques sont autoris\u00e9es.<\/p>\n\n\n\n<p>Sur la m\u00eame face que le dessin, vous pouvez ins\u00e9rer de mani\u00e8re visible une phrase, une inspiration, un message de sensibilisation, et dans l&#8217;id\u00e9al il serait bien de mettre le pr\u00e9nom, l\u2019initiale du nom et l\u2019\u00e2ge.<\/p>\n\n\n\n<p>Le participant au concours d\u00e9clare sur l\u2019honneur \u00eatre le seul auteur du travail pr\u00e9sent\u00e9. &nbsp;<\/p>\n\n\n\n<p>Le non-respect des consignes indiqu\u00e9s plus haut sera \u00e9liminatoire.<\/p>\n\n\n\n<p><strong>Article 5&nbsp;: Modalit\u00e9s de participation et transmission des dessins<\/strong><\/p>\n\n\n\n<p>A partir <strong>du 15 JUIN 2021, <\/strong>afin de participer au concours, il faudra&nbsp;remplir toutes les \u00e9tapes suivantes sur le site darwinforever.com <strong><u>avant la fin du concours le 4 septembre 2021<\/u><\/strong>&nbsp;:<\/p>\n\n\n\n<p><strong>POUR PARTICIPER :<\/strong><\/p>\n\n\n\n<ul class=\"wp-block-list\"><li><strong>Etape 1&nbsp;:<\/strong>&nbsp;Inscription et<a href=\"https:\/\/darwinforever.com\/index.php\/register\/\">&nbsp;cr\u00e9ation de son profil utilisateur<\/a><\/li><li><strong>Etape 2&nbsp;:<\/strong>&nbsp;Allez sur la page&nbsp;<a href=\"https:\/\/darwinforever.com\/index.php\/televerser-vos-dessins\/\">https:\/\/darwinforever.com\/index.php\/televerser-vos-dessins\/<\/a><br>C<strong>ochez la case : Oui, j\u2019accepte les conditions du concours de dessin et si vous \u00eates mineur(e) cochez la case : Oui, j\u2019accepte les conditions du concours de dessin avec l\u2019autorisation parentale (obligatoire)<\/strong><\/li><li><strong>Etape 3&nbsp;:<\/strong>&nbsp;<strong>S\u00e9lectionnez et t\u00e9l\u00e9versez vos dessins<\/strong><br>Cliquez sur \u00ab&nbsp;<em><strong>ajouter&nbsp;<\/strong><\/em>\u00bb et s\u00e9lectionnez le fichier de votre dessin ou utilisez la cam\u00e9ra du t\u00e9l\u00e9phone pour prendre en photo votre dessin, puis cliquez sur \u00ab mettre en ligne \u00bb<br>si vous avez une question, n\u2019h\u00e9sitez pas \u00e0 nous envoyer un mail&nbsp;<strong>c&#111;&#x6e;&#x63;o&#117;&#x72;&#x73;&#64;&#100;&#97;&#x72;&#x77;i&#110;&#x66;&#x6f;r&#101;&#x76;&#x65;r&#46;&#99;&#x6f;&#x6d;<\/strong><br><\/li><\/ul>\n\n\n\n<p>Si l\u2019un des \u00e9l\u00e9ments cit\u00e9 ci-dessus est manquant alors la participation de l\u2019enfant ou de l\u2019adulte ne sera pas accept\u00e9e. Tout formulaire sur lequel les informations seraient illisibles, incorrectes ou incompl\u00e8tes sera consid\u00e9r\u00e9 comme nul.<\/p>\n\n\n\n<p>Toute d\u00e9claration mensong\u00e8re d\u2019un participant entra\u00eenera son exclusion d\u00e9finitive du pr\u00e9sent concours sans que la responsabilit\u00e9 des organisateurs puisse \u00eatre engag\u00e9e.<\/p>\n\n\n\n<p><strong>Article 6&nbsp;: Classement des participations et remise des dotations<\/strong><\/p>\n\n\n\n<p>Les dessins seront \u00e9tudi\u00e9s et r\u00e9compens\u00e9s par cat\u00e9gorie enfant et adulte. Les dessins gagnants seront choisis pour leur qualit\u00e9 artistique et leur pertinence par rapport au th\u00e8me par le jury.<\/p>\n\n\n\n<p>L\u2019annonce des dessins r\u00e9compens\u00e9s aura lieu sur Facebook et sur Instagram sur la page Darwin Forever et le site darwinforever.com <strong> <strong> le 10 novembre 2021<\/strong><\/strong>.<\/p>\n\n\n\n<p>Les gagnants seront avertis par mail avec les \u00e9l\u00e9ments pour recevoir leur gain.<\/p>\n\n\n\n<p>Le jury est souverain, aucune r\u00e9clamation ne sera accept\u00e9e.<\/p>\n\n\n\n<p><strong>Article 7&nbsp;: Dotation au concours <\/strong><\/p>\n\n\n\n<p>Grand lot \u00e0 gagner&nbsp;: s\u00e9jour de 15 nuits en chambre familiale pour quatre personnes (deux adultes et deux enfants moins de 12 ans) avec petits d\u00e9jeuner \u00e0 l\u2019hotel Mai Khao Palm Beach Resort \u00e0 Phuket (http:\/\/www.maikhaopalmbeachresort.com ) <\/p>\n\n\n\n<p>lot&nbsp;: deux Entr\u00e9es gratuites au mus\u00e9e oc\u00e9anographique de Monaco<\/p>\n\n\n\n<p>Lot : peluche DISNEY  &#8220;La Belle et le Clochard&#8221; offert par Disneyland Paris <\/p>\n\n\n\n<p>Lot : Offre d&#8217;une semaine de stage avec les v\u00e9tos des loups \ud83d\udc3a<br>( <strong>conditions : \u00e0 partir de la 3eme et avec une convention de stage<\/strong> )<br>lieu : CLINIQUE VETERINAIRE Dr VERONIQUE LUDDENI<br>73 avenue charles de caqueray, SAINT MARTIN VESUBIE<\/p>\n\n\n\n<p>Lot : 10 livres de l&#8217;auteure Victoire Theismann &#8220;Si je change, le monde change : l&#8217;Effet papillon&#8221;<\/p>\n\n\n\n<p>Lot : Accessoires pour animaux domestiques : gamelles HEGOA  (marque d&#8217;accessoires en bois)<\/p>\n\n\n\n<p>Lot : un Cadeau-Dessin personnalis\u00e9 de la dessinatrice Pauline L\u00e9v\u00eaque Levy (@paulinelevequelevy)<\/p>\n\n\n\n<p><strong>ATTENTE CONFIRMATION D\u2019AUTRES LOTS POUR LES GAGNANTS<\/strong><\/p>\n\n\n\n<p>En cas de survenance d\u2019un \u00e9v\u00e9nement ind\u00e9pendant de sa volont\u00e9, notamment li\u00e9 \u00e0 ses fournisseurs \/ partenaires ou \u00e0 des circonstances impr\u00e9visibles (force majeure), l\u2019organisatrice de l\u2019\u00e9v\u00e8nement &amp; la pr\u00e9sidente de l\u2019association se r\u00e9serve le droit de substituer, \u00e0 tout moment, \u00e0 l\u2019une des dotations propos\u00e9es, une autre dotation.<\/p>\n\n\n\n<p><strong>Article 8&nbsp;: Composition du Jury <\/strong><\/p>\n\n\n\n<p>Les membres du jury sont tous impliqu\u00e9s dans la th\u00e9matique du concours et apportent leur soutien au mouvement des jeunes de l\u2019association Darwin Forever.<\/p>\n\n\n\n<p>Le jury : est compos\u00e9 : de personnalit\u00e9s publiques fran\u00e7aises<\/p>\n\n\n\n<ul class=\"wp-block-list\"><li><strong>David HALLYDAY, pr\u00e9sident du concours<\/strong><\/li><li><strong>Pierre RABHI,<\/strong><\/li><li><strong>Virginie FOUCAULT,<\/strong><\/li><li><strong>Pablo SERVIGNE,<\/strong><\/li><li><strong>Alexia BARRIER,<\/strong><\/li><li><strong>Juliette CHABOD,<\/strong><\/li><li><strong>V\u00e9ronique<\/strong><em> <\/em><strong>LUDDENI,<\/strong><\/li><li><strong>Natacha HARRY<\/strong><\/li><li><strong>Didier<\/strong> <strong>VAN CAUWELAERT<\/strong><\/li><li><strong>Anouchka DELON<\/strong><\/li><li><strong>Pauline LEVEQUE \u2013 LEVY<\/strong><\/li><li><strong>Frank LEBOEUF<\/strong> <\/li><li><strong>Mathilde &amp; Nicolas DARWIN FOREVER<\/strong><\/li><\/ul>\n\n\n\n<figure class=\"wp-block-embed is-type-wp-embed is-provider-darwin-forever wp-block-embed-darwin-forever\"><div class=\"wp-block-embed__wrapper\">\n<blockquote class=\"wp-embedded-content\" data-secret=\"IiVqMzsXq2\"><a href=\"https:\/\/darwinforever.com\/index.php\/jury-concours-dessin-imagine-un-monde-darwin-forever\/\">Jury du concours : Imagine un Monde<\/a><\/blockquote><iframe loading=\"lazy\" class=\"wp-embedded-content\" sandbox=\"allow-scripts\" security=\"restricted\" style=\"position: absolute; clip: rect(1px, 1px, 1px, 1px);\" title=\"\u00ab\u00a0Jury du concours : Imagine un Monde\u00a0\u00bb &#8212; Darwin Forever\" src=\"https:\/\/darwinforever.com\/index.php\/jury-concours-dessin-imagine-un-monde-darwin-forever\/embed\/#?secret=IiVqMzsXq2\" data-secret=\"IiVqMzsXq2\" width=\"600\" height=\"338\" frameborder=\"0\" marginwidth=\"0\" marginheight=\"0\" scrolling=\"no\"><\/iframe>\n<\/div><figcaption><strong>Pour voir leur bio et la raison pour laquelle ils ont accept\u00e9 d&#8217;\u00eatre dans le jury <\/strong><\/figcaption><\/figure>\n\n\n\n<p><strong>Article 9 : Propri\u00e9t\u00e9 intellectuelle<\/strong><\/p>\n\n\n\n<p>Le repr\u00e9sentant l\u00e9gal de l\u2019enfant, et toute personne adulte participant au concours autorisent la pr\u00e9sidente de l\u2019association Darwin Forever et organisatrice du concours \u00e0 publier l\u2019\u0153uvre re\u00e7ue, avec le pr\u00e9nom, l\u2019initiale du nom et l\u2019\u00e2ge du participant adulte et l\u2019\u00e2ge de l\u2019enfant pour toutes formes de communication et sur tout support (site internet, r\u00e9seaux sociaux, livres, presse, galeries, stands\u2026..).<\/p>\n\n\n\n<p><strong>Article 10&nbsp;: Modifications \u00e9ventuelles<\/strong><\/p>\n\n\n\n<p>Les organisateurs du concours se r\u00e9servent le droit de modifier le pr\u00e9sent r\u00e8glement, et \/ou d\u2019annuler, de reporter, d\u2019\u00e9courter le concours si les circonstances l\u2019exigent.<\/p>\n\n\n\n<p><strong>Article 11&nbsp;: Informatique et libert\u00e9s<\/strong><\/p>\n\n\n\n<p>En application de la loi Informatique et Libert\u00e9s du 6 Janvier 1978, modifi\u00e9e par la loi du 6 ao\u00fbt 2004 et du r\u00e8glement europ\u00e9en sur la protection des donn\u00e9es du 27 avril 2016, les participants disposent d\u2019un droit d\u2019acc\u00e8s, de modification, de rectification et de suppression des donn\u00e9es les concernant.<\/p>\n\n\n\n<p>Afin d\u2019exercer ce droit, il faut envoyer un mail \u00e0 l\u2019adresse mail &#x63;&#x6f;&#x6e;&#x63;&#x6f;&#x75;&#x72;&#x73;&#x40;&#x64;&#x61;&#x72;&#x77;&#x69;&#110;&#102;&#111;&#114;&#101;&#118;&#101;&#114;&#46;&#99;&#111;m<\/p>\n\n\n\n<p>Conform\u00e9ment \u00e0 la r\u00e9glementation en vigueur, les informations r\u00e9colt\u00e9es dans le cadre du concours sont destin\u00e9es uniquement \u00e0 l\u2019association Darwin Forever et organisatrice de ce concours. Cette derni\u00e8re s\u2019interdit express\u00e9ment de communiquer ces donn\u00e9es \u00e0 des tiers sans l\u2019autorisation express des participants et de leurs repr\u00e9sentants l\u00e9gaux.<\/p>\n\n\n\n<p><strong>Article 12&nbsp;: Remboursement des frais de participation<\/strong><\/p>\n\n\n\n<p>La participation au concours est gratuite ainsi aucune forme de remboursement des frais de participation ne sera accept\u00e9e vu que la participation au concours est gratuite.<\/p>\n\n\n\n<p><strong>Article 13&nbsp;: Autorisation parentale pour les participant(e)s mineur(e)s<\/strong><\/p>\n\n\n\n<p>Je soussign\u00e9(e) qu\u2019en tant que repr\u00e9sentant(e) l\u00e9gal(e) de l\u2019utilisateur mineur inscrit (l\u2019utilisatrice mineure inscrite) sur le site Darwin Forever.com, autorise ce dernier (cette derni\u00e8re) \u00e0 participer au concours de dessin Darwin Forever sur le th\u00e8me \u00ab&nbsp;Imagine Un Monde&nbsp;\u00bb&nbsp;<strong>ayant lieu du 15 Juin au 4 septembre 2021<\/strong>. Le pr\u00e9sent&nbsp;r\u00e8glement&nbsp;est disponible en libre acc\u00e8s sur le site&nbsp;darwinforever.com.<\/p>\n\n\n\n<p><strong>Article 14&nbsp;: R\u00e8glement et loi applicable<\/strong><\/p>\n\n\n\n<p>Ce pr\u00e9sent r\u00e8glement est disponible en libre acc\u00e8s sur le site darwinforever.com.<\/p>\n\n\n\n<p>La participation au concours implique l&#8217;acceptation pure et simple du pr\u00e9sent r\u00e8glement dans son int\u00e9gralit\u00e9 et de la d\u00e9cision de la pr\u00e9sidente de l\u2019association sur toute contestation qui pourrait survenir concernant l\u2019interpr\u00e9tation et l\u2019application du pr\u00e9sent r\u00e8glement.<\/p>\n\n\n\n<p>Le pr\u00e9sent jeu est soumis \u00e0 la loi fran\u00e7aise. Tous les litiges auxquels celui-ci pourrait donner lieu, concernant notamment sa validit\u00e9, son interpr\u00e9tation et, ou son ex\u00e9cution, seront soumis \u00e0 la comp\u00e9tence exclusive du Tribunal de grande Instance de Nice. L\u2019organisatrice de l\u2019\u00e9v\u00e9nement qui est la pr\u00e9sidente de l\u2019association Darwin Forever d\u00e9cline toute responsabilit\u00e9 pour tous les incidents et\/ou accidents qui pourraient survenir pendant la dur\u00e9e de jouissance de la dotation attribu\u00e9e et\/ou du fait de son utilisation et exclut toute garantie \u00e0 l\u2019\u00e9gard des gagnants.<\/p>\n","protected":false},"excerpt":{"rendered":"<p>R\u00e8glement du concours de dessin Darwin Forever sur le th\u00e8me \u00ab&nbsp;Imagine Un Monde&nbsp;\u00bb du 15 JUIN au 31 AOUT 2021 \u2013 FIN DECALEE AU SAMEDI 4 SEPTEMBRE 2021 Article 1&nbsp;:<\/p><\/div>\n<div class=\"blog-btn\"><a href=\"https:\/\/darwinforever.com\/index.php\/reglement-du-concours-imagine-un-monde-du-15-juin-au-31-aout-2021-concours-en-cours-de-preparation\/\" class=\"home-blog-btn\">Lire la suite<\/a><\/p>\n","protected":false},"author":5,"featured_media":0,"parent":0,"menu_order":0,"comment_status":"closed","ping_status":"closed","template":"","meta":{"_bbp_topic_count":0,"_bbp_reply_count":0,"_bbp_total_topic_count":0,"_bbp_total_reply_count":0,"_bbp_voice_count":0,"_bbp_anonymous_reply_count":0,"_bbp_topic_count_hidden":0,"_bbp_reply_count_hidden":0,"_bbp_forum_subforum_count":0,"jetpack_post_was_ever_published":false,"footnotes":""},"class_list":["post-2617","page","type-page","status-publish","hentry"],"yoast_head":"<!-- This site is optimized with the Yoast SEO plugin v27.3 - https:\/\/yoast.com\/product\/yoast-seo-wordpress\/ -->\n<title>R\u00e8glement du Concours &quot;Imagine un Monde&quot; - Darwin Forever<\/title>\n<meta name=\"robots\" content=\"index, follow, max-snippet:-1, max-image-preview:large, max-video-preview:-1\" \/>\n<link rel=\"canonical\" href=\"https:\/\/darwinforever.com\/index.php\/reglement-du-concours-imagine-un-monde-du-15-juin-au-31-aout-2021-concours-en-cours-de-preparation\/\" \/>\n<meta property=\"og:locale\" content=\"fr_FR\" \/>\n<meta property=\"og:type\" content=\"article\" \/>\n<meta property=\"og:title\" content=\"R\u00e8glement du Concours &quot;Imagine un Monde&quot; - Darwin Forever\" \/>\n<meta property=\"og:description\" content=\"R\u00e8glement du concours de dessin Darwin Forever sur le th\u00e8me \u00ab&nbsp;Imagine Un Monde&nbsp;\u00bb du 15 JUIN au 31 AOUT 2021 \u2013 FIN DECALEE AU SAMEDI 4 SEPTEMBRE 2021 Article 1&nbsp;:Lire la suite\" \/>\n<meta property=\"og:url\" content=\"https:\/\/darwinforever.com\/index.php\/reglement-du-concours-imagine-un-monde-du-15-juin-au-31-aout-2021-concours-en-cours-de-preparation\/\" \/>\n<meta property=\"og:site_name\" content=\"Darwin Forever\" \/>\n<meta property=\"article:publisher\" content=\"https:\/\/www.facebook.com\/darwinforever06\/\" \/>\n<meta property=\"article:modified_time\" content=\"2021-11-08T20:28:36+00:00\" \/>\n<meta name=\"twitter:card\" content=\"summary_large_image\" \/>\n<meta name=\"twitter:label1\" content=\"Dur\u00e9e de lecture estim\u00e9e\" \/>\n\t<meta name=\"twitter:data1\" content=\"7 minutes\" \/>\n<script type=\"application\/ld+json\" class=\"yoast-schema-graph\">{\"@context\":\"https:\\\/\\\/schema.org\",\"@graph\":[{\"@type\":\"WebPage\",\"@id\":\"https:\\\/\\\/darwinforever.com\\\/index.php\\\/reglement-du-concours-imagine-un-monde-du-15-juin-au-31-aout-2021-concours-en-cours-de-preparation\\\/\",\"url\":\"https:\\\/\\\/darwinforever.com\\\/index.php\\\/reglement-du-concours-imagine-un-monde-du-15-juin-au-31-aout-2021-concours-en-cours-de-preparation\\\/\",\"name\":\"R\u00e8glement du Concours \\\"Imagine un Monde\\\" - Darwin Forever\",\"isPartOf\":{\"@id\":\"https:\\\/\\\/darwinforever.com\\\/#website\"},\"datePublished\":\"2021-04-07T13:45:09+00:00\",\"dateModified\":\"2021-11-08T20:28:36+00:00\",\"breadcrumb\":{\"@id\":\"https:\\\/\\\/darwinforever.com\\\/index.php\\\/reglement-du-concours-imagine-un-monde-du-15-juin-au-31-aout-2021-concours-en-cours-de-preparation\\\/#breadcrumb\"},\"inLanguage\":\"fr-FR\",\"potentialAction\":[{\"@type\":\"ReadAction\",\"target\":[\"https:\\\/\\\/darwinforever.com\\\/index.php\\\/reglement-du-concours-imagine-un-monde-du-15-juin-au-31-aout-2021-concours-en-cours-de-preparation\\\/\"]}]},{\"@type\":\"BreadcrumbList\",\"@id\":\"https:\\\/\\\/darwinforever.com\\\/index.php\\\/reglement-du-concours-imagine-un-monde-du-15-juin-au-31-aout-2021-concours-en-cours-de-preparation\\\/#breadcrumb\",\"itemListElement\":[{\"@type\":\"ListItem\",\"position\":1,\"name\":\"Accueil\",\"item\":\"https:\\\/\\\/darwinforever.com\\\/\"},{\"@type\":\"ListItem\",\"position\":2,\"name\":\"R\u00e8glement du Concours &#8220;Imagine un Monde&#8221;\"}]},{\"@type\":\"WebSite\",\"@id\":\"https:\\\/\\\/darwinforever.com\\\/#website\",\"url\":\"https:\\\/\\\/darwinforever.com\\\/\",\"name\":\"Darwin Forever\",\"description\":\"Communaut\u00e9 de Jeunes Engag\u00e9s en faveur des Animaux et de leur Environnement\",\"publisher\":{\"@id\":\"https:\\\/\\\/darwinforever.com\\\/#organization\"},\"potentialAction\":[{\"@type\":\"SearchAction\",\"target\":{\"@type\":\"EntryPoint\",\"urlTemplate\":\"https:\\\/\\\/darwinforever.com\\\/?s={search_term_string}\"},\"query-input\":{\"@type\":\"PropertyValueSpecification\",\"valueRequired\":true,\"valueName\":\"search_term_string\"}}],\"inLanguage\":\"fr-FR\"},{\"@type\":\"Organization\",\"@id\":\"https:\\\/\\\/darwinforever.com\\\/#organization\",\"name\":\"Darwin Forever\",\"url\":\"https:\\\/\\\/darwinforever.com\\\/\",\"logo\":{\"@type\":\"ImageObject\",\"inLanguage\":\"fr-FR\",\"@id\":\"https:\\\/\\\/darwinforever.com\\\/#\\\/schema\\\/logo\\\/image\\\/\",\"url\":\"https:\\\/\\\/i0.wp.com\\\/darwinforever.com\\\/wp-content\\\/uploads\\\/2020\\\/11\\\/cropped-cropped-Logo-Darwin-Forever-scaled-1.jpg?fit=210%2C184&ssl=1\",\"contentUrl\":\"https:\\\/\\\/i0.wp.com\\\/darwinforever.com\\\/wp-content\\\/uploads\\\/2020\\\/11\\\/cropped-cropped-Logo-Darwin-Forever-scaled-1.jpg?fit=210%2C184&ssl=1\",\"width\":210,\"height\":184,\"caption\":\"Darwin Forever\"},\"image\":{\"@id\":\"https:\\\/\\\/darwinforever.com\\\/#\\\/schema\\\/logo\\\/image\\\/\"},\"sameAs\":[\"https:\\\/\\\/www.facebook.com\\\/darwinforever06\\\/\",\"https:\\\/\\\/www.youtube.com\\\/channel\\\/UC0zCalAVmu2K_Xj4BMlfciA\"]}]}<\/script>\n<!-- \/ Yoast SEO plugin. -->","yoast_head_json":{"title":"R\u00e8glement du Concours \"Imagine un Monde\" - Darwin Forever","robots":{"index":"index","follow":"follow","max-snippet":"max-snippet:-1","max-image-preview":"max-image-preview:large","max-video-preview":"max-video-preview:-1"},"canonical":"https:\/\/darwinforever.com\/index.php\/reglement-du-concours-imagine-un-monde-du-15-juin-au-31-aout-2021-concours-en-cours-de-preparation\/","og_locale":"fr_FR","og_type":"article","og_title":"R\u00e8glement du Concours \"Imagine un Monde\" - Darwin Forever","og_description":"R\u00e8glement du concours de dessin Darwin Forever sur le th\u00e8me \u00ab&nbsp;Imagine Un Monde&nbsp;\u00bb du 15 JUIN au 31 AOUT 2021 \u2013 FIN DECALEE AU SAMEDI 4 SEPTEMBRE 2021 Article 1&nbsp;:Lire la suite","og_url":"https:\/\/darwinforever.com\/index.php\/reglement-du-concours-imagine-un-monde-du-15-juin-au-31-aout-2021-concours-en-cours-de-preparation\/","og_site_name":"Darwin Forever","article_publisher":"https:\/\/www.facebook.com\/darwinforever06\/","article_modified_time":"2021-11-08T20:28:36+00:00","twitter_card":"summary_large_image","twitter_misc":{"Dur\u00e9e de lecture estim\u00e9e":"7 minutes"},"schema":{"@context":"https:\/\/schema.org","@graph":[{"@type":"WebPage","@id":"https:\/\/darwinforever.com\/index.php\/reglement-du-concours-imagine-un-monde-du-15-juin-au-31-aout-2021-concours-en-cours-de-preparation\/","url":"https:\/\/darwinforever.com\/index.php\/reglement-du-concours-imagine-un-monde-du-15-juin-au-31-aout-2021-concours-en-cours-de-preparation\/","name":"R\u00e8glement du Concours \"Imagine un Monde\" - Darwin Forever","isPartOf":{"@id":"https:\/\/darwinforever.com\/#website"},"datePublished":"2021-04-07T13:45:09+00:00","dateModified":"2021-11-08T20:28:36+00:00","breadcrumb":{"@id":"https:\/\/darwinforever.com\/index.php\/reglement-du-concours-imagine-un-monde-du-15-juin-au-31-aout-2021-concours-en-cours-de-preparation\/#breadcrumb"},"inLanguage":"fr-FR","potentialAction":[{"@type":"ReadAction","target":["https:\/\/darwinforever.com\/index.php\/reglement-du-concours-imagine-un-monde-du-15-juin-au-31-aout-2021-concours-en-cours-de-preparation\/"]}]},{"@type":"BreadcrumbList","@id":"https:\/\/darwinforever.com\/index.php\/reglement-du-concours-imagine-un-monde-du-15-juin-au-31-aout-2021-concours-en-cours-de-preparation\/#breadcrumb","itemListElement":[{"@type":"ListItem","position":1,"name":"Accueil","item":"https:\/\/darwinforever.com\/"},{"@type":"ListItem","position":2,"name":"R\u00e8glement du Concours &#8220;Imagine un Monde&#8221;"}]},{"@type":"WebSite","@id":"https:\/\/darwinforever.com\/#website","url":"https:\/\/darwinforever.com\/","name":"Darwin Forever","description":"Communaut\u00e9 de Jeunes Engag\u00e9s en faveur des Animaux et de leur Environnement","publisher":{"@id":"https:\/\/darwinforever.com\/#organization"},"potentialAction":[{"@type":"SearchAction","target":{"@type":"EntryPoint","urlTemplate":"https:\/\/darwinforever.com\/?s={search_term_string}"},"query-input":{"@type":"PropertyValueSpecification","valueRequired":true,"valueName":"search_term_string"}}],"inLanguage":"fr-FR"},{"@type":"Organization","@id":"https:\/\/darwinforever.com\/#organization","name":"Darwin Forever","url":"https:\/\/darwinforever.com\/","logo":{"@type":"ImageObject","inLanguage":"fr-FR","@id":"https:\/\/darwinforever.com\/#\/schema\/logo\/image\/","url":"https:\/\/i0.wp.com\/darwinforever.com\/wp-content\/uploads\/2020\/11\/cropped-cropped-Logo-Darwin-Forever-scaled-1.jpg?fit=210%2C184&ssl=1","contentUrl":"https:\/\/i0.wp.com\/darwinforever.com\/wp-content\/uploads\/2020\/11\/cropped-cropped-Logo-Darwin-Forever-scaled-1.jpg?fit=210%2C184&ssl=1","width":210,"height":184,"caption":"Darwin Forever"},"image":{"@id":"https:\/\/darwinforever.com\/#\/schema\/logo\/image\/"},"sameAs":["https:\/\/www.facebook.com\/darwinforever06\/","https:\/\/www.youtube.com\/channel\/UC0zCalAVmu2K_Xj4BMlfciA"]}]}},"jetpack_sharing_enabled":true,"jetpack_likes_enabled":true,"_links":{"self":[{"href":"https:\/\/darwinforever.com\/index.php\/wp-json\/wp\/v2\/pages\/2617","targetHints":{"allow":["GET"]}}],"collection":[{"href":"https:\/\/darwinforever.com\/index.php\/wp-json\/wp\/v2\/pages"}],"about":[{"href":"https:\/\/darwinforever.com\/index.php\/wp-json\/wp\/v2\/types\/page"}],"author":[{"embeddable":true,"href":"https:\/\/darwinforever.com\/index.php\/wp-json\/wp\/v2\/users\/5"}],"replies":[{"embeddable":true,"href":"https:\/\/darwinforever.com\/index.php\/wp-json\/wp\/v2\/comments?post=2617"}],"version-history":[{"count":4,"href":"https:\/\/darwinforever.com\/index.php\/wp-json\/wp\/v2\/pages\/2617\/revisions"}],"predecessor-version":[{"id":3356,"href":"https:\/\/darwinforever.com\/index.php\/wp-json\/wp\/v2\/pages\/2617\/revisions\/3356"}],"wp:attachment":[{"href":"https:\/\/darwinforever.com\/index.php\/wp-json\/wp\/v2\/media?parent=2617"}],"curies":[{"name":"wp","href":"https:\/\/api.w.org\/{rel}","templated":true}]}}