{"id":261,"date":"2020-03-22T23:46:42","date_gmt":"2020-03-22T22:46:42","guid":{"rendered":"http:\/\/darwinforever.com\/?page_id=261"},"modified":"2021-06-15T11:43:16","modified_gmt":"2021-06-15T09:43:16","slug":"reglement-du-concours-de-dessin-darwin-forever-sur-le-theme-adoption-et-abandon-des-animaux","status":"publish","type":"page","link":"https:\/\/darwinforever.com\/index.php\/reglement-du-concours-de-dessin-darwin-forever-sur-le-theme-adoption-et-abandon-des-animaux\/","title":{"rendered":"R\u00e8glement du concours de dessin"},"content":{"rendered":"\n<p style=\"font-size:30px\"><strong>R\u00e8glement du concours de dessin Darwin Forever  sur le th\u00e8me Abandon &amp; Adoption des animaux, nos amis pour la vie !<\/strong><\/p>\n\n\n\n<p><strong>Article\n1&nbsp;: Organisation <\/strong><\/p>\n\n\n\n<p>A\nl\u2019occasion du confinement impos\u00e9 par le Coronavirus, Mathilde (11 ans) et\nNicolas (8 ans) ont demand\u00e9 \u00e0 leurs parents d\u2019organiser un concours de dessin\nafin de sensibiliser les plus jeunes \u00e0 la cause animale.<\/p>\n\n\n\n<p>La participation \u00e0 ce concours de dessin est gratuite et ouvert \u00e0 tous les enfants \u00e2g\u00e9s de 6 \u00e0 16 ans domicili\u00e9s dans le Var (83), les Alpes Maritimes (06), Monaco, et les Alpes de Haute Provence (04). <br>A ce jour, pour les autres d\u00e9partements, vous pouvez vous inscrire et t\u00e9l\u00e9verser vos dessins qui seront pris en compte pour les prochains concours.<\/p>\n\n\n\n<p><strong>Article\n2&nbsp;: Dates<\/strong><\/p>\n\n\n\n<p>Le concours a lieu du 1 au 30 avril  2020. Les vainqueurs seront annonc\u00e9s mi juin. <\/p>\n\n\n\n<p><strong>Article\n3&nbsp;: Conditions de participations <\/strong><\/p>\n\n\n\n<p>Le\nconcours est ouvert \u00e0 tous les enfants \u00e2g\u00e9s de 6 \u00e0 16 ans et r\u00e9sidant dans le\nVar (83), les Alpes Maritimes (06), Monaco, et les Alpes de Haute Provence (04).<\/p>\n\n\n\n<p>La participation \u00e0 ce concours est gratuite. Chaque participation est individuelle et nominative. <\/p>\n\n\n\n<p>Le concours se d\u00e9compose en deux cat\u00e9gories&nbsp;: <\/p>\n\n\n\n<p>Cat\u00e9gorie 1&nbsp;: enfants de 6 \u00e0 10 ans<\/p>\n\n\n\n<p>Cat\u00e9gorie 2&nbsp;: enfants de 11 \u00e0 16 ans<\/p>\n\n\n\n<p>Tous les\nindividus ne respectant pas les conditions d\u00e9crites plus haut ne pourront pas\nparticiper. <\/p>\n\n\n\n<p>Tous les\norganisateurs de cet \u00e9v\u00e9nement, membres du jury, ne peuvent pas participer \u00e0 ce\nconcours.<\/p>\n\n\n\n<p><strong>Article\n4&nbsp;: Sp\u00e9cificit\u00e9s du dessin <\/strong><\/p>\n\n\n\n<p>Chaque participant pr\u00e9sentera entre un et trois dessins originaux au maximum sur le th\u00e8me de l\u2019Abandon &amp;  l\u2019Adoption des Animaux. <\/p>\n\n\n\n<p>Sur la m\u00eame face que le dessin, il doit \u00eatre \u00e9crit de mani\u00e8re visible, le pr\u00e9nom, l\u2019initiale du nom et l\u2019\u00e2ge de l\u2019enfant. <\/p>\n\n\n\n<p> La photo ou le scan du dessin sera envoy\u00e9 au format jpeg, jpg, png, tif, eps via le site darwinforever.com dans la rubrique &#8220;T\u00e9l\u00e9versez votre dessin&#8221; .<\/p>\n\n\n\n<p>Le\nparticipant au concours d\u00e9clare sur l\u2019honneur \u00eatre le seul auteur du travail\npr\u00e9sent\u00e9. &nbsp;<\/p>\n\n\n\n<p>Le\nnon-respect des consignes indiqu\u00e9s plus haut sera \u00e9liminatoire. <\/p>\n\n\n\n<p><strong>Article\n5&nbsp;: Modalit\u00e9s de participation et transmission des dessins <\/strong><\/p>\n\n\n\n<p>Afin de\nparticiper au concours, il faut&nbsp;remplir toutes les \u00e9tapes suivantes sur le\nsite darwinforever.com avant le 30 avril 202O&nbsp;:<\/p>\n\n\n\n<p><strong>Etape 1&nbsp;:<\/strong> Inscription et <a href=\"https:\/\/darwinforever.com\/index.php\/account\/\" target=\"_blank\" rel=\"noreferrer noopener\" aria-label=\"cr\u00e9ation de son profil utilisateur (s\u2019ouvre dans un nouvel onglet)\">cr\u00e9ation de son profil utilisateur<\/a><\/p>\n\n\n\n<p><strong>Etape 2&nbsp;:<\/strong> Sur la page <a href=\"https:\/\/darwinforever.com\/index.php\/televerser-vos-dessins\/\">https:\/\/darwinforever.com\/index.php\/televerser-vos-dessins\/<\/a>    <br>Cochez la case : Oui, j&#8217;accepte les conditions du concours de dessin avec l&#8217;autorisation parentale (obligatoire)<\/p>\n\n\n\n<p><strong>Etape 3&nbsp;:<\/strong> <strong>S\u00e9lectionner et t\u00e9l\u00e9verser vos dessins<\/strong> <br>Cliquez sur \u00ab <strong><em>ajouter <\/em><\/strong>\u00bb et s\u00e9lectionnez le fichier de votre(vos) dessin(s) ou utilisez la cam\u00e9ra du t\u00e9l\u00e9phone pour prendre en photo votre(vos) dessin(s), puis cliquez sur \u00ab mettre en ligne \u00bb<\/p>\n\n\n\n<p>Si l\u2019un des \u00e9l\u00e9ments cit\u00e9 ci-dessus est manquant alors la participation de l\u2019enfant ne sera pas accept\u00e9e. <br>Toute d\u00e9claration mensong\u00e8re d\u2019un participant entra\u00eenera son exclusion d\u00e9finitive du pr\u00e9sent concours sans que la responsabilit\u00e9 des organisateurs puissent \u00eatre engag\u00e9e. <\/p>\n\n\n\n<p><strong>Article 6&nbsp;: Classement des participations et remise des dotations <\/strong><\/p>\n\n\n\n<p>Les dessins seront \u00e9tudi\u00e9s et r\u00e9compens\u00e9s par cat\u00e9gorie. Les dessins gagnants seront choisis pour leur qualit\u00e9 artistique et leur pertinence par rapport au th\u00e8me par le jury. <\/p>\n\n\n\n<p>L\u2019annonce des dessins r\u00e9compens\u00e9s aura lieu sur Facebook sur la page Darwin Forever et le site darwinforever.com courant juin.<\/p>\n\n\n\n<p>Les noms des gagnants seront directement communiqu\u00e9s aux parcs concern\u00e9s. Il faudra directement les joindre pour organiser le Rendez-vous.<\/p>\n\n\n\n<p><strong>Votre place sera \u00e0 retirer sur rendez-vous \u00e0 l\u2019accueil du parc concern\u00e9 sous pr\u00e9sentation d\u2019une pi\u00e8ce d\u2019identit\u00e9.<\/strong><\/p>\n\n\n\n<p>NB :&nbsp;Pour les parcs : Villages des fous, Pitchoun Forest, Canyoun Forest, Bois des Lutins il faut joindre Olivia au 04 92 02 88 88.<\/p>\n\n\n\n<p>NB :&nbsp;Pour les parcs : Fun city et Laser Maxx il faut joindre Laurence au 04.93.47.37.17 &nbsp; &nbsp; &nbsp; &nbsp;&nbsp;&nbsp; &nbsp; &nbsp; &nbsp; &nbsp; &nbsp; &nbsp; &nbsp; &nbsp; &nbsp; &nbsp; &nbsp; &nbsp; &nbsp; &nbsp; &nbsp; &nbsp; &nbsp; &nbsp;&nbsp;<\/p>\n\n\n\n<p>Le jury\nest souverain, aucune r\u00e9clamation ne sera accept\u00e9e. <\/p>\n\n\n\n<p>En cas de survenance d\u2019un \u00e9v\u00e9nement ind\u00e9pendant de sa volont\u00e9, notamment li\u00e9 \u00e0 ses fournisseurs \/ partenaires ou \u00e0 des circonstances impr\u00e9visibles (force majeure), l\u2019organisatrice de l&#8217;Ev\u00e8nement se r\u00e9serve le droit de substituer, \u00e0 tout moment, \u00e0 l\u2019une des dotations propos\u00e9es, une dotation d\u2019une valeur \u00e9quivalente ou de caract\u00e9ristiques proches.<\/p>\n\n\n\n<p> <strong>Article 7&nbsp;: Les dotations<\/strong> <\/p>\n\n\n\n<p><strong>Pour la cat\u00e9gorie des enfants de 6 \u00e0 10 ans&nbsp;:<\/strong><\/p>\n\n\n\n<p>Entr\u00e9es gratuites au <strong>Pitchoun Forest<\/strong> \u00e0 Villeneuve-Loubet<em>&nbsp;<\/em>valables jusqu\u2019au 10 novembre 2020 inclus <\/p>\n\n\n\n<p>Entr\u00e9es gratuites au <strong>Village des Fous<\/strong> \u00e0 Villeneuve-Loubet<em>&nbsp;<\/em>valables jusqu\u2019au 10 novembre 2020 inclus <\/p>\n\n\n\n<p>Entr\u00e9es gratuites <strong>Aquasplash &amp; Adventure Golf<\/strong> \u00e0 Antibes  valables en 2020 selon calendriers d&#8217;ouverture des parcs consultable sur\u00a0leur site web\u00a0et soumis \u00e0 modification<\/p>\n\n\n\n<p>Cartons d\u2019invitation pour une chasse aux tr\u00e9sors en for\u00eat \u00e0 la <strong>Grotte de Baume Obscure<\/strong> \u00e0 Saint-Vallier-de-Thiey valables jusqu\u2019au 22 novembre 2020<\/p>\n\n\n\n<p>Entr\u00e9es gratuites \u00e0 <strong>Fun City<\/strong> \u00e0 Cannes valables jusqu\u2019au 31 d\u00e9cembre 2020. <\/p>\n\n\n\n<p>Cours gratuits de <strong>yoga\navec Mme Bouru <\/strong>\u00e0 Peymeinade, d\u2019une dur\u00e9e d\u2019une heure, afin de partager un\nmoment de d\u00e9couverte et d\u2019apaisement en famille <\/p>\n\n\n\n<p>Atelier enfants offert pendant l\u2019\u00e9t\u00e9 <strong>au Pays d\u2019Audrey<\/strong> <strong>au mas de l\u2019Olivine <\/strong>\u00e0 Peymeinade valable jusqu\u2019au 31 ao\u00fbt 2020<\/p>\n\n\n\n<p><strong>Pour la cat\u00e9gorie des enfants de 11 \u00e0 16 ans&nbsp;:<\/strong><\/p>\n\n\n\n<p>Entr\u00e9es gratuites au <strong>Canyon Forest <\/strong>\u00e0 Villeneuve-Loubet valables jusqu\u2019au 10 novembre 2020 inclus<\/p>\n\n\n\n<p>Entr\u00e9es gratuites au <strong>Bois des Lutins <\/strong>\u00e0 Villeneuve-Loubet valables jusqu\u2019au 10 novembre 2020 inclus <\/p>\n\n\n\n<p>Cartons d\u2019invitation comprenant une visite de la grotte et une chasse aux tr\u00e9sors en for\u00eat \u00e0 la <strong>Grotte de Baume Obscure<\/strong> \u00e0 Saint-Vallier-de-Thiey valables jusqu\u2019au 22 novembre 2020  2020<\/p>\n\n\n\n<p>Entr\u00e9es gratuites \u00e0 <strong>Aquasplash <\/strong>\u00e0 Antibes valables en 2020 selon calendriers d&#8217;ouverture des parcs consultable sur\u00a0leur site web\u00a0et soumis \u00e0 modification<\/p>\n\n\n\n<p>Entr\u00e9es gratuites <strong>Laser Maxx <\/strong>\u00e0 Cannes valables jusqu\u2019au 31 d\u00e9cembre 2020<\/p>\n\n\n\n<p>Places en safari guid\u00e9 \u00e0 pieds ou en cal\u00e8che \u00e0 <strong>la r\u00e9serve biologique des monts d&#8217;azur<\/strong> \u00e0 Andon valables jusqu\u2019au 31 d\u00e9cembre 2020<\/p>\n\n\n\n<p>Lot gratuit pour une famille ( pour 6 ou 8 personnes selon la mission) \u00e0 <strong>Enigm&#8217;art, Escape Game  <\/strong>\u00e0 Mougins valable jusqu\u2019au 31 d\u00e9cembre 2020  <\/p>\n\n\n\n<p>En cas de survenance d\u2019un \u00e9v\u00e9nement ind\u00e9pendant de sa\nvolont\u00e9, notamment li\u00e9 \u00e0 ses fournisseurs \/ partenaires ou \u00e0 des\ncirconstances impr\u00e9visibles (force majeure), l\u2019organisatrice de l\u2019\u00e9v\u00e8nement se\nr\u00e9serve le droit de substituer, \u00e0 tout moment, \u00e0 l\u2019une des dotations\npropos\u00e9es, une dotation d\u2019une valeur \u00e9quivalente ou de caract\u00e9ristiques\nproches.<\/p>\n\n\n\n<p><strong>Article\n8&nbsp;: Composition du Jury<\/strong><\/p>\n\n\n\n<p>Les membres du jury sont tous impliqu\u00e9s dans la cause animale et apportent leur soutien au mouvement Darwin Forever.<\/p>\n\n\n\n<p><strong>les Petits Lutins de Darwin Forever&nbsp;: <\/strong>Mathilde (11 ans) et Nicolas (8 ans) membres fondateurs du mouvement de coeur Darwin Forever en faveur des Animaux<\/p>\n\n\n\n<p><strong>Didier\nVan Cauwelaert&nbsp;<\/strong>est\nun \u00e9crivain fran\u00e7ais, laur\u00e9at du prix Goncourt et r\u00e9alisateur du film\n\u00ab&nbsp;J\u2019ai perdu Albert&nbsp;\u00bb<\/p>\n\n\n\n<p><strong>Fr\u00e9deric\nDeligne&nbsp;<\/strong>est\nun dessinateur et caricaturiste de la presse fran\u00e7aise, travaillant notamment\npour la Croix et Nice Matin<\/p>\n\n\n\n<p><strong>Ada Loumani&nbsp;<\/strong>est un artiste Ma\u00eetre Verrier bas\u00e9 \u00e0 Valbonne alliant \u00ab&nbsp;la peinture et la sculpture dans un univers mouvant&nbsp;: le verre&nbsp;\u00bb<\/p>\n\n\n\n<p><strong>Jean Marc Pelon<\/strong>,  Dr v\u00e9t\u00e9rinaire \u00e0 Nice<strong>: <\/strong>partenaire et point de collecte des petits lutins de Darwin Forever<\/p>\n\n\n\n<p><strong>Catherine Conti<\/strong>, Directrice du Refuge DUFLOS \u00e0 Antibes, Refuge pour les Animaux Abandonn\u00e9s.<\/p>\n\n\n\n<p><strong>Cl\u00e9mence Berthonaud&nbsp;<\/strong>est une \u00e9tudiante en \u00e9cole d\u2019ing\u00e9nieur \u00e0 Grenoble, sp\u00e9cialis\u00e9e dans le traitement du signal, aide les petits Lutins dans l&#8217;organisation du concours.<\/p>\n\n\n\n<p>Le d\u00e9tail du jury est consultable sur la page : <a rel=\"noreferrer noopener\" aria-label=\"jury-du-concours (s\u2019ouvre dans un nouvel onglet)\" href=\"https:\/\/darwinforever.com\/index.php\/jury-du-concours\/\" target=\"_blank\">jury-du-concours<\/a> <\/p>\n\n\n\n<p><strong>Article\n9 : Propri\u00e9t\u00e9 intellectuelle<\/strong><\/p>\n\n\n\n<p><strong>Le repr\u00e9sentant l\u00e9gal de l\u2019enfant <\/strong>autorise l&#8217;organisatrice \u00e0 publier l\u2019\u0153uvre re\u00e7ue, avec le pr\u00e9nom, l\u2019initiale du nom et l\u2019\u00e2ge de l\u2019enfant pour toutes formes de communication et sur tout support (site internet, facebook\u2026..).<\/p>\n\n\n\n<p><strong>Article\n10&nbsp;: Modifications \u00e9ventuelles<\/strong><\/p>\n\n\n\n<p>Les\norganisateurs du concours se r\u00e9servent le droit de modifier le pr\u00e9sent\nr\u00e8glement, et \/ou d\u2019annuler, de reporter, d\u2019\u00e9courter le concours si les\ncirconstances l\u2019exigent. <\/p>\n\n\n\n<p><strong>Article\n11&nbsp;: Informatique et libert\u00e9s<\/strong><\/p>\n\n\n\n<p>En\napplication de la loi Informatique et Libert\u00e9s du 6 Janvier 1978, modifi\u00e9e par\nla loi du 6 ao\u00fbt 2004 et du r\u00e8glement europ\u00e9en sur la protection des donn\u00e9es du\n27 avril 2016, les participants disposent d\u2019un droit d\u2019acc\u00e8s, de modification,\nde rectification et de suppression des donn\u00e9es les concernant.<\/p>\n\n\n\n<p>Afin\nd\u2019exercer ce droit, il faut envoyer un mail \u00e0 l\u2019adresse mail\ncon&#99;&#111;&#117;&#x72;&#x73;&#x40;&#x64;&#x61;&#x72;win&#102;&#111;&#114;&#101;&#x76;&#x65;&#x72;&#x2e;&#x63;&#x6f;m<\/p>\n\n\n\n<p>Conform\u00e9ment \u00e0 la r\u00e9glementation en vigueur, les informations r\u00e9colt\u00e9es dans le cadre du concours sont destin\u00e9es uniquement au concours Darwin Forever. L&#8217;organisatrice s\u2019interdit express\u00e9ment de communiquer ces donn\u00e9es \u00e0 des tiers. <\/p>\n\n\n\n<p><strong>Article\n12&nbsp;: Remboursement des frais de participation <\/strong><\/p>\n\n\n\n<p>Les participants au concours ne pourront demander une quelconque forme de remboursement des frais de participation <strong>vu que la participation au concours est gratuite<\/strong>, <strong>et l&#8217;envoi des dessins ne se fait que par voie \u00e9lectronique.<\/strong> (aucun courrier postale ne sera accept\u00e9)<\/p>\n\n\n\n<p><strong>Article 13&nbsp;: Autorisation parentale<\/strong><\/p>\n\n\n\n<p>Je soussign\u00e9(e) qu&#8217;en tant que repr\u00e9sentant(e) l\u00e9gal(e) de l&#8217;utilisateur mineur inscrit (l&#8217;utilisatrice mineure inscrite) sur le site Darwin Forever.com, autorise ce dernier (cette derni\u00e8re) \u00e0 participer au concours de dessin Darwin Forever sur le th\u00e8me de <strong>l\u2019Abandon<\/strong> &amp; <strong>l\u2019Adoption des Animaux<\/strong> ayant lieu en avril 2020. Le pr\u00e9sent <a rel=\"noreferrer noopener\" aria-label=\"r\u00e8glement  (s\u2019ouvre dans un nouvel onglet)\" href=\"https:\/\/darwinforever.com\/index.php\/reglement-du-concours-de-dessin-darwin-forever-sur-le-theme-adoption-et-abandon-des-animaux\/\" target=\"_blank\">r\u00e8glement <\/a>est disponible en libre acc\u00e8s sur le site <strong>darwinforever.com<\/strong>. <\/p>\n\n\n\n<p><strong>Article 14 : R\u00e8glement et loi applicable<\/strong><\/p>\n\n\n\n<p>Ce pr\u00e9sent <a href=\"https:\/\/darwinforever.com\/index.php\/reglement-du-concours-de-dessin-darwin-forever-sur-le-theme-adoption-et-abandon-des-animaux\/\" target=\"_blank\" rel=\"noreferrer noopener\" aria-label=\"r\u00e8glement est disponible (s\u2019ouvre dans un nouvel onglet)\">r\u00e8glement est disponible<\/a> en libre acc\u00e8s sur le site darwinforever.com. <\/p>\n\n\n\n<p>La participation au concours implique l&#8217;acceptation pure et simple du pr\u00e9sent r\u00e8glement dans son int\u00e9gralit\u00e9 et de la d\u00e9cision de l&#8217;organisatrice sur toute contestation qui pourrait survenir concernant l\u2019interpr\u00e9tation et l\u2019application du pr\u00e9sent r\u00e8glement.<\/p>\n\n\n\n<p>Le pr\u00e9sent\njeu est soumis \u00e0 la loi fran\u00e7aise. Tous les litiges auxquels celui-ci pourrait\ndonner lieu, concernant notamment sa validit\u00e9, son interpr\u00e9tation et, ou son\nex\u00e9cution, seront soumis \u00e0 la comp\u00e9tence exclusive du Tribunal de grande\nInstance de Nice. L\u2019organisatrice de l\u2019\u00e9v\u00e9nement, Mme Virginie Godin, d\u00e9cline\ntoute responsabilit\u00e9 pour tous les incidents et\/ou accidents qui pourraient\nsurvenir pendant la dur\u00e9e de jouissance de la dotation attribu\u00e9e et\/ou du fait\nde son utilisation et exclut toute garantie \u00e0 l\u2019\u00e9gard des gagnants. <\/p>\n\n\n\n<p><a href=\"https:\/\/darwinforever.com\/index.php\/account\/\">Formulaire d&#8217;inscription au concours Darwin Forever<\/a><\/p>\n","protected":false},"excerpt":{"rendered":"<p>R\u00e8glement du concours de dessin Darwin Forever sur le th\u00e8me Abandon &amp; Adoption des animaux, nos amis pour la vie ! Article 1&nbsp;: Organisation A l\u2019occasion du confinement impos\u00e9 par<\/p><\/div>\n<div class=\"blog-btn\"><a href=\"https:\/\/darwinforever.com\/index.php\/reglement-du-concours-de-dessin-darwin-forever-sur-le-theme-adoption-et-abandon-des-animaux\/\" class=\"home-blog-btn\">Lire la suite<\/a><\/p>\n","protected":false},"author":1,"featured_media":0,"parent":0,"menu_order":0,"comment_status":"closed","ping_status":"closed","template":"","meta":{"_bbp_topic_count":0,"_bbp_reply_count":0,"_bbp_total_topic_count":0,"_bbp_total_reply_count":0,"_bbp_voice_count":0,"_bbp_anonymous_reply_count":0,"_bbp_topic_count_hidden":0,"_bbp_reply_count_hidden":0,"_bbp_forum_subforum_count":0,"jetpack_post_was_ever_published":false,"footnotes":""},"class_list":["post-261","page","type-page","status-publish","hentry"],"yoast_head":"<!-- This site is optimized with the Yoast SEO plugin v27.3 - https:\/\/yoast.com\/product\/yoast-seo-wordpress\/ -->\n<title>R\u00e8glement du concours de dessin - Darwin Forever<\/title>\n<meta name=\"robots\" content=\"index, follow, max-snippet:-1, max-image-preview:large, max-video-preview:-1\" \/>\n<link rel=\"canonical\" href=\"https:\/\/darwinforever.com\/index.php\/reglement-du-concours-de-dessin-darwin-forever-sur-le-theme-adoption-et-abandon-des-animaux\/\" \/>\n<meta property=\"og:locale\" content=\"fr_FR\" \/>\n<meta property=\"og:type\" content=\"article\" \/>\n<meta property=\"og:title\" content=\"R\u00e8glement du concours de dessin - Darwin Forever\" \/>\n<meta property=\"og:description\" content=\"R\u00e8glement du concours de dessin Darwin Forever sur le th\u00e8me Abandon &amp; Adoption des animaux, nos amis pour la vie ! Article 1&nbsp;: Organisation A l\u2019occasion du confinement impos\u00e9 parLire la suite\" \/>\n<meta property=\"og:url\" content=\"https:\/\/darwinforever.com\/index.php\/reglement-du-concours-de-dessin-darwin-forever-sur-le-theme-adoption-et-abandon-des-animaux\/\" \/>\n<meta property=\"og:site_name\" content=\"Darwin Forever\" \/>\n<meta property=\"article:publisher\" content=\"https:\/\/www.facebook.com\/darwinforever06\/\" \/>\n<meta property=\"article:modified_time\" content=\"2021-06-15T09:43:16+00:00\" \/>\n<meta name=\"twitter:card\" content=\"summary_large_image\" \/>\n<meta name=\"twitter:label1\" content=\"Dur\u00e9e de lecture estim\u00e9e\" \/>\n\t<meta name=\"twitter:data1\" content=\"8 minutes\" \/>\n<script type=\"application\/ld+json\" class=\"yoast-schema-graph\">{\"@context\":\"https:\\\/\\\/schema.org\",\"@graph\":[{\"@type\":\"WebPage\",\"@id\":\"https:\\\/\\\/darwinforever.com\\\/index.php\\\/reglement-du-concours-de-dessin-darwin-forever-sur-le-theme-adoption-et-abandon-des-animaux\\\/\",\"url\":\"https:\\\/\\\/darwinforever.com\\\/index.php\\\/reglement-du-concours-de-dessin-darwin-forever-sur-le-theme-adoption-et-abandon-des-animaux\\\/\",\"name\":\"R\u00e8glement du concours de dessin - Darwin Forever\",\"isPartOf\":{\"@id\":\"https:\\\/\\\/darwinforever.com\\\/#website\"},\"datePublished\":\"2020-03-22T22:46:42+00:00\",\"dateModified\":\"2021-06-15T09:43:16+00:00\",\"breadcrumb\":{\"@id\":\"https:\\\/\\\/darwinforever.com\\\/index.php\\\/reglement-du-concours-de-dessin-darwin-forever-sur-le-theme-adoption-et-abandon-des-animaux\\\/#breadcrumb\"},\"inLanguage\":\"fr-FR\",\"potentialAction\":[{\"@type\":\"ReadAction\",\"target\":[\"https:\\\/\\\/darwinforever.com\\\/index.php\\\/reglement-du-concours-de-dessin-darwin-forever-sur-le-theme-adoption-et-abandon-des-animaux\\\/\"]}]},{\"@type\":\"BreadcrumbList\",\"@id\":\"https:\\\/\\\/darwinforever.com\\\/index.php\\\/reglement-du-concours-de-dessin-darwin-forever-sur-le-theme-adoption-et-abandon-des-animaux\\\/#breadcrumb\",\"itemListElement\":[{\"@type\":\"ListItem\",\"position\":1,\"name\":\"Accueil\",\"item\":\"https:\\\/\\\/darwinforever.com\\\/\"},{\"@type\":\"ListItem\",\"position\":2,\"name\":\"R\u00e8glement du concours de dessin\"}]},{\"@type\":\"WebSite\",\"@id\":\"https:\\\/\\\/darwinforever.com\\\/#website\",\"url\":\"https:\\\/\\\/darwinforever.com\\\/\",\"name\":\"Darwin Forever\",\"description\":\"Communaut\u00e9 de Jeunes Engag\u00e9s en faveur des Animaux et de leur Environnement\",\"publisher\":{\"@id\":\"https:\\\/\\\/darwinforever.com\\\/#organization\"},\"potentialAction\":[{\"@type\":\"SearchAction\",\"target\":{\"@type\":\"EntryPoint\",\"urlTemplate\":\"https:\\\/\\\/darwinforever.com\\\/?s={search_term_string}\"},\"query-input\":{\"@type\":\"PropertyValueSpecification\",\"valueRequired\":true,\"valueName\":\"search_term_string\"}}],\"inLanguage\":\"fr-FR\"},{\"@type\":\"Organization\",\"@id\":\"https:\\\/\\\/darwinforever.com\\\/#organization\",\"name\":\"Darwin Forever\",\"url\":\"https:\\\/\\\/darwinforever.com\\\/\",\"logo\":{\"@type\":\"ImageObject\",\"inLanguage\":\"fr-FR\",\"@id\":\"https:\\\/\\\/darwinforever.com\\\/#\\\/schema\\\/logo\\\/image\\\/\",\"url\":\"https:\\\/\\\/i0.wp.com\\\/darwinforever.com\\\/wp-content\\\/uploads\\\/2020\\\/11\\\/cropped-cropped-Logo-Darwin-Forever-scaled-1.jpg?fit=210%2C184&ssl=1\",\"contentUrl\":\"https:\\\/\\\/i0.wp.com\\\/darwinforever.com\\\/wp-content\\\/uploads\\\/2020\\\/11\\\/cropped-cropped-Logo-Darwin-Forever-scaled-1.jpg?fit=210%2C184&ssl=1\",\"width\":210,\"height\":184,\"caption\":\"Darwin Forever\"},\"image\":{\"@id\":\"https:\\\/\\\/darwinforever.com\\\/#\\\/schema\\\/logo\\\/image\\\/\"},\"sameAs\":[\"https:\\\/\\\/www.facebook.com\\\/darwinforever06\\\/\",\"https:\\\/\\\/www.youtube.com\\\/channel\\\/UC0zCalAVmu2K_Xj4BMlfciA\"]}]}<\/script>\n<!-- \/ Yoast SEO plugin. -->","yoast_head_json":{"title":"R\u00e8glement du concours de dessin - Darwin Forever","robots":{"index":"index","follow":"follow","max-snippet":"max-snippet:-1","max-image-preview":"max-image-preview:large","max-video-preview":"max-video-preview:-1"},"canonical":"https:\/\/darwinforever.com\/index.php\/reglement-du-concours-de-dessin-darwin-forever-sur-le-theme-adoption-et-abandon-des-animaux\/","og_locale":"fr_FR","og_type":"article","og_title":"R\u00e8glement du concours de dessin - Darwin Forever","og_description":"R\u00e8glement du concours de dessin Darwin Forever sur le th\u00e8me Abandon &amp; Adoption des animaux, nos amis pour la vie ! Article 1&nbsp;: Organisation A l\u2019occasion du confinement impos\u00e9 parLire la suite","og_url":"https:\/\/darwinforever.com\/index.php\/reglement-du-concours-de-dessin-darwin-forever-sur-le-theme-adoption-et-abandon-des-animaux\/","og_site_name":"Darwin Forever","article_publisher":"https:\/\/www.facebook.com\/darwinforever06\/","article_modified_time":"2021-06-15T09:43:16+00:00","twitter_card":"summary_large_image","twitter_misc":{"Dur\u00e9e de lecture estim\u00e9e":"8 minutes"},"schema":{"@context":"https:\/\/schema.org","@graph":[{"@type":"WebPage","@id":"https:\/\/darwinforever.com\/index.php\/reglement-du-concours-de-dessin-darwin-forever-sur-le-theme-adoption-et-abandon-des-animaux\/","url":"https:\/\/darwinforever.com\/index.php\/reglement-du-concours-de-dessin-darwin-forever-sur-le-theme-adoption-et-abandon-des-animaux\/","name":"R\u00e8glement du concours de dessin - Darwin Forever","isPartOf":{"@id":"https:\/\/darwinforever.com\/#website"},"datePublished":"2020-03-22T22:46:42+00:00","dateModified":"2021-06-15T09:43:16+00:00","breadcrumb":{"@id":"https:\/\/darwinforever.com\/index.php\/reglement-du-concours-de-dessin-darwin-forever-sur-le-theme-adoption-et-abandon-des-animaux\/#breadcrumb"},"inLanguage":"fr-FR","potentialAction":[{"@type":"ReadAction","target":["https:\/\/darwinforever.com\/index.php\/reglement-du-concours-de-dessin-darwin-forever-sur-le-theme-adoption-et-abandon-des-animaux\/"]}]},{"@type":"BreadcrumbList","@id":"https:\/\/darwinforever.com\/index.php\/reglement-du-concours-de-dessin-darwin-forever-sur-le-theme-adoption-et-abandon-des-animaux\/#breadcrumb","itemListElement":[{"@type":"ListItem","position":1,"name":"Accueil","item":"https:\/\/darwinforever.com\/"},{"@type":"ListItem","position":2,"name":"R\u00e8glement du concours de dessin"}]},{"@type":"WebSite","@id":"https:\/\/darwinforever.com\/#website","url":"https:\/\/darwinforever.com\/","name":"Darwin Forever","description":"Communaut\u00e9 de Jeunes Engag\u00e9s en faveur des Animaux et de leur Environnement","publisher":{"@id":"https:\/\/darwinforever.com\/#organization"},"potentialAction":[{"@type":"SearchAction","target":{"@type":"EntryPoint","urlTemplate":"https:\/\/darwinforever.com\/?s={search_term_string}"},"query-input":{"@type":"PropertyValueSpecification","valueRequired":true,"valueName":"search_term_string"}}],"inLanguage":"fr-FR"},{"@type":"Organization","@id":"https:\/\/darwinforever.com\/#organization","name":"Darwin Forever","url":"https:\/\/darwinforever.com\/","logo":{"@type":"ImageObject","inLanguage":"fr-FR","@id":"https:\/\/darwinforever.com\/#\/schema\/logo\/image\/","url":"https:\/\/i0.wp.com\/darwinforever.com\/wp-content\/uploads\/2020\/11\/cropped-cropped-Logo-Darwin-Forever-scaled-1.jpg?fit=210%2C184&ssl=1","contentUrl":"https:\/\/i0.wp.com\/darwinforever.com\/wp-content\/uploads\/2020\/11\/cropped-cropped-Logo-Darwin-Forever-scaled-1.jpg?fit=210%2C184&ssl=1","width":210,"height":184,"caption":"Darwin Forever"},"image":{"@id":"https:\/\/darwinforever.com\/#\/schema\/logo\/image\/"},"sameAs":["https:\/\/www.facebook.com\/darwinforever06\/","https:\/\/www.youtube.com\/channel\/UC0zCalAVmu2K_Xj4BMlfciA"]}]}},"jetpack_sharing_enabled":true,"jetpack_likes_enabled":true,"_links":{"self":[{"href":"https:\/\/darwinforever.com\/index.php\/wp-json\/wp\/v2\/pages\/261","targetHints":{"allow":["GET"]}}],"collection":[{"href":"https:\/\/darwinforever.com\/index.php\/wp-json\/wp\/v2\/pages"}],"about":[{"href":"https:\/\/darwinforever.com\/index.php\/wp-json\/wp\/v2\/types\/page"}],"author":[{"embeddable":true,"href":"https:\/\/darwinforever.com\/index.php\/wp-json\/wp\/v2\/users\/1"}],"replies":[{"embeddable":true,"href":"https:\/\/darwinforever.com\/index.php\/wp-json\/wp\/v2\/comments?post=261"}],"version-history":[{"count":0,"href":"https:\/\/darwinforever.com\/index.php\/wp-json\/wp\/v2\/pages\/261\/revisions"}],"wp:attachment":[{"href":"https:\/\/darwinforever.com\/index.php\/wp-json\/wp\/v2\/media?parent=261"}],"curies":[{"name":"wp","href":"https:\/\/api.w.org\/{rel}","templated":true}]}}