{"id":2517,"date":"2021-02-26T18:59:02","date_gmt":"2021-02-26T17:59:02","guid":{"rendered":"https:\/\/darwinforever.com\/?page_id=2517"},"modified":"2021-02-26T18:59:03","modified_gmt":"2021-02-26T17:59:03","slug":"reglement-du-concours-insta-sur-le-theme-la-nature","status":"publish","type":"page","link":"https:\/\/darwinforever.com\/index.php\/reglement-du-concours-insta-sur-le-theme-la-nature\/","title":{"rendered":"REGLEMENT DU CONCOURS INSTA SUR LE THEME : LA NATURE"},"content":{"rendered":"\n<p><strong>R\u00e8glement du concours INSTAGRAM Darwin Forever<\/strong><\/p>\n\n\n\n<p><strong>sur le th\u00e8me&nbsp;: LA NATURE<\/strong><\/p>\n\n\n\n<p><strong>Article 1&nbsp;: Organisation<\/strong><\/p>\n\n\n\n<p>Mathilde (12 ans), Nicolas (9 ans) et quelques membres de l\u2019association de Darwin Forever <strong>veulent sensibiliser les abonn\u00e9s sur Instagram et sur Facebook sur la Nature \u00e0 travers un jeu concours avec le Mus\u00e9e oc\u00e9anographique de Monaco.<\/strong><\/p>\n\n\n\n<p>Cette phrase de sensibilisation <strong>\u00ab\u00a0Ensemble, Prot\u00e9geons notre M\u00e8re Nature\u00a0\u00bb<\/strong>\u00a0sera diffus\u00e9e sur les posts, story etc.<\/p>\n\n\n\n<p>La participation \u00e0 ce concours est gratuite.<\/p>\n\n\n\n<p><strong>Article 2&nbsp;: Dates<\/strong><\/p>\n\n\n\n<p>Le concours a lieu durant le week -end :<\/p>\n\n\n\n<p>1\u00b0 jour : samedi 27.02.2021<\/p>\n\n\n\n<p>2\u00b0 jour : dimanche 28.02.2021<\/p>\n\n\n\n<p>Les vainqueurs seront annonc\u00e9s le vendredi 5 mars 2021. &nbsp;<\/p>\n\n\n\n<p><strong>Article 3&nbsp;: Conditions de participations<\/strong><\/p>\n\n\n\n<p>Ce jeu est ouvert \u00e0 toute personne physique r\u00e9sidant en France et \u00e0 l\u2019international, \u00e0 l\u2019exception des organisateurs de cet \u00e9v\u00e9nement. La participation \u00e0 ce concours est gratuite. Chaque participation est individuelle et nominative.<\/p>\n\n\n\n<p>Tous les individus ne respectant pas les conditions d\u00e9crites dans le r\u00e8glement ne pourront pas participer.<\/p>\n\n\n\n<p><br>L\u2019organisatrice attire l\u2019attention sur le fait que toute personne mineure participant au jeu est r\u00e9put\u00e9e participer sous le contr\u00f4le et avec le consentement de ses parents ou du(es)<br>titulaire(s) de l\u2019autorit\u00e9 parentale, ou \u00e0 d\u00e9faut, de son\/ses tuteur(s) l\u00e9gaux.<\/p>\n\n\n\n<p>&nbsp;Toute participation incompl\u00e8te, inexacte, falsifi\u00e9e, comportant de fausses indications, non conforme au r\u00e8glement ou re\u00e7ue apr\u00e8s la date du jeu sera consid\u00e9r\u00e9e comme nulle et entra\u00eenera l\u2019\u00e9limination du participant. De m\u00eame, toute participation o\u00f9 il est constat\u00e9 l\u2019utilisation de bot (multiple inscriptions informatiques r\u00e9alis\u00e9es de mani\u00e8re automatique et r\u00e9p\u00e9titive \u00e0 partir d\u2019une m\u00eame adresse IP) sera consid\u00e9r\u00e9e comme nulle et entra\u00eenera l\u2019\u00e9limination du\/des participants. 1 participation maximum par personne et par foyer (m\u00eame nom, m\u00eame pr\u00e9nom, m\u00eame adresse et\/ou num\u00e9ro de t\u00e9l\u00e9phone mobile et\/ou compte Instagram et\/ou adresse e-mail), pendant toute la dur\u00e9e du jeu. Le non-respect de ces conditions entra\u00eenera la non-\u00e9ligibilit\u00e9 du gagnant.<\/p>\n\n\n\n<p>.<\/p>\n\n\n\n<p><strong>Article 4&nbsp;: MODALIT\u00c9S DU JEU<\/strong><\/p>\n\n\n\n<p>Le principe et l\u2019organisation de ce jeu sont les suivants :<\/p>\n\n\n\n<p>Les utilisateurs Instagram et Facebook pourront tenter de gagner, sur la base d\u2019un tirage au sort r\u00e9alis\u00e9 \u00e0 l\u2019issue du jeu&nbsp;: 4 entr\u00e9es gratuites pour le Mus\u00e9e oc\u00e9anographique de Monaco.<\/p>\n\n\n\n<p>Pour tenter de gagner il faut :<br>1. \u00catre abonn\u00e9 aux pages instagram &nbsp;<br><strong><a href=\"https:\/\/web.telegram.org\/#\/im?p=%40team_darwinforever\">@darwinforever<\/a>_<\/strong> et <strong><a href=\"https:\/\/web.telegram.org\/#\/im?p=%40oceanomonaco\">@oceanomonaco<\/a><\/strong><\/p>\n\n\n\n<p>2. R\u00e9pondre \u00e0 deux questions de la m\u00eame journ\u00e9e \u00ab&nbsp;O\u00f9 se trouve le tr\u00e8fle \u00e0 4 feuilles&nbsp;?&nbsp;\u00bb sur les deux photos diff\u00e9rentes, en capturant les photos, entourez le tr\u00e8fle \u00e0 4 feuilles trouv\u00e9 sur les 2 photos et les envoyer sur <strong>concours<a href=\"https:\/\/web.telegram.org\/#\/im?p=%40team_darwinforever\">@darwinforever<\/a>.com<\/strong><\/p>\n\n\n\n<p>Vous aurez 2 jours pour tenter de remporter une place.<\/p>\n\n\n\n<p>Il suffira de r\u00e9pondre aux 2 questions un des jours propos\u00e9s, (inutile de rejouer les 2 jours) : <strong>samedi 27.02.2021<\/strong><strong>, <\/strong><strong>dimanche 28.02.2021<\/strong><strong>.<\/strong><\/p>\n\n\n\n<p>Bonus\u00a0: Partagez l\u2019affiche du concours en story en taguant\u00a0@darwinforever_ pour maximiser vos chances.<\/p>\n\n\n\n<p>Attention, vous aurez de 10h \u00e0 23h pour r\u00e9pondre aux questions !<br>Les gagnants seront tir\u00e9s au sort le vendredi 5 mars 2021 parmi les personnes ayant r\u00e9pondues correctement aux 2 questions dans la m\u00eame journ\u00e9e.<\/p>\n\n\n\n<p>Si vous avez \u00e9t\u00e9 tir\u00e9s au sort, nous vous enverrons un message priv\u00e9 dans lequel on vous expliquera comment recevoir votre entr\u00e9e gratuite.<\/p>\n\n\n\n<p><strong>Article 5 : ENVOI DU LOT<\/strong><\/p>\n\n\n\n<p>Le Mus\u00e9e oc\u00e9anographique de Monaco enverra aux quatre gagnants par voie postale les entr\u00e9es gratuites au mus\u00e9e oc\u00e9anographique de Monaco sur la base des coordonn\u00e9es des gagnants.<\/p>\n\n\n\n<p>L\u2019association Darwin Forever organisatrice du jeu et non exp\u00e9ditrice des lots\/ places entr\u00e9es gratuites, ne pourra en aucun cas \u00eatre tenue pour responsable en cas de perte par La Poste ou par tout prestataire en charge du transport.<\/p>\n\n\n\n<p>En cas de survenance d\u2019un \u00e9v\u00e9nement ind\u00e9pendant de sa volont\u00e9, notamment li\u00e9 \u00e0 ses fournisseurs \/ partenaires ou \u00e0 des circonstances impr\u00e9visibles (force majeure), l\u2019organisatrice de l\u2019\u00e9v\u00e8nement se r\u00e9serve le droit de substituer, \u00e0 tout moment, la dotation propos\u00e9e, une dotation d\u2019une valeur \u00e9quivalente ou de caract\u00e9ristiques proches.<\/p>\n\n\n\n<p>.<br><strong>Article 6 : AUTORISATION \/ CESSION DE DROITS<\/strong><\/p>\n\n\n\n<p>La responsable du concours se r\u00e9serve la facult\u00e9 de donner, lors des op\u00e9rations de tirage au sort, \u00e0 leur issue, comme post\u00e9rieurement \u00e0 celles-ci, les dimensions publicitaires qu\u2019elle pourra \u00e9ventuellement juger opportunes.<\/p>\n\n\n\n<p>Cela implique que le joueur en a connaissance et accepte que son \u00e9ventuelle qualit\u00e9 de gagnant, sa publication, puissent faire l\u2019objet d\u2019une publicit\u00e9 par voie de tout support \u00e9crit, visuel, Internet, radiophonique ou audiovisuel, sans que cette utilisation ne lui conf\u00e8re une r\u00e9mun\u00e9ration ou un droit ou avantage quelconque.<\/p>\n\n\n\n<p><strong>ARTICLE 7 : INFORMATIQUE ET LIBERT\u00c9S<\/strong><\/p>\n\n\n\n<p>Dans le cadre de l\u2019organisation de ce jeu, l\u2019association Darwin Forever pouvant \u00eatre amen\u00e9e \u00e0 saisir informatiquement les coordonn\u00e9es des participants, elle s\u2019engage \u00e0 donner aux<br>informations ainsi recueillies un caract\u00e8re strictement confidentiel et exempt de toute divulgation \u00e0 l\u2019exception de la publication du concours des gagnants qui auront \u00e9t\u00e9 d\u00e9sign\u00e9s par tirage au sort.<\/p>\n\n\n\n<p>Toutes pr\u00e9cautions utiles seront prises par l\u2019association Darwin Forever afin de pr\u00e9server la s\u00e9curit\u00e9 des informations et afin d\u2019emp\u00eacher qu\u2019elles soient d\u00e9form\u00e9es, endommag\u00e9es ou communiqu\u00e9es \u00e0 des tiers non-autoris\u00e9s.<\/p>\n\n\n\n<p>Conform\u00e9ment aux dispositions de la loi du 6 janvier 1978 No 7817, tout participant dispose d\u2019un droit d\u2019acc\u00e8s, de rectification ou d\u2019opposition au traitement de ses donn\u00e9es personnelles. Il pourra s\u2019opposer \u00e0 ce que les informations le concernant fassent l\u2019objet d\u2019un traitement, renon\u00e7ant ainsi express\u00e9ment \u00e0 la participation au Jeu. Pour exercer leurs droits, les participants devront adresser leur demande \u00e9crite aupr\u00e8s de l\u2019association Darwin Forever \u00e0 l\u2019adresse suivante : Darwin Forever Maison des associations, 16 rue de l\u2019Ancien Palais de Justice Grasse<\/p>\n\n\n\n<p><strong>Article 8 : Modifications \u00e9ventuelles<\/strong><\/p>\n\n\n\n<p>Les organisateurs du concours se r\u00e9servent le droit de modifier le pr\u00e9sent r\u00e8glement, et \/ou d\u2019annuler, de reporter, d\u2019\u00e9courter le concours si les circonstances l\u2019exigent.<\/p>\n\n\n\n<p><strong>Article 9: Informatique et libert\u00e9s<\/strong><\/p>\n\n\n\n<p>En application de la loi Informatique et Libert\u00e9s du 6 Janvier 1978, modifi\u00e9e par la loi du 6 ao\u00fbt 2004 et du r\u00e8glement europ\u00e9en sur la protection des donn\u00e9es du 27 avril 2016, les participants disposent d\u2019un droit d\u2019acc\u00e8s, de modification, de rectification et de suppression des donn\u00e9es les concernant.<\/p>\n\n\n\n<p>Afin d\u2019exercer ce droit, il faut envoyer un mail \u00e0 l\u2019adresse mail &#x63;&#111;n&#x63;&#x6f;&#117;r&#x73;&#64;d&#x61;&#x72;&#119;i&#x6e;&#102;o&#x72;&#x65;&#118;e&#x72;&#x2e;&#99;&#x6f;&#x6d;<\/p>\n\n\n\n<p>Conform\u00e9ment \u00e0 la r\u00e9glementation en vigueur, les informations r\u00e9colt\u00e9es dans le cadre du concours sont destin\u00e9es uniquement \u00e0 l\u2019association Darwin Forever. Cette derni\u00e8re s\u2019interdit express\u00e9ment de communiquer ces donn\u00e9es \u00e0 des tiers sans l\u2019autorisation express des participants et de leurs repr\u00e9sentants l\u00e9gaux.<\/p>\n\n\n\n<p><strong>Article 10: Remboursement des frais de participation<\/strong><\/p>\n\n\n\n<p>La participation au concours est gratuite ainsi aucune forme de remboursement des frais de participation ne sera accept\u00e9e <strong>vu que la participation au concours est gratuite.<\/strong><\/p>\n\n\n\n<p><strong>Article 11: R\u00e8glement et loi applicable<\/strong><\/p>\n\n\n\n<p>Ce pr\u00e9sent r\u00e8glement est disponible en libre acc\u00e8s sur le site darwinforever.com.<\/p>\n\n\n\n<p>La participation au concours implique l&#8217;acceptation pure et simple du pr\u00e9sent r\u00e8glement dans son int\u00e9gralit\u00e9 et de la d\u00e9cision de l\u2019association Darwin Forever sur toute contestation qui pourrait survenir concernant l\u2019interpr\u00e9tation et l\u2019application du pr\u00e9sent r\u00e8glement.<\/p>\n\n\n\n<p>L\u2019organisatrice du concours pourrait, de plein droit, \u00eatre amen\u00e9e \u00e0 annuler le tirage au sort du jour en raison d\u2019une d\u00e9faillance et r\u00e9organiser le tirage ult\u00e9rieurement. Par ailleurs, elle ne saurait \u00eatre tenue pour responsable s\u2019il survient un dysfonctionnement lors du<br>tirage au sort ou de la participation sur Instagram : bug, virus, probl\u00e8me technique, violation, intervention non autoris\u00e9e, fraude, action d\u2019un concurrent, ou autres.<\/p>\n\n\n\n<p>Le pr\u00e9sent jeu est soumis \u00e0 la loi fran\u00e7aise. Tous les litiges auxquels celui-ci pourrait donner lieu, concernant notamment sa validit\u00e9, son interpr\u00e9tation et, ou son ex\u00e9cution, seront soumis \u00e0 la comp\u00e9tence exclusive du Tribunal de grande Instance de Nice. L\u2019association Darwin Forever organisatrice de l\u2019\u00e9v\u00e9nement d\u00e9cline toute responsabilit\u00e9 pour tous les incidents et\/ou accidents qui pourraient survenir pendant la dur\u00e9e de jouissance de la dotation attribu\u00e9e et\/ou du fait de son utilisation et exclut toute garantie \u00e0 l\u2019\u00e9gard des gagnants.<\/p>\n","protected":false},"excerpt":{"rendered":"<p>R\u00e8glement du concours INSTAGRAM Darwin Forever sur le th\u00e8me&nbsp;: LA NATURE Article 1&nbsp;: Organisation Mathilde (12 ans), Nicolas (9 ans) et quelques membres de l\u2019association de Darwin Forever veulent sensibiliser<\/p><\/div>\n<div class=\"blog-btn\"><a href=\"https:\/\/darwinforever.com\/index.php\/reglement-du-concours-insta-sur-le-theme-la-nature\/\" class=\"home-blog-btn\">Lire la suite<\/a><\/p>\n","protected":false},"author":5,"featured_media":0,"parent":0,"menu_order":0,"comment_status":"closed","ping_status":"closed","template":"","meta":{"_bbp_topic_count":0,"_bbp_reply_count":0,"_bbp_total_topic_count":0,"_bbp_total_reply_count":0,"_bbp_voice_count":0,"_bbp_anonymous_reply_count":0,"_bbp_topic_count_hidden":0,"_bbp_reply_count_hidden":0,"_bbp_forum_subforum_count":0,"jetpack_post_was_ever_published":false,"footnotes":""},"class_list":["post-2517","page","type-page","status-publish","hentry"],"yoast_head":"<!-- This site is optimized with the Yoast SEO plugin v27.3 - https:\/\/yoast.com\/product\/yoast-seo-wordpress\/ -->\n<title>REGLEMENT DU CONCOURS INSTA SUR LE THEME : LA NATURE - Darwin Forever<\/title>\n<meta name=\"robots\" content=\"index, follow, max-snippet:-1, max-image-preview:large, max-video-preview:-1\" \/>\n<link rel=\"canonical\" href=\"https:\/\/darwinforever.com\/index.php\/reglement-du-concours-insta-sur-le-theme-la-nature\/\" \/>\n<meta property=\"og:locale\" content=\"fr_FR\" \/>\n<meta property=\"og:type\" content=\"article\" \/>\n<meta property=\"og:title\" content=\"REGLEMENT DU CONCOURS INSTA SUR LE THEME : LA NATURE - Darwin Forever\" \/>\n<meta property=\"og:description\" content=\"R\u00e8glement du concours INSTAGRAM Darwin Forever sur le th\u00e8me&nbsp;: LA NATURE Article 1&nbsp;: Organisation Mathilde (12 ans), Nicolas (9 ans) et quelques membres de l\u2019association de Darwin Forever veulent sensibiliserLire la suite\" \/>\n<meta property=\"og:url\" content=\"https:\/\/darwinforever.com\/index.php\/reglement-du-concours-insta-sur-le-theme-la-nature\/\" \/>\n<meta property=\"og:site_name\" content=\"Darwin Forever\" \/>\n<meta property=\"article:publisher\" content=\"https:\/\/www.facebook.com\/darwinforever06\/\" \/>\n<meta property=\"article:modified_time\" content=\"2021-02-26T17:59:03+00:00\" \/>\n<meta name=\"twitter:card\" content=\"summary_large_image\" \/>\n<meta name=\"twitter:label1\" content=\"Dur\u00e9e de lecture estim\u00e9e\" \/>\n\t<meta name=\"twitter:data1\" content=\"6 minutes\" \/>\n<script type=\"application\/ld+json\" class=\"yoast-schema-graph\">{\"@context\":\"https:\\\/\\\/schema.org\",\"@graph\":[{\"@type\":\"WebPage\",\"@id\":\"https:\\\/\\\/darwinforever.com\\\/index.php\\\/reglement-du-concours-insta-sur-le-theme-la-nature\\\/\",\"url\":\"https:\\\/\\\/darwinforever.com\\\/index.php\\\/reglement-du-concours-insta-sur-le-theme-la-nature\\\/\",\"name\":\"REGLEMENT DU CONCOURS INSTA SUR LE THEME : LA NATURE - Darwin Forever\",\"isPartOf\":{\"@id\":\"https:\\\/\\\/darwinforever.com\\\/#website\"},\"datePublished\":\"2021-02-26T17:59:02+00:00\",\"dateModified\":\"2021-02-26T17:59:03+00:00\",\"breadcrumb\":{\"@id\":\"https:\\\/\\\/darwinforever.com\\\/index.php\\\/reglement-du-concours-insta-sur-le-theme-la-nature\\\/#breadcrumb\"},\"inLanguage\":\"fr-FR\",\"potentialAction\":[{\"@type\":\"ReadAction\",\"target\":[\"https:\\\/\\\/darwinforever.com\\\/index.php\\\/reglement-du-concours-insta-sur-le-theme-la-nature\\\/\"]}]},{\"@type\":\"BreadcrumbList\",\"@id\":\"https:\\\/\\\/darwinforever.com\\\/index.php\\\/reglement-du-concours-insta-sur-le-theme-la-nature\\\/#breadcrumb\",\"itemListElement\":[{\"@type\":\"ListItem\",\"position\":1,\"name\":\"Accueil\",\"item\":\"https:\\\/\\\/darwinforever.com\\\/\"},{\"@type\":\"ListItem\",\"position\":2,\"name\":\"REGLEMENT DU CONCOURS INSTA SUR LE THEME : LA NATURE\"}]},{\"@type\":\"WebSite\",\"@id\":\"https:\\\/\\\/darwinforever.com\\\/#website\",\"url\":\"https:\\\/\\\/darwinforever.com\\\/\",\"name\":\"Darwin Forever\",\"description\":\"Communaut\u00e9 de Jeunes Engag\u00e9s en faveur des Animaux et de leur Environnement\",\"publisher\":{\"@id\":\"https:\\\/\\\/darwinforever.com\\\/#organization\"},\"potentialAction\":[{\"@type\":\"SearchAction\",\"target\":{\"@type\":\"EntryPoint\",\"urlTemplate\":\"https:\\\/\\\/darwinforever.com\\\/?s={search_term_string}\"},\"query-input\":{\"@type\":\"PropertyValueSpecification\",\"valueRequired\":true,\"valueName\":\"search_term_string\"}}],\"inLanguage\":\"fr-FR\"},{\"@type\":\"Organization\",\"@id\":\"https:\\\/\\\/darwinforever.com\\\/#organization\",\"name\":\"Darwin Forever\",\"url\":\"https:\\\/\\\/darwinforever.com\\\/\",\"logo\":{\"@type\":\"ImageObject\",\"inLanguage\":\"fr-FR\",\"@id\":\"https:\\\/\\\/darwinforever.com\\\/#\\\/schema\\\/logo\\\/image\\\/\",\"url\":\"https:\\\/\\\/i0.wp.com\\\/darwinforever.com\\\/wp-content\\\/uploads\\\/2020\\\/11\\\/cropped-cropped-Logo-Darwin-Forever-scaled-1.jpg?fit=210%2C184&ssl=1\",\"contentUrl\":\"https:\\\/\\\/i0.wp.com\\\/darwinforever.com\\\/wp-content\\\/uploads\\\/2020\\\/11\\\/cropped-cropped-Logo-Darwin-Forever-scaled-1.jpg?fit=210%2C184&ssl=1\",\"width\":210,\"height\":184,\"caption\":\"Darwin Forever\"},\"image\":{\"@id\":\"https:\\\/\\\/darwinforever.com\\\/#\\\/schema\\\/logo\\\/image\\\/\"},\"sameAs\":[\"https:\\\/\\\/www.facebook.com\\\/darwinforever06\\\/\",\"https:\\\/\\\/www.youtube.com\\\/channel\\\/UC0zCalAVmu2K_Xj4BMlfciA\"]}]}<\/script>\n<!-- \/ Yoast SEO plugin. -->","yoast_head_json":{"title":"REGLEMENT DU CONCOURS INSTA SUR LE THEME : LA NATURE - Darwin Forever","robots":{"index":"index","follow":"follow","max-snippet":"max-snippet:-1","max-image-preview":"max-image-preview:large","max-video-preview":"max-video-preview:-1"},"canonical":"https:\/\/darwinforever.com\/index.php\/reglement-du-concours-insta-sur-le-theme-la-nature\/","og_locale":"fr_FR","og_type":"article","og_title":"REGLEMENT DU CONCOURS INSTA SUR LE THEME : LA NATURE - Darwin Forever","og_description":"R\u00e8glement du concours INSTAGRAM Darwin Forever sur le th\u00e8me&nbsp;: LA NATURE Article 1&nbsp;: Organisation Mathilde (12 ans), Nicolas (9 ans) et quelques membres de l\u2019association de Darwin Forever veulent sensibiliserLire la suite","og_url":"https:\/\/darwinforever.com\/index.php\/reglement-du-concours-insta-sur-le-theme-la-nature\/","og_site_name":"Darwin Forever","article_publisher":"https:\/\/www.facebook.com\/darwinforever06\/","article_modified_time":"2021-02-26T17:59:03+00:00","twitter_card":"summary_large_image","twitter_misc":{"Dur\u00e9e de lecture estim\u00e9e":"6 minutes"},"schema":{"@context":"https:\/\/schema.org","@graph":[{"@type":"WebPage","@id":"https:\/\/darwinforever.com\/index.php\/reglement-du-concours-insta-sur-le-theme-la-nature\/","url":"https:\/\/darwinforever.com\/index.php\/reglement-du-concours-insta-sur-le-theme-la-nature\/","name":"REGLEMENT DU CONCOURS INSTA SUR LE THEME : LA NATURE - Darwin Forever","isPartOf":{"@id":"https:\/\/darwinforever.com\/#website"},"datePublished":"2021-02-26T17:59:02+00:00","dateModified":"2021-02-26T17:59:03+00:00","breadcrumb":{"@id":"https:\/\/darwinforever.com\/index.php\/reglement-du-concours-insta-sur-le-theme-la-nature\/#breadcrumb"},"inLanguage":"fr-FR","potentialAction":[{"@type":"ReadAction","target":["https:\/\/darwinforever.com\/index.php\/reglement-du-concours-insta-sur-le-theme-la-nature\/"]}]},{"@type":"BreadcrumbList","@id":"https:\/\/darwinforever.com\/index.php\/reglement-du-concours-insta-sur-le-theme-la-nature\/#breadcrumb","itemListElement":[{"@type":"ListItem","position":1,"name":"Accueil","item":"https:\/\/darwinforever.com\/"},{"@type":"ListItem","position":2,"name":"REGLEMENT DU CONCOURS INSTA SUR LE THEME : LA NATURE"}]},{"@type":"WebSite","@id":"https:\/\/darwinforever.com\/#website","url":"https:\/\/darwinforever.com\/","name":"Darwin Forever","description":"Communaut\u00e9 de Jeunes Engag\u00e9s en faveur des Animaux et de leur Environnement","publisher":{"@id":"https:\/\/darwinforever.com\/#organization"},"potentialAction":[{"@type":"SearchAction","target":{"@type":"EntryPoint","urlTemplate":"https:\/\/darwinforever.com\/?s={search_term_string}"},"query-input":{"@type":"PropertyValueSpecification","valueRequired":true,"valueName":"search_term_string"}}],"inLanguage":"fr-FR"},{"@type":"Organization","@id":"https:\/\/darwinforever.com\/#organization","name":"Darwin Forever","url":"https:\/\/darwinforever.com\/","logo":{"@type":"ImageObject","inLanguage":"fr-FR","@id":"https:\/\/darwinforever.com\/#\/schema\/logo\/image\/","url":"https:\/\/i0.wp.com\/darwinforever.com\/wp-content\/uploads\/2020\/11\/cropped-cropped-Logo-Darwin-Forever-scaled-1.jpg?fit=210%2C184&ssl=1","contentUrl":"https:\/\/i0.wp.com\/darwinforever.com\/wp-content\/uploads\/2020\/11\/cropped-cropped-Logo-Darwin-Forever-scaled-1.jpg?fit=210%2C184&ssl=1","width":210,"height":184,"caption":"Darwin Forever"},"image":{"@id":"https:\/\/darwinforever.com\/#\/schema\/logo\/image\/"},"sameAs":["https:\/\/www.facebook.com\/darwinforever06\/","https:\/\/www.youtube.com\/channel\/UC0zCalAVmu2K_Xj4BMlfciA"]}]}},"jetpack_sharing_enabled":true,"jetpack_likes_enabled":true,"_links":{"self":[{"href":"https:\/\/darwinforever.com\/index.php\/wp-json\/wp\/v2\/pages\/2517","targetHints":{"allow":["GET"]}}],"collection":[{"href":"https:\/\/darwinforever.com\/index.php\/wp-json\/wp\/v2\/pages"}],"about":[{"href":"https:\/\/darwinforever.com\/index.php\/wp-json\/wp\/v2\/types\/page"}],"author":[{"embeddable":true,"href":"https:\/\/darwinforever.com\/index.php\/wp-json\/wp\/v2\/users\/5"}],"replies":[{"embeddable":true,"href":"https:\/\/darwinforever.com\/index.php\/wp-json\/wp\/v2\/comments?post=2517"}],"version-history":[{"count":0,"href":"https:\/\/darwinforever.com\/index.php\/wp-json\/wp\/v2\/pages\/2517\/revisions"}],"wp:attachment":[{"href":"https:\/\/darwinforever.com\/index.php\/wp-json\/wp\/v2\/media?parent=2517"}],"curies":[{"name":"wp","href":"https:\/\/api.w.org\/{rel}","templated":true}]}}