{"id":2179,"date":"2020-11-10T18:31:46","date_gmt":"2020-11-10T17:31:46","guid":{"rendered":"https:\/\/darwinforever.com\/?page_id=2179"},"modified":"2025-12-20T11:37:24","modified_gmt":"2025-12-20T10:37:24","slug":"devenir-membre","status":"publish","type":"page","link":"https:\/\/darwinforever.com\/index.php\/devenir-membre\/","title":{"rendered":"Devenir membre ou donateur par courrier postal ou par crypto"},"content":{"rendered":"\n<p>L\u2019association Darwin Forever a pour vocation <strong>de monter des projets en faveur de la&nbsp;protection des animaux et de la pr\u00e9servation de leur milieu naturel.<\/strong><\/p>\n\n\n\n<p>Nous offrons&nbsp;aux jeunes jusqu\u2019\u00e0 30 ans, un espace d\u2019expression, d\u2019\u00e9changes, de cr\u00e9ations et d\u2019actions, pour&nbsp;d\u00e9fendre les animaux et leur environnement naturel.<br>Toutes les cr\u00e9ations cr\u00e9es dans le cadre de l\u2019association appartiennent \u00e0 l\u2019association qui peuvent \u00eatre relay\u00e9es dans la presse, r\u00e9seaux et tout autre organisme. <strong>Et, nous valorisons le travail de chaque membre actif.<\/strong><br>Les projets peuvent \u00eatre r\u00e9alis\u00e9s en solo ou en collaboration avec d\u2019autres membres, dans tous les pays et dans toutes les langues. Tout projet de communication ou d\u2019actions sur le terrain ou d\u2019op\u00e9rations de collecte ou d\u2019organisation de jeu concours etc doit \u00eatre pr\u00e9sent\u00e9 \u00e0 la pr\u00e9sidente par mail&nbsp;<a href=\"&#x6d;&#x61;&#x69;&#108;&#116;o:&#x64;&#x61;&#x72;&#119;&#105;n&#64;&#x64;&#x61;&#x72;&#119;&#105;nf&#x6f;&#x72;&#x65;&#118;&#101;r&#46;&#x63;&#x6f;&#x6d;\">&#x64;&#x61;&#x72;&#119;&#105;&#110;&#64;d&#x61;&#x72;&#x77;&#x69;&#110;&#102;or&#x65;&#x76;&#x65;&#x72;&#46;&#99;om<\/a>&nbsp;pour accord et validation . (bien \u00e9videmment tout projet doit \u00eatre en accord avec les valeurs de l\u2019association).<\/p>\n\n\n\n<p>Vous souhaitez&nbsp;<strong>adh\u00e9rer<\/strong>&nbsp;ou <strong>faire un don<\/strong> par&nbsp;<strong>ch\u00e8que, par courrier, par crypto&nbsp;<\/strong>&nbsp;?<br>Vous \u00eates au bon endroit !<\/p>\n\n\n\n<p><strong>PAYPAL <\/strong><br>Compte PAYPAL\u00a0: <strong>paypal.me\/VirginieGodinDarwin<\/strong><\/p>\n\n\n\n<p><strong>par e-mail paypal\u00a0: <a href=\"ma&#105;&#108;&#116;&#x6f;&#x3a;&#x64;&#x61;rw&#105;&#110;&#64;&#x64;&#x61;&#x72;&#x77;in&#102;&#111;&#114;&#x65;&#x76;&#x65;&#x72;&#46;c&#111;&#109;\">d&#97;&#x72;&#x77;i&#110;&#x40;&#x64;a&#114;&#x77;&#x69;n&#102;&#x6f;&#x72;e&#118;&#x65;&#x72;&#46;&#99;&#111;&#x6d;<\/a><\/strong><\/p>\n\n\n\n<p class=\"has-text-align-left\"><strong>RIB de l&#8217;association Darwin Forever loi 1901 : <\/strong><\/p>\n\n\n\n<p class=\"has-text-align-center\"><strong>RIB FR 19106 00602 4368382005071<\/strong><\/p>\n\n\n\n<p class=\"has-text-align-center\"><strong>IBAN FR7619106006024368382005071<\/strong>   <strong>BIC : AGRIFRPP891<\/strong><\/p>\n\n\n\n<p class=\"has-text-align-center\"><strong>ASSOCIATION DARWIN FOREVER &#8211; Maison des associations <br>sise 16 rue de l&#8217;Ancien Palais de Justice &#8211; 06130 Grasse<\/strong><\/p>\n\n\n\n<p><\/p>\n\n\n\n<figure class=\"wp-block-image size-large\"><img data-recalc-dims=\"1\" loading=\"lazy\" decoding=\"async\" width=\"696\" height=\"984\" data-orig-file=\"https:\/\/i0.wp.com\/darwinforever.com\/wp-content\/uploads\/2023\/01\/Darwin-Forever-Flyer-FR-1.jpg?fit=1414%2C2000&amp;ssl=1\" data-attachment-url=\"https:\/\/darwinforever.com\/index.php\/devenir-membre\/darwin-forever-flyer-fr-1\/\" data-aspectratio=\"0.71\" data-caption=\"\" data-image-title=\"Darwin-Forever-Flyer-FR-1\" data-image-description=\"\" srcset=\"https:\/\/i0.wp.com\/darwinforever.com\/wp-content\/uploads\/2023\/01\/Darwin-Forever-Flyer-FR-1.jpg?w=1414&amp;ssl=1 1414w, https:\/\/i0.wp.com\/darwinforever.com\/wp-content\/uploads\/2023\/01\/Darwin-Forever-Flyer-FR-1.jpg?resize=212%2C300&amp;ssl=1 212w, https:\/\/i0.wp.com\/darwinforever.com\/wp-content\/uploads\/2023\/01\/Darwin-Forever-Flyer-FR-1.jpg?resize=724%2C1024&amp;ssl=1 724w, https:\/\/i0.wp.com\/darwinforever.com\/wp-content\/uploads\/2023\/01\/Darwin-Forever-Flyer-FR-1.jpg?resize=768%2C1086&amp;ssl=1 768w, https:\/\/i0.wp.com\/darwinforever.com\/wp-content\/uploads\/2023\/01\/Darwin-Forever-Flyer-FR-1.jpg?resize=1086%2C1536&amp;ssl=1 1086w\" src=\"https:\/\/i0.wp.com\/darwinforever.com\/wp-content\/uploads\/2023\/01\/Darwin-Forever-Flyer-FR-1.jpg?resize=696%2C984&#038;ssl=1\" alt=\". .\" class=\"wp-image-4049\"\/><\/figure>\n\n<script type=\"application\/ld+json\">[\n    {\n        \"@context\": \"https:\/\/schema.org\/\",\n        \"@type\": \"ImageObject\",\n        \"contentUrl\": \"https:\/\/darwinforever.com\/wp-content\/uploads\/2023\/01\/Darwin-Forever-Flyer-FR-1.jpg\",\n        \"license\": \"\",\n        \"acquireLicensePage\": \"\"\n    }\n]<\/script>\n\n\n<p>   <strong> Par ch\u00e8que \u00e0 l&#8217;adresse :<br>DARWIN FOREVER &#8211; Maison des associations <br>sise 16 rue de l&#8217;Ancien Palais de Justice &#8211; 06130 Grasse<\/strong><\/p>\n\n\n\n<p><a href=\"https:\/\/darwinforever.com\/index.php\/dons-panier-de-noel-2020-pour-les-animaux-abandonnes\/\">Donateur Via HelloAsso <\/a><\/p>\n\n\n\n<p><\/p>\n\n\n\n<p class=\"has-text-align-center\"><strong>Donateurs Avec des Crytomonnaies : Wallet ERC20<br>0x15aC09164F1FdeE1c190D7d926389cfdE2732E2B<\/strong><\/p>\n\n\n\n<div class=\"wp-block-file\"><a href=\"https:\/\/darwinforever.com\/wp-content\/uploads\/2020\/11\/DF-formulaire-adhesion-Renouvellement.pdf\" class=\"wp-block-file__button wp-element-button\" download>T\u00e9l\u00e9charger<\/a><\/div>\n\n\n<div class=\"wp-block-image\">\n<figure class=\"aligncenter size-large\"><img data-recalc-dims=\"1\" loading=\"lazy\" decoding=\"async\" width=\"557\" height=\"1024\" data-orig-file=\"https:\/\/i0.wp.com\/darwinforever.com\/wp-content\/uploads\/2022\/04\/affiche-stay-tuned-wallet-darwin-Forever.jpg?fit=696%2C1280&amp;ssl=1\" data-attachment-url=\"https:\/\/darwinforever.com\/index.php\/devenir-membre\/affiche-stay-tuned-wallet-darwin-forever\/\" data-aspectratio=\"0.54\" data-caption=\"\" data-image-title=\"affiche-stay-tuned-wallet-darwin-Forever\" data-image-description=\"\" srcset=\"https:\/\/i0.wp.com\/darwinforever.com\/wp-content\/uploads\/2022\/04\/affiche-stay-tuned-wallet-darwin-Forever.jpg?w=696&amp;ssl=1 696w, https:\/\/i0.wp.com\/darwinforever.com\/wp-content\/uploads\/2022\/04\/affiche-stay-tuned-wallet-darwin-Forever.jpg?resize=163%2C300&amp;ssl=1 163w, https:\/\/i0.wp.com\/darwinforever.com\/wp-content\/uploads\/2022\/04\/affiche-stay-tuned-wallet-darwin-Forever.jpg?resize=557%2C1024&amp;ssl=1 557w\" src=\"https:\/\/i0.wp.com\/darwinforever.com\/wp-content\/uploads\/2022\/04\/affiche-stay-tuned-wallet-darwin-Forever.jpg?resize=557%2C1024&#038;ssl=1\" alt=\". .\" class=\"wp-image-3504\"\/><\/figure>\n\n<script type=\"application\/ld+json\">[\n    {\n        \"@context\": \"https:\/\/schema.org\/\",\n        \"@type\": \"ImageObject\",\n        \"contentUrl\": \"https:\/\/darwinforever.com\/wp-content\/uploads\/2022\/04\/affiche-stay-tuned-wallet-darwin-Forever.jpg\",\n        \"license\": \"\",\n        \"acquireLicensePage\": \"\"\n    }\n]<\/script><\/div>\n\n\n<p class=\"has-text-align-center\">Si toutefois vous rencontriez des soucis,&nbsp;<strong>contactez-nous par e-mail  darwin&#64;darwinforever&#46;com&nbsp;<\/strong>, nous vous apporterons toute l\u2019aide n\u00e9cessaire. Merci encore pour votre soutien !<\/p>\n\n\n\n<p><\/p>\n\n\n<div class=\"wp-block-image\">\n<figure class=\"aligncenter size-large\"><img data-recalc-dims=\"1\" loading=\"lazy\" decoding=\"async\" width=\"696\" height=\"984\" data-orig-file=\"https:\/\/i0.wp.com\/darwinforever.com\/wp-content\/uploads\/2023\/01\/Darwin-Forever-Flyer-EN.jpg?fit=1414%2C2000&amp;ssl=1\" data-attachment-url=\"https:\/\/darwinforever.com\/index.php\/devenir-membre\/darwin-forever-flyer-en\/\" data-aspectratio=\"0.71\" data-caption=\"\" data-image-title=\"Darwin-Forever-Flyer-EN\" data-image-description=\"\" srcset=\"https:\/\/i0.wp.com\/darwinforever.com\/wp-content\/uploads\/2023\/01\/Darwin-Forever-Flyer-EN.jpg?w=1414&amp;ssl=1 1414w, https:\/\/i0.wp.com\/darwinforever.com\/wp-content\/uploads\/2023\/01\/Darwin-Forever-Flyer-EN.jpg?resize=212%2C300&amp;ssl=1 212w, https:\/\/i0.wp.com\/darwinforever.com\/wp-content\/uploads\/2023\/01\/Darwin-Forever-Flyer-EN.jpg?resize=724%2C1024&amp;ssl=1 724w, https:\/\/i0.wp.com\/darwinforever.com\/wp-content\/uploads\/2023\/01\/Darwin-Forever-Flyer-EN.jpg?resize=768%2C1086&amp;ssl=1 768w, https:\/\/i0.wp.com\/darwinforever.com\/wp-content\/uploads\/2023\/01\/Darwin-Forever-Flyer-EN.jpg?resize=1086%2C1536&amp;ssl=1 1086w\" src=\"https:\/\/i0.wp.com\/darwinforever.com\/wp-content\/uploads\/2023\/01\/Darwin-Forever-Flyer-EN-724x1024.jpg?resize=696%2C984&#038;ssl=1\" alt=\". .\" class=\"wp-image-4052\"\/><\/figure>\n\n<script type=\"application\/ld+json\">[\n    {\n        \"@context\": \"https:\/\/schema.org\/\",\n        \"@type\": \"ImageObject\",\n        \"contentUrl\": \"https:\/\/darwinforever.com\/wp-content\/uploads\/2023\/01\/Darwin-Forever-Flyer-EN.jpg\",\n        \"license\": \"\",\n        \"acquireLicensePage\": \"\"\n    }\n]<\/script><\/div>\n\n\n<p><\/p>\n","protected":false},"excerpt":{"rendered":"<p>L\u2019association Darwin Forever a pour vocation de monter des projets en faveur de la&nbsp;protection des animaux et de la pr\u00e9servation de leur milieu naturel. Nous offrons&nbsp;aux jeunes jusqu\u2019\u00e0 30 ans,<\/p><\/div>\n<div class=\"blog-btn\"><a href=\"https:\/\/darwinforever.com\/index.php\/devenir-membre\/\" class=\"home-blog-btn\">Lire la suite<\/a><\/p>\n","protected":false},"author":1,"featured_media":0,"parent":0,"menu_order":0,"comment_status":"closed","ping_status":"closed","template":"","meta":{"_bbp_topic_count":0,"_bbp_reply_count":0,"_bbp_total_topic_count":0,"_bbp_total_reply_count":0,"_bbp_voice_count":0,"_bbp_anonymous_reply_count":0,"_bbp_topic_count_hidden":0,"_bbp_reply_count_hidden":0,"_bbp_forum_subforum_count":0,"jetpack_post_was_ever_published":false,"footnotes":""},"class_list":["post-2179","page","type-page","status-publish","hentry"],"yoast_head":"<!-- This site is optimized with the Yoast SEO plugin v27.3 - https:\/\/yoast.com\/product\/yoast-seo-wordpress\/ -->\n<title>Devenir membre ou donateur par courrier postal ou par crypto - Darwin Forever<\/title>\n<meta name=\"robots\" content=\"index, follow, max-snippet:-1, max-image-preview:large, max-video-preview:-1\" \/>\n<link rel=\"canonical\" href=\"https:\/\/darwinforever.com\/index.php\/devenir-membre\/\" \/>\n<meta property=\"og:locale\" content=\"fr_FR\" \/>\n<meta property=\"og:type\" content=\"article\" \/>\n<meta property=\"og:title\" content=\"Devenir membre ou donateur par courrier postal ou par crypto - Darwin Forever\" \/>\n<meta property=\"og:description\" content=\"L\u2019association Darwin Forever a pour vocation de monter des projets en faveur de la&nbsp;protection des animaux et de la pr\u00e9servation de leur milieu naturel. Nous offrons&nbsp;aux jeunes jusqu\u2019\u00e0 30 ans,Lire la suite\" \/>\n<meta property=\"og:url\" content=\"https:\/\/darwinforever.com\/index.php\/devenir-membre\/\" \/>\n<meta property=\"og:site_name\" content=\"Darwin Forever\" \/>\n<meta property=\"article:publisher\" content=\"https:\/\/www.facebook.com\/darwinforever06\/\" \/>\n<meta property=\"article:modified_time\" content=\"2025-12-20T10:37:24+00:00\" \/>\n<meta property=\"og:image\" content=\"https:\/\/darwinforever.com\/wp-content\/uploads\/2023\/01\/Darwin-Forever-Flyer-FR-1-724x1024.jpg\" \/>\n<meta name=\"twitter:card\" content=\"summary_large_image\" \/>\n<meta name=\"twitter:label1\" content=\"Dur\u00e9e de lecture estim\u00e9e\" \/>\n\t<meta name=\"twitter:data1\" content=\"2 minutes\" \/>\n<script type=\"application\/ld+json\" class=\"yoast-schema-graph\">{\"@context\":\"https:\\\/\\\/schema.org\",\"@graph\":[{\"@type\":\"WebPage\",\"@id\":\"https:\\\/\\\/darwinforever.com\\\/index.php\\\/devenir-membre\\\/\",\"url\":\"https:\\\/\\\/darwinforever.com\\\/index.php\\\/devenir-membre\\\/\",\"name\":\"Devenir membre ou donateur par courrier postal ou par crypto - Darwin Forever\",\"isPartOf\":{\"@id\":\"https:\\\/\\\/darwinforever.com\\\/#website\"},\"primaryImageOfPage\":{\"@id\":\"https:\\\/\\\/darwinforever.com\\\/index.php\\\/devenir-membre\\\/#primaryimage\"},\"image\":{\"@id\":\"https:\\\/\\\/darwinforever.com\\\/index.php\\\/devenir-membre\\\/#primaryimage\"},\"thumbnailUrl\":\"https:\\\/\\\/darwinforever.com\\\/wp-content\\\/uploads\\\/2023\\\/01\\\/Darwin-Forever-Flyer-FR-1-724x1024.jpg\",\"datePublished\":\"2020-11-10T17:31:46+00:00\",\"dateModified\":\"2025-12-20T10:37:24+00:00\",\"breadcrumb\":{\"@id\":\"https:\\\/\\\/darwinforever.com\\\/index.php\\\/devenir-membre\\\/#breadcrumb\"},\"inLanguage\":\"fr-FR\",\"potentialAction\":[{\"@type\":\"ReadAction\",\"target\":[\"https:\\\/\\\/darwinforever.com\\\/index.php\\\/devenir-membre\\\/\"]}]},{\"@type\":\"ImageObject\",\"inLanguage\":\"fr-FR\",\"@id\":\"https:\\\/\\\/darwinforever.com\\\/index.php\\\/devenir-membre\\\/#primaryimage\",\"url\":\"https:\\\/\\\/i0.wp.com\\\/darwinforever.com\\\/wp-content\\\/uploads\\\/2023\\\/01\\\/Darwin-Forever-Flyer-FR-1.jpg?fit=1414%2C2000&ssl=1\",\"contentUrl\":\"https:\\\/\\\/i0.wp.com\\\/darwinforever.com\\\/wp-content\\\/uploads\\\/2023\\\/01\\\/Darwin-Forever-Flyer-FR-1.jpg?fit=1414%2C2000&ssl=1\",\"width\":1414,\"height\":2000,\"caption\":\". .\"},{\"@type\":\"BreadcrumbList\",\"@id\":\"https:\\\/\\\/darwinforever.com\\\/index.php\\\/devenir-membre\\\/#breadcrumb\",\"itemListElement\":[{\"@type\":\"ListItem\",\"position\":1,\"name\":\"Accueil\",\"item\":\"https:\\\/\\\/darwinforever.com\\\/\"},{\"@type\":\"ListItem\",\"position\":2,\"name\":\"Devenir membre ou donateur par courrier postal ou par crypto\"}]},{\"@type\":\"WebSite\",\"@id\":\"https:\\\/\\\/darwinforever.com\\\/#website\",\"url\":\"https:\\\/\\\/darwinforever.com\\\/\",\"name\":\"Darwin Forever\",\"description\":\"Communaut\u00e9 de Jeunes Engag\u00e9s en faveur des Animaux et de leur Environnement\",\"publisher\":{\"@id\":\"https:\\\/\\\/darwinforever.com\\\/#organization\"},\"potentialAction\":[{\"@type\":\"SearchAction\",\"target\":{\"@type\":\"EntryPoint\",\"urlTemplate\":\"https:\\\/\\\/darwinforever.com\\\/?s={search_term_string}\"},\"query-input\":{\"@type\":\"PropertyValueSpecification\",\"valueRequired\":true,\"valueName\":\"search_term_string\"}}],\"inLanguage\":\"fr-FR\"},{\"@type\":\"Organization\",\"@id\":\"https:\\\/\\\/darwinforever.com\\\/#organization\",\"name\":\"Darwin Forever\",\"url\":\"https:\\\/\\\/darwinforever.com\\\/\",\"logo\":{\"@type\":\"ImageObject\",\"inLanguage\":\"fr-FR\",\"@id\":\"https:\\\/\\\/darwinforever.com\\\/#\\\/schema\\\/logo\\\/image\\\/\",\"url\":\"https:\\\/\\\/i0.wp.com\\\/darwinforever.com\\\/wp-content\\\/uploads\\\/2020\\\/11\\\/cropped-cropped-Logo-Darwin-Forever-scaled-1.jpg?fit=210%2C184&ssl=1\",\"contentUrl\":\"https:\\\/\\\/i0.wp.com\\\/darwinforever.com\\\/wp-content\\\/uploads\\\/2020\\\/11\\\/cropped-cropped-Logo-Darwin-Forever-scaled-1.jpg?fit=210%2C184&ssl=1\",\"width\":210,\"height\":184,\"caption\":\"Darwin Forever\"},\"image\":{\"@id\":\"https:\\\/\\\/darwinforever.com\\\/#\\\/schema\\\/logo\\\/image\\\/\"},\"sameAs\":[\"https:\\\/\\\/www.facebook.com\\\/darwinforever06\\\/\",\"https:\\\/\\\/www.youtube.com\\\/channel\\\/UC0zCalAVmu2K_Xj4BMlfciA\"]}]}<\/script>\n<!-- \/ Yoast SEO plugin. -->","yoast_head_json":{"title":"Devenir membre ou donateur par courrier postal ou par crypto - Darwin Forever","robots":{"index":"index","follow":"follow","max-snippet":"max-snippet:-1","max-image-preview":"max-image-preview:large","max-video-preview":"max-video-preview:-1"},"canonical":"https:\/\/darwinforever.com\/index.php\/devenir-membre\/","og_locale":"fr_FR","og_type":"article","og_title":"Devenir membre ou donateur par courrier postal ou par crypto - Darwin Forever","og_description":"L\u2019association Darwin Forever a pour vocation de monter des projets en faveur de la&nbsp;protection des animaux et de la pr\u00e9servation de leur milieu naturel. Nous offrons&nbsp;aux jeunes jusqu\u2019\u00e0 30 ans,Lire la suite","og_url":"https:\/\/darwinforever.com\/index.php\/devenir-membre\/","og_site_name":"Darwin Forever","article_publisher":"https:\/\/www.facebook.com\/darwinforever06\/","article_modified_time":"2025-12-20T10:37:24+00:00","og_image":[{"url":"https:\/\/darwinforever.com\/wp-content\/uploads\/2023\/01\/Darwin-Forever-Flyer-FR-1-724x1024.jpg","type":"","width":"","height":""}],"twitter_card":"summary_large_image","twitter_misc":{"Dur\u00e9e de lecture estim\u00e9e":"2 minutes"},"schema":{"@context":"https:\/\/schema.org","@graph":[{"@type":"WebPage","@id":"https:\/\/darwinforever.com\/index.php\/devenir-membre\/","url":"https:\/\/darwinforever.com\/index.php\/devenir-membre\/","name":"Devenir membre ou donateur par courrier postal ou par crypto - Darwin Forever","isPartOf":{"@id":"https:\/\/darwinforever.com\/#website"},"primaryImageOfPage":{"@id":"https:\/\/darwinforever.com\/index.php\/devenir-membre\/#primaryimage"},"image":{"@id":"https:\/\/darwinforever.com\/index.php\/devenir-membre\/#primaryimage"},"thumbnailUrl":"https:\/\/darwinforever.com\/wp-content\/uploads\/2023\/01\/Darwin-Forever-Flyer-FR-1-724x1024.jpg","datePublished":"2020-11-10T17:31:46+00:00","dateModified":"2025-12-20T10:37:24+00:00","breadcrumb":{"@id":"https:\/\/darwinforever.com\/index.php\/devenir-membre\/#breadcrumb"},"inLanguage":"fr-FR","potentialAction":[{"@type":"ReadAction","target":["https:\/\/darwinforever.com\/index.php\/devenir-membre\/"]}]},{"@type":"ImageObject","inLanguage":"fr-FR","@id":"https:\/\/darwinforever.com\/index.php\/devenir-membre\/#primaryimage","url":"https:\/\/i0.wp.com\/darwinforever.com\/wp-content\/uploads\/2023\/01\/Darwin-Forever-Flyer-FR-1.jpg?fit=1414%2C2000&ssl=1","contentUrl":"https:\/\/i0.wp.com\/darwinforever.com\/wp-content\/uploads\/2023\/01\/Darwin-Forever-Flyer-FR-1.jpg?fit=1414%2C2000&ssl=1","width":1414,"height":2000,"caption":". ."},{"@type":"BreadcrumbList","@id":"https:\/\/darwinforever.com\/index.php\/devenir-membre\/#breadcrumb","itemListElement":[{"@type":"ListItem","position":1,"name":"Accueil","item":"https:\/\/darwinforever.com\/"},{"@type":"ListItem","position":2,"name":"Devenir membre ou donateur par courrier postal ou par crypto"}]},{"@type":"WebSite","@id":"https:\/\/darwinforever.com\/#website","url":"https:\/\/darwinforever.com\/","name":"Darwin Forever","description":"Communaut\u00e9 de Jeunes Engag\u00e9s en faveur des Animaux et de leur Environnement","publisher":{"@id":"https:\/\/darwinforever.com\/#organization"},"potentialAction":[{"@type":"SearchAction","target":{"@type":"EntryPoint","urlTemplate":"https:\/\/darwinforever.com\/?s={search_term_string}"},"query-input":{"@type":"PropertyValueSpecification","valueRequired":true,"valueName":"search_term_string"}}],"inLanguage":"fr-FR"},{"@type":"Organization","@id":"https:\/\/darwinforever.com\/#organization","name":"Darwin Forever","url":"https:\/\/darwinforever.com\/","logo":{"@type":"ImageObject","inLanguage":"fr-FR","@id":"https:\/\/darwinforever.com\/#\/schema\/logo\/image\/","url":"https:\/\/i0.wp.com\/darwinforever.com\/wp-content\/uploads\/2020\/11\/cropped-cropped-Logo-Darwin-Forever-scaled-1.jpg?fit=210%2C184&ssl=1","contentUrl":"https:\/\/i0.wp.com\/darwinforever.com\/wp-content\/uploads\/2020\/11\/cropped-cropped-Logo-Darwin-Forever-scaled-1.jpg?fit=210%2C184&ssl=1","width":210,"height":184,"caption":"Darwin Forever"},"image":{"@id":"https:\/\/darwinforever.com\/#\/schema\/logo\/image\/"},"sameAs":["https:\/\/www.facebook.com\/darwinforever06\/","https:\/\/www.youtube.com\/channel\/UC0zCalAVmu2K_Xj4BMlfciA"]}]}},"jetpack_sharing_enabled":true,"jetpack_likes_enabled":true,"_links":{"self":[{"href":"https:\/\/darwinforever.com\/index.php\/wp-json\/wp\/v2\/pages\/2179","targetHints":{"allow":["GET"]}}],"collection":[{"href":"https:\/\/darwinforever.com\/index.php\/wp-json\/wp\/v2\/pages"}],"about":[{"href":"https:\/\/darwinforever.com\/index.php\/wp-json\/wp\/v2\/types\/page"}],"author":[{"embeddable":true,"href":"https:\/\/darwinforever.com\/index.php\/wp-json\/wp\/v2\/users\/1"}],"replies":[{"embeddable":true,"href":"https:\/\/darwinforever.com\/index.php\/wp-json\/wp\/v2\/comments?post=2179"}],"version-history":[{"count":12,"href":"https:\/\/darwinforever.com\/index.php\/wp-json\/wp\/v2\/pages\/2179\/revisions"}],"predecessor-version":[{"id":5498,"href":"https:\/\/darwinforever.com\/index.php\/wp-json\/wp\/v2\/pages\/2179\/revisions\/5498"}],"wp:attachment":[{"href":"https:\/\/darwinforever.com\/index.php\/wp-json\/wp\/v2\/media?parent=2179"}],"curies":[{"name":"wp","href":"https:\/\/api.w.org\/{rel}","templated":true}]}}