{"id":2176,"date":"2020-11-10T18:34:16","date_gmt":"2020-11-10T17:34:16","guid":{"rendered":"https:\/\/darwinforever.com\/?page_id=2176"},"modified":"2020-11-10T18:34:17","modified_gmt":"2020-11-10T17:34:17","slug":"statut-association","status":"publish","type":"page","link":"https:\/\/darwinforever.com\/index.php\/statut-association\/","title":{"rendered":"Statut Association"},"content":{"rendered":"\n<p><strong>STATUTS CONSTITUTIFS<\/strong><\/p>\n\n\n\n<p><strong>DARWIN FOREVER<\/strong><\/p>\n\n\n\n<p><strong><em>Propos\u00e9 aux associations d\u00e9clar\u00e9es par application de la loi du 1<\/em><\/strong><strong><em>er <\/em><\/strong><strong><em>juillet 1901 et du d\u00e9cret du 16 ao\u00fbt 1901.<\/em><\/strong><\/p>\n\n\n\n<p><strong>ARTICLE 1 \u2013 NOM<\/strong><\/p>\n\n\n\n<p>En date du 24\/08\/2020, il est fond\u00e9 entre les adh\u00e9rents aux pr\u00e9sents statuts une association r\u00e9gie par la loi du 1er juillet 1901 et le d\u00e9cret du 16 ao\u00fbt 1901, ayant pour titre : <strong>DARWIN FOREVER<\/strong>.<\/p>\n\n\n\n<p><strong>ARTICLE 2 \u2013 OBJET<\/strong><\/p>\n\n\n\n<p>Cette association a pour objet :<\/p>\n\n\n\n<p>&#8211; Cette association a pour objet : Toute \u00e9tude ou action pouvant aider \u00e0 la connaissance, \u00e0 la protection et \u00e0 l\u2019am\u00e9lioration du milieu naturel, de l\u2019environnement et des animaux. Son but est de sauvegarder en France et dans le monde, les animaux, la faune et la flore sauvages, en m\u00eame temps que les milieux dont elles d\u00e9pendent.<\/p>\n\n\n\n<p>L\u2019association s\u2019efforce, dans la mesure de ses moyens, d\u2019atteindre ces buts par les voies suivantes :<\/p>\n\n\n\n<p>&#8211; de d\u00e9velopper, en France et \u00e0 l\u2019\u00e9tranger, directement ou indirectement, des actions d\u2019int\u00e9r\u00eat g\u00e9n\u00e9ral favorisant les comp\u00e9tences de savoir-\u00eatre et de savoir vivre avec la nature et les animaux, notamment \u00e0 travers des ateliers, des actions sur le terrain, des sensibilisations, des formations, des concours, des concerts, des op\u00e9rations \u00e9v\u00e8nementielles, la conception et la diffusion d\u2019outils p\u00e9dagogiques, de divertissements et de communication.<\/p>\n\n\n\n<p>&#8211; d\u2019organiser, en France et \u00e0 l\u2019\u00e9tranger, directement ou indirectement par l\u2019interm\u00e9diaire de partenaires, des ateliers, des parcours, des sensibilisations, des formations, des approfondissements, relatifs \u00e0 la r\u00e9flexion, la pratique de l\u2019attention ou plus g\u00e9n\u00e9ralement tout ce qui concerne le savoir-\u00eatre et vivre ensemble aupr\u00e8s de tout public et en priorit\u00e9 des enfants et adolescents.<br>&#8211; coop\u00e9rer, au besoin par adh\u00e9sion ou f\u00e9d\u00e9ration, avec tous les organismes, collectivit\u00e9s ou associations qui pourraient aider \u00e0 la r\u00e9alisation des buts de l\u2019association.<br>&#8211; s\u2019efforcer d\u2019obtenir le classement en r\u00e9serves ou Parcs Naturels de tous terrains de grande valeur \u00e9cologique, appartenant ou non \u00e0 l\u2019association.<br>&#8211; am\u00e9nager et mettre en valeur les sites g\u00e9r\u00e9s par l\u2019association, surveiller leur \u00e9volution et les entretenir \u00e0 l\u2019aide d\u2019un personnel r\u00e9tribu\u00e9 ou b\u00e9n\u00e9vole.<br>&#8211; d\u00e9velopper le go\u00fbt et l\u2019int\u00e9r\u00eat du plus grand nombre, par et pour la connaissance et la protection de la nature, des milieux et de l\u2019environnement.<br>&#8211; s\u2019attacher \u00e0 prot\u00e9ger les esp\u00e8ces animales et v\u00e9g\u00e9tales.<br>&#8211; entreprendre toute recherche, mener toute enqu\u00eate, donner tout avis, poursuivre toute \u00e9tude se rapportant directement ou indirectement \u00e0 toutes ces questions.<\/p>\n\n\n\n<p>&#8211; promouvoir et r\u00e9aliser des \u00e9tudes scientifiques entrant dans le cadre des objets de l\u2019association.<\/p>\n\n\n\n<p>&#8211; publier bulletins, brochures, affiches, tracts, cartes postales, site web, r\u00e9seaux sociaux, applications logicielles etc. se rapportant \u00e0 l\u2019\u00e9tude, la protection ou l\u2019am\u00e9nagement de la nature, au besoin en collaboration avec des associations ou \u00e9tablissements poursuivant des buts analogues.<\/p>\n\n\n\n<p>&#8211; mener toute action en justice, se constituer partie civile et r\u00e9clamer des dommages et int\u00e9r\u00eats.<\/p>\n\n\n\n<p>&#8211; entreprendre toute action visant \u00e0 lutter contre les pollutions de l\u2019air, de l\u2019eau, des sols ou des milieux naturels.<\/p>\n\n\n\n<p>&#8211; la cr\u00e9ation ou le soutien \u00e0 la cr\u00e9ation d&#8217;espaces prot\u00e9g\u00e9s, l&#8217;action fonci\u00e8re, la gestion de tous types de territoires b\u00e9n\u00e9ficiant ou non d&#8217;un statut de protection (r\u00e9serves naturelles, terrains du Conservatoire du Littoral, espaces naturels\u2026). Darwin Forever assure directement ou par d\u00e9l\u00e9gation l&#8217;am\u00e9nagement, la mise en valeur, l&#8217;entretien, la surveillance et l&#8217;ouverture au public.<br>&#8211; la remise des r\u00e9compenses sous diff\u00e9rentes formes \u00e0 des personnes physiques ou morales ayant d\u00e9ploy\u00e9 des efforts particuliers pour la cause qu&#8217;elle d\u00e9fend. <br>&#8211; l&#8217;organisation des conf\u00e9rences, des visites de terrain, de stages ou de voyages ayant pour objet de mieux faire connaitre et appr\u00e9cier la nature et les animaux au plus large public.<br>&#8211; la diffusion directe de produits et fournitures de services ou indirectement par collaboration, filialisation, partenariat.<br>&#8211; la gestion d&#8217;\u00e9tablissements et d&#8217;activit\u00e9s d\u00e9localis\u00e9s.<br>&#8211; la mise \u00e0 disposition et les d\u00e9tachements d&#8217;agents de l&#8217;Etat, des collectivit\u00e9s territoriales et de tout autre organisme.<br>&#8211; la collaboration et le partenariat avec d&#8217;autres organisations fran\u00e7aises et \u00e9trang\u00e8res.<\/p>\n\n\n\n<p><strong>ARTICLE 3 &#8211; SI\u00c8GE SOCIAL<\/strong><\/p>\n\n\n\n<p>Le si\u00e8ge social est fix\u00e9 \u00e0 l\u2019adresse suivante : <strong>Maison des associations sise 16 rue de l&#8217;Ancien Palais de Justice<\/strong> <strong>Grasse<\/strong><\/p>\n\n\n\n<p>Il pourra \u00eatre d\u00e9cid\u00e9 de proc\u00e9der au transfert de si\u00e8ge social, sur proposition du Pr\u00e9sident, apr\u00e8s ratification par les membres de l\u2019Association au cours d\u2019une Assembl\u00e9e G\u00e9n\u00e9rale Extraordinaire convoqu\u00e9e \u00e0 cet effet, dans les conditions pr\u00e9vues ci-dessous.<\/p>\n\n\n\n<p><strong>ARTICLE 4 &#8211; DUREE<\/strong><\/p>\n\n\n\n<p>La dur\u00e9e de l\u2019association est illimit\u00e9e.<\/p>\n\n\n\n<p><strong>ARTICLE 5 &#8211; COMPOSITION \/ MEMBRES<\/strong><\/p>\n\n\n\n<p>L&#8217;association se compose de 2 membres fondateurs soussign\u00e9s suivants :<\/p>\n\n\n\n<p>&#8211; Virginie Godin, de nationalit\u00e9 fran\u00e7aise, Antibes, France, Directrice d\u00e9veloppement, nomm\u00e9e Pr\u00e9sident<\/p>\n\n\n\n<p>&#8211; Jean Philippe Ginestet, de nationalit\u00e9 fran\u00e7aise, Antibes, France, Directeur technique, nomm\u00e9 Tr\u00e9sorier<\/p>\n\n\n\n<p>Les membres fondateurs sont membres de droit du Conseil d\u2019Administration, \u00e0 titre permanent, incessible et intransmissible.Chaque membre, personne physique ou morale, de quelques cat\u00e9gories dont il ressorte, ne dispose que d\u2019une seule voix.<\/p>\n\n\n\n<p><strong>ARTICLE 6 &#8211; ADMISSION<\/strong><\/p>\n\n\n\n<p>Pour faire partie de l&#8217;association, il faut \u00eatre agr\u00e9\u00e9 par le conseil d\u2019administration, qui statue, lors de chacune de ses r\u00e9unions, sur les demandes d&#8217;admission pr\u00e9sent\u00e9es.<\/p>\n\n\n\n<p><strong>ARTICLE 7 &#8211; MEMBRES \u2013 COTISATIONS<\/strong><\/p>\n\n\n\n<p>Sont membres actifs ceux qui ont pris l&#8217;engagement de verser annuellement une cotisation dont le montant est d\u00e9termin\u00e9 par l\u2019assembl\u00e9e g\u00e9n\u00e9rale .<\/p>\n\n\n\n<p><strong>ARTICLE 8 &#8211; RADIATIONS<\/strong><\/p>\n\n\n\n<p>La qualit\u00e9 de membre se perd par :<br>a) La d\u00e9mission ;<br>b) Le d\u00e9c\u00e8s ;<br>c) Le d\u00e9faut de paiement de la cotisation annuelle ;<br>Ou pour motif grave, l&#8217;int\u00e9ress\u00e9 ayant \u00e9t\u00e9 invit\u00e9 par lettre recommand\u00e9 avec accus\u00e9 de r\u00e9ception, 15 jours avant la prise de d\u00e9cision effective, afin de fournir des explications devant le bureau et\/ou par \u00e9crit.<\/p>\n\n\n\n<p><strong>ARTICLE 9 &#8211; RESSOURCES<\/strong><\/p>\n\n\n\n<p>Les ressources de l&#8217;association comprennent :<br>1\u00b0 Le montant des droits d&#8217;entr\u00e9e et des cotisations ;<br>2\u00b0 Les subventions de l&#8217;Etat, des d\u00e9partements et des communes ;<br>3\u00b0 Des dons manuels et dons d\u2019utilit\u00e9 publique consentis par ses membres ou tiers ;<br>4\u00b0 Toutes les ressources autoris\u00e9es par les lois et r\u00e8glements en vigueur.<\/p>\n\n\n\n<p><strong>ARTICLE 10 &#8211; ASSEMBLEE GENERALE ORDINAIRE<\/strong><\/p>\n\n\n\n<p>L&#8217;assembl\u00e9e g\u00e9n\u00e9rale ordinaire comprend tous les membres de l&#8217;association \u00e0 quelque titre qu&#8217;ils soient. Elle se r\u00e9unit chaque ann\u00e9e au mois de d\u00e9cembre.<br>Quinze jours au moins avant la date fix\u00e9e, les membres de l&#8217;association sont convoqu\u00e9s par les soins du secr\u00e9taire. L&#8217;ordre du jour figure sur les convocations.<br>Le pr\u00e9sident, assist\u00e9 des membres du conseil, pr\u00e9side l&#8217;assembl\u00e9e et expose la situation morale ou l\u2019activit\u00e9 de l&#8217;association.<br>Le tr\u00e9sorier rend compte de sa gestion et soumet les comptes annuels (bilan, compte de r\u00e9sultat et annexe) \u00e0 l&#8217;approbation de l&#8217;assembl\u00e9e.<br>L\u2019assembl\u00e9e g\u00e9n\u00e9rale fixe le montant des cotisations annuelles et du droit d\u2019entr\u00e9e \u00e0 verser par les diff\u00e9rentes cat\u00e9gories de membres.<br>Ne peuvent \u00eatre abord\u00e9s que les points inscrits \u00e0 l&#8217;ordre du jour.<br>Les d\u00e9cisions sont prises \u00e0 la majorit\u00e9 des voix des membres pr\u00e9sents ou repr\u00e9sent\u00e9s.<br>Il est proc\u00e9d\u00e9, apr\u00e8s \u00e9puisement de l&#8217;ordre du jour, au renouvellement des membres sortants du conseil.<br>Toutes les d\u00e9lib\u00e9rations sont prises \u00e0 main lev\u00e9e, except\u00e9 l\u2019\u00e9lection des membres du conseil.<br>Les d\u00e9cisions des assembl\u00e9es g\u00e9n\u00e9rales s\u2019imposent \u00e0 tous les membres, y compris absents ou repr\u00e9sent\u00e9s.<\/p>\n\n\n\n<p><strong>ARTICLE 11 &#8211; ASSEMBLEE GENERALE EXTRAORDINAIRE<\/strong><\/p>\n\n\n\n<p>Si besoin est, ou sur la demande de la moiti\u00e9 plus un des membres inscrits, le pr\u00e9sident peut convoquer une assembl\u00e9e g\u00e9n\u00e9rale extraordinaire, suivant les modalit\u00e9s pr\u00e9vues aux pr\u00e9sents statuts et uniquement pour modification des statuts ou la dissolution ou pour des actes portant sur des immeubles. Les modalit\u00e9s de convocation sont les m\u00eames que pour l\u2019assembl\u00e9e g\u00e9n\u00e9rale ordinaire. Les d\u00e9lib\u00e9rations sont prises \u00e0 la majorit\u00e9 des membres pr\u00e9sents.<\/p>\n\n\n\n<p><strong>ARTICLE 12 &#8211; CONSEIL D&#8217;ADMINISTRATION<\/strong><\/p>\n\n\n\n<p>L&#8217;association est dirig\u00e9e par un conseil de 2 membres minimum, \u00e9lus pour 5 ann\u00e9es par l&#8217;assembl\u00e9e g\u00e9n\u00e9rale. Les membres sont r\u00e9\u00e9ligibles. Le conseil d&#8217;administration se r\u00e9unit au moins une fois tous les six mois, sur convocation du pr\u00e9sident, ou \u00e0 la demande de la moiti\u00e9 de ses membres. Les d\u00e9cisions sont prises \u00e0 la majorit\u00e9 des voix ; en cas de partage, la voix du pr\u00e9sident est pr\u00e9pond\u00e9rante. Tout membre du conseil qui, sans excuse, n&#8217;aura pas assist\u00e9 \u00e0 trois r\u00e9unions cons\u00e9cutives sera consid\u00e9r\u00e9 comme d\u00e9missionnaire.<\/p>\n\n\n\n<p><strong>ARTICLE 13 \u2013 LE BUREAU<\/strong><\/p>\n\n\n\n<p>Le conseil d&#8217;administration \u00e9lit parmi ses membres, \u00e0 bulletin secret, un bureau compos\u00e9 de :<br>&#8211; Virginie Godin, pr\u00e9sident<br>&#8211; Jean Philippe Ginestet, tr\u00e9sorier<\/p>\n\n\n\n<p>Les fonctions de pr\u00e9sident et de tr\u00e9sorier ne sont pas cumulables.<br>Le bureau est en charge de la gestion des affaires courantes de l\u2019Association. Il se r\u00e9unit sur convocation du pr\u00e9sident, aussi souvent que l\u2019exige l\u2019int\u00e9r\u00eat de l\u2019association et au moins deux fois par an.<br>A l\u2019issue de chaque r\u00e9union, un proc\u00e8s-verbal est dress\u00e9, qui rend compte de l\u2019ensemble des points discut\u00e9s et d\u00e9cisions prises.<\/p>\n\n\n\n<p><strong>ARTICLE 14 \u2013 INDEMNITES<\/strong><\/p>\n\n\n\n<p>Toutes les fonctions, y compris celles des membres du conseil d\u2019administration et du bureau, sont gratuites et b\u00e9n\u00e9voles. Seuls les frais occasionn\u00e9s par l\u2019accomplissement de leur mandat sont rembours\u00e9s sur justificatifs. Le rapport financier pr\u00e9sent\u00e9 \u00e0 l\u2019assembl\u00e9e g\u00e9n\u00e9rale ordinaire pr\u00e9sente, par b\u00e9n\u00e9ficiaire, les remboursements de frais de mission, de d\u00e9placement ou de repr\u00e9sentation.<\/p>\n\n\n\n<p><strong>ARTICLE 15 &#8211; REGLEMENT INTERIEUR<\/strong><\/p>\n\n\n\n<p>Un r\u00e8glement int\u00e9rieur peut \u00eatre \u00e9tabli par le conseil d&#8217;administration, qui le fait alors approuver par l&#8217;assembl\u00e9e g\u00e9n\u00e9rale.<\/p>\n\n\n\n<p>Ce r\u00e8glement \u00e9ventuel est destin\u00e9 \u00e0 fixer les divers points non pr\u00e9vus par les pr\u00e9sents statuts, notamment ceux qui ont trait \u00e0 l&#8217;administration interne de l&#8217;association.<\/p>\n\n\n\n<p><strong>ARTICLE 16 &#8211; DISSOLUTION<\/strong><\/p>\n\n\n\n<p>En cas de dissolution prononc\u00e9e selon les modalit\u00e9s pr\u00e9vues \u00e0 l\u2019article 10, un ou plusieurs liquidateurs sont nomm\u00e9s, et l&#8217;actif net, s&#8217;il y a lieu, est d\u00e9volu \u00e0 un organisme ayant un but non lucratif ou \u00e0 une association ayant des buts similaires, conform\u00e9ment aux d\u00e9cisions de l\u2019assembl\u00e9e g\u00e9n\u00e9rale extraordinaire qui statue sur la dissolution. L\u2019actif net ne peut \u00eatre d\u00e9volu \u00e0 un membre de l\u2019association, m\u00eame partiellement, sauf reprise d\u2019un apport.<\/p>\n\n\n\n<p>Les pr\u00e9sents Statuts sont \u00e9tablis en autant d\u2019exemplaires que de membres fondateurs. Un exemplaire des pr\u00e9sents Statuts sera \u00e9galement adress\u00e9 \u00e0 la Pr\u00e9fecture pour enregistrement.<\/p>\n","protected":false},"excerpt":{"rendered":"<p>STATUTS CONSTITUTIFS DARWIN FOREVER Propos\u00e9 aux associations d\u00e9clar\u00e9es par application de la loi du 1er juillet 1901 et du d\u00e9cret du 16 ao\u00fbt 1901. ARTICLE 1 \u2013 NOM En date<\/p><\/div>\n<div class=\"blog-btn\"><a href=\"https:\/\/darwinforever.com\/index.php\/statut-association\/\" class=\"home-blog-btn\">Lire la suite<\/a><\/p>\n","protected":false},"author":1,"featured_media":0,"parent":0,"menu_order":0,"comment_status":"closed","ping_status":"closed","template":"","meta":{"_bbp_topic_count":0,"_bbp_reply_count":0,"_bbp_total_topic_count":0,"_bbp_total_reply_count":0,"_bbp_voice_count":0,"_bbp_anonymous_reply_count":0,"_bbp_topic_count_hidden":0,"_bbp_reply_count_hidden":0,"_bbp_forum_subforum_count":0,"jetpack_post_was_ever_published":false,"footnotes":""},"class_list":["post-2176","page","type-page","status-publish","hentry"],"yoast_head":"<!-- This site is optimized with the Yoast SEO plugin v27.3 - https:\/\/yoast.com\/product\/yoast-seo-wordpress\/ -->\n<title>Statut Association - Darwin Forever<\/title>\n<meta name=\"robots\" content=\"index, follow, max-snippet:-1, max-image-preview:large, max-video-preview:-1\" \/>\n<link rel=\"canonical\" href=\"https:\/\/darwinforever.com\/index.php\/statut-association\/\" \/>\n<meta property=\"og:locale\" content=\"fr_FR\" \/>\n<meta property=\"og:type\" content=\"article\" \/>\n<meta property=\"og:title\" content=\"Statut Association - Darwin Forever\" \/>\n<meta property=\"og:description\" content=\"STATUTS CONSTITUTIFS DARWIN FOREVER Propos\u00e9 aux associations d\u00e9clar\u00e9es par application de la loi du 1er juillet 1901 et du d\u00e9cret du 16 ao\u00fbt 1901. ARTICLE 1 \u2013 NOM En dateLire la suite\" \/>\n<meta property=\"og:url\" content=\"https:\/\/darwinforever.com\/index.php\/statut-association\/\" \/>\n<meta property=\"og:site_name\" content=\"Darwin Forever\" \/>\n<meta property=\"article:publisher\" content=\"https:\/\/www.facebook.com\/darwinforever06\/\" \/>\n<meta property=\"article:modified_time\" content=\"2020-11-10T17:34:17+00:00\" \/>\n<meta name=\"twitter:card\" content=\"summary_large_image\" \/>\n<meta name=\"twitter:label1\" content=\"Dur\u00e9e de lecture estim\u00e9e\" \/>\n\t<meta name=\"twitter:data1\" content=\"9 minutes\" \/>\n<script type=\"application\/ld+json\" class=\"yoast-schema-graph\">{\"@context\":\"https:\\\/\\\/schema.org\",\"@graph\":[{\"@type\":\"WebPage\",\"@id\":\"https:\\\/\\\/darwinforever.com\\\/index.php\\\/statut-association\\\/\",\"url\":\"https:\\\/\\\/darwinforever.com\\\/index.php\\\/statut-association\\\/\",\"name\":\"Statut Association - Darwin Forever\",\"isPartOf\":{\"@id\":\"https:\\\/\\\/darwinforever.com\\\/#website\"},\"datePublished\":\"2020-11-10T17:34:16+00:00\",\"dateModified\":\"2020-11-10T17:34:17+00:00\",\"breadcrumb\":{\"@id\":\"https:\\\/\\\/darwinforever.com\\\/index.php\\\/statut-association\\\/#breadcrumb\"},\"inLanguage\":\"fr-FR\",\"potentialAction\":[{\"@type\":\"ReadAction\",\"target\":[\"https:\\\/\\\/darwinforever.com\\\/index.php\\\/statut-association\\\/\"]}]},{\"@type\":\"BreadcrumbList\",\"@id\":\"https:\\\/\\\/darwinforever.com\\\/index.php\\\/statut-association\\\/#breadcrumb\",\"itemListElement\":[{\"@type\":\"ListItem\",\"position\":1,\"name\":\"Accueil\",\"item\":\"https:\\\/\\\/darwinforever.com\\\/\"},{\"@type\":\"ListItem\",\"position\":2,\"name\":\"Statut Association\"}]},{\"@type\":\"WebSite\",\"@id\":\"https:\\\/\\\/darwinforever.com\\\/#website\",\"url\":\"https:\\\/\\\/darwinforever.com\\\/\",\"name\":\"Darwin Forever\",\"description\":\"Communaut\u00e9 de Jeunes Engag\u00e9s en faveur des Animaux et de leur Environnement\",\"publisher\":{\"@id\":\"https:\\\/\\\/darwinforever.com\\\/#organization\"},\"potentialAction\":[{\"@type\":\"SearchAction\",\"target\":{\"@type\":\"EntryPoint\",\"urlTemplate\":\"https:\\\/\\\/darwinforever.com\\\/?s={search_term_string}\"},\"query-input\":{\"@type\":\"PropertyValueSpecification\",\"valueRequired\":true,\"valueName\":\"search_term_string\"}}],\"inLanguage\":\"fr-FR\"},{\"@type\":\"Organization\",\"@id\":\"https:\\\/\\\/darwinforever.com\\\/#organization\",\"name\":\"Darwin Forever\",\"url\":\"https:\\\/\\\/darwinforever.com\\\/\",\"logo\":{\"@type\":\"ImageObject\",\"inLanguage\":\"fr-FR\",\"@id\":\"https:\\\/\\\/darwinforever.com\\\/#\\\/schema\\\/logo\\\/image\\\/\",\"url\":\"https:\\\/\\\/i0.wp.com\\\/darwinforever.com\\\/wp-content\\\/uploads\\\/2020\\\/11\\\/cropped-cropped-Logo-Darwin-Forever-scaled-1.jpg?fit=210%2C184&ssl=1\",\"contentUrl\":\"https:\\\/\\\/i0.wp.com\\\/darwinforever.com\\\/wp-content\\\/uploads\\\/2020\\\/11\\\/cropped-cropped-Logo-Darwin-Forever-scaled-1.jpg?fit=210%2C184&ssl=1\",\"width\":210,\"height\":184,\"caption\":\"Darwin Forever\"},\"image\":{\"@id\":\"https:\\\/\\\/darwinforever.com\\\/#\\\/schema\\\/logo\\\/image\\\/\"},\"sameAs\":[\"https:\\\/\\\/www.facebook.com\\\/darwinforever06\\\/\",\"https:\\\/\\\/www.youtube.com\\\/channel\\\/UC0zCalAVmu2K_Xj4BMlfciA\"]}]}<\/script>\n<!-- \/ Yoast SEO plugin. -->","yoast_head_json":{"title":"Statut Association - Darwin Forever","robots":{"index":"index","follow":"follow","max-snippet":"max-snippet:-1","max-image-preview":"max-image-preview:large","max-video-preview":"max-video-preview:-1"},"canonical":"https:\/\/darwinforever.com\/index.php\/statut-association\/","og_locale":"fr_FR","og_type":"article","og_title":"Statut Association - Darwin Forever","og_description":"STATUTS CONSTITUTIFS DARWIN FOREVER Propos\u00e9 aux associations d\u00e9clar\u00e9es par application de la loi du 1er juillet 1901 et du d\u00e9cret du 16 ao\u00fbt 1901. ARTICLE 1 \u2013 NOM En dateLire la suite","og_url":"https:\/\/darwinforever.com\/index.php\/statut-association\/","og_site_name":"Darwin Forever","article_publisher":"https:\/\/www.facebook.com\/darwinforever06\/","article_modified_time":"2020-11-10T17:34:17+00:00","twitter_card":"summary_large_image","twitter_misc":{"Dur\u00e9e de lecture estim\u00e9e":"9 minutes"},"schema":{"@context":"https:\/\/schema.org","@graph":[{"@type":"WebPage","@id":"https:\/\/darwinforever.com\/index.php\/statut-association\/","url":"https:\/\/darwinforever.com\/index.php\/statut-association\/","name":"Statut Association - Darwin Forever","isPartOf":{"@id":"https:\/\/darwinforever.com\/#website"},"datePublished":"2020-11-10T17:34:16+00:00","dateModified":"2020-11-10T17:34:17+00:00","breadcrumb":{"@id":"https:\/\/darwinforever.com\/index.php\/statut-association\/#breadcrumb"},"inLanguage":"fr-FR","potentialAction":[{"@type":"ReadAction","target":["https:\/\/darwinforever.com\/index.php\/statut-association\/"]}]},{"@type":"BreadcrumbList","@id":"https:\/\/darwinforever.com\/index.php\/statut-association\/#breadcrumb","itemListElement":[{"@type":"ListItem","position":1,"name":"Accueil","item":"https:\/\/darwinforever.com\/"},{"@type":"ListItem","position":2,"name":"Statut Association"}]},{"@type":"WebSite","@id":"https:\/\/darwinforever.com\/#website","url":"https:\/\/darwinforever.com\/","name":"Darwin Forever","description":"Communaut\u00e9 de Jeunes Engag\u00e9s en faveur des Animaux et de leur Environnement","publisher":{"@id":"https:\/\/darwinforever.com\/#organization"},"potentialAction":[{"@type":"SearchAction","target":{"@type":"EntryPoint","urlTemplate":"https:\/\/darwinforever.com\/?s={search_term_string}"},"query-input":{"@type":"PropertyValueSpecification","valueRequired":true,"valueName":"search_term_string"}}],"inLanguage":"fr-FR"},{"@type":"Organization","@id":"https:\/\/darwinforever.com\/#organization","name":"Darwin Forever","url":"https:\/\/darwinforever.com\/","logo":{"@type":"ImageObject","inLanguage":"fr-FR","@id":"https:\/\/darwinforever.com\/#\/schema\/logo\/image\/","url":"https:\/\/i0.wp.com\/darwinforever.com\/wp-content\/uploads\/2020\/11\/cropped-cropped-Logo-Darwin-Forever-scaled-1.jpg?fit=210%2C184&ssl=1","contentUrl":"https:\/\/i0.wp.com\/darwinforever.com\/wp-content\/uploads\/2020\/11\/cropped-cropped-Logo-Darwin-Forever-scaled-1.jpg?fit=210%2C184&ssl=1","width":210,"height":184,"caption":"Darwin Forever"},"image":{"@id":"https:\/\/darwinforever.com\/#\/schema\/logo\/image\/"},"sameAs":["https:\/\/www.facebook.com\/darwinforever06\/","https:\/\/www.youtube.com\/channel\/UC0zCalAVmu2K_Xj4BMlfciA"]}]}},"jetpack_sharing_enabled":true,"jetpack_likes_enabled":true,"_links":{"self":[{"href":"https:\/\/darwinforever.com\/index.php\/wp-json\/wp\/v2\/pages\/2176","targetHints":{"allow":["GET"]}}],"collection":[{"href":"https:\/\/darwinforever.com\/index.php\/wp-json\/wp\/v2\/pages"}],"about":[{"href":"https:\/\/darwinforever.com\/index.php\/wp-json\/wp\/v2\/types\/page"}],"author":[{"embeddable":true,"href":"https:\/\/darwinforever.com\/index.php\/wp-json\/wp\/v2\/users\/1"}],"replies":[{"embeddable":true,"href":"https:\/\/darwinforever.com\/index.php\/wp-json\/wp\/v2\/comments?post=2176"}],"version-history":[{"count":0,"href":"https:\/\/darwinforever.com\/index.php\/wp-json\/wp\/v2\/pages\/2176\/revisions"}],"wp:attachment":[{"href":"https:\/\/darwinforever.com\/index.php\/wp-json\/wp\/v2\/media?parent=2176"}],"curies":[{"name":"wp","href":"https:\/\/api.w.org\/{rel}","templated":true}]}}