{"id":2146,"date":"2020-11-07T23:48:33","date_gmt":"2020-11-07T22:48:33","guid":{"rendered":"https:\/\/darwinforever.com\/?page_id=2146"},"modified":"2020-12-17T11:08:28","modified_gmt":"2020-12-17T10:08:28","slug":"dons-panier-de-noel-2020-pour-les-animaux-abandonnes","status":"publish","type":"page","link":"https:\/\/darwinforever.com\/index.php\/dons-panier-de-noel-2020-pour-les-animaux-abandonnes\/","title":{"rendered":"Faire un don"},"content":{"rendered":"\n<p>Vous souhaitez faire un don par courrier ou en ligne ?<br><strong>Vous \u00eates au bon endroit !<\/strong><\/p>\n\n\n\n<p>Par ch\u00e8que \u00e0 l&#8217;adresse :<br>DARWIN FOREVER &#8211; Maison des associations<br>sise 16 rue de l&#8217;Ancien Palais de Justice &#8211; 06130 Grasse<br>Pr\u00e9ciser vos coordonn\u00e9es<br>NOM :                               |PRENOM :<br>DATE DE NAISSANCE :<br>ADRESSE :<br>CODE POSTAL :              |VILLE:<br>PAYS:                                |Email :<br>T\u00e9l\u00e9phone Fixe: |T\u00e9l\u00e9phone Mobile:<\/p>\n\n\n\n<iframe id=\"haWidget\" allowtransparency=\"true\" scrolling=\"auto\" src=\"https:\/\/www.helloasso.com\/associations\/darwin-forever\/formulaires\/1\/widget\" style=\"width:100%;height:750px;border:none;\" onload=\"window.scroll(0, this.offsetTop)\"><\/iframe>\n\n\n\n<p><\/p>\n","protected":false},"excerpt":{"rendered":"<p>Vous souhaitez faire un don par courrier ou en ligne ?Vous \u00eates au bon endroit ! Par ch\u00e8que \u00e0 l&#8217;adresse :DARWIN FOREVER &#8211; Maison des associationssise 16 rue de l&#8217;Ancien<\/p><\/div>\n<div class=\"blog-btn\"><a href=\"https:\/\/darwinforever.com\/index.php\/dons-panier-de-noel-2020-pour-les-animaux-abandonnes\/\" class=\"home-blog-btn\">Lire la suite<\/a><\/p>\n","protected":false},"author":1,"featured_media":0,"parent":0,"menu_order":0,"comment_status":"closed","ping_status":"closed","template":"","meta":{"_bbp_topic_count":0,"_bbp_reply_count":0,"_bbp_total_topic_count":0,"_bbp_total_reply_count":0,"_bbp_voice_count":0,"_bbp_anonymous_reply_count":0,"_bbp_topic_count_hidden":0,"_bbp_reply_count_hidden":0,"_bbp_forum_subforum_count":0,"jetpack_post_was_ever_published":false,"footnotes":""},"class_list":["post-2146","page","type-page","status-publish","hentry"],"yoast_head":"<!-- This site is optimized with the Yoast SEO plugin v27.4 - https:\/\/yoast.com\/product\/yoast-seo-wordpress\/ -->\n<title>Faire un don - Darwin Forever<\/title>\n<meta name=\"robots\" content=\"index, follow, max-snippet:-1, max-image-preview:large, max-video-preview:-1\" \/>\n<link rel=\"canonical\" href=\"https:\/\/darwinforever.com\/index.php\/dons-panier-de-noel-2020-pour-les-animaux-abandonnes\/\" \/>\n<meta property=\"og:locale\" content=\"fr_FR\" \/>\n<meta property=\"og:type\" content=\"article\" \/>\n<meta property=\"og:title\" content=\"Faire un don - Darwin Forever\" \/>\n<meta property=\"og:description\" content=\"Vous souhaitez faire un don par courrier ou en ligne ?Vous \u00eates au bon endroit ! Par ch\u00e8que \u00e0 l&#8217;adresse :DARWIN FOREVER &#8211; Maison des associationssise 16 rue de l&#8217;AncienLire la suite\" \/>\n<meta property=\"og:url\" content=\"https:\/\/darwinforever.com\/index.php\/dons-panier-de-noel-2020-pour-les-animaux-abandonnes\/\" \/>\n<meta property=\"og:site_name\" content=\"Darwin Forever\" \/>\n<meta property=\"article:publisher\" content=\"https:\/\/www.facebook.com\/darwinforever06\/\" \/>\n<meta property=\"article:modified_time\" content=\"2020-12-17T10:08:28+00:00\" \/>\n<meta name=\"twitter:card\" content=\"summary_large_image\" \/>\n<script type=\"application\/ld+json\" class=\"yoast-schema-graph\">{\"@context\":\"https:\\\/\\\/schema.org\",\"@graph\":[{\"@type\":\"WebPage\",\"@id\":\"https:\\\/\\\/darwinforever.com\\\/index.php\\\/dons-panier-de-noel-2020-pour-les-animaux-abandonnes\\\/\",\"url\":\"https:\\\/\\\/darwinforever.com\\\/index.php\\\/dons-panier-de-noel-2020-pour-les-animaux-abandonnes\\\/\",\"name\":\"Faire un don - Darwin Forever\",\"isPartOf\":{\"@id\":\"https:\\\/\\\/darwinforever.com\\\/#website\"},\"datePublished\":\"2020-11-07T22:48:33+00:00\",\"dateModified\":\"2020-12-17T10:08:28+00:00\",\"breadcrumb\":{\"@id\":\"https:\\\/\\\/darwinforever.com\\\/index.php\\\/dons-panier-de-noel-2020-pour-les-animaux-abandonnes\\\/#breadcrumb\"},\"inLanguage\":\"fr-FR\",\"potentialAction\":[{\"@type\":\"ReadAction\",\"target\":[\"https:\\\/\\\/darwinforever.com\\\/index.php\\\/dons-panier-de-noel-2020-pour-les-animaux-abandonnes\\\/\"]}]},{\"@type\":\"BreadcrumbList\",\"@id\":\"https:\\\/\\\/darwinforever.com\\\/index.php\\\/dons-panier-de-noel-2020-pour-les-animaux-abandonnes\\\/#breadcrumb\",\"itemListElement\":[{\"@type\":\"ListItem\",\"position\":1,\"name\":\"Accueil\",\"item\":\"https:\\\/\\\/darwinforever.com\\\/\"},{\"@type\":\"ListItem\",\"position\":2,\"name\":\"Faire un don\"}]},{\"@type\":\"WebSite\",\"@id\":\"https:\\\/\\\/darwinforever.com\\\/#website\",\"url\":\"https:\\\/\\\/darwinforever.com\\\/\",\"name\":\"Darwin Forever\",\"description\":\"Communaut\u00e9 de Jeunes Engag\u00e9s en faveur des Animaux et de leur Environnement\",\"publisher\":{\"@id\":\"https:\\\/\\\/darwinforever.com\\\/#organization\"},\"potentialAction\":[{\"@type\":\"SearchAction\",\"target\":{\"@type\":\"EntryPoint\",\"urlTemplate\":\"https:\\\/\\\/darwinforever.com\\\/?s={search_term_string}\"},\"query-input\":{\"@type\":\"PropertyValueSpecification\",\"valueRequired\":true,\"valueName\":\"search_term_string\"}}],\"inLanguage\":\"fr-FR\"},{\"@type\":\"Organization\",\"@id\":\"https:\\\/\\\/darwinforever.com\\\/#organization\",\"name\":\"Darwin Forever\",\"url\":\"https:\\\/\\\/darwinforever.com\\\/\",\"logo\":{\"@type\":\"ImageObject\",\"inLanguage\":\"fr-FR\",\"@id\":\"https:\\\/\\\/darwinforever.com\\\/#\\\/schema\\\/logo\\\/image\\\/\",\"url\":\"https:\\\/\\\/i0.wp.com\\\/darwinforever.com\\\/wp-content\\\/uploads\\\/2020\\\/11\\\/cropped-cropped-Logo-Darwin-Forever-scaled-1.jpg?fit=210%2C184&ssl=1\",\"contentUrl\":\"https:\\\/\\\/i0.wp.com\\\/darwinforever.com\\\/wp-content\\\/uploads\\\/2020\\\/11\\\/cropped-cropped-Logo-Darwin-Forever-scaled-1.jpg?fit=210%2C184&ssl=1\",\"width\":210,\"height\":184,\"caption\":\"Darwin Forever\"},\"image\":{\"@id\":\"https:\\\/\\\/darwinforever.com\\\/#\\\/schema\\\/logo\\\/image\\\/\"},\"sameAs\":[\"https:\\\/\\\/www.facebook.com\\\/darwinforever06\\\/\",\"https:\\\/\\\/www.youtube.com\\\/channel\\\/UC0zCalAVmu2K_Xj4BMlfciA\"]}]}<\/script>\n<!-- \/ Yoast SEO plugin. -->","yoast_head_json":{"title":"Faire un don - Darwin Forever","robots":{"index":"index","follow":"follow","max-snippet":"max-snippet:-1","max-image-preview":"max-image-preview:large","max-video-preview":"max-video-preview:-1"},"canonical":"https:\/\/darwinforever.com\/index.php\/dons-panier-de-noel-2020-pour-les-animaux-abandonnes\/","og_locale":"fr_FR","og_type":"article","og_title":"Faire un don - Darwin Forever","og_description":"Vous souhaitez faire un don par courrier ou en ligne ?Vous \u00eates au bon endroit ! Par ch\u00e8que \u00e0 l&#8217;adresse :DARWIN FOREVER &#8211; Maison des associationssise 16 rue de l&#8217;AncienLire la suite","og_url":"https:\/\/darwinforever.com\/index.php\/dons-panier-de-noel-2020-pour-les-animaux-abandonnes\/","og_site_name":"Darwin Forever","article_publisher":"https:\/\/www.facebook.com\/darwinforever06\/","article_modified_time":"2020-12-17T10:08:28+00:00","twitter_card":"summary_large_image","schema":{"@context":"https:\/\/schema.org","@graph":[{"@type":"WebPage","@id":"https:\/\/darwinforever.com\/index.php\/dons-panier-de-noel-2020-pour-les-animaux-abandonnes\/","url":"https:\/\/darwinforever.com\/index.php\/dons-panier-de-noel-2020-pour-les-animaux-abandonnes\/","name":"Faire un don - Darwin Forever","isPartOf":{"@id":"https:\/\/darwinforever.com\/#website"},"datePublished":"2020-11-07T22:48:33+00:00","dateModified":"2020-12-17T10:08:28+00:00","breadcrumb":{"@id":"https:\/\/darwinforever.com\/index.php\/dons-panier-de-noel-2020-pour-les-animaux-abandonnes\/#breadcrumb"},"inLanguage":"fr-FR","potentialAction":[{"@type":"ReadAction","target":["https:\/\/darwinforever.com\/index.php\/dons-panier-de-noel-2020-pour-les-animaux-abandonnes\/"]}]},{"@type":"BreadcrumbList","@id":"https:\/\/darwinforever.com\/index.php\/dons-panier-de-noel-2020-pour-les-animaux-abandonnes\/#breadcrumb","itemListElement":[{"@type":"ListItem","position":1,"name":"Accueil","item":"https:\/\/darwinforever.com\/"},{"@type":"ListItem","position":2,"name":"Faire un don"}]},{"@type":"WebSite","@id":"https:\/\/darwinforever.com\/#website","url":"https:\/\/darwinforever.com\/","name":"Darwin Forever","description":"Communaut\u00e9 de Jeunes Engag\u00e9s en faveur des Animaux et de leur Environnement","publisher":{"@id":"https:\/\/darwinforever.com\/#organization"},"potentialAction":[{"@type":"SearchAction","target":{"@type":"EntryPoint","urlTemplate":"https:\/\/darwinforever.com\/?s={search_term_string}"},"query-input":{"@type":"PropertyValueSpecification","valueRequired":true,"valueName":"search_term_string"}}],"inLanguage":"fr-FR"},{"@type":"Organization","@id":"https:\/\/darwinforever.com\/#organization","name":"Darwin Forever","url":"https:\/\/darwinforever.com\/","logo":{"@type":"ImageObject","inLanguage":"fr-FR","@id":"https:\/\/darwinforever.com\/#\/schema\/logo\/image\/","url":"https:\/\/i0.wp.com\/darwinforever.com\/wp-content\/uploads\/2020\/11\/cropped-cropped-Logo-Darwin-Forever-scaled-1.jpg?fit=210%2C184&ssl=1","contentUrl":"https:\/\/i0.wp.com\/darwinforever.com\/wp-content\/uploads\/2020\/11\/cropped-cropped-Logo-Darwin-Forever-scaled-1.jpg?fit=210%2C184&ssl=1","width":210,"height":184,"caption":"Darwin Forever"},"image":{"@id":"https:\/\/darwinforever.com\/#\/schema\/logo\/image\/"},"sameAs":["https:\/\/www.facebook.com\/darwinforever06\/","https:\/\/www.youtube.com\/channel\/UC0zCalAVmu2K_Xj4BMlfciA"]}]}},"jetpack_sharing_enabled":true,"jetpack_likes_enabled":true,"_links":{"self":[{"href":"https:\/\/darwinforever.com\/index.php\/wp-json\/wp\/v2\/pages\/2146","targetHints":{"allow":["GET"]}}],"collection":[{"href":"https:\/\/darwinforever.com\/index.php\/wp-json\/wp\/v2\/pages"}],"about":[{"href":"https:\/\/darwinforever.com\/index.php\/wp-json\/wp\/v2\/types\/page"}],"author":[{"embeddable":true,"href":"https:\/\/darwinforever.com\/index.php\/wp-json\/wp\/v2\/users\/1"}],"replies":[{"embeddable":true,"href":"https:\/\/darwinforever.com\/index.php\/wp-json\/wp\/v2\/comments?post=2146"}],"version-history":[{"count":0,"href":"https:\/\/darwinforever.com\/index.php\/wp-json\/wp\/v2\/pages\/2146\/revisions"}],"wp:attachment":[{"href":"https:\/\/darwinforever.com\/index.php\/wp-json\/wp\/v2\/media?parent=2146"}],"curies":[{"name":"wp","href":"https:\/\/api.w.org\/{rel}","templated":true}]}}