{"id":2067,"date":"2020-11-06T13:07:29","date_gmt":"2020-11-06T12:07:29","guid":{"rendered":"https:\/\/darwinforever.com\/?page_id=2067"},"modified":"2025-10-30T10:28:32","modified_gmt":"2025-10-30T09:28:32","slug":"devenir-membre-online","status":"publish","type":"page","link":"https:\/\/darwinforever.com\/index.php\/devenir-membre-online\/","title":{"rendered":"Devenir Membre en ligne"},"content":{"rendered":"\n<p>L\u2019association Darwin Forever a pour vocation de monter des projets en faveur de la <strong>protection des animaux et de la pr\u00e9servation de leur milieu naturel.<\/strong><br>Nous offrons <strong>aux enfants, aux adolescents et aux jeunes jusqu&#8217;\u00e0 25 ans<\/strong>, un espace d\u2019expression, d\u2019\u00e9changes et d\u2019actions, pour <strong>d\u00e9fendre les animaux et leur environnement naturel.<\/strong><br>Et<strong> nous valorisons le travail de chaque membre actif<\/strong>.<\/p>\n\n\n<div class=\"wp-block-image\">\n<figure class=\"aligncenter size-large\"><img data-recalc-dims=\"1\" loading=\"lazy\" decoding=\"async\" width=\"696\" height=\"600\" data-orig-file=\"https:\/\/i0.wp.com\/darwinforever.com\/wp-content\/uploads\/2023\/01\/photo_2023-01-20_19-00-55.jpg?fit=1080%2C931&amp;ssl=1\" data-attachment-url=\"https:\/\/darwinforever.com\/index.php\/devenir-membre-online\/photo_2023-01-20_19-00-55\/\" data-aspectratio=\"1.16\" data-caption=\"\" data-image-title=\"photo_2023-01-20_19-00-55\" data-image-description=\"\" srcset=\"https:\/\/i0.wp.com\/darwinforever.com\/wp-content\/uploads\/2023\/01\/photo_2023-01-20_19-00-55.jpg?w=1080&amp;ssl=1 1080w, https:\/\/i0.wp.com\/darwinforever.com\/wp-content\/uploads\/2023\/01\/photo_2023-01-20_19-00-55.jpg?resize=300%2C259&amp;ssl=1 300w, https:\/\/i0.wp.com\/darwinforever.com\/wp-content\/uploads\/2023\/01\/photo_2023-01-20_19-00-55.jpg?resize=1024%2C883&amp;ssl=1 1024w, https:\/\/i0.wp.com\/darwinforever.com\/wp-content\/uploads\/2023\/01\/photo_2023-01-20_19-00-55.jpg?resize=768%2C662&amp;ssl=1 768w\" src=\"https:\/\/i0.wp.com\/darwinforever.com\/wp-content\/uploads\/2023\/01\/photo_2023-01-20_19-00-55.jpg?resize=696%2C600&#038;ssl=1\" alt=\". .\" class=\"wp-image-4045\"\/><\/figure>\n\n<script type=\"application\/ld+json\">[\n    {\n        \"@context\": \"https:\/\/schema.org\/\",\n        \"@type\": \"ImageObject\",\n        \"contentUrl\": \"https:\/\/darwinforever.com\/wp-content\/uploads\/2023\/01\/photo_2023-01-20_19-00-55.jpg\",\n        \"license\": \"\",\n        \"acquireLicensePage\": \"\"\n    }\n]<\/script><\/div>\n\n\n<p>Les projets peuvent \u00eatre r\u00e9alis\u00e9s en solo ou en collaboration avec d\u2019autres membres, dans tous les pays et dans toutes les langues. Tout projet de communication, ou d\u2019actions sur le terrain, d\u2019op\u00e9rations de collecte doit \u00eatre pr\u00e9sent\u00e9 \u00e0 la pr\u00e9sidente par mail <a href=\"&#x6d;&#97;i&#x6c;&#116;o&#x3a;&#100;a&#x72;&#119;i&#x6e;&#64;d&#x61;&#114;w&#x69;&#110;f&#x6f;&#114;e&#x76;&#101;r&#x2e;&#99;o&#x6d;\">&#x64;&#x61;&#x72;&#119;&#105;&#110;&#64;d&#x61;&#x72;&#x77;&#x69;&#110;&#102;or&#x65;&#x76;&#x65;&#x72;&#46;&#99;om<\/a> pour accord et validation (car tout projet doit \u00eatre en accord avec les valeurs de l\u2019association)<\/p>\n\n\n\n<div data-wp-interactive=\"core\/file\" class=\"wp-block-file\"><object data-wp-bind--hidden=\"!state.hasPdfPreview\" hidden class=\"wp-block-file__embed\" data=\"https:\/\/darwinforever.com\/wp-content\/uploads\/2025\/10\/RIB-DARWIN-FOREVER.pdf\" type=\"application\/pdf\" style=\"width:100%;height:600px\" aria-label=\"Contenu embarqu\u00e9 RIB DARWIN FOREVER.\"><\/object><a id=\"wp-block-file--media-d1b88d73-0d99-4bc4-b13e-4627987f8aad\" href=\"https:\/\/darwinforever.com\/wp-content\/uploads\/2025\/10\/RIB-DARWIN-FOREVER.pdf\">RIB DARWIN FOREVER<\/a><a href=\"https:\/\/darwinforever.com\/wp-content\/uploads\/2025\/10\/RIB-DARWIN-FOREVER.pdf\" class=\"wp-block-file__button wp-element-button\" download aria-describedby=\"wp-block-file--media-d1b88d73-0d99-4bc4-b13e-4627987f8aad\">T\u00e9l\u00e9charger<\/a><\/div>\n\n\n\n<p><strong>RIB de l\u2019association Darwin Forever loi 1901 :<\/strong><\/p>\n\n\n\n<p><strong>RIB FR 19106 00602 4368382005071<\/strong><\/p>\n\n\n\n<p><strong>IBAN FR7619106006024368382005071<\/strong>&nbsp;<strong>BIC : AGRIFRPP891<\/strong><\/p>\n\n\n\n<p><strong>ASSOCIATION DARWIN FOREVER \u2013 Maison des associations<br>sise 16 rue de l\u2019Ancien Palais de Justice \u2013 06130 Grasse<\/strong><\/p>\n\n\n\n<p><\/p>\n\n\n<div class=\"wp-block-image\">\n<figure class=\"aligncenter size-large is-resized\"><img data-recalc-dims=\"1\" loading=\"lazy\" decoding=\"async\" width=\"696\" height=\"174\" data-orig-file=\"https:\/\/i0.wp.com\/darwinforever.com\/wp-content\/uploads\/2023\/07\/DARWIN-FOREVER-pdf-pdf-scaled.jpg?fit=2560%2C640&amp;ssl=1\" data-attachment-url=\"https:\/\/darwinforever.com\/index.php\/devenir-membre-online\/darwin-forever-pdf-pdf\/\" data-aspectratio=\"4\" data-caption=\"\" data-image-title=\"DARWIN-FOREVER-pdf-pdf\" data-image-description=\"\" srcset=\"https:\/\/i0.wp.com\/darwinforever.com\/wp-content\/uploads\/2023\/07\/DARWIN-FOREVER-pdf-pdf-scaled.jpg?w=2560&amp;ssl=1 2560w, https:\/\/i0.wp.com\/darwinforever.com\/wp-content\/uploads\/2023\/07\/DARWIN-FOREVER-pdf-pdf-scaled.jpg?resize=300%2C75&amp;ssl=1 300w, https:\/\/i0.wp.com\/darwinforever.com\/wp-content\/uploads\/2023\/07\/DARWIN-FOREVER-pdf-pdf-scaled.jpg?resize=1024%2C256&amp;ssl=1 1024w, https:\/\/i0.wp.com\/darwinforever.com\/wp-content\/uploads\/2023\/07\/DARWIN-FOREVER-pdf-pdf-scaled.jpg?resize=768%2C192&amp;ssl=1 768w, https:\/\/i0.wp.com\/darwinforever.com\/wp-content\/uploads\/2023\/07\/DARWIN-FOREVER-pdf-pdf-scaled.jpg?resize=1536%2C384&amp;ssl=1 1536w, https:\/\/i0.wp.com\/darwinforever.com\/wp-content\/uploads\/2023\/07\/DARWIN-FOREVER-pdf-pdf-scaled.jpg?resize=2048%2C512&amp;ssl=1 2048w, https:\/\/i0.wp.com\/darwinforever.com\/wp-content\/uploads\/2023\/07\/DARWIN-FOREVER-pdf-pdf-scaled.jpg?w=1392&amp;ssl=1 1392w\" src=\"https:\/\/i0.wp.com\/darwinforever.com\/wp-content\/uploads\/2023\/07\/DARWIN-FOREVER-pdf-pdf.jpg?resize=696%2C174&#038;ssl=1\" alt=\". .\" class=\"wp-image-4371\" style=\"width:1193px;height:299px\"\/><\/figure>\n\n<script type=\"application\/ld+json\">[\n    {\n        \"@context\": \"https:\/\/schema.org\/\",\n        \"@type\": \"ImageObject\",\n        \"contentUrl\": \"https:\/\/darwinforever.com\/wp-content\/uploads\/2023\/07\/DARWIN-FOREVER-pdf-pdf-scaled.jpg\",\n        \"license\": \"\",\n        \"acquireLicensePage\": \"\"\n    }\n]<\/script><\/div>\n\n\n<p class=\"has-text-align-center\">merci \u00e0 notre membre Valentin 15ans pour la cr\u00e9ation de ce visuel. Bravoooo!<\/p>\n","protected":false},"excerpt":{"rendered":"<p>L\u2019association Darwin Forever a pour vocation de monter des projets en faveur de la protection des animaux et de la pr\u00e9servation de leur milieu naturel.Nous offrons aux enfants, aux adolescents<\/p><\/div>\n<div class=\"blog-btn\"><a href=\"https:\/\/darwinforever.com\/index.php\/devenir-membre-online\/\" class=\"home-blog-btn\">Lire la suite<\/a><\/p>\n","protected":false},"author":1,"featured_media":0,"parent":0,"menu_order":0,"comment_status":"closed","ping_status":"closed","template":"","meta":{"_bbp_topic_count":0,"_bbp_reply_count":0,"_bbp_total_topic_count":0,"_bbp_total_reply_count":0,"_bbp_voice_count":0,"_bbp_anonymous_reply_count":0,"_bbp_topic_count_hidden":0,"_bbp_reply_count_hidden":0,"_bbp_forum_subforum_count":0,"jetpack_post_was_ever_published":false,"footnotes":""},"class_list":["post-2067","page","type-page","status-publish","hentry"],"yoast_head":"<!-- This site is optimized with the Yoast SEO plugin v27.3 - https:\/\/yoast.com\/product\/yoast-seo-wordpress\/ -->\n<title>Devenir Membre en ligne - Darwin Forever<\/title>\n<meta name=\"robots\" content=\"index, follow, max-snippet:-1, max-image-preview:large, max-video-preview:-1\" \/>\n<link rel=\"canonical\" href=\"https:\/\/darwinforever.com\/index.php\/devenir-membre-online\/\" \/>\n<meta property=\"og:locale\" content=\"fr_FR\" \/>\n<meta property=\"og:type\" content=\"article\" \/>\n<meta property=\"og:title\" content=\"Devenir Membre en ligne - Darwin Forever\" \/>\n<meta property=\"og:description\" content=\"L\u2019association Darwin Forever a pour vocation de monter des projets en faveur de la protection des animaux et de la pr\u00e9servation de leur milieu naturel.Nous offrons aux enfants, aux adolescentsLire la suite\" \/>\n<meta property=\"og:url\" content=\"https:\/\/darwinforever.com\/index.php\/devenir-membre-online\/\" \/>\n<meta property=\"og:site_name\" content=\"Darwin Forever\" \/>\n<meta property=\"article:publisher\" content=\"https:\/\/www.facebook.com\/darwinforever06\/\" \/>\n<meta property=\"article:modified_time\" content=\"2025-10-30T09:28:32+00:00\" \/>\n<meta property=\"og:image\" content=\"https:\/\/darwinforever.com\/wp-content\/uploads\/2023\/01\/photo_2023-01-20_19-00-55-1024x883.jpg\" \/>\n<meta name=\"twitter:card\" content=\"summary_large_image\" \/>\n<meta name=\"twitter:label1\" content=\"Dur\u00e9e de lecture estim\u00e9e\" \/>\n\t<meta name=\"twitter:data1\" content=\"2 minutes\" \/>\n<script type=\"application\/ld+json\" class=\"yoast-schema-graph\">{\"@context\":\"https:\\\/\\\/schema.org\",\"@graph\":[{\"@type\":\"WebPage\",\"@id\":\"https:\\\/\\\/darwinforever.com\\\/index.php\\\/devenir-membre-online\\\/\",\"url\":\"https:\\\/\\\/darwinforever.com\\\/index.php\\\/devenir-membre-online\\\/\",\"name\":\"Devenir Membre en ligne - Darwin Forever\",\"isPartOf\":{\"@id\":\"https:\\\/\\\/darwinforever.com\\\/#website\"},\"primaryImageOfPage\":{\"@id\":\"https:\\\/\\\/darwinforever.com\\\/index.php\\\/devenir-membre-online\\\/#primaryimage\"},\"image\":{\"@id\":\"https:\\\/\\\/darwinforever.com\\\/index.php\\\/devenir-membre-online\\\/#primaryimage\"},\"thumbnailUrl\":\"https:\\\/\\\/darwinforever.com\\\/wp-content\\\/uploads\\\/2023\\\/01\\\/photo_2023-01-20_19-00-55-1024x883.jpg\",\"datePublished\":\"2020-11-06T12:07:29+00:00\",\"dateModified\":\"2025-10-30T09:28:32+00:00\",\"breadcrumb\":{\"@id\":\"https:\\\/\\\/darwinforever.com\\\/index.php\\\/devenir-membre-online\\\/#breadcrumb\"},\"inLanguage\":\"fr-FR\",\"potentialAction\":[{\"@type\":\"ReadAction\",\"target\":[\"https:\\\/\\\/darwinforever.com\\\/index.php\\\/devenir-membre-online\\\/\"]}]},{\"@type\":\"ImageObject\",\"inLanguage\":\"fr-FR\",\"@id\":\"https:\\\/\\\/darwinforever.com\\\/index.php\\\/devenir-membre-online\\\/#primaryimage\",\"url\":\"https:\\\/\\\/i0.wp.com\\\/darwinforever.com\\\/wp-content\\\/uploads\\\/2023\\\/01\\\/photo_2023-01-20_19-00-55.jpg?fit=1080%2C931&ssl=1\",\"contentUrl\":\"https:\\\/\\\/i0.wp.com\\\/darwinforever.com\\\/wp-content\\\/uploads\\\/2023\\\/01\\\/photo_2023-01-20_19-00-55.jpg?fit=1080%2C931&ssl=1\",\"width\":1080,\"height\":931,\"caption\":\". .\"},{\"@type\":\"BreadcrumbList\",\"@id\":\"https:\\\/\\\/darwinforever.com\\\/index.php\\\/devenir-membre-online\\\/#breadcrumb\",\"itemListElement\":[{\"@type\":\"ListItem\",\"position\":1,\"name\":\"Accueil\",\"item\":\"https:\\\/\\\/darwinforever.com\\\/\"},{\"@type\":\"ListItem\",\"position\":2,\"name\":\"Devenir Membre en ligne\"}]},{\"@type\":\"WebSite\",\"@id\":\"https:\\\/\\\/darwinforever.com\\\/#website\",\"url\":\"https:\\\/\\\/darwinforever.com\\\/\",\"name\":\"Darwin Forever\",\"description\":\"Communaut\u00e9 de Jeunes Engag\u00e9s en faveur des Animaux et de leur Environnement\",\"publisher\":{\"@id\":\"https:\\\/\\\/darwinforever.com\\\/#organization\"},\"potentialAction\":[{\"@type\":\"SearchAction\",\"target\":{\"@type\":\"EntryPoint\",\"urlTemplate\":\"https:\\\/\\\/darwinforever.com\\\/?s={search_term_string}\"},\"query-input\":{\"@type\":\"PropertyValueSpecification\",\"valueRequired\":true,\"valueName\":\"search_term_string\"}}],\"inLanguage\":\"fr-FR\"},{\"@type\":\"Organization\",\"@id\":\"https:\\\/\\\/darwinforever.com\\\/#organization\",\"name\":\"Darwin Forever\",\"url\":\"https:\\\/\\\/darwinforever.com\\\/\",\"logo\":{\"@type\":\"ImageObject\",\"inLanguage\":\"fr-FR\",\"@id\":\"https:\\\/\\\/darwinforever.com\\\/#\\\/schema\\\/logo\\\/image\\\/\",\"url\":\"https:\\\/\\\/i0.wp.com\\\/darwinforever.com\\\/wp-content\\\/uploads\\\/2020\\\/11\\\/cropped-cropped-Logo-Darwin-Forever-scaled-1.jpg?fit=210%2C184&ssl=1\",\"contentUrl\":\"https:\\\/\\\/i0.wp.com\\\/darwinforever.com\\\/wp-content\\\/uploads\\\/2020\\\/11\\\/cropped-cropped-Logo-Darwin-Forever-scaled-1.jpg?fit=210%2C184&ssl=1\",\"width\":210,\"height\":184,\"caption\":\"Darwin Forever\"},\"image\":{\"@id\":\"https:\\\/\\\/darwinforever.com\\\/#\\\/schema\\\/logo\\\/image\\\/\"},\"sameAs\":[\"https:\\\/\\\/www.facebook.com\\\/darwinforever06\\\/\",\"https:\\\/\\\/www.youtube.com\\\/channel\\\/UC0zCalAVmu2K_Xj4BMlfciA\"]}]}<\/script>\n<!-- \/ Yoast SEO plugin. -->","yoast_head_json":{"title":"Devenir Membre en ligne - Darwin Forever","robots":{"index":"index","follow":"follow","max-snippet":"max-snippet:-1","max-image-preview":"max-image-preview:large","max-video-preview":"max-video-preview:-1"},"canonical":"https:\/\/darwinforever.com\/index.php\/devenir-membre-online\/","og_locale":"fr_FR","og_type":"article","og_title":"Devenir Membre en ligne - Darwin Forever","og_description":"L\u2019association Darwin Forever a pour vocation de monter des projets en faveur de la protection des animaux et de la pr\u00e9servation de leur milieu naturel.Nous offrons aux enfants, aux adolescentsLire la suite","og_url":"https:\/\/darwinforever.com\/index.php\/devenir-membre-online\/","og_site_name":"Darwin Forever","article_publisher":"https:\/\/www.facebook.com\/darwinforever06\/","article_modified_time":"2025-10-30T09:28:32+00:00","og_image":[{"url":"https:\/\/darwinforever.com\/wp-content\/uploads\/2023\/01\/photo_2023-01-20_19-00-55-1024x883.jpg","type":"","width":"","height":""}],"twitter_card":"summary_large_image","twitter_misc":{"Dur\u00e9e de lecture estim\u00e9e":"2 minutes"},"schema":{"@context":"https:\/\/schema.org","@graph":[{"@type":"WebPage","@id":"https:\/\/darwinforever.com\/index.php\/devenir-membre-online\/","url":"https:\/\/darwinforever.com\/index.php\/devenir-membre-online\/","name":"Devenir Membre en ligne - Darwin Forever","isPartOf":{"@id":"https:\/\/darwinforever.com\/#website"},"primaryImageOfPage":{"@id":"https:\/\/darwinforever.com\/index.php\/devenir-membre-online\/#primaryimage"},"image":{"@id":"https:\/\/darwinforever.com\/index.php\/devenir-membre-online\/#primaryimage"},"thumbnailUrl":"https:\/\/darwinforever.com\/wp-content\/uploads\/2023\/01\/photo_2023-01-20_19-00-55-1024x883.jpg","datePublished":"2020-11-06T12:07:29+00:00","dateModified":"2025-10-30T09:28:32+00:00","breadcrumb":{"@id":"https:\/\/darwinforever.com\/index.php\/devenir-membre-online\/#breadcrumb"},"inLanguage":"fr-FR","potentialAction":[{"@type":"ReadAction","target":["https:\/\/darwinforever.com\/index.php\/devenir-membre-online\/"]}]},{"@type":"ImageObject","inLanguage":"fr-FR","@id":"https:\/\/darwinforever.com\/index.php\/devenir-membre-online\/#primaryimage","url":"https:\/\/i0.wp.com\/darwinforever.com\/wp-content\/uploads\/2023\/01\/photo_2023-01-20_19-00-55.jpg?fit=1080%2C931&ssl=1","contentUrl":"https:\/\/i0.wp.com\/darwinforever.com\/wp-content\/uploads\/2023\/01\/photo_2023-01-20_19-00-55.jpg?fit=1080%2C931&ssl=1","width":1080,"height":931,"caption":". ."},{"@type":"BreadcrumbList","@id":"https:\/\/darwinforever.com\/index.php\/devenir-membre-online\/#breadcrumb","itemListElement":[{"@type":"ListItem","position":1,"name":"Accueil","item":"https:\/\/darwinforever.com\/"},{"@type":"ListItem","position":2,"name":"Devenir Membre en ligne"}]},{"@type":"WebSite","@id":"https:\/\/darwinforever.com\/#website","url":"https:\/\/darwinforever.com\/","name":"Darwin Forever","description":"Communaut\u00e9 de Jeunes Engag\u00e9s en faveur des Animaux et de leur Environnement","publisher":{"@id":"https:\/\/darwinforever.com\/#organization"},"potentialAction":[{"@type":"SearchAction","target":{"@type":"EntryPoint","urlTemplate":"https:\/\/darwinforever.com\/?s={search_term_string}"},"query-input":{"@type":"PropertyValueSpecification","valueRequired":true,"valueName":"search_term_string"}}],"inLanguage":"fr-FR"},{"@type":"Organization","@id":"https:\/\/darwinforever.com\/#organization","name":"Darwin Forever","url":"https:\/\/darwinforever.com\/","logo":{"@type":"ImageObject","inLanguage":"fr-FR","@id":"https:\/\/darwinforever.com\/#\/schema\/logo\/image\/","url":"https:\/\/i0.wp.com\/darwinforever.com\/wp-content\/uploads\/2020\/11\/cropped-cropped-Logo-Darwin-Forever-scaled-1.jpg?fit=210%2C184&ssl=1","contentUrl":"https:\/\/i0.wp.com\/darwinforever.com\/wp-content\/uploads\/2020\/11\/cropped-cropped-Logo-Darwin-Forever-scaled-1.jpg?fit=210%2C184&ssl=1","width":210,"height":184,"caption":"Darwin Forever"},"image":{"@id":"https:\/\/darwinforever.com\/#\/schema\/logo\/image\/"},"sameAs":["https:\/\/www.facebook.com\/darwinforever06\/","https:\/\/www.youtube.com\/channel\/UC0zCalAVmu2K_Xj4BMlfciA"]}]}},"jetpack_sharing_enabled":true,"jetpack_likes_enabled":true,"_links":{"self":[{"href":"https:\/\/darwinforever.com\/index.php\/wp-json\/wp\/v2\/pages\/2067","targetHints":{"allow":["GET"]}}],"collection":[{"href":"https:\/\/darwinforever.com\/index.php\/wp-json\/wp\/v2\/pages"}],"about":[{"href":"https:\/\/darwinforever.com\/index.php\/wp-json\/wp\/v2\/types\/page"}],"author":[{"embeddable":true,"href":"https:\/\/darwinforever.com\/index.php\/wp-json\/wp\/v2\/users\/1"}],"replies":[{"embeddable":true,"href":"https:\/\/darwinforever.com\/index.php\/wp-json\/wp\/v2\/comments?post=2067"}],"version-history":[{"count":6,"href":"https:\/\/darwinforever.com\/index.php\/wp-json\/wp\/v2\/pages\/2067\/revisions"}],"predecessor-version":[{"id":5417,"href":"https:\/\/darwinforever.com\/index.php\/wp-json\/wp\/v2\/pages\/2067\/revisions\/5417"}],"wp:attachment":[{"href":"https:\/\/darwinforever.com\/index.php\/wp-json\/wp\/v2\/media?parent=2067"}],"curies":[{"name":"wp","href":"https:\/\/api.w.org\/{rel}","templated":true}]}}