{"id":191,"date":"2019-09-23T20:55:40","date_gmt":"2019-09-23T18:55:40","guid":{"rendered":"http:\/\/darwinforever.com\/?page_id=191"},"modified":"2022-07-07T15:05:21","modified_gmt":"2022-07-07T13:05:21","slug":"soutien","status":"publish","type":"page","link":"https:\/\/darwinforever.com\/index.php\/soutien\/","title":{"rendered":"Soutien d&#8217;Allain Bougrain-Dubourg, pr\u00e9sident de la LPO"},"content":{"rendered":"\n<p><\/p>\n\n\n\n<p><\/p>\n\n\n\n<h2 class=\"wp-block-heading\"><strong>&#8220;Combien de g\u00e9n\u00e9rations faudra t-il encore pour faire entendre l&#8217;\u00e9l\u00e9mentaire respect que l&#8217;on doit \u00e0 nos voisins de plan\u00e8te les animaux ? Bravo et merci \u00e0 Mathilde et Darwin Forever de prendre le relais avec d\u00e9termination !!! &#8220;<\/strong><\/h2>\n\n\n\n<h2 class=\"has-text-align-center wp-block-heading\"><strong>Allain Bougrain Dubourg<\/strong> <strong>09\/2020 <\/strong><\/h2>\n\n\n\n<p class=\"has-text-align-center\"><strong>Rencontre en 2017<\/strong><\/p>\n\n\n\n<figure class=\"wp-block-image\"><img data-recalc-dims=\"1\" loading=\"lazy\" decoding=\"async\" width=\"696\" height=\"540\" data-orig-file=\"https:\/\/i0.wp.com\/darwinforever.com\/wp-content\/uploads\/2019\/09\/Nice-Matin-du-18.04.17-ABD-Parrain-Darwin-Forever.jpg?fit=3292%2C2552&amp;ssl=1\" data-attachment-url=\"https:\/\/darwinforever.com\/nice-matin-du-18-04-17-abd-parrain-darwin-forever\/\" data-aspectratio=\"1.29\" data-caption=\"\" data-image-title=\"Nice Matin du 18.04.17 ABD Parrain Darwin Forever\" data-image-description=\"\" srcset=\"https:\/\/i0.wp.com\/darwinforever.com\/wp-content\/uploads\/2019\/09\/Nice-Matin-du-18.04.17-ABD-Parrain-Darwin-Forever.jpg?w=3292&amp;ssl=1 3292w, https:\/\/i0.wp.com\/darwinforever.com\/wp-content\/uploads\/2019\/09\/Nice-Matin-du-18.04.17-ABD-Parrain-Darwin-Forever.jpg?resize=300%2C233&amp;ssl=1 300w, https:\/\/i0.wp.com\/darwinforever.com\/wp-content\/uploads\/2019\/09\/Nice-Matin-du-18.04.17-ABD-Parrain-Darwin-Forever.jpg?resize=768%2C595&amp;ssl=1 768w, https:\/\/i0.wp.com\/darwinforever.com\/wp-content\/uploads\/2019\/09\/Nice-Matin-du-18.04.17-ABD-Parrain-Darwin-Forever.jpg?resize=1024%2C794&amp;ssl=1 1024w, https:\/\/i0.wp.com\/darwinforever.com\/wp-content\/uploads\/2019\/09\/Nice-Matin-du-18.04.17-ABD-Parrain-Darwin-Forever.jpg?resize=1568%2C1216&amp;ssl=1 1568w, https:\/\/i0.wp.com\/darwinforever.com\/wp-content\/uploads\/2019\/09\/Nice-Matin-du-18.04.17-ABD-Parrain-Darwin-Forever.jpg?w=1392&amp;ssl=1 1392w, https:\/\/i0.wp.com\/darwinforever.com\/wp-content\/uploads\/2019\/09\/Nice-Matin-du-18.04.17-ABD-Parrain-Darwin-Forever.jpg?w=2088&amp;ssl=1 2088w\" src=\"https:\/\/i0.wp.com\/darwinforever.com\/wp-content\/uploads\/2019\/09\/Nice-Matin-du-18.04.17-ABD-Parrain-Darwin-Forever-1024x794.jpg?resize=696%2C540\" alt=\"\" class=\"wp-image-6\"\/><\/figure>\n\n<script type=\"application\/ld+json\">[\n    {\n        \"@context\": \"https:\/\/schema.org\/\",\n        \"@type\": \"ImageObject\",\n        \"contentUrl\": \"https:\/\/darwinforever.com\/wp-content\/uploads\/2019\/09\/Nice-Matin-du-18.04.17-ABD-Parrain-Darwin-Forever.jpg\",\n        \"license\": \"\",\n        \"acquireLicensePage\": \"\"\n    }\n]<\/script>\n\n\n<figure class=\"wp-block-image\"><img data-recalc-dims=\"1\" loading=\"lazy\" decoding=\"async\" width=\"696\" height=\"464\" data-orig-file=\"https:\/\/i0.wp.com\/darwinforever.com\/wp-content\/uploads\/2019\/09\/CAGXX_Q116_DA-BOUGRAI-20635145.jpg?fit=2400%2C1601&amp;ssl=1\" data-attachment-url=\"https:\/\/darwinforever.com\/cagxx_q116_da-bougrain-dubourg-jpg\/\" data-aspectratio=\"1.5\" data-caption=\"bougrin dubourg\" data-image-title=\"CAGXX_Q116_DA BOUGRAIN DUBOURG.JPG\" data-image-description=\"\" srcset=\"https:\/\/i0.wp.com\/darwinforever.com\/wp-content\/uploads\/2019\/09\/CAGXX_Q116_DA-BOUGRAI-20635145.jpg?w=2400&amp;ssl=1 2400w, https:\/\/i0.wp.com\/darwinforever.com\/wp-content\/uploads\/2019\/09\/CAGXX_Q116_DA-BOUGRAI-20635145.jpg?resize=300%2C200&amp;ssl=1 300w, https:\/\/i0.wp.com\/darwinforever.com\/wp-content\/uploads\/2019\/09\/CAGXX_Q116_DA-BOUGRAI-20635145.jpg?resize=768%2C512&amp;ssl=1 768w, https:\/\/i0.wp.com\/darwinforever.com\/wp-content\/uploads\/2019\/09\/CAGXX_Q116_DA-BOUGRAI-20635145.jpg?resize=1024%2C683&amp;ssl=1 1024w, https:\/\/i0.wp.com\/darwinforever.com\/wp-content\/uploads\/2019\/09\/CAGXX_Q116_DA-BOUGRAI-20635145.jpg?resize=1568%2C1046&amp;ssl=1 1568w, https:\/\/i0.wp.com\/darwinforever.com\/wp-content\/uploads\/2019\/09\/CAGXX_Q116_DA-BOUGRAI-20635145.jpg?w=1392&amp;ssl=1 1392w, https:\/\/i0.wp.com\/darwinforever.com\/wp-content\/uploads\/2019\/09\/CAGXX_Q116_DA-BOUGRAI-20635145.jpg?w=2088&amp;ssl=1 2088w\" src=\"https:\/\/i0.wp.com\/darwinforever.com\/wp-content\/uploads\/2019\/09\/CAGXX_Q116_DA-BOUGRAI-20635145-1024x683.jpg?resize=696%2C464\" alt=\"\" class=\"wp-image-107\"\/><figcaption>Allain Bougrain-Dubourg et Lo\u00efc Dombreval <\/figcaption><\/figure>\n\n<script type=\"application\/ld+json\">[\n    {\n        \"@context\": \"https:\/\/schema.org\/\",\n        \"@type\": \"ImageObject\",\n        \"contentUrl\": \"https:\/\/darwinforever.com\/wp-content\/uploads\/2019\/09\/CAGXX_Q116_DA-BOUGRAI-20635145.jpg\",\n        \"license\": \"\",\n        \"acquireLicensePage\": \"\"\n    }\n]<\/script>\n\n\n<figure class=\"wp-block-image\"><img data-recalc-dims=\"1\" loading=\"lazy\" decoding=\"async\" width=\"696\" height=\"464\" data-orig-file=\"https:\/\/i0.wp.com\/darwinforever.com\/wp-content\/uploads\/2019\/09\/CAGXX_Q123_DA-BOUGRAI-20635168.jpg?fit=2400%2C1601&amp;ssl=1\" data-attachment-url=\"https:\/\/darwinforever.com\/cagxx_q123_da-bougrain-dubourg-jpg-2\/\" data-aspectratio=\"1.5\" data-caption=\"bougrin dubourg\" data-image-title=\"CAGXX_Q123_DA BOUGRAIN DUBOURG.JPG\" data-image-description=\"\" srcset=\"https:\/\/i0.wp.com\/darwinforever.com\/wp-content\/uploads\/2019\/09\/CAGXX_Q123_DA-BOUGRAI-20635168.jpg?w=2400&amp;ssl=1 2400w, https:\/\/i0.wp.com\/darwinforever.com\/wp-content\/uploads\/2019\/09\/CAGXX_Q123_DA-BOUGRAI-20635168.jpg?resize=300%2C200&amp;ssl=1 300w, https:\/\/i0.wp.com\/darwinforever.com\/wp-content\/uploads\/2019\/09\/CAGXX_Q123_DA-BOUGRAI-20635168.jpg?resize=768%2C512&amp;ssl=1 768w, https:\/\/i0.wp.com\/darwinforever.com\/wp-content\/uploads\/2019\/09\/CAGXX_Q123_DA-BOUGRAI-20635168.jpg?resize=1024%2C683&amp;ssl=1 1024w, https:\/\/i0.wp.com\/darwinforever.com\/wp-content\/uploads\/2019\/09\/CAGXX_Q123_DA-BOUGRAI-20635168.jpg?resize=1568%2C1046&amp;ssl=1 1568w, https:\/\/i0.wp.com\/darwinforever.com\/wp-content\/uploads\/2019\/09\/CAGXX_Q123_DA-BOUGRAI-20635168.jpg?w=1392&amp;ssl=1 1392w, https:\/\/i0.wp.com\/darwinforever.com\/wp-content\/uploads\/2019\/09\/CAGXX_Q123_DA-BOUGRAI-20635168.jpg?w=2088&amp;ssl=1 2088w\" src=\"https:\/\/i0.wp.com\/darwinforever.com\/wp-content\/uploads\/2019\/09\/CAGXX_Q123_DA-BOUGRAI-20635168-1024x683.jpg?resize=696%2C464\" alt=\"\" class=\"wp-image-109\"\/><figcaption> <\/figcaption><\/figure>\n\n<script type=\"application\/ld+json\">[\n    {\n        \"@context\": \"https:\/\/schema.org\/\",\n        \"@type\": \"ImageObject\",\n        \"contentUrl\": \"https:\/\/darwinforever.com\/wp-content\/uploads\/2019\/09\/CAGXX_Q123_DA-BOUGRAI-20635168.jpg\",\n        \"license\": \"\",\n        \"acquireLicensePage\": \"\"\n    }\n]<\/script>\n\n\n<p><\/p>\n","protected":false},"excerpt":{"rendered":"<p>&#8220;Combien de g\u00e9n\u00e9rations faudra t-il encore pour faire entendre l&#8217;\u00e9l\u00e9mentaire respect que l&#8217;on doit \u00e0 nos voisins de plan\u00e8te les animaux ? Bravo et merci \u00e0 Mathilde et Darwin Forever<\/p><\/div>\n<div class=\"blog-btn\"><a href=\"https:\/\/darwinforever.com\/index.php\/soutien\/\" class=\"home-blog-btn\">Lire la suite<\/a><\/p>\n","protected":false},"author":1,"featured_media":0,"parent":0,"menu_order":0,"comment_status":"closed","ping_status":"closed","template":"","meta":{"_bbp_topic_count":0,"_bbp_reply_count":0,"_bbp_total_topic_count":0,"_bbp_total_reply_count":0,"_bbp_voice_count":0,"_bbp_anonymous_reply_count":0,"_bbp_topic_count_hidden":0,"_bbp_reply_count_hidden":0,"_bbp_forum_subforum_count":0,"jetpack_post_was_ever_published":false,"footnotes":""},"class_list":["post-191","page","type-page","status-publish","hentry"],"yoast_head":"<!-- This site is optimized with the Yoast SEO plugin v27.4 - https:\/\/yoast.com\/product\/yoast-seo-wordpress\/ -->\n<title>Soutien d&#039;Allain Bougrain-Dubourg, pr\u00e9sident de la LPO - Darwin Forever<\/title>\n<meta name=\"robots\" content=\"index, follow, max-snippet:-1, max-image-preview:large, max-video-preview:-1\" \/>\n<link rel=\"canonical\" href=\"https:\/\/darwinforever.com\/index.php\/soutien\/\" \/>\n<meta property=\"og:locale\" content=\"fr_FR\" \/>\n<meta property=\"og:type\" content=\"article\" \/>\n<meta property=\"og:title\" content=\"Soutien d&#039;Allain Bougrain-Dubourg, pr\u00e9sident de la LPO - Darwin Forever\" \/>\n<meta property=\"og:description\" content=\"&#8220;Combien de g\u00e9n\u00e9rations faudra t-il encore pour faire entendre l&#8217;\u00e9l\u00e9mentaire respect que l&#8217;on doit \u00e0 nos voisins de plan\u00e8te les animaux ? Bravo et merci \u00e0 Mathilde et Darwin ForeverLire la suite\" \/>\n<meta property=\"og:url\" content=\"https:\/\/darwinforever.com\/index.php\/soutien\/\" \/>\n<meta property=\"og:site_name\" content=\"Darwin Forever\" \/>\n<meta property=\"article:publisher\" content=\"https:\/\/www.facebook.com\/darwinforever06\/\" \/>\n<meta property=\"article:modified_time\" content=\"2022-07-07T13:05:21+00:00\" \/>\n<meta property=\"og:image\" content=\"http:\/\/darwinforever.com\/wp-content\/uploads\/2019\/09\/Nice-Matin-du-18.04.17-ABD-Parrain-Darwin-Forever-1024x794.jpg\" \/>\n<meta name=\"twitter:card\" content=\"summary_large_image\" \/>\n<meta name=\"twitter:label1\" content=\"Dur\u00e9e de lecture estim\u00e9e\" \/>\n\t<meta name=\"twitter:data1\" content=\"1 minute\" \/>\n<script type=\"application\/ld+json\" class=\"yoast-schema-graph\">{\"@context\":\"https:\\\/\\\/schema.org\",\"@graph\":[{\"@type\":\"WebPage\",\"@id\":\"https:\\\/\\\/darwinforever.com\\\/index.php\\\/soutien\\\/\",\"url\":\"https:\\\/\\\/darwinforever.com\\\/index.php\\\/soutien\\\/\",\"name\":\"Soutien d'Allain Bougrain-Dubourg, pr\u00e9sident de la LPO - Darwin Forever\",\"isPartOf\":{\"@id\":\"https:\\\/\\\/darwinforever.com\\\/#website\"},\"primaryImageOfPage\":{\"@id\":\"https:\\\/\\\/darwinforever.com\\\/index.php\\\/soutien\\\/#primaryimage\"},\"image\":{\"@id\":\"https:\\\/\\\/darwinforever.com\\\/index.php\\\/soutien\\\/#primaryimage\"},\"thumbnailUrl\":\"http:\\\/\\\/darwinforever.com\\\/wp-content\\\/uploads\\\/2019\\\/09\\\/Nice-Matin-du-18.04.17-ABD-Parrain-Darwin-Forever-1024x794.jpg\",\"datePublished\":\"2019-09-23T18:55:40+00:00\",\"dateModified\":\"2022-07-07T13:05:21+00:00\",\"breadcrumb\":{\"@id\":\"https:\\\/\\\/darwinforever.com\\\/index.php\\\/soutien\\\/#breadcrumb\"},\"inLanguage\":\"fr-FR\",\"potentialAction\":[{\"@type\":\"ReadAction\",\"target\":[\"https:\\\/\\\/darwinforever.com\\\/index.php\\\/soutien\\\/\"]}]},{\"@type\":\"ImageObject\",\"inLanguage\":\"fr-FR\",\"@id\":\"https:\\\/\\\/darwinforever.com\\\/index.php\\\/soutien\\\/#primaryimage\",\"url\":\"http:\\\/\\\/darwinforever.com\\\/wp-content\\\/uploads\\\/2019\\\/09\\\/Nice-Matin-du-18.04.17-ABD-Parrain-Darwin-Forever-1024x794.jpg\",\"contentUrl\":\"http:\\\/\\\/darwinforever.com\\\/wp-content\\\/uploads\\\/2019\\\/09\\\/Nice-Matin-du-18.04.17-ABD-Parrain-Darwin-Forever-1024x794.jpg\"},{\"@type\":\"BreadcrumbList\",\"@id\":\"https:\\\/\\\/darwinforever.com\\\/index.php\\\/soutien\\\/#breadcrumb\",\"itemListElement\":[{\"@type\":\"ListItem\",\"position\":1,\"name\":\"Accueil\",\"item\":\"https:\\\/\\\/darwinforever.com\\\/\"},{\"@type\":\"ListItem\",\"position\":2,\"name\":\"Soutien d&#8217;Allain Bougrain-Dubourg, pr\u00e9sident de la LPO\"}]},{\"@type\":\"WebSite\",\"@id\":\"https:\\\/\\\/darwinforever.com\\\/#website\",\"url\":\"https:\\\/\\\/darwinforever.com\\\/\",\"name\":\"Darwin Forever\",\"description\":\"Communaut\u00e9 de Jeunes Engag\u00e9s en faveur des Animaux et de leur Environnement\",\"publisher\":{\"@id\":\"https:\\\/\\\/darwinforever.com\\\/#organization\"},\"potentialAction\":[{\"@type\":\"SearchAction\",\"target\":{\"@type\":\"EntryPoint\",\"urlTemplate\":\"https:\\\/\\\/darwinforever.com\\\/?s={search_term_string}\"},\"query-input\":{\"@type\":\"PropertyValueSpecification\",\"valueRequired\":true,\"valueName\":\"search_term_string\"}}],\"inLanguage\":\"fr-FR\"},{\"@type\":\"Organization\",\"@id\":\"https:\\\/\\\/darwinforever.com\\\/#organization\",\"name\":\"Darwin Forever\",\"url\":\"https:\\\/\\\/darwinforever.com\\\/\",\"logo\":{\"@type\":\"ImageObject\",\"inLanguage\":\"fr-FR\",\"@id\":\"https:\\\/\\\/darwinforever.com\\\/#\\\/schema\\\/logo\\\/image\\\/\",\"url\":\"https:\\\/\\\/i0.wp.com\\\/darwinforever.com\\\/wp-content\\\/uploads\\\/2020\\\/11\\\/cropped-cropped-Logo-Darwin-Forever-scaled-1.jpg?fit=210%2C184&ssl=1\",\"contentUrl\":\"https:\\\/\\\/i0.wp.com\\\/darwinforever.com\\\/wp-content\\\/uploads\\\/2020\\\/11\\\/cropped-cropped-Logo-Darwin-Forever-scaled-1.jpg?fit=210%2C184&ssl=1\",\"width\":210,\"height\":184,\"caption\":\"Darwin Forever\"},\"image\":{\"@id\":\"https:\\\/\\\/darwinforever.com\\\/#\\\/schema\\\/logo\\\/image\\\/\"},\"sameAs\":[\"https:\\\/\\\/www.facebook.com\\\/darwinforever06\\\/\",\"https:\\\/\\\/www.youtube.com\\\/channel\\\/UC0zCalAVmu2K_Xj4BMlfciA\"]}]}<\/script>\n<!-- \/ Yoast SEO plugin. -->","yoast_head_json":{"title":"Soutien d'Allain Bougrain-Dubourg, pr\u00e9sident de la LPO - Darwin Forever","robots":{"index":"index","follow":"follow","max-snippet":"max-snippet:-1","max-image-preview":"max-image-preview:large","max-video-preview":"max-video-preview:-1"},"canonical":"https:\/\/darwinforever.com\/index.php\/soutien\/","og_locale":"fr_FR","og_type":"article","og_title":"Soutien d'Allain Bougrain-Dubourg, pr\u00e9sident de la LPO - Darwin Forever","og_description":"&#8220;Combien de g\u00e9n\u00e9rations faudra t-il encore pour faire entendre l&#8217;\u00e9l\u00e9mentaire respect que l&#8217;on doit \u00e0 nos voisins de plan\u00e8te les animaux ? Bravo et merci \u00e0 Mathilde et Darwin ForeverLire la suite","og_url":"https:\/\/darwinforever.com\/index.php\/soutien\/","og_site_name":"Darwin Forever","article_publisher":"https:\/\/www.facebook.com\/darwinforever06\/","article_modified_time":"2022-07-07T13:05:21+00:00","og_image":[{"url":"http:\/\/darwinforever.com\/wp-content\/uploads\/2019\/09\/Nice-Matin-du-18.04.17-ABD-Parrain-Darwin-Forever-1024x794.jpg","type":"","width":"","height":""}],"twitter_card":"summary_large_image","twitter_misc":{"Dur\u00e9e de lecture estim\u00e9e":"1 minute"},"schema":{"@context":"https:\/\/schema.org","@graph":[{"@type":"WebPage","@id":"https:\/\/darwinforever.com\/index.php\/soutien\/","url":"https:\/\/darwinforever.com\/index.php\/soutien\/","name":"Soutien d'Allain Bougrain-Dubourg, pr\u00e9sident de la LPO - Darwin Forever","isPartOf":{"@id":"https:\/\/darwinforever.com\/#website"},"primaryImageOfPage":{"@id":"https:\/\/darwinforever.com\/index.php\/soutien\/#primaryimage"},"image":{"@id":"https:\/\/darwinforever.com\/index.php\/soutien\/#primaryimage"},"thumbnailUrl":"http:\/\/darwinforever.com\/wp-content\/uploads\/2019\/09\/Nice-Matin-du-18.04.17-ABD-Parrain-Darwin-Forever-1024x794.jpg","datePublished":"2019-09-23T18:55:40+00:00","dateModified":"2022-07-07T13:05:21+00:00","breadcrumb":{"@id":"https:\/\/darwinforever.com\/index.php\/soutien\/#breadcrumb"},"inLanguage":"fr-FR","potentialAction":[{"@type":"ReadAction","target":["https:\/\/darwinforever.com\/index.php\/soutien\/"]}]},{"@type":"ImageObject","inLanguage":"fr-FR","@id":"https:\/\/darwinforever.com\/index.php\/soutien\/#primaryimage","url":"http:\/\/darwinforever.com\/wp-content\/uploads\/2019\/09\/Nice-Matin-du-18.04.17-ABD-Parrain-Darwin-Forever-1024x794.jpg","contentUrl":"http:\/\/darwinforever.com\/wp-content\/uploads\/2019\/09\/Nice-Matin-du-18.04.17-ABD-Parrain-Darwin-Forever-1024x794.jpg"},{"@type":"BreadcrumbList","@id":"https:\/\/darwinforever.com\/index.php\/soutien\/#breadcrumb","itemListElement":[{"@type":"ListItem","position":1,"name":"Accueil","item":"https:\/\/darwinforever.com\/"},{"@type":"ListItem","position":2,"name":"Soutien d&#8217;Allain Bougrain-Dubourg, pr\u00e9sident de la LPO"}]},{"@type":"WebSite","@id":"https:\/\/darwinforever.com\/#website","url":"https:\/\/darwinforever.com\/","name":"Darwin Forever","description":"Communaut\u00e9 de Jeunes Engag\u00e9s en faveur des Animaux et de leur Environnement","publisher":{"@id":"https:\/\/darwinforever.com\/#organization"},"potentialAction":[{"@type":"SearchAction","target":{"@type":"EntryPoint","urlTemplate":"https:\/\/darwinforever.com\/?s={search_term_string}"},"query-input":{"@type":"PropertyValueSpecification","valueRequired":true,"valueName":"search_term_string"}}],"inLanguage":"fr-FR"},{"@type":"Organization","@id":"https:\/\/darwinforever.com\/#organization","name":"Darwin Forever","url":"https:\/\/darwinforever.com\/","logo":{"@type":"ImageObject","inLanguage":"fr-FR","@id":"https:\/\/darwinforever.com\/#\/schema\/logo\/image\/","url":"https:\/\/i0.wp.com\/darwinforever.com\/wp-content\/uploads\/2020\/11\/cropped-cropped-Logo-Darwin-Forever-scaled-1.jpg?fit=210%2C184&ssl=1","contentUrl":"https:\/\/i0.wp.com\/darwinforever.com\/wp-content\/uploads\/2020\/11\/cropped-cropped-Logo-Darwin-Forever-scaled-1.jpg?fit=210%2C184&ssl=1","width":210,"height":184,"caption":"Darwin Forever"},"image":{"@id":"https:\/\/darwinforever.com\/#\/schema\/logo\/image\/"},"sameAs":["https:\/\/www.facebook.com\/darwinforever06\/","https:\/\/www.youtube.com\/channel\/UC0zCalAVmu2K_Xj4BMlfciA"]}]}},"jetpack_sharing_enabled":true,"jetpack_likes_enabled":true,"_links":{"self":[{"href":"https:\/\/darwinforever.com\/index.php\/wp-json\/wp\/v2\/pages\/191","targetHints":{"allow":["GET"]}}],"collection":[{"href":"https:\/\/darwinforever.com\/index.php\/wp-json\/wp\/v2\/pages"}],"about":[{"href":"https:\/\/darwinforever.com\/index.php\/wp-json\/wp\/v2\/types\/page"}],"author":[{"embeddable":true,"href":"https:\/\/darwinforever.com\/index.php\/wp-json\/wp\/v2\/users\/1"}],"replies":[{"embeddable":true,"href":"https:\/\/darwinforever.com\/index.php\/wp-json\/wp\/v2\/comments?post=191"}],"version-history":[{"count":1,"href":"https:\/\/darwinforever.com\/index.php\/wp-json\/wp\/v2\/pages\/191\/revisions"}],"predecessor-version":[{"id":3571,"href":"https:\/\/darwinforever.com\/index.php\/wp-json\/wp\/v2\/pages\/191\/revisions\/3571"}],"wp:attachment":[{"href":"https:\/\/darwinforever.com\/index.php\/wp-json\/wp\/v2\/media?parent=191"}],"curies":[{"name":"wp","href":"https:\/\/api.w.org\/{rel}","templated":true}]}}