{"id":1907,"date":"2020-05-29T12:08:59","date_gmt":"2020-05-29T10:08:59","guid":{"rendered":"https:\/\/darwinforever.com\/?page_id=1907"},"modified":"2021-11-09T16:21:39","modified_gmt":"2021-11-09T15:21:39","slug":"resultat-du-concours-de-dessins","status":"publish","type":"page","link":"https:\/\/darwinforever.com\/index.php\/resultat-du-concours-de-dessins\/","title":{"rendered":"RESULTAT DU CONCOURS DE DESSINS 2020"},"content":{"rendered":"\n<p class=\"has-text-align-center\"><strong>BRAVO A TOUS LES PARTICIPANTS <\/strong>, Pour rappel, les noms des gagnants ont \u00e9t\u00e9 directement communiqu\u00e9s aux parcs concern\u00e9s. Il faudra directement les joindre pour organiser le RDV.  <\/p>\n\n\n\n<p class=\"has-text-align-center\"><strong>Votre place sera \u00e0 retirer sur rendez-vous \u00e0 l&#8217;accueil du parc concern\u00e9 sous pr\u00e9sentation d&#8217;une pi\u00e8ce d&#8217;identit\u00e9.<\/strong><\/p>\n\n\n\n<p>NB : <span style=\"text-decoration: underline;\">Pour les parcs : Villages des fous, Pitchoun Forest, Canyoun Forest, Bois des Lutins il faut joindre Olivia au 04 92 02 88 88.<\/span><\/p>\n\n\n\n<p>NB : <span style=\"text-decoration: underline;\">Pour les parcs : Fun city et Laser Maxx il faut joindre Laurence au 04.93.47.37.17 &nbsp; &nbsp; &nbsp; &nbsp; <\/span>&nbsp; &nbsp; &nbsp; &nbsp; &nbsp; &nbsp; &nbsp; &nbsp; &nbsp; &nbsp; &nbsp; &nbsp; &nbsp; &nbsp; &nbsp; &nbsp; &nbsp; &nbsp; &nbsp;&nbsp;<\/p>\n\n\n\n<p class=\"has-text-align-center\"><strong>Cat\u00e9gorie 1 de 6 \u00e0 10 ans<\/strong><\/p>\n\n\n\n<figure class=\"wp-block-table is-style-stripes\"><table><tbody><tr><td>N\u00b0 <\/td><td>Prenom<\/td><td>Nom<\/td><td>R\u00e9compenses<\/td><\/tr><tr><td>1<\/td><td>Ines<\/td><td>Si<\/td><td>Village des fous x2&nbsp;<\/td><\/tr><tr><td>2<\/td><td>Titouan<\/td><td>Co<\/td><td>Fun City x2<\/td><\/tr><tr><td>3<\/td><td>Camil<\/td><td>Sa<\/td><td>Bois des lutins x2<\/td><\/tr><tr><td>4<\/td><td>Elea<\/td><td>Sc<\/td><td>Aquaplash<\/td><\/tr><tr><td>5<\/td><td>Jessica<\/td><td>PI<\/td><td>Atelier au pays d&#8217;Audrey<\/td><\/tr><tr><td>6<\/td><td>Anissa<\/td><td>Ma<\/td><td>1 carton d&#8217;invitation valable pour 2 adultes et et 2 enfants la visite de la grotte avec une chasse aux tr\u00e9sors en foret<\/td><\/tr><tr><td>7<\/td><td>Kelia<\/td><td>Le<\/td><td>1 carton d&#8217;invitation valable pour 2 adultes et et 2 enfants la visite de la grotte avec une chasse aux tr\u00e9sors en foret<\/td><\/tr><tr><td>8<\/td><td>Ana\u00efs<\/td><td>Ol<\/td><td>1 carton d&#8217;invitation valable pour 2 adultes et et 2 enfants la visite de la grotte avec une chasse aux tr\u00e9sors en foret<\/td><\/tr><tr><td>9<\/td><td>Francisco<\/td><td>De<\/td><td>Fun City&nbsp;<\/td><\/tr><tr><td>10<\/td><td>Joanna<\/td><td>Sc<\/td><td>village des fous&nbsp;<\/td><\/tr><tr><td>11<\/td><td>coralie<\/td><td>Be<\/td><td>Pitchoun Forest&nbsp;<\/td><\/tr><tr><td>12<\/td><td>Skandre<\/td><td>Gu<\/td><td>Fun city<\/td><\/tr><tr><td>13<\/td><td>Celia<\/td><td>Me<\/td><td>Cours de yoga&nbsp;<\/td><\/tr><tr><td>14<\/td><td>Jules<\/td><td>Kr<\/td><td>fun city&nbsp;<\/td><\/tr><tr><td>15<\/td><td>Chiara<\/td><td>Fe<\/td><td>Pitchoun Forest&nbsp;<\/td><\/tr><tr><td>16<\/td><td>LEA<\/td><td>NA<\/td><td>Cours de yoga&nbsp;<\/td><\/tr><tr><td>17<\/td><td>Nela<\/td><td>Pi<\/td><td>Fun city<\/td><\/tr><tr><td>18<\/td><td>Anton<\/td><td>AR<\/td><td>Fun city<\/td><\/tr><tr><td>19<\/td><td>L\u00e9ane<\/td><td>Yb<\/td><td>Fun city<\/td><\/tr><tr><td>20<\/td><td>samira<\/td><td>at<\/td><td>Fun city<\/td><\/tr><tr><td>21<\/td><td>laetitia<\/td><td>pi<\/td><td>Fun city<\/td><\/tr><tr><td>22<\/td><td>Lucile<\/td><td>Ga<\/td><td>Cours de yoga&nbsp;<\/td><\/tr><tr><td>23<\/td><td>zelie<\/td><td>Lo<\/td><td>Cours de yoga&nbsp;<\/td><\/tr><\/tbody><\/table><\/figure>\n\n\n\n<p class=\"has-text-align-center\"><strong>Cat\u00e9gorie 2 de 11 \u00e0 16 ans<\/strong><\/p>\n\n\n\n<figure class=\"wp-block-table\"><table><tbody><tr><td>N\u00b0<\/td><td>Prenom<\/td><td>Nom<\/td><td>R\u00e9compenses<\/td><\/tr><tr><td>1<\/td><td>baptiste<\/td><td>ja<\/td><td>Enigm&#8217;art (lot pour 6 pers)&nbsp;<\/td><\/tr><tr><td>2<\/td><td>Elynn<\/td><td>La<\/td><td>Laser Max x2&nbsp;<\/td><\/tr><tr><td>3<\/td><td>Iban<\/td><td>Fl<\/td><td>Canyoun Forest x2<\/td><\/tr><tr><td>4<\/td><td>Manon<\/td><td>DU<\/td><td>Laser Maxx <\/td><\/tr><tr><td>4<\/td><td>Arij<\/td><td>Ro<\/td><td>Aquaplash<\/td><\/tr><tr><td>5<\/td><td>Fausta<\/td><td>DI<\/td><td>Aquaplash <\/td><\/tr><tr><td>5<\/td><td>Anais<\/td><td>Me<\/td><td>Laser Maxx<\/td><\/tr><tr><td>6<\/td><td>Paolina<\/td><td>Ca<\/td><td>Laser Maxx<\/td><\/tr><tr><td>7<\/td><td>M\u00e9lissa<\/td><td>De<\/td><td>1 carton d&#8217;invitation valable pour 2 adultes et 2 enfants pour une chasse aux tr\u00e9sor en foret<\/td><\/tr><tr><td>8<\/td><td>clara<\/td><td>no<\/td><td>Reserve Biologique des Monts d&#8217;Azur 1 pace safari \u00e0 pieds ou en cal\u00e8che<\/td><\/tr><tr><td>9<\/td><td>Clelia<\/td><td>Fi<\/td><td>Bois des lutins<\/td><\/tr><tr><td>10<\/td><td>Olivia<\/td><td>De<\/td><td>1 carton d&#8217;invitation valable pour 2 adultes et 2 enfants pour une chasse aux tr\u00e9sor en foret<\/td><\/tr><tr><td>11<\/td><td>Noah<\/td><td>Br<\/td><td>1 carton d&#8217;invitation valable pour 2 adultes et 2 enfants pour une chasse aux tr\u00e9sor en foret<\/td><\/tr><tr><td>12<\/td><td>thomas<\/td><td>PI<\/td><td>Laser Maxx<\/td><\/tr><tr><td>13<\/td><td>Quentin<\/td><td>De<\/td><td>Laser Maxx<\/td><\/tr><tr><td>14<\/td><td>Luca<\/td><td>De<\/td><td>1 carton d&#8217;invitation valable pour 2 adultes et 2 enfants pour une chasse aux tr\u00e9sor en foret&nbsp;<\/td><\/tr><tr><td>15<\/td><td>Julie<\/td><td>DE<\/td><td>1 carton d&#8217;invitation valable pour 2 adultes et 2 enfants pour une chasse aux tr\u00e9sor en foret<\/td><\/tr><tr><td>16<\/td><td>Gaspard<\/td><td>Ho<\/td><td>Laser Maxx<\/td><\/tr><tr><td>17<\/td><td>Flavia<\/td><td>Ce<\/td><td>Bois des lutins<\/td><\/tr><tr><td>18<\/td><td>Line<\/td><td>Du<\/td><td>Village des Fous<\/td><\/tr><tr><td>19<\/td><td>ALia<\/td><td>Lu<\/td><td>Laser Maxx<\/td><\/tr><tr><td>20<\/td><td>adrien<\/td><td>Fe<\/td><td>1 carton d&#8217;invitation valable pour 2 adultes et 2 enfants pour une chasse aux tr\u00e9sor en foret<\/td><\/tr><tr><td>21<\/td><td>Eden<\/td><td>TA<\/td><td>reserve Biologique des Monts d&#8217;Azur 1 place safari \u00e0 pieds ou en cal\u00e8che<\/td><\/tr><tr><td>22<\/td><td>Gabriel<\/td><td>Mu<\/td><td>1 carton d&#8217;invitation valable pour 2 adultes et 2 enfants pour une chasse aux tr\u00e9sor en foret<\/td><\/tr><\/tbody><\/table><\/figure>\n\n\n\n<p><\/p>\n","protected":false},"excerpt":{"rendered":"<p>BRAVO A TOUS LES PARTICIPANTS , Pour rappel, les noms des gagnants ont \u00e9t\u00e9 directement communiqu\u00e9s aux parcs concern\u00e9s. Il faudra directement les joindre pour organiser le RDV. Votre place<\/p><\/div>\n<div class=\"blog-btn\"><a href=\"https:\/\/darwinforever.com\/index.php\/resultat-du-concours-de-dessins\/\" class=\"home-blog-btn\">Lire la suite<\/a><\/p>\n","protected":false},"author":5,"featured_media":0,"parent":0,"menu_order":0,"comment_status":"closed","ping_status":"closed","template":"","meta":{"_bbp_topic_count":0,"_bbp_reply_count":0,"_bbp_total_topic_count":0,"_bbp_total_reply_count":0,"_bbp_voice_count":0,"_bbp_anonymous_reply_count":0,"_bbp_topic_count_hidden":0,"_bbp_reply_count_hidden":0,"_bbp_forum_subforum_count":0,"jetpack_post_was_ever_published":false,"footnotes":""},"class_list":["post-1907","page","type-page","status-publish","hentry"],"yoast_head":"<!-- This site is optimized with the Yoast SEO plugin v27.4 - https:\/\/yoast.com\/product\/yoast-seo-wordpress\/ -->\n<title>RESULTAT DU CONCOURS DE DESSINS 2020 - Darwin Forever<\/title>\n<meta name=\"robots\" content=\"index, follow, max-snippet:-1, max-image-preview:large, max-video-preview:-1\" \/>\n<link rel=\"canonical\" href=\"https:\/\/darwinforever.com\/index.php\/resultat-du-concours-de-dessins\/\" \/>\n<meta property=\"og:locale\" content=\"fr_FR\" \/>\n<meta property=\"og:type\" content=\"article\" \/>\n<meta property=\"og:title\" content=\"RESULTAT DU CONCOURS DE DESSINS 2020 - Darwin Forever\" \/>\n<meta property=\"og:description\" content=\"BRAVO A TOUS LES PARTICIPANTS , Pour rappel, les noms des gagnants ont \u00e9t\u00e9 directement communiqu\u00e9s aux parcs concern\u00e9s. Il faudra directement les joindre pour organiser le RDV. Votre placeLire la suite\" \/>\n<meta property=\"og:url\" content=\"https:\/\/darwinforever.com\/index.php\/resultat-du-concours-de-dessins\/\" \/>\n<meta property=\"og:site_name\" content=\"Darwin Forever\" \/>\n<meta property=\"article:publisher\" content=\"https:\/\/www.facebook.com\/darwinforever06\/\" \/>\n<meta property=\"article:modified_time\" content=\"2021-11-09T15:21:39+00:00\" \/>\n<meta name=\"twitter:card\" content=\"summary_large_image\" \/>\n<meta name=\"twitter:label1\" content=\"Dur\u00e9e de lecture estim\u00e9e\" \/>\n\t<meta name=\"twitter:data1\" content=\"3 minutes\" \/>\n<script type=\"application\/ld+json\" class=\"yoast-schema-graph\">{\"@context\":\"https:\\\/\\\/schema.org\",\"@graph\":[{\"@type\":\"WebPage\",\"@id\":\"https:\\\/\\\/darwinforever.com\\\/index.php\\\/resultat-du-concours-de-dessins\\\/\",\"url\":\"https:\\\/\\\/darwinforever.com\\\/index.php\\\/resultat-du-concours-de-dessins\\\/\",\"name\":\"RESULTAT DU CONCOURS DE DESSINS 2020 - Darwin Forever\",\"isPartOf\":{\"@id\":\"https:\\\/\\\/darwinforever.com\\\/#website\"},\"datePublished\":\"2020-05-29T10:08:59+00:00\",\"dateModified\":\"2021-11-09T15:21:39+00:00\",\"breadcrumb\":{\"@id\":\"https:\\\/\\\/darwinforever.com\\\/index.php\\\/resultat-du-concours-de-dessins\\\/#breadcrumb\"},\"inLanguage\":\"fr-FR\",\"potentialAction\":[{\"@type\":\"ReadAction\",\"target\":[\"https:\\\/\\\/darwinforever.com\\\/index.php\\\/resultat-du-concours-de-dessins\\\/\"]}]},{\"@type\":\"BreadcrumbList\",\"@id\":\"https:\\\/\\\/darwinforever.com\\\/index.php\\\/resultat-du-concours-de-dessins\\\/#breadcrumb\",\"itemListElement\":[{\"@type\":\"ListItem\",\"position\":1,\"name\":\"Accueil\",\"item\":\"https:\\\/\\\/darwinforever.com\\\/\"},{\"@type\":\"ListItem\",\"position\":2,\"name\":\"RESULTAT DU CONCOURS DE DESSINS 2020\"}]},{\"@type\":\"WebSite\",\"@id\":\"https:\\\/\\\/darwinforever.com\\\/#website\",\"url\":\"https:\\\/\\\/darwinforever.com\\\/\",\"name\":\"Darwin Forever\",\"description\":\"Communaut\u00e9 de Jeunes Engag\u00e9s en faveur des Animaux et de leur Environnement\",\"publisher\":{\"@id\":\"https:\\\/\\\/darwinforever.com\\\/#organization\"},\"potentialAction\":[{\"@type\":\"SearchAction\",\"target\":{\"@type\":\"EntryPoint\",\"urlTemplate\":\"https:\\\/\\\/darwinforever.com\\\/?s={search_term_string}\"},\"query-input\":{\"@type\":\"PropertyValueSpecification\",\"valueRequired\":true,\"valueName\":\"search_term_string\"}}],\"inLanguage\":\"fr-FR\"},{\"@type\":\"Organization\",\"@id\":\"https:\\\/\\\/darwinforever.com\\\/#organization\",\"name\":\"Darwin Forever\",\"url\":\"https:\\\/\\\/darwinforever.com\\\/\",\"logo\":{\"@type\":\"ImageObject\",\"inLanguage\":\"fr-FR\",\"@id\":\"https:\\\/\\\/darwinforever.com\\\/#\\\/schema\\\/logo\\\/image\\\/\",\"url\":\"https:\\\/\\\/i0.wp.com\\\/darwinforever.com\\\/wp-content\\\/uploads\\\/2020\\\/11\\\/cropped-cropped-Logo-Darwin-Forever-scaled-1.jpg?fit=210%2C184&ssl=1\",\"contentUrl\":\"https:\\\/\\\/i0.wp.com\\\/darwinforever.com\\\/wp-content\\\/uploads\\\/2020\\\/11\\\/cropped-cropped-Logo-Darwin-Forever-scaled-1.jpg?fit=210%2C184&ssl=1\",\"width\":210,\"height\":184,\"caption\":\"Darwin Forever\"},\"image\":{\"@id\":\"https:\\\/\\\/darwinforever.com\\\/#\\\/schema\\\/logo\\\/image\\\/\"},\"sameAs\":[\"https:\\\/\\\/www.facebook.com\\\/darwinforever06\\\/\",\"https:\\\/\\\/www.youtube.com\\\/channel\\\/UC0zCalAVmu2K_Xj4BMlfciA\"]}]}<\/script>\n<!-- \/ Yoast SEO plugin. -->","yoast_head_json":{"title":"RESULTAT DU CONCOURS DE DESSINS 2020 - Darwin Forever","robots":{"index":"index","follow":"follow","max-snippet":"max-snippet:-1","max-image-preview":"max-image-preview:large","max-video-preview":"max-video-preview:-1"},"canonical":"https:\/\/darwinforever.com\/index.php\/resultat-du-concours-de-dessins\/","og_locale":"fr_FR","og_type":"article","og_title":"RESULTAT DU CONCOURS DE DESSINS 2020 - Darwin Forever","og_description":"BRAVO A TOUS LES PARTICIPANTS , Pour rappel, les noms des gagnants ont \u00e9t\u00e9 directement communiqu\u00e9s aux parcs concern\u00e9s. Il faudra directement les joindre pour organiser le RDV. Votre placeLire la suite","og_url":"https:\/\/darwinforever.com\/index.php\/resultat-du-concours-de-dessins\/","og_site_name":"Darwin Forever","article_publisher":"https:\/\/www.facebook.com\/darwinforever06\/","article_modified_time":"2021-11-09T15:21:39+00:00","twitter_card":"summary_large_image","twitter_misc":{"Dur\u00e9e de lecture estim\u00e9e":"3 minutes"},"schema":{"@context":"https:\/\/schema.org","@graph":[{"@type":"WebPage","@id":"https:\/\/darwinforever.com\/index.php\/resultat-du-concours-de-dessins\/","url":"https:\/\/darwinforever.com\/index.php\/resultat-du-concours-de-dessins\/","name":"RESULTAT DU CONCOURS DE DESSINS 2020 - Darwin Forever","isPartOf":{"@id":"https:\/\/darwinforever.com\/#website"},"datePublished":"2020-05-29T10:08:59+00:00","dateModified":"2021-11-09T15:21:39+00:00","breadcrumb":{"@id":"https:\/\/darwinforever.com\/index.php\/resultat-du-concours-de-dessins\/#breadcrumb"},"inLanguage":"fr-FR","potentialAction":[{"@type":"ReadAction","target":["https:\/\/darwinforever.com\/index.php\/resultat-du-concours-de-dessins\/"]}]},{"@type":"BreadcrumbList","@id":"https:\/\/darwinforever.com\/index.php\/resultat-du-concours-de-dessins\/#breadcrumb","itemListElement":[{"@type":"ListItem","position":1,"name":"Accueil","item":"https:\/\/darwinforever.com\/"},{"@type":"ListItem","position":2,"name":"RESULTAT DU CONCOURS DE DESSINS 2020"}]},{"@type":"WebSite","@id":"https:\/\/darwinforever.com\/#website","url":"https:\/\/darwinforever.com\/","name":"Darwin Forever","description":"Communaut\u00e9 de Jeunes Engag\u00e9s en faveur des Animaux et de leur Environnement","publisher":{"@id":"https:\/\/darwinforever.com\/#organization"},"potentialAction":[{"@type":"SearchAction","target":{"@type":"EntryPoint","urlTemplate":"https:\/\/darwinforever.com\/?s={search_term_string}"},"query-input":{"@type":"PropertyValueSpecification","valueRequired":true,"valueName":"search_term_string"}}],"inLanguage":"fr-FR"},{"@type":"Organization","@id":"https:\/\/darwinforever.com\/#organization","name":"Darwin Forever","url":"https:\/\/darwinforever.com\/","logo":{"@type":"ImageObject","inLanguage":"fr-FR","@id":"https:\/\/darwinforever.com\/#\/schema\/logo\/image\/","url":"https:\/\/i0.wp.com\/darwinforever.com\/wp-content\/uploads\/2020\/11\/cropped-cropped-Logo-Darwin-Forever-scaled-1.jpg?fit=210%2C184&ssl=1","contentUrl":"https:\/\/i0.wp.com\/darwinforever.com\/wp-content\/uploads\/2020\/11\/cropped-cropped-Logo-Darwin-Forever-scaled-1.jpg?fit=210%2C184&ssl=1","width":210,"height":184,"caption":"Darwin Forever"},"image":{"@id":"https:\/\/darwinforever.com\/#\/schema\/logo\/image\/"},"sameAs":["https:\/\/www.facebook.com\/darwinforever06\/","https:\/\/www.youtube.com\/channel\/UC0zCalAVmu2K_Xj4BMlfciA"]}]}},"jetpack_sharing_enabled":true,"jetpack_likes_enabled":true,"_links":{"self":[{"href":"https:\/\/darwinforever.com\/index.php\/wp-json\/wp\/v2\/pages\/1907","targetHints":{"allow":["GET"]}}],"collection":[{"href":"https:\/\/darwinforever.com\/index.php\/wp-json\/wp\/v2\/pages"}],"about":[{"href":"https:\/\/darwinforever.com\/index.php\/wp-json\/wp\/v2\/types\/page"}],"author":[{"embeddable":true,"href":"https:\/\/darwinforever.com\/index.php\/wp-json\/wp\/v2\/users\/5"}],"replies":[{"embeddable":true,"href":"https:\/\/darwinforever.com\/index.php\/wp-json\/wp\/v2\/comments?post=1907"}],"version-history":[{"count":1,"href":"https:\/\/darwinforever.com\/index.php\/wp-json\/wp\/v2\/pages\/1907\/revisions"}],"predecessor-version":[{"id":3360,"href":"https:\/\/darwinforever.com\/index.php\/wp-json\/wp\/v2\/pages\/1907\/revisions\/3360"}],"wp:attachment":[{"href":"https:\/\/darwinforever.com\/index.php\/wp-json\/wp\/v2\/media?parent=1907"}],"curies":[{"name":"wp","href":"https:\/\/api.w.org\/{rel}","templated":true}]}}